{"id":547,"date":"2024-03-28T08:16:41","date_gmt":"2024-03-28T08:16:41","guid":{"rendered":"https:\/\/startersites.io\/blocksy\/pottery\/?post_type=product&#038;p=547"},"modified":"2025-12-01T02:06:00","modified_gmt":"2025-12-01T02:06:00","slug":"ma-h32-auto-level","status":"publish","type":"product","link":"https:\/\/mountlaser.com\/de\/produkt\/ma-h32-auto-level\/","title":{"rendered":"MA-H32 Automatische Niveauregulierung"},"content":{"rendered":"<p>Der <a href=\"https:\/\/mountlaser.com\/de\/\"><strong>MA-H32\/H36 Automatische Niveauregulierung<\/strong><\/a> von Mountlaser wurde ein neuer Ma\u00dfstab gesetzt f\u00fcr <a href=\"https:\/\/mountlaser.com\/de\/produkt-kategorie\/surveying-instrument\/automatic-level\/\"><strong>hochwertige automatische Nivelliervermessung<\/strong><\/a>, Diese Instrumente bieten h\u00f6chste Pr\u00e4zision und Zuverl\u00e4ssigkeit f\u00fcr professionelle Vermesser und Bauingenieure. Dank eines fortschrittlichen Luftd\u00e4mpfungskompensators gew\u00e4hrleisten sie eine au\u00dfergew\u00f6hnliche Genauigkeit mit einer Standardabweichung von nur 1,0 mm pro Kilometer Doppelmessung.<\/p>\n<p>Das MA-H32 bietet eine 32-fache Vergr\u00f6\u00dferung, das MA-H36 sogar eine 36-fache \u2013 beide mit aufrechten Bildgebungsfernrohren f\u00fcr klare, aufrecht stehende Bilder. Ihr robustes Geh\u00e4use mit Schutzart IP54 bietet Schutz vor Wasser und Staub und macht sie somit ideal f\u00fcr anspruchsvolle Au\u00dfeneins\u00e4tze.<\/p>\n<p>Trotz ihrer fortschrittlichen Funktionen ist der Preis der automatischen Nivellierger\u00e4te \u00e4u\u00dferst wettbewerbsf\u00e4hig und bietet ein hervorragendes Preis-Leistungs-Verh\u00e4ltnis ohne Kompromisse bei der Leistung. Ob f\u00fcr topografische Vermessungen, Geb\u00e4udeplanung oder ingenieurtechnische Nivellierungsarbeiten \u2013 die automatischen Nivellierger\u00e4te MA-H32\/H36 verk\u00f6rpern die Qualit\u00e4t, die eine hochwertige automatische Nivelliertechnik ausmacht: Langlebigkeit, Pr\u00e4zision und Benutzerfreundlichkeit. Angesichts ihrer Pr\u00e4zision und ihres Preises erweisen sich diese Modelle als kosteneffiziente L\u00f6sungen f\u00fcr Profis, die bei jedem Projekt auf zuverl\u00e4ssige Ergebnisse angewiesen sind.<\/p>\n<p>&nbsp;<\/p>\n<p><img fetchpriority=\"high\" decoding=\"async\" class=\"aligncenter wp-image-1890\" src=\"https:\/\/mountlaser.com\/wp-content\/uploads\/2024\/03\/MA-H325.webp\" alt=\"high quality auto level surveying\" width=\"500\" height=\"500\" srcset=\"https:\/\/mountlaser.com\/wp-content\/uploads\/2024\/03\/MA-H325.webp 1000w, https:\/\/mountlaser.com\/wp-content\/uploads\/2024\/03\/MA-H325-300x300.webp 300w, https:\/\/mountlaser.com\/wp-content\/uploads\/2024\/03\/MA-H325-400x400.webp 400w, https:\/\/mountlaser.com\/wp-content\/uploads\/2024\/03\/MA-H325-800x800.webp 800w, https:\/\/mountlaser.com\/wp-content\/uploads\/2024\/03\/MA-H325-600x600.webp 600w, https:\/\/mountlaser.com\/wp-content\/uploads\/2024\/03\/MA-H325-150x150.webp 150w, https:\/\/mountlaser.com\/wp-content\/uploads\/2024\/03\/MA-H325-768x768.webp 768w, https:\/\/mountlaser.com\/wp-content\/uploads\/2024\/03\/MA-H325-12x12.webp 12w\" sizes=\"(max-width: 500px) 100vw, 500px\" \/><\/p>\n<p><strong><a href=\"https:\/\/mountlaser.com\/de\/about-us\/\">Automatische Niveauregulierung<\/a> Spezifikationen<\/strong><\/p>\n<table style=\"border-collapse: collapse; width: 555.02pt;\" border=\"0\" width=\"740\" cellspacing=\"0\" cellpadding=\"0\">\n<tbody>\n<tr style=\"height: 14.25pt;\">\n<td class=\"et2\" style=\"height: 14.25pt; width: 242.25pt;\" width=\"323\" height=\"19\">Modellnr.<\/td>\n<td class=\"et2\" style=\"width: 146.25pt;\" width=\"195\">MA-H32<\/td>\n<td class=\"et3\" style=\"width: 166.50pt;\" width=\"222\">MA-H36<\/td>\n<\/tr>\n<tr style=\"height: 14.25pt;\">\n<td class=\"et4\" style=\"height: 14.25pt;\" height=\"19\">Arbeitsabstand<\/td>\n<td class=\"et5\" colspan=\"2\">50 m<\/td>\n<\/tr>\n<tr style=\"height: 14.25pt;\">\n<td class=\"et4\" style=\"height: 14.25pt;\" height=\"19\">Standardabweichung f\u00fcr einen 1-km-Doppellauf<\/td>\n<td class=\"et5\" colspan=\"2\">1,0 mm<\/td>\n<\/tr>\n<tr style=\"height: 14.25pt;\">\n<td class=\"et4\" style=\"height: 14.25pt;\" height=\"19\">Teleskopvergr\u00f6\u00dferung<\/td>\n<td class=\"et4\">32X<\/td>\n<td class=\"et7\">36X<\/td>\n<\/tr>\n<tr style=\"height: 14.25pt;\">\n<td class=\"et4\" style=\"height: 14.25pt;\" height=\"19\">Teleskopbild<\/td>\n<td class=\"et5\" colspan=\"2\">Aufrecht<\/td>\n<\/tr>\n<tr style=\"height: 14.25pt;\">\n<td class=\"et4\" style=\"height: 14.25pt;\" height=\"19\">K\u00fcrzeste Sichtdistanz<\/td>\n<td class=\"et5\" colspan=\"2\">0,5 m<\/td>\n<\/tr>\n<tr style=\"height: 14.25pt;\">\n<td class=\"et4\" style=\"height: 14.25pt;\" height=\"19\">Sichtweitenfehler<\/td>\n<td class=\"et5\" colspan=\"2\">\u2264\u00b10,5%<\/td>\n<\/tr>\n<tr style=\"height: 14.25pt;\">\n<td class=\"et4\" style=\"height: 14.25pt;\" height=\"19\">Effektive Aperturgr\u00f6\u00dfe der Objektivlinse<\/td>\n<td class=\"et5\" colspan=\"2\">40 mm<\/td>\n<\/tr>\n<tr style=\"height: 14.25pt;\">\n<td class=\"et4\" style=\"height: 14.25pt;\" height=\"19\">Fokussierungsfehler<\/td>\n<td class=\"et5\" colspan=\"2\">\u22641,0 mm<\/td>\n<\/tr>\n<tr style=\"height: 14.25pt;\">\n<td class=\"et4\" style=\"height: 14.25pt;\" height=\"19\">Kompensatorart<\/td>\n<td class=\"et5\" colspan=\"2\">Luftd\u00e4mpfung<\/td>\n<\/tr>\n<tr style=\"height: 14.25pt;\">\n<td class=\"et4\" style=\"height: 14.25pt;\" height=\"19\">Kompensationsfehler<\/td>\n<td class=\"et5\" colspan=\"2\">&lt;0,5\u2032<\/td>\n<\/tr>\n<tr style=\"height: 14.25pt;\">\n<td class=\"et4\" style=\"height: 14.25pt;\" height=\"19\">Fadenkreuz<\/td>\n<td class=\"et5\" colspan=\"2\">Keilform<\/td>\n<\/tr>\n<tr style=\"height: 14.25pt;\">\n<td class=\"et4\" style=\"height: 14.25pt;\" height=\"19\">Einstellgenauigkeit<\/td>\n<td class=\"et5\" colspan=\"2\">\u00b10,4%<\/td>\n<\/tr>\n<tr style=\"height: 14.25pt;\">\n<td class=\"et4\" style=\"height: 14.25pt;\" height=\"19\">Wasser- und staubdicht<\/td>\n<td class=\"et5\" colspan=\"2\">IP54<\/td>\n<\/tr>\n<tr style=\"height: 14.25pt;\">\n<td class=\"et4\" style=\"height: 14.25pt;\" height=\"19\">Zubeh\u00f6r senden<\/td>\n<td class=\"et5\" colspan=\"2\">Lot, Bedienungsanleitung, Justierstift, Kunststoffkoffer<\/td>\n<\/tr>\n<tr style=\"height: 14.25pt;\">\n<td class=\"et8\" style=\"height: 14.25pt;\" height=\"19\">Nettogewicht<\/td>\n<td class=\"et9\" colspan=\"2\">1,55 kg<\/td>\n<\/tr>\n<\/tbody>\n<\/table>","protected":false},"excerpt":{"rendered":"<ul>\n<li>Flexible Vergr\u00f6\u00dferung: W\u00e4hlen Sie ein 32-faches (MA-H32) oder 36-faches (MA-H36) aufrechte Teleskop f\u00fcr scharfe, aufrecht stehende Bilder.<\/li>\n<li>Automatische Kompensation: Luftd\u00e4mpfungskompensator mit einem Fehler von &lt;0,5\u2032 f\u00fcr eine schnelle und stabile Einrichtung.<\/li>\n<li>Benutzerfreundlich: Enth\u00e4lt Lot, Bedienungsanleitung, Justierstift und Kunststoffkoffer f\u00fcr den praktischen Einsatz im Feld.<\/li>\n<\/ul>","protected":false},"featured_media":1887,"comment_status":"open","ping_status":"closed","template":"","meta":[],"product_brand":[],"product_cat":[15,140],"product_tag":[],"class_list":{"0":"post-547","1":"product","2":"type-product","3":"status-publish","4":"has-post-thumbnail","6":"product_cat-surveying-instrument","7":"product_cat-automatic-level","9":"first","10":"instock","11":"shipping-taxable","12":"product-type-simple"},"_links":{"self":[{"href":"https:\/\/mountlaser.com\/de\/wp-json\/wp\/v2\/product\/547","targetHints":{"allow":["GET"]}}],"collection":[{"href":"https:\/\/mountlaser.com\/de\/wp-json\/wp\/v2\/product"}],"about":[{"href":"https:\/\/mountlaser.com\/de\/wp-json\/wp\/v2\/types\/product"}],"replies":[{"embeddable":true,"href":"https:\/\/mountlaser.com\/de\/wp-json\/wp\/v2\/comments?post=547"}],"wp:featuredmedia":[{"embeddable":true,"href":"https:\/\/mountlaser.com\/de\/wp-json\/wp\/v2\/media\/1887"}],"wp:attachment":[{"href":"https:\/\/mountlaser.com\/de\/wp-json\/wp\/v2\/media?parent=547"}],"wp:term":[{"taxonomy":"product_brand","embeddable":true,"href":"https:\/\/mountlaser.com\/de\/wp-json\/wp\/v2\/product_brand?post=547"},{"taxonomy":"product_cat","embeddable":true,"href":"https:\/\/mountlaser.com\/de\/wp-json\/wp\/v2\/product_cat?post=547"},{"taxonomy":"product_tag","embeddable":true,"href":"https:\/\/mountlaser.com\/de\/wp-json\/wp\/v2\/product_tag?post=547"}],"curies":[{"name":"wp","href":"https:\/\/api.w.org\/{rel}","templated":true}]}}