{"id":5462,"date":"2025-12-05T08:00:49","date_gmt":"2025-12-05T08:00:49","guid":{"rendered":"https:\/\/mountlaser.com\/?post_type=product&#038;p=5462"},"modified":"2025-12-05T08:00:49","modified_gmt":"2025-12-05T08:00:49","slug":"bl11-bubble-for-tribrach","status":"publish","type":"product","link":"https:\/\/mountlaser.com\/de\/produkt\/bl11-bubble-for-tribrach\/","title":{"rendered":"BL11 Blase f\u00fcr Tribrach"},"content":{"rendered":"<p>Der <a href=\"https:\/\/mountlaser.com\/de\/\"><strong data-start=\"175\" data-end=\"203\">BL11 Blase f\u00fcr Tribrach<\/strong><\/a> Die BL11-Libelle ist eine pr\u00e4zisionsgefertigte Rundlibelle, die f\u00fcr die genaue Ausrichtung von Instrumenten in professionellen Vermessungsanwendungen entwickelt wurde. Diese hochwertige Libelle bietet klare und zuverl\u00e4ssige Nivellierleistung und ist somit ein ideales Ersatzteil f\u00fcr Tribrach- und Prismensysteme. Die BL11-Libelle f\u00fcr Tribrach verf\u00fcgt \u00fcber eine robuste, gut sichtbare Fl\u00fcssigkeitskapsel, die Vermessern eine schnelle und konsistente Einrichtung im Gel\u00e4nde erm\u00f6glicht. Sie ist mit einer Vielzahl optischer und GNSS-Zubeh\u00f6rteile kompatibel und l\u00e4sst sich zudem nahtlos als \u2026 verwenden. <a href=\"https:\/\/mountlaser.com\/de\/products\/\"><strong data-start=\"745\" data-end=\"771\">Runde Blase f\u00fcr Prisma<\/strong><\/a>, wodurch eine stabile Nivellierung f\u00fcr Prismen und andere montierte Ger\u00e4te gew\u00e4hrleistet wird.<\/p>\n<p><img fetchpriority=\"high\" decoding=\"async\" class=\"aligncenter wp-image-5466\" src=\"https:\/\/mountlaser.com\/wp-content\/uploads\/2025\/12\/BL104.webp\" alt=\"BL11 Bubble for tribrach\" width=\"500\" height=\"500\" srcset=\"https:\/\/mountlaser.com\/wp-content\/uploads\/2025\/12\/BL104.webp 1000w, https:\/\/mountlaser.com\/wp-content\/uploads\/2025\/12\/BL104-300x300.webp 300w, https:\/\/mountlaser.com\/wp-content\/uploads\/2025\/12\/BL104-150x150.webp 150w, https:\/\/mountlaser.com\/wp-content\/uploads\/2025\/12\/BL104-768x768.webp 768w, https:\/\/mountlaser.com\/wp-content\/uploads\/2025\/12\/BL104-12x12.webp 12w, https:\/\/mountlaser.com\/wp-content\/uploads\/2025\/12\/BL104-600x600.webp 600w, https:\/\/mountlaser.com\/wp-content\/uploads\/2025\/12\/BL104-800x800.webp 800w, https:\/\/mountlaser.com\/wp-content\/uploads\/2025\/12\/BL104-400x400.webp 400w\" sizes=\"(max-width: 500px) 100vw, 500px\" \/><\/p>\n<p>Ob als Dreifachblasen- oder als <a href=\"https:\/\/mountlaser.com\/de\/contact-us\/\">Runde Blase f\u00fcr Prisma<\/a>, Die BL11 bietet langfristige Stabilit\u00e4t und zuverl\u00e4ssige Pr\u00e4zision. Die BL11-Libelle f\u00fcr Tribrach ist eine unverzichtbare Komponente zur Aufrechterhaltung der Genauigkeit in Arbeitsabl\u00e4ufen mit Totalstationen, Prismen und GNSS.<\/p>","protected":false},"excerpt":{"rendered":"<ul>\n<li>Pr\u00e4zisionsnivellierung \u2013 Gew\u00e4hrleistet die genaue Einrichtung von Tribrachs, Prismen und Vermessungsinstrumenten.<\/li>\n<li>Hohe Kompatibilit\u00e4t \u2013 Funktioniert sowohl als Dreiarm-Libelle als auch als Rundlibelle f\u00fcr Prisma und unterst\u00fctzt vielf\u00e4ltiges Vermessungszubeh\u00f6r.<\/li>\n<li>Robuste Konstruktion \u2013 Gefertigt aus stabilen, langlebigen Materialien f\u00fcr Zuverl\u00e4ssigkeit auch unter anspruchsvollen Einsatzbedingungen.<\/li>\n<\/ul>","protected":false},"featured_media":5463,"comment_status":"open","ping_status":"closed","template":"","meta":[],"product_brand":[],"product_cat":[79,153],"product_tag":[],"class_list":{"0":"post-5462","1":"product","2":"type-product","3":"status-publish","4":"has-post-thumbnail","6":"product_cat-surveying-accessory","7":"product_cat-bubble-for-tribrach-carrier-prism","9":"first","10":"instock","11":"shipping-taxable","12":"product-type-simple"},"_links":{"self":[{"href":"https:\/\/mountlaser.com\/de\/wp-json\/wp\/v2\/product\/5462","targetHints":{"allow":["GET"]}}],"collection":[{"href":"https:\/\/mountlaser.com\/de\/wp-json\/wp\/v2\/product"}],"about":[{"href":"https:\/\/mountlaser.com\/de\/wp-json\/wp\/v2\/types\/product"}],"replies":[{"embeddable":true,"href":"https:\/\/mountlaser.com\/de\/wp-json\/wp\/v2\/comments?post=5462"}],"wp:featuredmedia":[{"embeddable":true,"href":"https:\/\/mountlaser.com\/de\/wp-json\/wp\/v2\/media\/5463"}],"wp:attachment":[{"href":"https:\/\/mountlaser.com\/de\/wp-json\/wp\/v2\/media?parent=5462"}],"wp:term":[{"taxonomy":"product_brand","embeddable":true,"href":"https:\/\/mountlaser.com\/de\/wp-json\/wp\/v2\/product_brand?post=5462"},{"taxonomy":"product_cat","embeddable":true,"href":"https:\/\/mountlaser.com\/de\/wp-json\/wp\/v2\/product_cat?post=5462"},{"taxonomy":"product_tag","embeddable":true,"href":"https:\/\/mountlaser.com\/de\/wp-json\/wp\/v2\/product_tag?post=5462"}],"curies":[{"name":"wp","href":"https:\/\/api.w.org\/{rel}","templated":true}]}}