{"id":543,"date":"2024-03-28T08:13:14","date_gmt":"2024-03-28T08:13:14","guid":{"rendered":"https:\/\/startersites.io\/blocksy\/pottery\/?post_type=product&#038;p=543"},"modified":"2025-12-01T02:32:34","modified_gmt":"2025-12-01T02:32:34","slug":"ma-dh32-dh36-optical-style-auto-level","status":"publish","type":"product","link":"https:\/\/mountlaser.com\/de\/produkt\/ma-dh32-dh36-optical-style-auto-level\/","title":{"rendered":"MA-DH32\/DH36 Optischer Stil Automatischer Nivellierungsautomatik"},"content":{"rendered":"<p>Der <strong><a href=\"https:\/\/mountlaser.com\/de\/\">MA-DH32\/DH36 Optische automatische Nivellierung<\/a><\/strong> Die Nivellierger\u00e4te von Mountlaser repr\u00e4sentieren die n\u00e4chste Generation pr\u00e4ziser optischer Nivellierger\u00e4te, entwickelt f\u00fcr Vermesser, die kompromisslose Genauigkeit und Zuverl\u00e4ssigkeit ben\u00f6tigen. Diese Modelle sind als hochwertige automatische Nivellierger\u00e4te konzipiert und vereinen klassische optische Exzellenz mit robuster, moderner Bauweise.<br \/>\nDie optischen Nivellierger\u00e4te MA-DH32\/DH36 bieten wahlweise 32-fache (MA-DH32) oder 36-fache (MA-DH36) Vergr\u00f6\u00dferung mit aufrechtem Bildfernrohr und liefern scharfe, verzerrungsfreie Bilder, selbst \u00fcber gro\u00dfe Entfernungen. Dank eines hochpr\u00e4zisen Luftd\u00e4mpfungskompensators und einer Standardabweichung von nur 1,0 mm pro Kilometer Doppelmessung eignen sich diese Instrumente ideal f\u00fcr anspruchsvolle Anwendungen wie Absteckung im Bauwesen, topografische Vermessungen und Ingenieurnivellierung.<\/p>\n<p>Das robuste Geh\u00e4use ist nach IP66 hochgradig wasserdicht und gew\u00e4hrleistet so zuverl\u00e4ssige Leistung auch unter rauen Baustellenbedingungen. Als vertrauensw\u00fcrdiger Anbieter von<a href=\"https:\/\/mountlaser.com\/de\/produkt-kategorie\/surveying-instrument\/automatic-level\/\"><strong> optische Nivellierger\u00e4te<\/strong><\/a>, Mountlaser garantiert, dass jedes Ger\u00e4t nach h\u00f6chsten Standards kalibriert ist. F\u00fcr Profis, die ein hochwertiges Nivellierger\u00e4t suchen, bieten die Serien MA-DH32 und MA-DH36 herausragende Langlebigkeit, Pr\u00e4zision und ein gutes Preis-Leistungs-Verh\u00e4ltnis \u2013 und sind damit die ideale Erg\u00e4nzung f\u00fcr jede Vermessungsausr\u00fcstung.<\/p>\n<p>&nbsp;<\/p>\n<p><img fetchpriority=\"high\" decoding=\"async\" class=\"aligncenter wp-image-1896\" src=\"https:\/\/mountlaser.com\/wp-content\/uploads\/2024\/03\/MA-DH328.webp\" alt=\"Optical Level Surveying Equipment\" width=\"500\" height=\"500\" srcset=\"https:\/\/mountlaser.com\/wp-content\/uploads\/2024\/03\/MA-DH328.webp 1000w, https:\/\/mountlaser.com\/wp-content\/uploads\/2024\/03\/MA-DH328-300x300.webp 300w, https:\/\/mountlaser.com\/wp-content\/uploads\/2024\/03\/MA-DH328-400x400.webp 400w, https:\/\/mountlaser.com\/wp-content\/uploads\/2024\/03\/MA-DH328-800x800.webp 800w, https:\/\/mountlaser.com\/wp-content\/uploads\/2024\/03\/MA-DH328-600x600.webp 600w, https:\/\/mountlaser.com\/wp-content\/uploads\/2024\/03\/MA-DH328-150x150.webp 150w, https:\/\/mountlaser.com\/wp-content\/uploads\/2024\/03\/MA-DH328-768x768.webp 768w, https:\/\/mountlaser.com\/wp-content\/uploads\/2024\/03\/MA-DH328-12x12.webp 12w\" sizes=\"(max-width: 500px) 100vw, 500px\" \/><\/p>\n<p><strong><a href=\"https:\/\/mountlaser.com\/de\/contact-us\/\">Optischer Stil Automatische Nivellierung<\/a> Spezifikationen<\/strong><\/p>\n<table style=\"border-collapse: collapse; width: 810.77pt;\" border=\"0\" width=\"1081\" cellspacing=\"0\" cellpadding=\"0\">\n<tbody>\n<tr style=\"height: 14.25pt;\">\n<td class=\"et2\" style=\"height: 14.25pt; width: 322.50pt;\" width=\"430\" height=\"19\">Modellnr.<\/td>\n<td class=\"et2\" style=\"width: 141.00pt;\" width=\"188\">MA-DH32<\/td>\n<td class=\"et2\" style=\"width: 88.50pt;\" width=\"118\">MA-DH36<\/td>\n<td class=\"et2\" style=\"width: 82.50pt;\" width=\"110\">MA-DH32L<\/td>\n<td class=\"et3\" style=\"width: 176.25pt;\" width=\"235\">MA-DH36L<\/td>\n<\/tr>\n<tr style=\"height: 14.25pt;\">\n<td class=\"et2\" style=\"height: 14.25pt;\" height=\"19\">Arbeitsabstand<\/td>\n<td class=\"et4\" colspan=\"4\">60 m<\/td>\n<\/tr>\n<tr style=\"height: 14.25pt;\">\n<td class=\"et2\" style=\"height: 14.25pt;\" height=\"19\">Standardabweichung f\u00fcr einen 1-km-Doppellauf<\/td>\n<td class=\"et4\" colspan=\"4\">1,0 mm<\/td>\n<\/tr>\n<tr style=\"height: 14.25pt;\">\n<td class=\"et2\" style=\"height: 14.25pt;\" height=\"19\">Teleskopvergr\u00f6\u00dferung<\/td>\n<td class=\"et2\">32X<\/td>\n<td class=\"et2\">36X<\/td>\n<td class=\"et2\">32X<\/td>\n<td class=\"et3\">36X<\/td>\n<\/tr>\n<tr style=\"height: 14.25pt;\">\n<td class=\"et2\" style=\"height: 14.25pt;\" height=\"19\">Teleskopbild<\/td>\n<td class=\"et4\" colspan=\"4\">Aufrecht<\/td>\n<\/tr>\n<tr style=\"height: 14.25pt;\">\n<td class=\"et2\" style=\"height: 14.25pt;\" height=\"19\">K\u00fcrzeste Fokussierdistanz<\/td>\n<td class=\"et4\" colspan=\"4\">0,4 m<\/td>\n<\/tr>\n<tr style=\"height: 14.25pt;\">\n<td class=\"et2\" style=\"height: 14.25pt;\" height=\"19\">Sichtweitenfehler<\/td>\n<td class=\"et4\" colspan=\"4\">\u2264\u00b10,4%<\/td>\n<\/tr>\n<tr style=\"height: 14.25pt;\">\n<td class=\"et2\" style=\"height: 14.25pt;\" height=\"19\">Effektive Aperturgr\u00f6\u00dfe der Objektivlinse<\/td>\n<td class=\"et4\" colspan=\"4\">42 mm<\/td>\n<\/tr>\n<tr style=\"height: 14.25pt;\">\n<td class=\"et2\" style=\"height: 14.25pt;\" height=\"19\">Fokussierungsfehler<\/td>\n<td class=\"et4\" colspan=\"4\">\u22641 mm<\/td>\n<\/tr>\n<tr style=\"height: 14.25pt;\">\n<td class=\"et2\" style=\"height: 14.25pt;\" height=\"19\">Kompensatorart<\/td>\n<td class=\"et4\" colspan=\"4\">X-f\u00f6rmige Drahtaufh\u00e4ngung Magnetische D\u00e4mpfung<\/td>\n<\/tr>\n<tr style=\"height: 14.25pt;\">\n<td class=\"et2\" style=\"height: 14.25pt;\" height=\"19\">Kompensationsfehler<\/td>\n<td class=\"et4\" colspan=\"4\">\u22640,2\u2033<\/td>\n<\/tr>\n<tr style=\"height: 14.25pt;\">\n<td class=\"et2\" style=\"height: 14.25pt;\" height=\"19\">Fadenkreuz<\/td>\n<td class=\"et4\" colspan=\"4\">Keilform<\/td>\n<\/tr>\n<tr style=\"height: 14.25pt;\">\n<td class=\"et2\" style=\"height: 14.25pt;\" height=\"19\">Einstellgenauigkeit<\/td>\n<td class=\"et4\" colspan=\"4\">\u00b10,3\u2033<\/td>\n<\/tr>\n<tr style=\"height: 14.25pt;\">\n<td class=\"et2\" style=\"height: 14.25pt;\" height=\"19\">Wasser- und staubdicht<\/td>\n<td class=\"et4\" colspan=\"4\">IP66 Hohe Wasserdichtigkeit<\/td>\n<\/tr>\n<tr style=\"height: 14.25pt;\">\n<td class=\"et2\" style=\"height: 14.25pt;\" height=\"19\">Standardzubeh\u00f6r<\/td>\n<td class=\"et4\" colspan=\"4\">Lot, Bedienungsanleitung, Einstellstift, Kunststoffkoffer<\/td>\n<\/tr>\n<tr style=\"height: 14.25pt;\">\n<td class=\"et2\" style=\"height: 14.25pt;\" height=\"19\">Die Wellenl\u00e4nge des Lasers<\/td>\n<td class=\"et7\" style=\"border-right: .5pt solid #000000;\" colspan=\"2\">\u2014<\/td>\n<td class=\"et4\" colspan=\"2\">Roter Strahl 635 nm<\/td>\n<\/tr>\n<tr style=\"height: 14.25pt;\">\n<td class=\"et2\" style=\"height: 14.25pt;\" height=\"19\">Effektive Reichweite<\/td>\n<td class=\"et7\" style=\"border-right: .5pt solid #000000;\" colspan=\"2\">\u2014<\/td>\n<td class=\"et7\" style=\"border-right: .5pt solid #000000;\" colspan=\"2\">200 m (Nacht)<\/td>\n<\/tr>\n<tr style=\"height: 14.25pt;\">\n<td class=\"et2\" style=\"height: 14.25pt;\" height=\"19\">Spotgr\u00f6\u00dfe<\/td>\n<td class=\"et7\" style=\"border-right: .5pt solid #000000;\" colspan=\"2\">\u2014<\/td>\n<td class=\"et7\" style=\"border-right: .5pt solid #000000;\" colspan=\"2\">5 mm\/100 m<\/td>\n<\/tr>\n<tr style=\"height: 14.25pt;\">\n<td class=\"et2\" style=\"height: 14.25pt;\" height=\"19\">Punktzentrum und die Abweichung der Sehachse<\/td>\n<td class=\"et7\" style=\"border-right: .5pt solid #000000;\" colspan=\"2\">\u2014<\/td>\n<td class=\"et7\" style=\"border-right: .5pt solid #000000;\" colspan=\"2\">5\u2033<\/td>\n<\/tr>\n<tr style=\"height: 14.25pt;\">\n<td class=\"et2\" style=\"height: 14.25pt;\" height=\"19\">Macht<\/td>\n<td class=\"et7\" style=\"border-right: .5pt solid #000000;\" colspan=\"2\">\u2014<\/td>\n<td class=\"et7\" style=\"border-right: .5pt solid #000000;\" colspan=\"2\">Li-Ionen-Akku 3,7 V 2000 mAh<\/td>\n<\/tr>\n<tr style=\"height: 14.25pt;\">\n<td class=\"et2\" style=\"height: 14.25pt;\" height=\"19\">Anschlusstyp<\/td>\n<td class=\"et7\" style=\"border-right: .5pt solid #000000;\" colspan=\"2\">\u2014<\/td>\n<td class=\"et7\" style=\"border-right: .5pt solid #000000;\" colspan=\"2\">Typ C<\/td>\n<\/tr>\n<tr style=\"height: 14.25pt;\">\n<td class=\"et2\" style=\"height: 14.25pt;\" height=\"19\">Arbeitszeit<\/td>\n<td class=\"et7\" style=\"border-right: .5pt solid #000000;\" colspan=\"2\">\u2014<\/td>\n<td class=\"et7\" style=\"border-right: .5pt solid #000000;\" colspan=\"2\">&gt;70 Stunden<\/td>\n<\/tr>\n<tr style=\"height: 14.25pt;\">\n<td class=\"et2\" style=\"height: 14.25pt;\" height=\"19\">Betriebstemperatur<\/td>\n<td class=\"et7\" style=\"border-right: .5pt solid #000000;\" colspan=\"2\">\u2014<\/td>\n<td class=\"et7\" style=\"border-right: .5pt solid #000000;\" colspan=\"2\">-10\u2103-+60\u2103<\/td>\n<\/tr>\n<tr style=\"height: 14.25pt;\">\n<td class=\"et10\" style=\"height: 14.25pt;\" height=\"19\">Nettogewicht<\/td>\n<td class=\"et4\" colspan=\"4\">1,85 kg<\/td>\n<\/tr>\n<\/tbody>\n<\/table>","protected":false},"excerpt":{"rendered":"<ul>\n<li>Die optischen Auto-Nivellierger\u00e4te MA-DH32\/DH36 bieten professionelle Leistung f\u00fcr ein breites Spektrum an Vermessungsaufgaben.<\/li>\n<li>Als hochpr\u00e4zise optische Nivellierger\u00e4te<\/li>\n<li>Sie sind beide robust und benutzerfreundlich und bieten ein hervorragendes Preis-Leistungs-Verh\u00e4ltnis als hochwertige Wasserwaage f\u00fcr Autos.<\/li>\n<\/ul>","protected":false},"featured_media":1894,"comment_status":"open","ping_status":"closed","template":"","meta":[],"product_brand":[],"product_cat":[15,140],"product_tag":[],"class_list":{"0":"post-543","1":"product","2":"type-product","3":"status-publish","4":"has-post-thumbnail","6":"product_cat-surveying-instrument","7":"product_cat-automatic-level","9":"first","10":"instock","11":"shipping-taxable","12":"product-type-simple"},"_links":{"self":[{"href":"https:\/\/mountlaser.com\/de\/wp-json\/wp\/v2\/product\/543","targetHints":{"allow":["GET"]}}],"collection":[{"href":"https:\/\/mountlaser.com\/de\/wp-json\/wp\/v2\/product"}],"about":[{"href":"https:\/\/mountlaser.com\/de\/wp-json\/wp\/v2\/types\/product"}],"replies":[{"embeddable":true,"href":"https:\/\/mountlaser.com\/de\/wp-json\/wp\/v2\/comments?post=543"}],"wp:featuredmedia":[{"embeddable":true,"href":"https:\/\/mountlaser.com\/de\/wp-json\/wp\/v2\/media\/1894"}],"wp:attachment":[{"href":"https:\/\/mountlaser.com\/de\/wp-json\/wp\/v2\/media?parent=543"}],"wp:term":[{"taxonomy":"product_brand","embeddable":true,"href":"https:\/\/mountlaser.com\/de\/wp-json\/wp\/v2\/product_brand?post=543"},{"taxonomy":"product_cat","embeddable":true,"href":"https:\/\/mountlaser.com\/de\/wp-json\/wp\/v2\/product_cat?post=543"},{"taxonomy":"product_tag","embeddable":true,"href":"https:\/\/mountlaser.com\/de\/wp-json\/wp\/v2\/product_tag?post=543"}],"curies":[{"name":"wp","href":"https:\/\/api.w.org\/{rel}","templated":true}]}}