{"id":541,"date":"2024-03-28T08:11:43","date_gmt":"2024-03-28T08:11:43","guid":{"rendered":"https:\/\/startersites.io\/blocksy\/pottery\/?post_type=product&#038;p=541"},"modified":"2025-12-01T02:38:10","modified_gmt":"2025-12-01T02:38:10","slug":"ma-e32-auto-level","status":"publish","type":"product","link":"https:\/\/mountlaser.com\/de\/produkt\/ma-e32-auto-level\/","title":{"rendered":"MA-E32 Automatische Niveauregulierung"},"content":{"rendered":"<p>Der <a href=\"https:\/\/mountlaser.com\/de\/\"><strong>MA-E32 Automatische Niveauregulierung<\/strong><\/a> Das automatische Nivellierger\u00e4t MA-E32 wurde f\u00fcr Profis entwickelt, die h\u00f6chste Pr\u00e4zision und Langlebigkeit ben\u00f6tigen. Ausgestattet mit einem japanischen Kompensator f\u00fcr \u00fcberragende Stabilit\u00e4t, liefert es selbst unter anspruchsvollen Bedingungen zuverl\u00e4ssige Leistung. Mit 32-facher Vergr\u00f6\u00dferung, einem aufrechten Bildfernrohr und einer beeindruckenden Standardabweichung von 1,0 mm pro Kilometer Doppelmessung gew\u00e4hrleistet das MA-E32 pr\u00e4zise Messungen f\u00fcr Bauwesen, Ingenieurwesen und Vermessung. Dank seiner Schutzart IP66 (wasserdicht und staubdicht) z\u00e4hlt es zu den robustesten automatischen Nivellierger\u00e4ten auf dem Markt und ist selbst in rauen Umgebungen einsetzbar, in denen andere Ger\u00e4te versagen.<\/p>\n<p>Dieses Modell ist ein Beispiel f\u00fcr fortgeschrittene <a href=\"https:\/\/mountlaser.com\/de\/produkt-kategorie\/surveying-instrument\/automatic-level\/\"><strong>automatische Nivelliervermessung<\/strong><\/a> Die Technologie umfasst einen X-f\u00f6rmigen, drahtaufgeh\u00e4ngten Magnetd\u00e4mpfungskompensator mit einer Genauigkeit von \u2264 0,4 Zoll f\u00fcr eine schnelle und pr\u00e4zise Einrichtung. F\u00fcr Vermesser, die leistungsstarke Nivellierger\u00e4te suchen, bietet das MA-E32 die perfekte Balance aus optischer Klarheit, Robustheit und Benutzerfreundlichkeit und ist somit die ideale Wahl f\u00fcr anspruchsvolle Projekte.<\/p>\n<p><img fetchpriority=\"high\" decoding=\"async\" class=\"aligncenter wp-image-1900\" src=\"https:\/\/mountlaser.com\/wp-content\/uploads\/2024\/03\/MA-E325.webp\" alt=\"Automatic level surveying\" width=\"500\" height=\"500\" srcset=\"https:\/\/mountlaser.com\/wp-content\/uploads\/2024\/03\/MA-E325.webp 1000w, https:\/\/mountlaser.com\/wp-content\/uploads\/2024\/03\/MA-E325-300x300.webp 300w, https:\/\/mountlaser.com\/wp-content\/uploads\/2024\/03\/MA-E325-400x400.webp 400w, https:\/\/mountlaser.com\/wp-content\/uploads\/2024\/03\/MA-E325-800x800.webp 800w, https:\/\/mountlaser.com\/wp-content\/uploads\/2024\/03\/MA-E325-600x600.webp 600w, https:\/\/mountlaser.com\/wp-content\/uploads\/2024\/03\/MA-E325-150x150.webp 150w, https:\/\/mountlaser.com\/wp-content\/uploads\/2024\/03\/MA-E325-768x768.webp 768w, https:\/\/mountlaser.com\/wp-content\/uploads\/2024\/03\/MA-E325-12x12.webp 12w\" sizes=\"(max-width: 500px) 100vw, 500px\" \/><\/p>\n<p>&nbsp;<\/p>\n<p><strong><a href=\"https:\/\/mountlaser.com\/de\/about-us\/\">MA-E32 Automatische Niveauregulierung<\/a> Spezifikationen<\/strong><\/p>\n<table style=\"border-collapse: collapse; width: 631.52pt;\" border=\"0\" width=\"842\" cellspacing=\"0\" cellpadding=\"0\">\n<tbody>\n<tr style=\"height: 14.25pt;\">\n<td class=\"et2\" style=\"height: 14.25pt; width: 322.50pt;\" width=\"430\" height=\"19\">Modellnr.<\/td>\n<td class=\"et3\" style=\"width: 309.00pt;\" width=\"412\">MA-E32<\/td>\n<\/tr>\n<tr style=\"height: 14.25pt;\">\n<td class=\"et4\" style=\"height: 14.25pt;\" height=\"19\">Arbeitsabstand<\/td>\n<td class=\"et5\">60 m<\/td>\n<\/tr>\n<tr style=\"height: 14.25pt;\">\n<td class=\"et4\" style=\"height: 14.25pt;\" height=\"19\">Standardabweichung f\u00fcr einen 1-km-Doppellauf<\/td>\n<td class=\"et5\">1,0 mm<\/td>\n<\/tr>\n<tr style=\"height: 14.25pt;\">\n<td class=\"et4\" style=\"height: 14.25pt;\" height=\"19\">Teleskopvergr\u00f6\u00dferung<\/td>\n<td class=\"et5\">32X<\/td>\n<\/tr>\n<tr style=\"height: 14.25pt;\">\n<td class=\"et4\" style=\"height: 14.25pt;\" height=\"19\">Teleskopbild<\/td>\n<td class=\"et5\">Aufrecht<\/td>\n<\/tr>\n<tr style=\"height: 14.25pt;\">\n<td class=\"et4\" style=\"height: 14.25pt;\" height=\"19\">K\u00fcrzeste Fokussierdistanz<\/td>\n<td class=\"et5\">0,5 m<\/td>\n<\/tr>\n<tr style=\"height: 14.25pt;\">\n<td class=\"et4\" style=\"height: 14.25pt;\" height=\"19\">Sichtweitenfehler<\/td>\n<td class=\"et5\">\u2264\u00b10,4%<\/td>\n<\/tr>\n<tr style=\"height: 14.25pt;\">\n<td class=\"et4\" style=\"height: 14.25pt;\" height=\"19\">Effektive Aperturgr\u00f6\u00dfe der Objektivlinse<\/td>\n<td class=\"et5\">36 mm<\/td>\n<\/tr>\n<tr style=\"height: 14.25pt;\">\n<td class=\"et4\" style=\"height: 14.25pt;\" height=\"19\">Fokussierungsfehler<\/td>\n<td class=\"et5\">\u22641 mm<\/td>\n<\/tr>\n<tr style=\"height: 14.25pt;\">\n<td class=\"et4\" style=\"height: 14.25pt;\" height=\"19\">Kompensatortyp<\/td>\n<td class=\"et5\">X-f\u00f6rmige Drahtaufh\u00e4ngung Magnetd\u00e4mpfung<\/td>\n<\/tr>\n<tr style=\"height: 14.25pt;\">\n<td class=\"et4\" style=\"height: 14.25pt;\" height=\"19\">Kompensationsfehler<\/td>\n<td class=\"et5\">\u22640,4\u201d<\/td>\n<\/tr>\n<tr style=\"height: 14.25pt;\">\n<td class=\"et4\" style=\"height: 14.25pt;\" height=\"19\">Fadenkreuz<\/td>\n<td class=\"et5\">Keilform<\/td>\n<\/tr>\n<tr style=\"height: 14.25pt;\">\n<td class=\"et4\" style=\"height: 14.25pt;\" height=\"19\">Einstellgenauigkeit<\/td>\n<td class=\"et5\">\u00b10,3 Zoll\u201d<\/td>\n<\/tr>\n<tr style=\"height: 14.25pt;\">\n<td class=\"et4\" style=\"height: 14.25pt;\" height=\"19\">Wasser- und staubdicht<\/td>\n<td class=\"et5\">IP66 Hohe Wasserdichtigkeit<\/td>\n<\/tr>\n<tr style=\"height: 14.25pt;\">\n<td class=\"et4\" style=\"height: 14.25pt;\" height=\"19\">Standardzubeh\u00f6r<\/td>\n<td class=\"et5\">Lot, Bedienungsanleitung, Justierstift, Kunststoffkoffer<\/td>\n<\/tr>\n<tr style=\"height: 14.25pt;\">\n<td class=\"et6\" style=\"height: 14.25pt;\" height=\"19\">Nettogewicht<\/td>\n<td class=\"et7\">1,7 kg<\/td>\n<\/tr>\n<\/tbody>\n<\/table>","protected":false},"excerpt":{"rendered":"<ul>\n<li>Hochpr\u00e4zise Optik: 32-fache Vergr\u00f6\u00dferung, aufrechtes Teleskop mit einem Sichtfeldfehler von \u2264\u00b10,4%.<\/li>\n<li>Fortschrittlicher Kompensator: Magnetisches D\u00e4mpfungssystem mit X-f\u00f6rmiger Drahtaufh\u00e4ngung (\u22640,4 Zoll Fehler).<\/li>\n<li>Ergonomisches Design: Enth\u00e4lt Lot, Bedienungsanleitung, Justierstift und Etui f\u00fcr effizientes Arbeiten im Feld.<\/li>\n<\/ul>","protected":false},"featured_media":1898,"comment_status":"open","ping_status":"closed","template":"","meta":[],"product_brand":[],"product_cat":[15,140],"product_tag":[],"class_list":{"0":"post-541","1":"product","2":"type-product","3":"status-publish","4":"has-post-thumbnail","6":"product_cat-surveying-instrument","7":"product_cat-automatic-level","9":"first","10":"instock","11":"shipping-taxable","12":"product-type-simple"},"_links":{"self":[{"href":"https:\/\/mountlaser.com\/de\/wp-json\/wp\/v2\/product\/541","targetHints":{"allow":["GET"]}}],"collection":[{"href":"https:\/\/mountlaser.com\/de\/wp-json\/wp\/v2\/product"}],"about":[{"href":"https:\/\/mountlaser.com\/de\/wp-json\/wp\/v2\/types\/product"}],"replies":[{"embeddable":true,"href":"https:\/\/mountlaser.com\/de\/wp-json\/wp\/v2\/comments?post=541"}],"wp:featuredmedia":[{"embeddable":true,"href":"https:\/\/mountlaser.com\/de\/wp-json\/wp\/v2\/media\/1898"}],"wp:attachment":[{"href":"https:\/\/mountlaser.com\/de\/wp-json\/wp\/v2\/media?parent=541"}],"wp:term":[{"taxonomy":"product_brand","embeddable":true,"href":"https:\/\/mountlaser.com\/de\/wp-json\/wp\/v2\/product_brand?post=541"},{"taxonomy":"product_cat","embeddable":true,"href":"https:\/\/mountlaser.com\/de\/wp-json\/wp\/v2\/product_cat?post=541"},{"taxonomy":"product_tag","embeddable":true,"href":"https:\/\/mountlaser.com\/de\/wp-json\/wp\/v2\/product_tag?post=541"}],"curies":[{"name":"wp","href":"https:\/\/api.w.org\/{rel}","templated":true}]}}