{"id":538,"date":"2024-03-28T08:06:48","date_gmt":"2024-03-28T08:06:48","guid":{"rendered":"https:\/\/startersites.io\/blocksy\/pottery\/?post_type=product&#038;p=538"},"modified":"2025-12-01T03:22:35","modified_gmt":"2025-12-01T03:22:35","slug":"ma-k32-k40-auto-level","status":"publish","type":"product","link":"https:\/\/mountlaser.com\/de\/produkt\/ma-k32-k40-auto-level\/","title":{"rendered":"MA-K32\/K40 Automatische Niveauregulierung"},"content":{"rendered":"<p>Der <a href=\"https:\/\/mountlaser.com\/de\/\"><strong>MA-K32\/K40 Automatische Niveauregulierung<\/strong><\/a> Die automatischen Nivellierger\u00e4te von Mountlaser repr\u00e4sentieren die Spitze der Pr\u00e4zisionstechnik f\u00fcr professionelle Vermesser. Ausgestattet mit einem Kompensationssystem japanischer Qualit\u00e4t, liefern diese Instrumente au\u00dfergew\u00f6hnliche Genauigkeit mit einer Standardabweichung von 1,0 mm pro Kilometer Doppelmessung und eignen sich daher ideal f\u00fcr anspruchsvolle Anwendungen im Bauwesen, Ingenieurwesen und der Landvermessung.<br \/>\n<a href=\"https:\/\/mountlaser.com\/de\/produkt-kategorie\/surveying-instrument\/automatic-level\/\">MA-K32\/K40 Automatische Niveauregulierung<\/a> Mit Vergr\u00f6\u00dferungsoptionen von 32x (MA-K32) oder 40x (MA-K40) verf\u00fcgen beide Modelle \u00fcber aufrechte Bildfernrohre und fortschrittliche, X-f\u00f6rmige Drahtaufh\u00e4ngung mit magnetischer D\u00e4mpfung (\u2264 0,4 Zoll Fehler) f\u00fcr einen schnellen, stabilen Aufbau und gestochen scharfe Bilder. Ihre Wasserdichtigkeit gem\u00e4\u00df IPX6 gew\u00e4hrleistet Zuverl\u00e4ssigkeit selbst unter h\u00e4rtesten Feldbedingungen und unterstreicht ihre Position als erstklassige automatische Nivellierger\u00e4te.<\/p>\n<p>Diese wurden entwickelt, um den Anforderungen moderner Vermessungsfachleute gerecht zu werden.<a href=\"https:\/\/mountlaser.com\/de\/contact-us\/\"><strong> Vermesser automatische Nivellierger\u00e4te<\/strong> <\/a>Die MA-K-Serie vereint robuste Langlebigkeit mit benutzerfreundlicher Bedienung. F\u00fcr alle, die kompromisslose Leistung und Langlebigkeit bei automatischen Nivellierger\u00e4ten suchen, bietet sie un\u00fcbertroffene Pr\u00e4zision und ein hervorragendes Preis-Leistungs-Verh\u00e4ltnis f\u00fcr jedes anspruchsvolle Projekt.<\/p>\n<p><img fetchpriority=\"high\" decoding=\"async\" class=\"aligncenter wp-image-1907\" src=\"https:\/\/mountlaser.com\/wp-content\/uploads\/2024\/03\/MA-K326.webp\" alt=\"surveyors automatic levels\" width=\"500\" height=\"500\" srcset=\"https:\/\/mountlaser.com\/wp-content\/uploads\/2024\/03\/MA-K326.webp 1000w, https:\/\/mountlaser.com\/wp-content\/uploads\/2024\/03\/MA-K326-300x300.webp 300w, https:\/\/mountlaser.com\/wp-content\/uploads\/2024\/03\/MA-K326-400x400.webp 400w, https:\/\/mountlaser.com\/wp-content\/uploads\/2024\/03\/MA-K326-800x800.webp 800w, https:\/\/mountlaser.com\/wp-content\/uploads\/2024\/03\/MA-K326-600x600.webp 600w, https:\/\/mountlaser.com\/wp-content\/uploads\/2024\/03\/MA-K326-150x150.webp 150w, https:\/\/mountlaser.com\/wp-content\/uploads\/2024\/03\/MA-K326-768x768.webp 768w, https:\/\/mountlaser.com\/wp-content\/uploads\/2024\/03\/MA-K326-12x12.webp 12w\" sizes=\"(max-width: 500px) 100vw, 500px\" \/><\/p>\n<p>&nbsp;<\/p>\n<p><strong><a href=\"https:\/\/mountlaser.com\/de\/about-us\/\">MA-K32\/K40 Automatische Niveauregulierung<\/a> Spezifikationen<\/strong><\/p>\n<table style=\"border-collapse: collapse; width: 589.52pt;\" border=\"0\" width=\"786\" cellspacing=\"0\" cellpadding=\"0\">\n<tbody>\n<tr style=\"height: 14.25pt;\">\n<td class=\"et2\" style=\"height: 14.25pt; width: 207.75pt;\" width=\"277\" height=\"19\">Modellnr.<\/td>\n<td class=\"et2\" style=\"width: 185.25pt;\" width=\"247\">MA-K32<\/td>\n<td class=\"et3\" style=\"width: 196.50pt;\" width=\"262\">MA-K40<\/td>\n<\/tr>\n<tr style=\"height: 14.25pt;\">\n<td class=\"et2\" style=\"height: 14.25pt;\" height=\"19\">Arbeitsabstand<\/td>\n<td class=\"et4\" colspan=\"2\">60 m<\/td>\n<\/tr>\n<tr style=\"height: 14.25pt;\">\n<td class=\"et2\" style=\"height: 14.25pt;\" height=\"19\">Standardabweichung f\u00fcr einen 1-km-Doppellauf<\/td>\n<td class=\"et4\" colspan=\"2\">1,0 mm<\/td>\n<\/tr>\n<tr style=\"height: 14.25pt;\">\n<td class=\"et2\" style=\"height: 14.25pt;\" height=\"19\">Teleskopvergr\u00f6\u00dferung<\/td>\n<td class=\"et2\">32X<\/td>\n<td class=\"et3\">40x<\/td>\n<\/tr>\n<tr style=\"height: 14.25pt;\">\n<td class=\"et2\" style=\"height: 14.25pt;\" height=\"19\">Teleskopbild<\/td>\n<td class=\"et4\" colspan=\"2\">Aufrecht<\/td>\n<\/tr>\n<tr style=\"height: 14.25pt;\">\n<td class=\"et2\" style=\"height: 14.25pt;\" height=\"19\">K\u00fcrzeste Fokussierdistanz<\/td>\n<td class=\"et4\" colspan=\"2\">0,5 m<\/td>\n<\/tr>\n<tr style=\"height: 14.25pt;\">\n<td class=\"et2\" style=\"height: 14.25pt;\" height=\"19\">Sichtweitenfehler<\/td>\n<td class=\"et4\" colspan=\"2\">\u2264\u00b10,4%<\/td>\n<\/tr>\n<tr style=\"height: 14.25pt;\">\n<td class=\"et2\" style=\"height: 14.25pt;\" height=\"19\">Effektive Aperturgr\u00f6\u00dfe der Objektivlinse<\/td>\n<td class=\"et4\" colspan=\"2\">40 mm<\/td>\n<\/tr>\n<tr style=\"height: 14.25pt;\">\n<td class=\"et2\" style=\"height: 14.25pt;\" height=\"19\">Fokussierungsfehler<\/td>\n<td class=\"et4\" colspan=\"2\">\u22641 mm<\/td>\n<\/tr>\n<tr style=\"height: 14.25pt;\">\n<td class=\"et2\" style=\"height: 14.25pt;\" height=\"19\">Kompensatortyp<\/td>\n<td class=\"et4\" colspan=\"2\">X-f\u00f6rmige Drahtaufh\u00e4ngung Magnetd\u00e4mpfung<\/td>\n<\/tr>\n<tr style=\"height: 14.25pt;\">\n<td class=\"et2\" style=\"height: 14.25pt;\" height=\"19\">Kompensationsfehler<\/td>\n<td class=\"et4\" colspan=\"2\">\u22640,4\u201d<\/td>\n<\/tr>\n<tr style=\"height: 14.25pt;\">\n<td class=\"et2\" style=\"height: 14.25pt;\" height=\"19\">Fadenkreuz<\/td>\n<td class=\"et4\" colspan=\"2\">Keilform<\/td>\n<\/tr>\n<tr style=\"height: 14.25pt;\">\n<td class=\"et2\" style=\"height: 14.25pt;\" height=\"19\">Einstellgenauigkeit<\/td>\n<td class=\"et4\" colspan=\"2\">\u00b10,3 Zoll\u201d<\/td>\n<\/tr>\n<tr style=\"height: 14.25pt;\">\n<td class=\"et2\" style=\"height: 14.25pt;\" height=\"19\">Wasser- und staubdicht<\/td>\n<td class=\"et4\" colspan=\"2\">IPX6<\/td>\n<\/tr>\n<tr style=\"height: 14.25pt;\">\n<td class=\"et2\" style=\"height: 14.25pt;\" height=\"19\">Standardzubeh\u00f6r<\/td>\n<td class=\"et4\" colspan=\"2\">Lot, Bedienungsanleitung, Justierstift, Kunststoffkoffer<\/td>\n<\/tr>\n<tr style=\"height: 14.25pt;\">\n<td class=\"et6\" style=\"height: 14.25pt;\" height=\"19\">Nettogewicht<\/td>\n<td class=\"et7\" colspan=\"2\">1,8 kg<\/td>\n<\/tr>\n<\/tbody>\n<\/table>","protected":false},"excerpt":{"rendered":"<ul>\n<li>Au\u00dfergew\u00f6hnliche Genauigkeit: Eine Standardabweichung von 1,0 mm pro Kilometer Doppelmessung gew\u00e4hrleistet Ergebnisse in Vermessungsqualit\u00e4t.<\/li>\n<li>Fortschrittlicher Kompensator: Magnetische D\u00e4mpfung durch X-f\u00f6rmige Drahtaufh\u00e4ngung nach japanischer Art (\u22640,4 Zoll Fehler).<\/li>\n<li>Witterungsbest\u00e4ndigkeit: Die Wasserdichtigkeitsklasse IPX6 sch\u00fctzt vor starkem Regen und Staub.<\/li>\n<li>Professionelles Zubeh\u00f6r: Enth\u00e4lt Lot, Bedienungsanleitung, Justierstift und einen robusten Kunststoffkoffer.<\/li>\n<\/ul>","protected":false},"featured_media":1903,"comment_status":"open","ping_status":"closed","template":"","meta":[],"product_brand":[],"product_cat":[15,140],"product_tag":[],"class_list":{"0":"post-538","1":"product","2":"type-product","3":"status-publish","4":"has-post-thumbnail","6":"product_cat-surveying-instrument","7":"product_cat-automatic-level","9":"first","10":"instock","11":"shipping-taxable","12":"product-type-simple"},"_links":{"self":[{"href":"https:\/\/mountlaser.com\/de\/wp-json\/wp\/v2\/product\/538","targetHints":{"allow":["GET"]}}],"collection":[{"href":"https:\/\/mountlaser.com\/de\/wp-json\/wp\/v2\/product"}],"about":[{"href":"https:\/\/mountlaser.com\/de\/wp-json\/wp\/v2\/types\/product"}],"replies":[{"embeddable":true,"href":"https:\/\/mountlaser.com\/de\/wp-json\/wp\/v2\/comments?post=538"}],"wp:featuredmedia":[{"embeddable":true,"href":"https:\/\/mountlaser.com\/de\/wp-json\/wp\/v2\/media\/1903"}],"wp:attachment":[{"href":"https:\/\/mountlaser.com\/de\/wp-json\/wp\/v2\/media?parent=538"}],"wp:term":[{"taxonomy":"product_brand","embeddable":true,"href":"https:\/\/mountlaser.com\/de\/wp-json\/wp\/v2\/product_brand?post=538"},{"taxonomy":"product_cat","embeddable":true,"href":"https:\/\/mountlaser.com\/de\/wp-json\/wp\/v2\/product_cat?post=538"},{"taxonomy":"product_tag","embeddable":true,"href":"https:\/\/mountlaser.com\/de\/wp-json\/wp\/v2\/product_tag?post=538"}],"curies":[{"name":"wp","href":"https:\/\/api.w.org\/{rel}","templated":true}]}}