{"id":5358,"date":"2025-12-04T09:22:41","date_gmt":"2025-12-04T09:22:41","guid":{"rendered":"https:\/\/mountlaser.com\/?post_type=product&#038;p=5358"},"modified":"2025-12-12T08:09:26","modified_gmt":"2025-12-12T08:09:26","slug":"cm01-crack-monitor","status":"publish","type":"product","link":"https:\/\/mountlaser.com\/de\/produkt\/cm01-crack-monitor\/","title":{"rendered":"CM01 Crack Monitor"},"content":{"rendered":"<p data-start=\"179\" data-end=\"744\">Der <a href=\"https:\/\/mountlaser.com\/de\/\"><strong data-start=\"183\" data-end=\"205\">CM01 Crack Monitor<\/strong><\/a> ist ein pr\u00e4zisionsgefertigtes Messger\u00e4t zur genauen Erfassung von Strukturbewegungen in Geb\u00e4uden, Mauern, Br\u00fccken und anderen kritischen Oberfl\u00e4chen. Als zuverl\u00e4ssiges <a href=\"https:\/\/mountlaser.com\/de\/produkt-kategorie\/surveying-accessory\/\"><strong data-start=\"360\" data-end=\"386\">Standard Crack Monitor<\/strong><\/a>, Das Ger\u00e4t verf\u00fcgt \u00fcber zwei sich \u00fcberlappende Platten \u2013 eine transparente mit feinem Fadenkreuz und eine weitere, in Millimetern kalibrierte \u2013, die es Fachleuten erm\u00f6glichen, selbst kleinste Ver\u00e4nderungen zuverl\u00e4ssig zu messen. Ob f\u00fcr die Langzeit\u00fcberwachung oder routinem\u00e4\u00dfige Inspektionen, der Rissmonitor CM01 liefert zuverl\u00e4ssige Ergebnisse im Innen- und Au\u00dfenbereich.<\/p>\n<p data-start=\"179\" data-end=\"744\"><img fetchpriority=\"high\" decoding=\"async\" class=\"aligncenter wp-image-5360\" src=\"https:\/\/mountlaser.com\/wp-content\/uploads\/2025\/12\/\u4e3b\u56fe2.webp\" alt=\"CM01 Crack Monitor\" width=\"500\" height=\"500\" srcset=\"https:\/\/mountlaser.com\/wp-content\/uploads\/2025\/12\/\u4e3b\u56fe2.webp 800w, https:\/\/mountlaser.com\/wp-content\/uploads\/2025\/12\/\u4e3b\u56fe2-300x300.webp 300w, https:\/\/mountlaser.com\/wp-content\/uploads\/2025\/12\/\u4e3b\u56fe2-150x150.webp 150w, https:\/\/mountlaser.com\/wp-content\/uploads\/2025\/12\/\u4e3b\u56fe2-768x768.webp 768w, https:\/\/mountlaser.com\/wp-content\/uploads\/2025\/12\/\u4e3b\u56fe2-12x12.webp 12w, https:\/\/mountlaser.com\/wp-content\/uploads\/2025\/12\/\u4e3b\u56fe2-600x600.webp 600w, https:\/\/mountlaser.com\/wp-content\/uploads\/2025\/12\/\u4e3b\u56fe2-400x400.webp 400w\" sizes=\"(max-width: 500px) 100vw, 500px\" \/><\/p>\n<p data-start=\"746\" data-end=\"1250\">Der Standard-Rissmonitor l\u00e4sst sich einfach mit den mitgelieferten Schrauben montieren und ist auch mit Klebstoff (nicht im Lieferumfang enthalten) kompatibel. Er gew\u00e4hrleistet eine sichere Befestigung f\u00fcr konsistente und reproduzierbare Messwerte. Jeder CM01-Rissmonitor enth\u00e4lt eine detaillierte Installationsanleitung und ein Rissprotokollblatt und ist somit eine Komplettl\u00f6sung f\u00fcr Ingenieure, Gutachter und Bauinspektoren. F\u00fcr Fachleute, die auf die Genauigkeit eines Rissmonitors angewiesen sind. <a href=\"https:\/\/mountlaser.com\/de\/contact-us\/\">Standard Crack Monitor<\/a>, Dieses Modell zeichnet sich durch Langlebigkeit, Klarheit und Messgenauigkeit aus.<\/p>","protected":false},"excerpt":{"rendered":"<ul>\n<li>Misst und \u00fcberwacht die Rissbewegung im Laufe der Zeit<\/li>\n<li>Liefert pr\u00e4zise Messwerte im Millimeterbereich<\/li>\n<li>Unterst\u00fctzt Strukturanalysen und Sicherheitsbewertungen<\/li>\n<li>Pr\u00e4zisionsmessger\u00e4t mit \u00fcberlappenden transparenten und kalibrierten Platten<\/li>\n<li>Feiner Fadenkreuzcursor f\u00fcr klare und genaue Messung<\/li>\n<li>Die Montage erfolgt mit Schrauben (im Lieferumfang enthalten) und Klebstoff (optional).<\/li>\n<\/ul>","protected":false},"featured_media":5359,"comment_status":"open","ping_status":"closed","template":"","meta":[],"product_brand":[],"product_cat":[79,151],"product_tag":[],"class_list":{"0":"post-5358","1":"product","2":"type-product","3":"status-publish","4":"has-post-thumbnail","6":"product_cat-surveying-accessory","7":"product_cat-crack-monitor","9":"first","10":"instock","11":"shipping-taxable","12":"product-type-simple"},"_links":{"self":[{"href":"https:\/\/mountlaser.com\/de\/wp-json\/wp\/v2\/product\/5358","targetHints":{"allow":["GET"]}}],"collection":[{"href":"https:\/\/mountlaser.com\/de\/wp-json\/wp\/v2\/product"}],"about":[{"href":"https:\/\/mountlaser.com\/de\/wp-json\/wp\/v2\/types\/product"}],"replies":[{"embeddable":true,"href":"https:\/\/mountlaser.com\/de\/wp-json\/wp\/v2\/comments?post=5358"}],"wp:featuredmedia":[{"embeddable":true,"href":"https:\/\/mountlaser.com\/de\/wp-json\/wp\/v2\/media\/5359"}],"wp:attachment":[{"href":"https:\/\/mountlaser.com\/de\/wp-json\/wp\/v2\/media?parent=5358"}],"wp:term":[{"taxonomy":"product_brand","embeddable":true,"href":"https:\/\/mountlaser.com\/de\/wp-json\/wp\/v2\/product_brand?post=5358"},{"taxonomy":"product_cat","embeddable":true,"href":"https:\/\/mountlaser.com\/de\/wp-json\/wp\/v2\/product_cat?post=5358"},{"taxonomy":"product_tag","embeddable":true,"href":"https:\/\/mountlaser.com\/de\/wp-json\/wp\/v2\/product_tag?post=5358"}],"curies":[{"name":"wp","href":"https:\/\/api.w.org\/{rel}","templated":true}]}}