{"id":5347,"date":"2025-12-04T06:58:07","date_gmt":"2025-12-04T06:58:07","guid":{"rendered":"https:\/\/mountlaser.com\/?post_type=product&#038;p=5347"},"modified":"2025-12-12T06:41:36","modified_gmt":"2025-12-12T06:41:36","slug":"sm01-bl-surveying-marker","status":"publish","type":"product","link":"https:\/\/mountlaser.com\/de\/produkt\/sm01-bl-surveying-marker\/","title":{"rendered":"Vermessungsmarkierung SM01-BL"},"content":{"rendered":"<p data-start=\"255\" data-end=\"730\">Der <a href=\"https:\/\/mountlaser.com\/de\/products\/\"><strong data-start=\"259\" data-end=\"287\">Vermessungsmarkierung SM01-BL<\/strong><\/a> Der SM01-BL Vermessungsmarker ist ein robuster, hochpr\u00e4ziser Referenzpunktmarker, der speziell f\u00fcr professionelle Vermessungs- und Bauumgebungen entwickelt wurde. Hergestellt aus hochwertigem, spritzgegossenem Kunststoff, bietet er die n\u00f6tige St\u00e4rke und Langlebigkeit f\u00fcr anspruchsvolle Baustellen im Freien. Als einer der zuverl\u00e4ssigsten <a href=\"https:\/\/mountlaser.com\/de\/contact-us\/\"><strong data-start=\"597\" data-end=\"620\">Landvermessungsmarken<\/strong><\/a>, Es erm\u00f6glicht eine gleichbleibend genaue Positionierung von Layoutlinien, Begrenzungskennzeichnungen und Kontrollpunkten.<\/p>\n<p data-start=\"732\" data-end=\"1222\">Der Vermessungsmarker SM01-BL ist in einer Reihe leuchtender, gut sichtbarer Farben erh\u00e4ltlich und gew\u00e4hrleistet so eine klare Erkennbarkeit unter allen Licht- und Gel\u00e4ndebedingungen. Vermesser, die t\u00e4glich im Gel\u00e4nde auf Vermessungsmarker angewiesen sind, werden seine Zuverl\u00e4ssigkeit, Witterungsbest\u00e4ndigkeit und einfache Platzierung zu sch\u00e4tzen wissen. Ob f\u00fcr Bauabsteckungen oder langfristige Vermessungspunkte \u2013 der SM01-BL ist stets zuverl\u00e4ssig. <a href=\"https:\/\/mountlaser.com\/de\/\">Vermessungsmarkierung SM01-BL<\/a> hebt sich als professionelle L\u00f6sung unter den modernen Landvermessungsmarkierungen hervor.<\/p>\n<div>\n<table style=\"border-collapse: collapse; width: 681.77pt;\" border=\"0\" width=\"909\" cellspacing=\"0\" cellpadding=\"0\">\n<tbody>\n<tr style=\"height: 14.25pt;\">\n<td class=\"et2\" style=\"height: 14.25pt; width: 127.50pt;\" width=\"170\" height=\"19\">NUMMER<\/td>\n<td class=\"et2\" style=\"width: 196.50pt;\" width=\"262\">FARBE<\/td>\n<td class=\"et2\" style=\"width: 213.00pt;\" width=\"284\">GR\u00d6SSE D xdx H<\/td>\n<td class=\"et3\" style=\"width: 144.75pt;\" width=\"193\">BILD<\/td>\n<\/tr>\n<tr style=\"height: 14.25pt;\">\n<td class=\"et4\" style=\"height: 14.25pt;\" height=\"19\">SM01-BL<\/td>\n<td class=\"et5\">Blau<\/td>\n<td class=\"et6\">D46 \u00d7 d10 \u00d7 H6 mm<\/td>\n<td class=\"et7\"><img fetchpriority=\"high\" decoding=\"async\" class=\"alignnone wp-image-5349\" src=\"https:\/\/mountlaser.com\/wp-content\/uploads\/2025\/12\/SM01-Surveying-Marker4.webp\" alt=\"SM01-BL Surveying Marker\" width=\"500\" height=\"500\" srcset=\"https:\/\/mountlaser.com\/wp-content\/uploads\/2025\/12\/SM01-Surveying-Marker4.webp 1000w, https:\/\/mountlaser.com\/wp-content\/uploads\/2025\/12\/SM01-Surveying-Marker4-300x300.webp 300w, https:\/\/mountlaser.com\/wp-content\/uploads\/2025\/12\/SM01-Surveying-Marker4-150x150.webp 150w, https:\/\/mountlaser.com\/wp-content\/uploads\/2025\/12\/SM01-Surveying-Marker4-768x768.webp 768w, https:\/\/mountlaser.com\/wp-content\/uploads\/2025\/12\/SM01-Surveying-Marker4-12x12.webp 12w, https:\/\/mountlaser.com\/wp-content\/uploads\/2025\/12\/SM01-Surveying-Marker4-600x600.webp 600w, https:\/\/mountlaser.com\/wp-content\/uploads\/2025\/12\/SM01-Surveying-Marker4-800x800.webp 800w, https:\/\/mountlaser.com\/wp-content\/uploads\/2025\/12\/SM01-Surveying-Marker4-400x400.webp 400w\" sizes=\"(max-width: 500px) 100vw, 500px\" \/><\/td>\n<\/tr>\n<\/tbody>\n<\/table>\n<\/div>","protected":false},"excerpt":{"rendered":"<ul>\n<li>Langlebiges Material: Hergestellt aus hochwertigem, spritzgegossenem Kunststoff f\u00fcr eine lange Lebensdauer.<\/li>\n<li>Hohe Sichtbarkeit: Erh\u00e4ltlich in Blau \u2013 f\u00fcr gute Erkennbarkeit in jedem Gel\u00e4nde.<\/li>\n<li>Pr\u00e4zisionsreferenzwerkzeug: Ideal zum Markieren von Kontrollpunkten, Grenzen, Absteckungslinien und wichtigen Vermessungskoordinaten.<\/li>\n<li>Stabil und leicht: Einfach zu positionieren und zu befestigen, geeignet f\u00fcr alle Vermessungs- und Bauumgebungen.<\/li>\n<li>Standardgr\u00f6\u00dfe D46 \u00d7 d10 \u00d7 H6 mm f\u00fcr ein breites Anwendungsspektrum im Vermessungsbereich.<\/li>\n<\/ul>","protected":false},"featured_media":5352,"comment_status":"open","ping_status":"closed","template":"","meta":[],"product_brand":[],"product_cat":[79,152],"product_tag":[],"class_list":{"0":"post-5347","1":"product","2":"type-product","3":"status-publish","4":"has-post-thumbnail","6":"product_cat-surveying-accessory","7":"product_cat-surveying-marker","9":"first","10":"instock","11":"shipping-taxable","12":"product-type-simple"},"_links":{"self":[{"href":"https:\/\/mountlaser.com\/de\/wp-json\/wp\/v2\/product\/5347","targetHints":{"allow":["GET"]}}],"collection":[{"href":"https:\/\/mountlaser.com\/de\/wp-json\/wp\/v2\/product"}],"about":[{"href":"https:\/\/mountlaser.com\/de\/wp-json\/wp\/v2\/types\/product"}],"replies":[{"embeddable":true,"href":"https:\/\/mountlaser.com\/de\/wp-json\/wp\/v2\/comments?post=5347"}],"wp:featuredmedia":[{"embeddable":true,"href":"https:\/\/mountlaser.com\/de\/wp-json\/wp\/v2\/media\/5352"}],"wp:attachment":[{"href":"https:\/\/mountlaser.com\/de\/wp-json\/wp\/v2\/media?parent=5347"}],"wp:term":[{"taxonomy":"product_brand","embeddable":true,"href":"https:\/\/mountlaser.com\/de\/wp-json\/wp\/v2\/product_brand?post=5347"},{"taxonomy":"product_cat","embeddable":true,"href":"https:\/\/mountlaser.com\/de\/wp-json\/wp\/v2\/product_cat?post=5347"},{"taxonomy":"product_tag","embeddable":true,"href":"https:\/\/mountlaser.com\/de\/wp-json\/wp\/v2\/product_tag?post=5347"}],"curies":[{"name":"wp","href":"https:\/\/api.w.org\/{rel}","templated":true}]}}