{"id":5325,"date":"2025-12-04T02:38:47","date_gmt":"2025-12-04T02:38:47","guid":{"rendered":"https:\/\/mountlaser.com\/?post_type=product&#038;p=5325"},"modified":"2025-12-04T02:38:47","modified_gmt":"2025-12-04T02:38:47","slug":"tip01-pole-tip","status":"publish","type":"product","link":"https:\/\/mountlaser.com\/de\/produkt\/tip01-pole-tip\/","title":{"rendered":"TIP01 Stangenspitze"},"content":{"rendered":"<p data-start=\"198\" data-end=\"516\">Der <a href=\"https:\/\/mountlaser.com\/de\/\"><strong data-start=\"202\" data-end=\"231\">Ersatzspitze f\u00fcr Stangen<\/strong><\/a> Diese robuste, pr\u00e4zisionsgefertigte Zubeh\u00f6rspitze sorgt f\u00fcr Stabilit\u00e4t und Genauigkeit Ihrer Vermessungsstangen in jedem Gel\u00e4nde. Hergestellt aus hochwertigem, silberfarbenem Metall, gew\u00e4hrleistet diese Ersatzspitze f\u00fcr Stangen eine lange Lebensdauer und sicheres Eindringen in den Boden bei Feldarbeiten.<\/p>\n<p data-start=\"518\" data-end=\"894\">Unser <a href=\"https:\/\/mountlaser.com\/de\/products\/\"><strong data-start=\"522\" data-end=\"560\">GPS-Stangenspitze, scharfe Ersatzspitze<\/strong><\/a> Die Spitze sorgt f\u00fcr besseren Halt auf Erde, Kies oder unebenem Untergrund und gew\u00e4hrleistet so einen festen Stand Ihrer Messstange f\u00fcr pr\u00e4zise Messungen. Ob GPS-Stange, Prismenstange oder GNSS-Messlatte \u2013 die GPS-Stange mit scharfer Ersatzspitze bietet zuverl\u00e4ssige Kompatibilit\u00e4t, einfache Montage und hohe Langlebigkeit.<\/p>\n<p data-start=\"518\" data-end=\"894\"><img fetchpriority=\"high\" decoding=\"async\" class=\"aligncenter wp-image-5328\" src=\"https:\/\/mountlaser.com\/wp-content\/uploads\/2025\/12\/TIP013.webp\" alt=\"Replacement Tip for Poles\" width=\"500\" height=\"500\" srcset=\"https:\/\/mountlaser.com\/wp-content\/uploads\/2025\/12\/TIP013.webp 1000w, https:\/\/mountlaser.com\/wp-content\/uploads\/2025\/12\/TIP013-300x300.webp 300w, https:\/\/mountlaser.com\/wp-content\/uploads\/2025\/12\/TIP013-150x150.webp 150w, https:\/\/mountlaser.com\/wp-content\/uploads\/2025\/12\/TIP013-768x768.webp 768w, https:\/\/mountlaser.com\/wp-content\/uploads\/2025\/12\/TIP013-12x12.webp 12w, https:\/\/mountlaser.com\/wp-content\/uploads\/2025\/12\/TIP013-600x600.webp 600w, https:\/\/mountlaser.com\/wp-content\/uploads\/2025\/12\/TIP013-800x800.webp 800w, https:\/\/mountlaser.com\/wp-content\/uploads\/2025\/12\/TIP013-400x400.webp 400w\" sizes=\"(max-width: 500px) 100vw, 500px\" \/><\/p>\n<p data-start=\"896\" data-end=\"1118\">Dank seiner robusten Bauweise und universellen Passform ist der <a href=\"https:\/\/mountlaser.com\/de\/about-us\/\">Ersatzspitze f\u00fcr Stangen<\/a>\u00a0Sie sind unverzichtbares Zubeh\u00f6r, um die Genauigkeit der Ger\u00e4te aufrechtzuerhalten und die Lebensdauer Ihres Mastsystems zu verl\u00e4ngern.<\/p>","protected":false},"excerpt":{"rendered":"<ul>\n<li data-start=\"1142\" data-end=\"1196\">\n<p data-start=\"1144\" data-end=\"1196\">Bietet einen scharfen, stabilen Erdungspunkt f\u00fcr Masten<\/p>\n<\/li>\n<li data-start=\"1197\" data-end=\"1263\">\n<p data-start=\"1199\" data-end=\"1263\">Verbessert die Genauigkeit durch Minimierung der Stangenbewegung in unwegsamem Gel\u00e4nde<\/p>\n<\/li>\n<li data-start=\"1264\" data-end=\"1320\">\n<p data-start=\"1266\" data-end=\"1320\">Bietet einfachen Austausch gegen kompatible Vermessungsstangen<\/p>\n<\/li>\n<li data-start=\"1321\" data-end=\"1370\">\n<p data-start=\"1323\" data-end=\"1370\">Hergestellt aus robustem Metall f\u00fcr eine lange Lebensdauer<\/p>\n<\/li>\n<li data-start=\"1371\" data-end=\"1458\">\n<p data-start=\"1373\" data-end=\"1458\">Gew\u00e4hrleistet zuverl\u00e4ssige Leistung bei Vermessungs-, Bau- und GNSS-Anwendungen<\/p>\n<\/li>\n<\/ul>","protected":false},"featured_media":5326,"comment_status":"open","ping_status":"closed","template":"","meta":[],"product_brand":[],"product_cat":[89,150],"product_tag":[],"class_list":{"0":"post-5325","1":"product","2":"type-product","3":"status-publish","4":"has-post-thumbnail","6":"product_cat-surveying-pole-rod","7":"product_cat-pole-accessory","9":"first","10":"instock","11":"shipping-taxable","12":"product-type-simple"},"_links":{"self":[{"href":"https:\/\/mountlaser.com\/de\/wp-json\/wp\/v2\/product\/5325","targetHints":{"allow":["GET"]}}],"collection":[{"href":"https:\/\/mountlaser.com\/de\/wp-json\/wp\/v2\/product"}],"about":[{"href":"https:\/\/mountlaser.com\/de\/wp-json\/wp\/v2\/types\/product"}],"replies":[{"embeddable":true,"href":"https:\/\/mountlaser.com\/de\/wp-json\/wp\/v2\/comments?post=5325"}],"wp:featuredmedia":[{"embeddable":true,"href":"https:\/\/mountlaser.com\/de\/wp-json\/wp\/v2\/media\/5326"}],"wp:attachment":[{"href":"https:\/\/mountlaser.com\/de\/wp-json\/wp\/v2\/media?parent=5325"}],"wp:term":[{"taxonomy":"product_brand","embeddable":true,"href":"https:\/\/mountlaser.com\/de\/wp-json\/wp\/v2\/product_brand?post=5325"},{"taxonomy":"product_cat","embeddable":true,"href":"https:\/\/mountlaser.com\/de\/wp-json\/wp\/v2\/product_cat?post=5325"},{"taxonomy":"product_tag","embeddable":true,"href":"https:\/\/mountlaser.com\/de\/wp-json\/wp\/v2\/product_tag?post=5325"}],"curies":[{"name":"wp","href":"https:\/\/api.w.org\/{rel}","templated":true}]}}