{"id":5288,"date":"2025-12-04T01:51:53","date_gmt":"2025-12-04T01:51:53","guid":{"rendered":"https:\/\/mountlaser.com\/?post_type=product&#038;p=5288"},"modified":"2025-12-04T01:51:53","modified_gmt":"2025-12-04T01:51:53","slug":"rl01-rod-level","status":"publish","type":"product","link":"https:\/\/mountlaser.com\/de\/produkt\/rl01-rod-level\/","title":{"rendered":"RL01 Stangenwasserwaage"},"content":{"rendered":"<p>Der <a href=\"https:\/\/mountlaser.com\/de\/\"><strong>Stangenwasserwaage<\/strong><\/a> Das Nivellierger\u00e4t ist ein unverzichtbares Ausrichtungsinstrument, das Vermessern pr\u00e4zise vertikale Messungen mit Nivellierlatten und Messlatten erm\u00f6glicht. Es ist auf Zuverl\u00e4ssigkeit und Benutzerfreundlichkeit ausgelegt und gew\u00e4hrleistet die korrekte Positionierung der Latten in unterschiedlichsten Einsatzumgebungen. Unser Sortiment umfasst verschiedene Materialien und Befestigungsarten \u2013 wie z. B. Schnapp- und Gurtbefestigungen \u2013 sodass Fachleute die optimale L\u00f6sung ausw\u00e4hlen k\u00f6nnen. <a href=\"https:\/\/mountlaser.com\/de\/produkt-kategorie\/surveying-pole-rod\/\"><strong>Verstellbare Messlatte<\/strong><\/a> f\u00fcr ihren Arbeitsablauf.<\/p>\n<p>Ausgestattet mit pr\u00e4zisen 40-Fu\u00df-\/2-mm-Libellen liefert jede Messlatte eine schnelle visuelle R\u00fcckmeldung f\u00fcr eine zuverl\u00e4ssige Ausrichtung. Zur Auswahl stehen leichte Kunststoffgeh\u00e4use wie beim RL01, robuste Aluminiumrahmen bei den Modellen RL02 und RL03 sowie vielseitige, gurtmontierte Ausf\u00fchrungen wie beim RL04 und PA40. Als verstellbare Messlatte eignet sie sich f\u00fcr verschiedene Messlattentypen und gew\u00e4hrleistet so Kompatibilit\u00e4t und gleichbleibende Leistung auch unter anspruchsvollen Vermessungsbedingungen.<\/p>\n<p>Ob f\u00fcr Bauabsteckung, Landvermessung oder topografische Messungen \u2013 das Nivellierger\u00e4t steigert die Effizienz durch verbesserte Stabstabilit\u00e4t und pr\u00e4zise Referenzablesungen. Vermesser verlassen sich auf das Nivellierger\u00e4t. <a href=\"https:\/\/mountlaser.com\/de\/contact-us\/\">Stangenwasserwaage<\/a> um Fehler zu reduzieren, einen konsistenten Arbeitsablauf aufrechtzuerhalten und eine verl\u00e4ssliche vertikale Ausrichtung in jedem Projekt sicherzustellen.<\/p>\n<div>\n<table style=\"border-collapse: collapse; width: 710.27pt;\" border=\"0\" width=\"947\" cellspacing=\"0\" cellpadding=\"0\">\n<tbody>\n<tr style=\"height: 14.25pt;\">\n<td class=\"et2\" style=\"height: 14.25pt; width: 99.75pt;\" width=\"133\" height=\"19\">NUMMER<\/td>\n<td class=\"et3\" style=\"width: 75.75pt;\" width=\"101\">MATERIAL<\/td>\n<td class=\"et4\" style=\"width: 108.75pt;\" width=\"145\">BUBBLE FLASCHE<\/td>\n<td class=\"et4\" style=\"width: 144.00pt;\" width=\"192\">REPARATURVERFAHREN<\/td>\n<td class=\"et4\" style=\"width: 114.00pt;\" width=\"152\">FARBE<\/td>\n<td class=\"et5\" style=\"width: 168.00pt;\" width=\"224\">BILD<\/td>\n<\/tr>\n<tr style=\"height: 14.25pt;\">\n<td class=\"et6\" style=\"height: 14.25pt;\" height=\"19\">RL01<\/td>\n<td class=\"et6\">Plastik<\/td>\n<td class=\"et6\">40&#039;\/ 2mm<\/td>\n<td class=\"et6\">\u2014<\/td>\n<td class=\"et6\">Orange<\/td>\n<td class=\"et7\"><img fetchpriority=\"high\" decoding=\"async\" class=\"alignnone wp-image-5290\" src=\"https:\/\/mountlaser.com\/wp-content\/uploads\/2025\/12\/RL012.webp\" alt=\"Rod Level\" width=\"500\" height=\"500\" srcset=\"https:\/\/mountlaser.com\/wp-content\/uploads\/2025\/12\/RL012.webp 1200w, https:\/\/mountlaser.com\/wp-content\/uploads\/2025\/12\/RL012-300x300.webp 300w, https:\/\/mountlaser.com\/wp-content\/uploads\/2025\/12\/RL012-1024x1024.webp 1024w, https:\/\/mountlaser.com\/wp-content\/uploads\/2025\/12\/RL012-150x150.webp 150w, https:\/\/mountlaser.com\/wp-content\/uploads\/2025\/12\/RL012-768x768.webp 768w, https:\/\/mountlaser.com\/wp-content\/uploads\/2025\/12\/RL012-12x12.webp 12w, https:\/\/mountlaser.com\/wp-content\/uploads\/2025\/12\/RL012-600x600.webp 600w, https:\/\/mountlaser.com\/wp-content\/uploads\/2025\/12\/RL012-800x800.webp 800w, https:\/\/mountlaser.com\/wp-content\/uploads\/2025\/12\/RL012-400x400.webp 400w\" sizes=\"(max-width: 500px) 100vw, 500px\" \/><\/td>\n<\/tr>\n<tr style=\"height: 14.25pt;\">\n<td class=\"et6\" style=\"height: 14.25pt;\" height=\"19\">RL02<\/td>\n<td class=\"et6\">Aluminium<\/td>\n<td class=\"et6\">40&#039;\/ 2mm<\/td>\n<td class=\"et6\">\u2014<\/td>\n<td class=\"et6\">ROT\/Schwarz<\/td>\n<td class=\"et7\"><img decoding=\"async\" class=\"alignnone wp-image-5297\" src=\"https:\/\/mountlaser.com\/wp-content\/uploads\/2025\/12\/RL024.webp\" alt=\"Rod Level\" width=\"500\" height=\"500\" srcset=\"https:\/\/mountlaser.com\/wp-content\/uploads\/2025\/12\/RL024.webp 1200w, https:\/\/mountlaser.com\/wp-content\/uploads\/2025\/12\/RL024-300x300.webp 300w, https:\/\/mountlaser.com\/wp-content\/uploads\/2025\/12\/RL024-1024x1024.webp 1024w, https:\/\/mountlaser.com\/wp-content\/uploads\/2025\/12\/RL024-150x150.webp 150w, https:\/\/mountlaser.com\/wp-content\/uploads\/2025\/12\/RL024-768x768.webp 768w, https:\/\/mountlaser.com\/wp-content\/uploads\/2025\/12\/RL024-12x12.webp 12w, https:\/\/mountlaser.com\/wp-content\/uploads\/2025\/12\/RL024-600x600.webp 600w, https:\/\/mountlaser.com\/wp-content\/uploads\/2025\/12\/RL024-800x800.webp 800w, https:\/\/mountlaser.com\/wp-content\/uploads\/2025\/12\/RL024-400x400.webp 400w\" sizes=\"(max-width: 500px) 100vw, 500px\" \/><\/td>\n<\/tr>\n<tr style=\"height: 14.25pt;\">\n<td class=\"et6\" style=\"height: 14.25pt;\" height=\"19\">RL03<\/td>\n<td class=\"et6\">Aluminium<\/td>\n<td class=\"et6\">40&#039;\/ 2mm<\/td>\n<td class=\"et6\">Snap-on<\/td>\n<td class=\"et6\">Schwarz<\/td>\n<td class=\"et7\"><img decoding=\"async\" class=\"alignnone wp-image-5303\" src=\"https:\/\/mountlaser.com\/wp-content\/uploads\/2025\/12\/RL034.webp\" alt=\"Rod Level\" width=\"500\" height=\"500\" srcset=\"https:\/\/mountlaser.com\/wp-content\/uploads\/2025\/12\/RL034.webp 1200w, https:\/\/mountlaser.com\/wp-content\/uploads\/2025\/12\/RL034-300x300.webp 300w, https:\/\/mountlaser.com\/wp-content\/uploads\/2025\/12\/RL034-1024x1024.webp 1024w, https:\/\/mountlaser.com\/wp-content\/uploads\/2025\/12\/RL034-150x150.webp 150w, https:\/\/mountlaser.com\/wp-content\/uploads\/2025\/12\/RL034-768x768.webp 768w, https:\/\/mountlaser.com\/wp-content\/uploads\/2025\/12\/RL034-12x12.webp 12w, https:\/\/mountlaser.com\/wp-content\/uploads\/2025\/12\/RL034-600x600.webp 600w, https:\/\/mountlaser.com\/wp-content\/uploads\/2025\/12\/RL034-800x800.webp 800w, https:\/\/mountlaser.com\/wp-content\/uploads\/2025\/12\/RL034-400x400.webp 400w\" sizes=\"(max-width: 500px) 100vw, 500px\" \/><\/td>\n<\/tr>\n<tr style=\"height: 14.25pt;\">\n<td class=\"et6\" style=\"height: 14.25pt;\" height=\"19\">RL04<\/td>\n<td class=\"et6\">Aluminium<\/td>\n<td class=\"et6\">40&#039;\/ 2mm<\/td>\n<td class=\"et6\">Gurt<\/td>\n<td class=\"et6\">ROT\/Schwarz<\/td>\n<td class=\"et7\"><img loading=\"lazy\" decoding=\"async\" class=\"alignnone wp-image-5310\" src=\"https:\/\/mountlaser.com\/wp-content\/uploads\/2025\/12\/RL046.webp\" alt=\"Rod Level\" width=\"500\" height=\"500\" srcset=\"https:\/\/mountlaser.com\/wp-content\/uploads\/2025\/12\/RL046.webp 1200w, https:\/\/mountlaser.com\/wp-content\/uploads\/2025\/12\/RL046-300x300.webp 300w, https:\/\/mountlaser.com\/wp-content\/uploads\/2025\/12\/RL046-1024x1024.webp 1024w, https:\/\/mountlaser.com\/wp-content\/uploads\/2025\/12\/RL046-150x150.webp 150w, https:\/\/mountlaser.com\/wp-content\/uploads\/2025\/12\/RL046-768x768.webp 768w, https:\/\/mountlaser.com\/wp-content\/uploads\/2025\/12\/RL046-12x12.webp 12w, https:\/\/mountlaser.com\/wp-content\/uploads\/2025\/12\/RL046-600x600.webp 600w, https:\/\/mountlaser.com\/wp-content\/uploads\/2025\/12\/RL046-800x800.webp 800w, https:\/\/mountlaser.com\/wp-content\/uploads\/2025\/12\/RL046-400x400.webp 400w\" sizes=\"(max-width: 500px) 100vw, 500px\" \/><\/td>\n<\/tr>\n<tr style=\"height: 14.25pt;\">\n<td class=\"et6\" style=\"height: 14.25pt;\" height=\"19\">PA40<\/td>\n<td class=\"et6\">Aluminium<\/td>\n<td class=\"et6\">40&#039;\/ 2mm<\/td>\n<td class=\"et6\">Gurt<\/td>\n<td class=\"et6\">Gelb<\/td>\n<td class=\"et7\"><img loading=\"lazy\" decoding=\"async\" class=\"alignnone wp-image-5317\" src=\"https:\/\/mountlaser.com\/wp-content\/uploads\/2025\/12\/PA406.webp\" alt=\"Rod Level\" width=\"500\" height=\"500\" srcset=\"https:\/\/mountlaser.com\/wp-content\/uploads\/2025\/12\/PA406.webp 1200w, https:\/\/mountlaser.com\/wp-content\/uploads\/2025\/12\/PA406-300x300.webp 300w, https:\/\/mountlaser.com\/wp-content\/uploads\/2025\/12\/PA406-1024x1024.webp 1024w, https:\/\/mountlaser.com\/wp-content\/uploads\/2025\/12\/PA406-150x150.webp 150w, https:\/\/mountlaser.com\/wp-content\/uploads\/2025\/12\/PA406-768x768.webp 768w, https:\/\/mountlaser.com\/wp-content\/uploads\/2025\/12\/PA406-12x12.webp 12w, https:\/\/mountlaser.com\/wp-content\/uploads\/2025\/12\/PA406-600x600.webp 600w, https:\/\/mountlaser.com\/wp-content\/uploads\/2025\/12\/PA406-800x800.webp 800w, https:\/\/mountlaser.com\/wp-content\/uploads\/2025\/12\/PA406-400x400.webp 400w\" sizes=\"(max-width: 500px) 100vw, 500px\" \/><\/td>\n<\/tr>\n<\/tbody>\n<\/table>\n<\/div>","protected":false},"excerpt":{"rendered":"<ul>\n<li>Gew\u00e4hrleistet eine pr\u00e4zise vertikale Ausrichtung f\u00fcr alle g\u00e4ngigen Vermessungslatten.<\/li>\n<li>Ausgestattet mit einer 40&#039;\/2mm Libelle f\u00fcr schnelles und genaues Nivellieren.<\/li>\n<li>Erh\u00e4ltlich in Kunststoff- oder Aluminiumgeh\u00e4usen, um unterschiedlichen Anforderungen an die Haltbarkeit gerecht zu werden.<\/li>\n<li>Mehrere Befestigungsmethoden \u2013 Schnappverschluss oder Gurt \u2013 bieten flexible Installationsm\u00f6glichkeiten.<\/li>\n<li>Dient als verstellbare Nivellierlatte f\u00fcr verschiedene Stangendurchmesser und Feldanwendungen.<\/li>\n<\/ul>","protected":false},"featured_media":5294,"comment_status":"open","ping_status":"closed","template":"","meta":[],"product_brand":[],"product_cat":[89,150],"product_tag":[],"class_list":{"0":"post-5288","1":"product","2":"type-product","3":"status-publish","4":"has-post-thumbnail","6":"product_cat-surveying-pole-rod","7":"product_cat-pole-accessory","9":"first","10":"instock","11":"shipping-taxable","12":"product-type-simple"},"_links":{"self":[{"href":"https:\/\/mountlaser.com\/de\/wp-json\/wp\/v2\/product\/5288","targetHints":{"allow":["GET"]}}],"collection":[{"href":"https:\/\/mountlaser.com\/de\/wp-json\/wp\/v2\/product"}],"about":[{"href":"https:\/\/mountlaser.com\/de\/wp-json\/wp\/v2\/types\/product"}],"replies":[{"embeddable":true,"href":"https:\/\/mountlaser.com\/de\/wp-json\/wp\/v2\/comments?post=5288"}],"wp:featuredmedia":[{"embeddable":true,"href":"https:\/\/mountlaser.com\/de\/wp-json\/wp\/v2\/media\/5294"}],"wp:attachment":[{"href":"https:\/\/mountlaser.com\/de\/wp-json\/wp\/v2\/media?parent=5288"}],"wp:term":[{"taxonomy":"product_brand","embeddable":true,"href":"https:\/\/mountlaser.com\/de\/wp-json\/wp\/v2\/product_brand?post=5288"},{"taxonomy":"product_cat","embeddable":true,"href":"https:\/\/mountlaser.com\/de\/wp-json\/wp\/v2\/product_cat?post=5288"},{"taxonomy":"product_tag","embeddable":true,"href":"https:\/\/mountlaser.com\/de\/wp-json\/wp\/v2\/product_tag?post=5288"}],"curies":[{"name":"wp","href":"https:\/\/api.w.org\/{rel}","templated":true}]}}