{"id":5287,"date":"2025-12-04T01:37:53","date_gmt":"2025-12-04T01:37:53","guid":{"rendered":"https:\/\/mountlaser.com\/?post_type=product&#038;p=5287"},"modified":"2025-12-04T01:54:26","modified_gmt":"2025-12-04T01:54:26","slug":"bbp-bubble-and-holder","status":"publish","type":"product","link":"https:\/\/mountlaser.com\/de\/produkt\/bbp-bubble-and-holder\/","title":{"rendered":"BBP Bubble und Halter"},"content":{"rendered":"<p>Der <a href=\"https:\/\/mountlaser.com\/de\/produkt-kategorie\/surveying-pole-rod\/\"><strong>Seifenblasenhalter f\u00fcr Stange<\/strong><\/a> Diese pr\u00e4zisionsgefertigte Halterung erm\u00f6glicht die genaue Nivellierung von Vermessungsstangen unterschiedlicher Durchmesser. Erh\u00e4ltlich in den schwarzen Ausf\u00fchrungen BBP25\/30\/32\/36 und den silbernen Ausf\u00fchrungen SBP32\/38, gew\u00e4hrleistet sie sicheren Halt und zuverl\u00e4ssige Leistung auch unter anspruchsvollen Bedingungen im Gel\u00e4nde. Ob an Prismenstangen oder GPS-Vermessungsstangen \u2013 die Libellenhalterung bietet gleichbleibende Zuverl\u00e4ssigkeit und ist mit einer Vielzahl von Libellen kompatibel. Dank ihrer robusten Konstruktion und des ergonomischen Designs l\u00e4sst sie sich einfach montieren und erm\u00f6glicht Vermessern eine schnelle Justierung und \u00dcberpr\u00fcfung der vertikalen Ausrichtung.<\/p>\n<figure id=\"attachment_5279\" aria-describedby=\"caption-attachment-5279\" style=\"width: 500px\" class=\"wp-caption aligncenter\"><img fetchpriority=\"high\" decoding=\"async\" class=\"wp-image-5279\" src=\"https:\/\/mountlaser.com\/wp-content\/uploads\/2025\/12\/BBP3.webp\" alt=\"Bubble Holder for pole\" width=\"500\" height=\"500\" srcset=\"https:\/\/mountlaser.com\/wp-content\/uploads\/2025\/12\/BBP3.webp 1000w, https:\/\/mountlaser.com\/wp-content\/uploads\/2025\/12\/BBP3-300x300.webp 300w, https:\/\/mountlaser.com\/wp-content\/uploads\/2025\/12\/BBP3-150x150.webp 150w, https:\/\/mountlaser.com\/wp-content\/uploads\/2025\/12\/BBP3-768x768.webp 768w, https:\/\/mountlaser.com\/wp-content\/uploads\/2025\/12\/BBP3-12x12.webp 12w, https:\/\/mountlaser.com\/wp-content\/uploads\/2025\/12\/BBP3-600x600.webp 600w, https:\/\/mountlaser.com\/wp-content\/uploads\/2025\/12\/BBP3-800x800.webp 800w, https:\/\/mountlaser.com\/wp-content\/uploads\/2025\/12\/BBP3-400x400.webp 400w\" sizes=\"(max-width: 500px) 100vw, 500px\" \/><figcaption id=\"caption-attachment-5279\" class=\"wp-caption-text\">BBP25\/30\/32\/36<\/figcaption><\/figure>\n<figure id=\"attachment_5319\" aria-describedby=\"caption-attachment-5319\" style=\"width: 500px\" class=\"wp-caption aligncenter\"><img decoding=\"async\" class=\"wp-image-5319\" src=\"https:\/\/mountlaser.com\/wp-content\/uploads\/2025\/12\/SBP1.webp\" alt=\"Bubble Holder for pole\" width=\"500\" height=\"500\" srcset=\"https:\/\/mountlaser.com\/wp-content\/uploads\/2025\/12\/SBP1.webp 1200w, https:\/\/mountlaser.com\/wp-content\/uploads\/2025\/12\/SBP1-300x300.webp 300w, https:\/\/mountlaser.com\/wp-content\/uploads\/2025\/12\/SBP1-1024x1024.webp 1024w, https:\/\/mountlaser.com\/wp-content\/uploads\/2025\/12\/SBP1-150x150.webp 150w, https:\/\/mountlaser.com\/wp-content\/uploads\/2025\/12\/SBP1-768x768.webp 768w, https:\/\/mountlaser.com\/wp-content\/uploads\/2025\/12\/SBP1-12x12.webp 12w, https:\/\/mountlaser.com\/wp-content\/uploads\/2025\/12\/SBP1-600x600.webp 600w, https:\/\/mountlaser.com\/wp-content\/uploads\/2025\/12\/SBP1-800x800.webp 800w, https:\/\/mountlaser.com\/wp-content\/uploads\/2025\/12\/SBP1-400x400.webp 400w\" sizes=\"(max-width: 500px) 100vw, 500px\" \/><figcaption id=\"caption-attachment-5319\" class=\"wp-caption-text\">SBP32\/38<\/figcaption><\/figure>\n<p>Dank verbesserter Sichtbarkeit und dauerhafter Genauigkeit ist die Libellenhalterung f\u00fcr Messlatten ein unverzichtbares Werkzeug f\u00fcr Profis, die auf pr\u00e4zise Messungen angewiesen sind, insbesondere in Kombination mit hochwertigen Messger\u00e4ten.<a href=\"https:\/\/mountlaser.com\/de\/about-us\/\"><strong> Blase f\u00fcr Stange<\/strong><\/a> Komponenten und Zubeh\u00f6r.<\/p>","protected":false},"excerpt":{"rendered":"<ul>\n<li>Erm\u00f6glicht eine schnelle und pr\u00e4zise vertikale Ausrichtung von Vermessungsmasten.<\/li>\n<li>Kompatibel mit verschiedenen Mastdurchmessern (25\/30\/32\/36 mm und 32\/38 mm)<\/li>\n<li>H\u00e4lt die Blase f\u00fcr die Polampuli fest an ihrem Platz<\/li>\n<li>Verbessert die Messgenauigkeit im Bauwesen, bei der Kartierung und der Landvermessung<\/li>\n<li>Entwickelt f\u00fcr Langlebigkeit und den Einsatz unter Feldbedingungen<\/li>\n<\/ul>","protected":false},"featured_media":5277,"comment_status":"open","ping_status":"closed","template":"","meta":[],"product_brand":[],"product_cat":[89,150],"product_tag":[],"class_list":{"0":"post-5287","1":"product","2":"type-product","3":"status-publish","4":"has-post-thumbnail","6":"product_cat-surveying-pole-rod","7":"product_cat-pole-accessory","9":"first","10":"instock","11":"shipping-taxable","12":"product-type-simple"},"_links":{"self":[{"href":"https:\/\/mountlaser.com\/de\/wp-json\/wp\/v2\/product\/5287","targetHints":{"allow":["GET"]}}],"collection":[{"href":"https:\/\/mountlaser.com\/de\/wp-json\/wp\/v2\/product"}],"about":[{"href":"https:\/\/mountlaser.com\/de\/wp-json\/wp\/v2\/types\/product"}],"replies":[{"embeddable":true,"href":"https:\/\/mountlaser.com\/de\/wp-json\/wp\/v2\/comments?post=5287"}],"wp:featuredmedia":[{"embeddable":true,"href":"https:\/\/mountlaser.com\/de\/wp-json\/wp\/v2\/media\/5277"}],"wp:attachment":[{"href":"https:\/\/mountlaser.com\/de\/wp-json\/wp\/v2\/media?parent=5287"}],"wp:term":[{"taxonomy":"product_brand","embeddable":true,"href":"https:\/\/mountlaser.com\/de\/wp-json\/wp\/v2\/product_brand?post=5287"},{"taxonomy":"product_cat","embeddable":true,"href":"https:\/\/mountlaser.com\/de\/wp-json\/wp\/v2\/product_cat?post=5287"},{"taxonomy":"product_tag","embeddable":true,"href":"https:\/\/mountlaser.com\/de\/wp-json\/wp\/v2\/product_tag?post=5287"}],"curies":[{"name":"wp","href":"https:\/\/api.w.org\/{rel}","templated":true}]}}