{"id":5286,"date":"2025-12-03T09:14:35","date_gmt":"2025-12-03T09:14:35","guid":{"rendered":"https:\/\/mountlaser.com\/?post_type=product&#038;p=5286"},"modified":"2025-12-03T09:17:43","modified_gmt":"2025-12-03T09:17:43","slug":"bl09-pole-bubble-vial","status":"publish","type":"product","link":"https:\/\/mountlaser.com\/de\/produkt\/bl09-pole-bubble-vial\/","title":{"rendered":"BL09 Polblasenfl\u00e4schchen"},"content":{"rendered":"<p>Der <a href=\"https:\/\/mountlaser.com\/de\/\"><strong>BL09 Polblasenfl\u00e4schchen<\/strong><\/a> Die BL09-Libelle ist ein pr\u00e4zisionsgefertigtes Ausrichtungszubeh\u00f6r f\u00fcr Prismen- und GPS-Stangen, das stabile und genaue Feldmessungen gew\u00e4hrleistet. Dank der Verwendung einer hochtransparenten Fl\u00fcssigkeit und des robusten Geh\u00e4uses erm\u00f6glicht sie eine schnelle visuelle Nivellierung und ist somit ideal f\u00fcr anspruchsvolle Vermessungsanwendungen.<\/p>\n<p>Dieses zuverl\u00e4ssige <a href=\"https:\/\/mountlaser.com\/de\/products\/\"><strong>Blasenfl\u00e4schchen-Baugruppe<\/strong><\/a> Es ist einfach zu installieren, sto\u00dffest und beh\u00e4lt seine Genauigkeit auch unter rauen Au\u00dfenbedingungen bei. Ob als Ersatzteil oder zur Aufr\u00fcstung verwendet, das <!--StartFragment --><span class=\"cf0\">Blasenfl\u00e4schchen-Baugruppe<\/span><!--EndFragment --> garantiert gleichbleibende Leistung und langfristige Haltbarkeit.<\/p>\n<p>Dank ihrer kompakten Bauweise und universellen Kompatibilit\u00e4t steigert die Libellenbaugruppe die Messeffizienz und verk\u00fcrzt die R\u00fcstzeiten. Vermesser k\u00f6nnen sich auf die BL09-Stangenlibelle verlassen, um eine pr\u00e4zise Vertikalit\u00e4t zu gew\u00e4hrleisten, w\u00e4hrend die Libellenbaugruppe an jedem Einsatzort f\u00fcr sicheren Halt sorgt.<\/p>\n<p><img fetchpriority=\"high\" decoding=\"async\" class=\"aligncenter wp-image-5273\" src=\"https:\/\/mountlaser.com\/wp-content\/uploads\/2025\/12\/BL093.webp\" alt=\"BL09 Pole Bubble Vial\" width=\"500\" height=\"500\" srcset=\"https:\/\/mountlaser.com\/wp-content\/uploads\/2025\/12\/BL093.webp 1000w, https:\/\/mountlaser.com\/wp-content\/uploads\/2025\/12\/BL093-300x300.webp 300w, https:\/\/mountlaser.com\/wp-content\/uploads\/2025\/12\/BL093-150x150.webp 150w, https:\/\/mountlaser.com\/wp-content\/uploads\/2025\/12\/BL093-768x768.webp 768w, https:\/\/mountlaser.com\/wp-content\/uploads\/2025\/12\/BL093-12x12.webp 12w, https:\/\/mountlaser.com\/wp-content\/uploads\/2025\/12\/BL093-600x600.webp 600w, https:\/\/mountlaser.com\/wp-content\/uploads\/2025\/12\/BL093-800x800.webp 800w, https:\/\/mountlaser.com\/wp-content\/uploads\/2025\/12\/BL093-400x400.webp 400w\" sizes=\"(max-width: 500px) 100vw, 500px\" \/><\/p>\n<p>Dank seiner kompakten Bauweise und universellen Kompatibilit\u00e4t ist der <a href=\"https:\/\/mountlaser.com\/de\/contact-us\/\">Blasenfl\u00e4schchen-Baugruppe<\/a> Verbessert die Messeffizienz und verk\u00fcrzt die R\u00fcstzeiten. Vermesser k\u00f6nnen sich auf die BL09-Libelle verlassen, um pr\u00e4zise Vertikalit\u00e4t zu gew\u00e4hrleisten, w\u00e4hrend die Libellenbaugruppe an jeder Baustelle f\u00fcr sicheren Halt sorgt.<\/p>","protected":false},"excerpt":{"rendered":"<ul>\n<li>Gew\u00e4hrleistet die genaue Nivellierung von Prismenstangen und GPS-Stangen.<\/li>\n<li>Erm\u00f6glicht eine schnelle Sichtbarkeit der Blase f\u00fcr einen effizienten Feldaufbau<\/li>\n<li>Die robuste Konstruktion gew\u00e4hrleistet die Genauigkeit auch im Au\u00dfenbereich.<\/li>\n<li>Einfache Installation und stabiler Halt<\/li>\n<\/ul>","protected":false},"featured_media":5271,"comment_status":"open","ping_status":"closed","template":"","meta":[],"product_brand":[],"product_cat":[89,150],"product_tag":[],"class_list":{"0":"post-5286","1":"product","2":"type-product","3":"status-publish","4":"has-post-thumbnail","6":"product_cat-surveying-pole-rod","7":"product_cat-pole-accessory","9":"first","10":"instock","11":"shipping-taxable","12":"product-type-simple"},"_links":{"self":[{"href":"https:\/\/mountlaser.com\/de\/wp-json\/wp\/v2\/product\/5286","targetHints":{"allow":["GET"]}}],"collection":[{"href":"https:\/\/mountlaser.com\/de\/wp-json\/wp\/v2\/product"}],"about":[{"href":"https:\/\/mountlaser.com\/de\/wp-json\/wp\/v2\/types\/product"}],"replies":[{"embeddable":true,"href":"https:\/\/mountlaser.com\/de\/wp-json\/wp\/v2\/comments?post=5286"}],"wp:featuredmedia":[{"embeddable":true,"href":"https:\/\/mountlaser.com\/de\/wp-json\/wp\/v2\/media\/5271"}],"wp:attachment":[{"href":"https:\/\/mountlaser.com\/de\/wp-json\/wp\/v2\/media?parent=5286"}],"wp:term":[{"taxonomy":"product_brand","embeddable":true,"href":"https:\/\/mountlaser.com\/de\/wp-json\/wp\/v2\/product_brand?post=5286"},{"taxonomy":"product_cat","embeddable":true,"href":"https:\/\/mountlaser.com\/de\/wp-json\/wp\/v2\/product_cat?post=5286"},{"taxonomy":"product_tag","embeddable":true,"href":"https:\/\/mountlaser.com\/de\/wp-json\/wp\/v2\/product_tag?post=5286"}],"curies":[{"name":"wp","href":"https:\/\/api.w.org\/{rel}","templated":true}]}}