{"id":5269,"date":"2025-12-03T08:48:43","date_gmt":"2025-12-03T08:48:43","guid":{"rendered":"https:\/\/mountlaser.com\/?post_type=product&#038;p=5269"},"modified":"2025-12-03T08:48:43","modified_gmt":"2025-12-03T08:48:43","slug":"pin-pole","status":"publish","type":"product","link":"https:\/\/mountlaser.com\/de\/produkt\/pin-pole\/","title":{"rendered":"Stiftstange"},"content":{"rendered":"<p>Der <a href=\"https:\/\/mountlaser.com\/de\/\"><strong>Pin-Pfosten mit Rot und Wei\u00df<\/strong><\/a> Diese kompakte und zuverl\u00e4ssige Vermessungsstange wurde f\u00fcr pr\u00e4zise Feldmessungen entwickelt, insbesondere dort, wo Mobilit\u00e4t und schneller Einsatz unerl\u00e4sslich sind. Die bew\u00e4hrte 1,5-m-Stange bietet dank ihrer kontrastreichen rot-wei\u00dfen Lackierung hervorragende Sichtbarkeit und gew\u00e4hrleistet so genaues Anvisieren und Ausrichten bei Vermessungsarbeiten.<\/p>\n<p>Entwickelt f\u00fcr Vielseitigkeit, <a href=\"https:\/\/mountlaser.com\/de\/about-us\/\"><strong>1,5 m langer Stiftmast<\/strong><\/a> Es verf\u00fcgt \u00fcber eine abnehmbare Spitze und abnehmbare Segmente, wodurch es f\u00fcr Vermesser leicht zu transportieren und in Sekundenschnelle zusammenzubauen ist. Ob in Stahl, Edelstahl oder Aluminium \u2013 jedes Modell bietet Langlebigkeit und Stabilit\u00e4t, die f\u00fcr professionelle Vermessungsarbeiten geeignet sind.<\/p>\n<p>Die 1,5 m lange Messlatte ist in verschiedenen Ausf\u00fchrungen erh\u00e4ltlich \u2013 darunter Stahl, Edelstahl und Aluminium \u2013 und gew\u00e4hrleistet so die Kompatibilit\u00e4t mit g\u00e4ngigem Vermessungszubeh\u00f6r \u00fcber M6- oder 1\/4\u2033-20-Gewinde. Ihr geringes Gewicht und die segmentierte Bauweise machen sie besonders geeignet. <a href=\"https:\/\/mountlaser.com\/de\/contact-us\/\">Pin-Pfosten mit Rot und Wei\u00df<\/a> Ideal f\u00fcr GNSS-Messungen, Prismenaufbauten und Punktmarkierungen auf Baustellen.<\/p>\n<div>\n<table style=\"border-collapse: collapse; width: 604.52pt;\" border=\"0\" width=\"806\" cellspacing=\"0\" cellpadding=\"0\">\n<tbody>\n<tr style=\"height: 14.25pt;\">\n<td class=\"et2\" style=\"height: 14.25pt; width: 99.75pt;\" width=\"133\" height=\"19\">NUMMER<\/td>\n<td class=\"et3\" style=\"width: 75.75pt;\" width=\"101\">MATERIAL<\/td>\n<td class=\"et3\" style=\"width: 108.75pt;\" width=\"145\">DURCHMESSER<\/td>\n<td class=\"et3\" style=\"width: 144.00pt;\" width=\"192\">L\u00c4NGE<\/td>\n<td class=\"et3\" style=\"width: 176.25pt;\" width=\"235\">FADEN<\/td>\n<\/tr>\n<tr style=\"height: 14.25pt;\">\n<td class=\"et4\" style=\"height: 14.25pt;\" height=\"19\">SP 95003<\/td>\n<td class=\"et4\">Stahl<\/td>\n<td class=\"et4\">OD9mm<\/td>\n<td class=\"et4\">500 mm x 3 Abschnitte, ausziehbar auf 1,5 m<\/td>\n<td class=\"et4\">M6<\/td>\n<\/tr>\n<tr style=\"height: 14.25pt;\">\n<td class=\"et4\" style=\"height: 14.25pt;\" height=\"19\">SSP093005<\/td>\n<td class=\"et4\">Edelstahl<\/td>\n<td class=\"et4\">OD9mm<\/td>\n<td class=\"et4\">300 mm x 5 Abschnitte, ausziehbar auf 1,5 m<\/td>\n<td class=\"et4\">M6<\/td>\n<\/tr>\n<tr style=\"height: 14.25pt;\">\n<td class=\"et4\" style=\"height: 14.25pt;\" height=\"19\">AP123004<\/td>\n<td class=\"et4\">Aluminium<\/td>\n<td class=\"et4\">OD12mm<\/td>\n<td class=\"et4\">300 mm x 4 Abschnitte, ausziehbar auf 1,2 m<\/td>\n<td class=\"et4\">1\/4\u2033-20<\/td>\n<\/tr>\n<tr style=\"height: 14.25pt;\">\n<td class=\"et4\" style=\"height: 14.25pt;\" height=\"19\">AP123005<\/td>\n<td class=\"et4\">Aluminium<\/td>\n<td class=\"et4\">OD12mm<\/td>\n<td class=\"et4\">300 mm x 5 Abschnitte, ausziehbar auf 1,5 m<\/td>\n<td class=\"et4\">1\/4\u2033-20<\/td>\n<\/tr>\n<\/tbody>\n<\/table>\n<p><img fetchpriority=\"high\" decoding=\"async\" class=\"aligncenter wp-image-5262\" src=\"https:\/\/mountlaser.com\/wp-content\/uploads\/2025\/12\/Pin-Pole1.webp\" alt=\"1.5m pin pole\" width=\"500\" height=\"500\" srcset=\"https:\/\/mountlaser.com\/wp-content\/uploads\/2025\/12\/Pin-Pole1.webp 1000w, https:\/\/mountlaser.com\/wp-content\/uploads\/2025\/12\/Pin-Pole1-300x300.webp 300w, https:\/\/mountlaser.com\/wp-content\/uploads\/2025\/12\/Pin-Pole1-150x150.webp 150w, https:\/\/mountlaser.com\/wp-content\/uploads\/2025\/12\/Pin-Pole1-768x768.webp 768w, https:\/\/mountlaser.com\/wp-content\/uploads\/2025\/12\/Pin-Pole1-12x12.webp 12w, https:\/\/mountlaser.com\/wp-content\/uploads\/2025\/12\/Pin-Pole1-600x600.webp 600w, https:\/\/mountlaser.com\/wp-content\/uploads\/2025\/12\/Pin-Pole1-800x800.webp 800w, https:\/\/mountlaser.com\/wp-content\/uploads\/2025\/12\/Pin-Pole1-400x400.webp 400w\" sizes=\"(max-width: 500px) 100vw, 500px\" \/><\/p>\n<\/div>","protected":false},"excerpt":{"rendered":"<ul>\n<li>Bietet einen stabilen, gut sichtbaren Bezugspunkt f\u00fcr Vermessungsaufgaben<\/li>\n<li>Die segmentierte Bauweise erm\u00f6glicht einfaches Tragen und schnelle Montage<\/li>\n<li>Kompatibel mit GNSS-Empf\u00e4ngern, Mini-Prismen und diversen Feldzubeh\u00f6rteilen<\/li>\n<li>Die abnehmbare Spitze erh\u00f6ht die Vielseitigkeit f\u00fcr unterschiedliche Gel\u00e4ndearten.<\/li>\n<li>Robuste Konstruktion, geeignet f\u00fcr den langfristigen t\u00e4glichen Gebrauch<\/li>\n<\/ul>","protected":false},"featured_media":5263,"comment_status":"open","ping_status":"closed","template":"","meta":[],"product_brand":[],"product_cat":[89,149],"product_tag":[],"class_list":{"0":"post-5269","1":"product","2":"type-product","3":"status-publish","4":"has-post-thumbnail","6":"product_cat-surveying-pole-rod","7":"product_cat-pin-pole","9":"first","10":"instock","11":"shipping-taxable","12":"product-type-simple"},"_links":{"self":[{"href":"https:\/\/mountlaser.com\/de\/wp-json\/wp\/v2\/product\/5269","targetHints":{"allow":["GET"]}}],"collection":[{"href":"https:\/\/mountlaser.com\/de\/wp-json\/wp\/v2\/product"}],"about":[{"href":"https:\/\/mountlaser.com\/de\/wp-json\/wp\/v2\/types\/product"}],"replies":[{"embeddable":true,"href":"https:\/\/mountlaser.com\/de\/wp-json\/wp\/v2\/comments?post=5269"}],"wp:featuredmedia":[{"embeddable":true,"href":"https:\/\/mountlaser.com\/de\/wp-json\/wp\/v2\/media\/5263"}],"wp:attachment":[{"href":"https:\/\/mountlaser.com\/de\/wp-json\/wp\/v2\/media?parent=5269"}],"wp:term":[{"taxonomy":"product_brand","embeddable":true,"href":"https:\/\/mountlaser.com\/de\/wp-json\/wp\/v2\/product_brand?post=5269"},{"taxonomy":"product_cat","embeddable":true,"href":"https:\/\/mountlaser.com\/de\/wp-json\/wp\/v2\/product_cat?post=5269"},{"taxonomy":"product_tag","embeddable":true,"href":"https:\/\/mountlaser.com\/de\/wp-json\/wp\/v2\/product_tag?post=5269"}],"curies":[{"name":"wp","href":"https:\/\/api.w.org\/{rel}","templated":true}]}}