{"id":5261,"date":"2025-12-03T07:43:46","date_gmt":"2025-12-03T07:43:46","guid":{"rendered":"https:\/\/mountlaser.com\/?post_type=product&#038;p=5261"},"modified":"2025-12-03T07:43:46","modified_gmt":"2025-12-03T07:43:46","slug":"chaining-pin","status":"publish","type":"product","link":"https:\/\/mountlaser.com\/de\/produkt\/chaining-pin\/","title":{"rendered":"Kettenbolzen"},"content":{"rendered":"<p>Der Messbolzen ist ein unverzichtbares Werkzeug zur Distanzmessung und Ausrichtung und bietet Langlebigkeit und gute Sichtbarkeit f\u00fcr Vermessungsanwendungen im Gel\u00e4nde. Er ist auf Zuverl\u00e4ssigkeit ausgelegt., <a href=\"https:\/\/mountlaser.com\/de\/\"><strong>Kettenbolzen in der Vermessung<\/strong><\/a> Sie werden aus robustem Federstahl gefertigt und mit abwechselnd roten und wei\u00dfen Farben beschichtet, um in unterschiedlichem Gel\u00e4nde maximale Sichtbarkeit zu gew\u00e4hrleisten. Ob zur Markierung von Zwischenpunkten oder zur Absteckung langer Strecken \u2013 jedes einzelne <a href=\"https:\/\/mountlaser.com\/de\/produkt-kategorie\/surveying-pole-rod\/\"><strong>Kettenbolzen<\/strong><\/a> bietet gleichbleibende Leistung und einfache Platzierung.<\/p>\n<p>Die in verschiedenen Durchmessern und L\u00e4ngen erh\u00e4ltlichen Anschlagbolzen erm\u00f6glichen es Vermessungsfachleuten, die passende Gr\u00f6\u00dfe f\u00fcr ihren jeweiligen Arbeitsablauf auszuw\u00e4hlen. Die robuste Federstahlkonstruktion sorgt daf\u00fcr, dass die Bolzen auch bei wiederholtem Einschlagen in den Boden ihre Form behalten. Diese vielseitigen Anschlagbolzen eignen sich f\u00fcr topografische Vermessungen, Bauabsteckungen und allgemeine Gel\u00e4ndevermessungen.<\/p>\n<p>Durch die Kombination von St\u00e4rke, Sichtbarkeit und vielf\u00e4ltigen Gr\u00f6\u00dfenauswahlm\u00f6glichkeiten, <a href=\"https:\/\/mountlaser.com\/de\/contact-us\/\">Kettenbolzen in der Vermessung<\/a> Wir bieten zuverl\u00e4ssige Leistung f\u00fcr Vermessungsteams, die in jedem Projekt Genauigkeit und Effizienz ben\u00f6tigen.<\/p>\n<div>\n<table style=\"border-collapse: collapse; width: 284.27pt;\" border=\"0\" width=\"379\" cellspacing=\"0\" cellpadding=\"0\">\n<tbody>\n<tr style=\"height: 14.25pt;\">\n<td class=\"et2\" style=\"height: 14.25pt; width: 99.75pt;\" width=\"133\" height=\"19\">NUMMER<\/td>\n<td class=\"et3\" style=\"width: 75.75pt;\" width=\"101\">DURCHMESSER<\/td>\n<td class=\"et3\" style=\"width: 108.75pt;\" width=\"145\">L\u00c4NGE<\/td>\n<\/tr>\n<tr style=\"height: 14.25pt;\">\n<td class=\"et4\" style=\"height: 14.25pt;\" height=\"19\">CP4030<\/td>\n<td class=\"et4\">4,0 mm<\/td>\n<td class=\"et4\">30 cm<\/td>\n<\/tr>\n<tr style=\"height: 14.25pt;\">\n<td class=\"et4\" style=\"height: 14.25pt;\" height=\"19\">CP4050<\/td>\n<td class=\"et4\">4,0 mm<\/td>\n<td class=\"et4\">50 cm<\/td>\n<\/tr>\n<tr style=\"height: 14.25pt;\">\n<td class=\"et4\" style=\"height: 14.25pt;\" height=\"19\">CP6030<\/td>\n<td class=\"et4\">6,0 mm<\/td>\n<td class=\"et4\">30 cm<\/td>\n<\/tr>\n<tr style=\"height: 14.25pt;\">\n<td class=\"et4\" style=\"height: 14.25pt;\" height=\"19\">CP6050<\/td>\n<td class=\"et4\">6,0 mm<\/td>\n<td class=\"et4\">50 cm<\/td>\n<\/tr>\n<tr style=\"height: 14.25pt;\">\n<td class=\"et4\" style=\"height: 14.25pt;\" height=\"19\">CP6060<\/td>\n<td class=\"et4\">6,0 mm<\/td>\n<td class=\"et4\">60 cm<\/td>\n<\/tr>\n<tr style=\"height: 14.25pt;\">\n<td class=\"et4\" style=\"height: 14.25pt;\" height=\"19\">CP80100<\/td>\n<td class=\"et4\">8,0 mm<\/td>\n<td class=\"et4\">100 cm<\/td>\n<\/tr>\n<\/tbody>\n<\/table>\n<p><img fetchpriority=\"high\" decoding=\"async\" class=\"aligncenter wp-image-5258\" src=\"https:\/\/mountlaser.com\/wp-content\/uploads\/2025\/12\/Chaning-Pin5.webp\" alt=\"Chaining pins in surveying\" width=\"500\" height=\"500\" srcset=\"https:\/\/mountlaser.com\/wp-content\/uploads\/2025\/12\/Chaning-Pin5.webp 1000w, https:\/\/mountlaser.com\/wp-content\/uploads\/2025\/12\/Chaning-Pin5-300x300.webp 300w, https:\/\/mountlaser.com\/wp-content\/uploads\/2025\/12\/Chaning-Pin5-150x150.webp 150w, https:\/\/mountlaser.com\/wp-content\/uploads\/2025\/12\/Chaning-Pin5-768x768.webp 768w, https:\/\/mountlaser.com\/wp-content\/uploads\/2025\/12\/Chaning-Pin5-12x12.webp 12w, https:\/\/mountlaser.com\/wp-content\/uploads\/2025\/12\/Chaning-Pin5-600x600.webp 600w, https:\/\/mountlaser.com\/wp-content\/uploads\/2025\/12\/Chaning-Pin5-800x800.webp 800w, https:\/\/mountlaser.com\/wp-content\/uploads\/2025\/12\/Chaning-Pin5-400x400.webp 400w\" sizes=\"(max-width: 500px) 100vw, 500px\" \/><\/p>\n<\/div>","protected":false},"excerpt":{"rendered":"<ul>\n<li>Hohe Sichtbarkeit: Die abwechselnde rote und wei\u00dfe Beschichtung gew\u00e4hrleistet eine einfache Erkennbarkeit auch \u00fcber gro\u00dfe Entfernungen.<\/li>\n<li>Robuste Konstruktion: Hergestellt aus Federstahl f\u00fcr langfristige Belastbarkeit und Flexibilit\u00e4t.<\/li>\n<li>Verschiedene Gr\u00f6\u00dfen erh\u00e4ltlich: Durchmesser von 4 mm bis 8 mm und L\u00e4ngen von 30 cm bis 100 cm.<\/li>\n<li>Pr\u00e4zisionsmarkierung: Ideal f\u00fcr Distanzmessungen, Kettenausrichtung und die Markierung von Vermessungspunkten.<\/li>\n<\/ul>","protected":false},"featured_media":5255,"comment_status":"open","ping_status":"closed","template":"","meta":[],"product_brand":[],"product_cat":[89,148],"product_tag":[],"class_list":{"0":"post-5261","1":"product","2":"type-product","3":"status-publish","4":"has-post-thumbnail","6":"product_cat-surveying-pole-rod","7":"product_cat-chaining-pin","9":"first","10":"instock","11":"shipping-taxable","12":"product-type-simple"},"_links":{"self":[{"href":"https:\/\/mountlaser.com\/de\/wp-json\/wp\/v2\/product\/5261","targetHints":{"allow":["GET"]}}],"collection":[{"href":"https:\/\/mountlaser.com\/de\/wp-json\/wp\/v2\/product"}],"about":[{"href":"https:\/\/mountlaser.com\/de\/wp-json\/wp\/v2\/types\/product"}],"replies":[{"embeddable":true,"href":"https:\/\/mountlaser.com\/de\/wp-json\/wp\/v2\/comments?post=5261"}],"wp:featuredmedia":[{"embeddable":true,"href":"https:\/\/mountlaser.com\/de\/wp-json\/wp\/v2\/media\/5255"}],"wp:attachment":[{"href":"https:\/\/mountlaser.com\/de\/wp-json\/wp\/v2\/media?parent=5261"}],"wp:term":[{"taxonomy":"product_brand","embeddable":true,"href":"https:\/\/mountlaser.com\/de\/wp-json\/wp\/v2\/product_brand?post=5261"},{"taxonomy":"product_cat","embeddable":true,"href":"https:\/\/mountlaser.com\/de\/wp-json\/wp\/v2\/product_cat?post=5261"},{"taxonomy":"product_tag","embeddable":true,"href":"https:\/\/mountlaser.com\/de\/wp-json\/wp\/v2\/product_tag?post=5261"}],"curies":[{"name":"wp","href":"https:\/\/api.w.org\/{rel}","templated":true}]}}