{"id":5231,"date":"2025-12-03T05:58:07","date_gmt":"2025-12-03T05:58:07","guid":{"rendered":"https:\/\/mountlaser.com\/?post_type=product&#038;p=5231"},"modified":"2025-12-03T05:58:07","modified_gmt":"2025-12-03T05:58:07","slug":"rp-a-s-range-pole","status":"publish","type":"product","link":"https:\/\/mountlaser.com\/de\/produkt\/rp-a-s-range-pole\/","title":{"rendered":"RP-A\/S Range Pole"},"content":{"rendered":"<p>Der <a href=\"https:\/\/mountlaser.com\/de\/produkt-kategorie\/surveying-pole-rod\/\"><strong>RP-A\/S Range Pole<\/strong><\/a> ist ein robustes und zuverl\u00e4ssiges Vermessungsinstrument, das f\u00fcr pr\u00e4zise Punktmarkierungen und Sichtlinienausrichtung im Gel\u00e4nde entwickelt wurde. Konzipiert f\u00fcr Fachleute, die stabile und genaue Referenzpunkte ben\u00f6tigen,<a href=\"https:\/\/mountlaser.com\/de\/about-us\/\"><strong> Entfernungsmessstange<\/strong> <\/a>Die Messlatte bietet herausragende Leistung in den Bereichen Bauwesen, Vermessung, Ingenieurwesen und Topografie. Erh\u00e4ltlich in hochfestem Aluminium (RP-A22\/33\/55) oder robustem Stahl (RP-S22\/33\/55), gew\u00e4hrleistet sie auch unter rauen Umgebungsbedingungen dauerhafte Stabilit\u00e4t.<\/p>\n<p>Jede Messlatte besteht aus einem kompakten 1-Meter-Segment, sodass Anwender je nach Bedarf schnell 2-m-, 3-m- oder 5-m-Konfigurationen zusammenstellen k\u00f6nnen. Die segmentierte Konstruktion erleichtert den Transport, und die mitgelieferte Tragetasche sorgt f\u00fcr einfache Handhabung vor Ort. Dank der gut sichtbaren Farbmarkierungen und pr\u00e4zisen Segmentverbindungen ist die Messlatte leicht zu handhaben. <a href=\"https:\/\/mountlaser.com\/de\/contact-us\/\">RP-A\/S Range Pole<\/a> bietet hervorragende Sicht und zuverl\u00e4ssige vertikale Ausrichtung bei Vermessungsarbeiten.<\/p>\n<p><img fetchpriority=\"high\" decoding=\"async\" class=\"aligncenter wp-image-5233\" src=\"https:\/\/mountlaser.com\/wp-content\/uploads\/2025\/12\/RP-Range-Pole4.webp\" alt=\"ranging pole\" width=\"500\" height=\"500\" srcset=\"https:\/\/mountlaser.com\/wp-content\/uploads\/2025\/12\/RP-Range-Pole4.webp 800w, https:\/\/mountlaser.com\/wp-content\/uploads\/2025\/12\/RP-Range-Pole4-300x300.webp 300w, https:\/\/mountlaser.com\/wp-content\/uploads\/2025\/12\/RP-Range-Pole4-150x150.webp 150w, https:\/\/mountlaser.com\/wp-content\/uploads\/2025\/12\/RP-Range-Pole4-768x768.webp 768w, https:\/\/mountlaser.com\/wp-content\/uploads\/2025\/12\/RP-Range-Pole4-12x12.webp 12w, https:\/\/mountlaser.com\/wp-content\/uploads\/2025\/12\/RP-Range-Pole4-600x600.webp 600w, https:\/\/mountlaser.com\/wp-content\/uploads\/2025\/12\/RP-Range-Pole4-400x400.webp 400w\" sizes=\"(max-width: 500px) 100vw, 500px\" \/><\/p>\n<div>\n<table style=\"border-collapse: collapse; width: 395.27pt;\" border=\"0\" width=\"527\" cellspacing=\"0\" cellpadding=\"0\">\n<tbody>\n<tr style=\"height: 14.25pt;\">\n<td class=\"et2\" style=\"height: 14.25pt; width: 99.75pt;\" width=\"133\" height=\"19\">NUMMER<\/td>\n<td class=\"et3\" style=\"width: 75.75pt;\" width=\"101\">MATERIAL<\/td>\n<td class=\"et3\" style=\"width: 219.75pt;\" width=\"293\">L\u00c4NGE<\/td>\n<\/tr>\n<tr style=\"height: 14.25pt;\">\n<td class=\"et4\" style=\"height: 14.25pt;\" height=\"19\">RP-A22\/33\/55<\/td>\n<td class=\"et4\">Aluminium<\/td>\n<td class=\"et4\">1 m x 2\/3\/5 Abschnitte, erweiterbar auf 2\/3\/5 m<\/td>\n<\/tr>\n<tr style=\"height: 14.25pt;\">\n<td class=\"et4\" style=\"height: 14.25pt;\" height=\"19\">RP-S22\/33\/55<\/td>\n<td class=\"et4\">Starker Stahl<\/td>\n<td class=\"et4\">1 m x 2\/3\/5 Abschnitte, erweiterbar auf 2\/3\/5 m<\/td>\n<\/tr>\n<\/tbody>\n<\/table>\n<\/div>","protected":false},"excerpt":{"rendered":"<ul>\n<li>H\u00f6henkonfigurierbarkeit: 1-Meter-Abschnitte, die zu 2 m, 3 m oder 5 m hohen Entfernungsmessstangen zusammengesetzt werden k\u00f6nnen.<\/li>\n<li>Materialoptionen: Bei den Aluminiummodellen (RP-A22\/33\/55) steht die leichte Handhabung im Vordergrund, w\u00e4hrend bei den Stahlmodellen (RP-S22\/33\/55) die Festigkeit maximiert wird.<\/li>\n<li>Hohe Sichtbarkeit: Entwickelt f\u00fcr klare Sicht und Ausrichtung \u00fcber gro\u00dfe Entfernungen.<\/li>\n<li>Robustheit im Au\u00dfeneinsatz: Entwickelt f\u00fcr den dauerhaften Einsatz unter Au\u00dfenbedingungen mit langfristiger Stabilit\u00e4t.<\/li>\n<li>Einfacher Transport: Alle RP-A\/S Range Pole-Modelle werden mit einer Tragetasche f\u00fcr den effizienten Transport im Gel\u00e4nde geliefert.<\/li>\n<\/ul>","protected":false},"featured_media":5232,"comment_status":"open","ping_status":"closed","template":"","meta":[],"product_brand":[],"product_cat":[89],"product_tag":[],"class_list":{"0":"post-5231","1":"product","2":"type-product","3":"status-publish","4":"has-post-thumbnail","6":"product_cat-surveying-pole-rod","8":"first","9":"instock","10":"shipping-taxable","11":"product-type-simple"},"_links":{"self":[{"href":"https:\/\/mountlaser.com\/de\/wp-json\/wp\/v2\/product\/5231","targetHints":{"allow":["GET"]}}],"collection":[{"href":"https:\/\/mountlaser.com\/de\/wp-json\/wp\/v2\/product"}],"about":[{"href":"https:\/\/mountlaser.com\/de\/wp-json\/wp\/v2\/types\/product"}],"replies":[{"embeddable":true,"href":"https:\/\/mountlaser.com\/de\/wp-json\/wp\/v2\/comments?post=5231"}],"wp:featuredmedia":[{"embeddable":true,"href":"https:\/\/mountlaser.com\/de\/wp-json\/wp\/v2\/media\/5232"}],"wp:attachment":[{"href":"https:\/\/mountlaser.com\/de\/wp-json\/wp\/v2\/media?parent=5231"}],"wp:term":[{"taxonomy":"product_brand","embeddable":true,"href":"https:\/\/mountlaser.com\/de\/wp-json\/wp\/v2\/product_brand?post=5231"},{"taxonomy":"product_cat","embeddable":true,"href":"https:\/\/mountlaser.com\/de\/wp-json\/wp\/v2\/product_cat?post=5231"},{"taxonomy":"product_tag","embeddable":true,"href":"https:\/\/mountlaser.com\/de\/wp-json\/wp\/v2\/product_tag?post=5231"}],"curies":[{"name":"wp","href":"https:\/\/api.w.org\/{rel}","templated":true}]}}