{"id":5193,"date":"2025-12-03T02:46:05","date_gmt":"2025-12-03T02:46:05","guid":{"rendered":"https:\/\/mountlaser.com\/?post_type=product&#038;p=5193"},"modified":"2025-12-03T05:06:30","modified_gmt":"2025-12-03T05:06:30","slug":"gp220tlb-ac-gps-pole-twist-lock","status":"publish","type":"product","link":"https:\/\/mountlaser.com\/de\/produkt\/gp220tlb-ac-gps-pole-twist-lock\/","title":{"rendered":"GP220TLB-AC GPS-Stangendrehverriegelung"},"content":{"rendered":"<p>Wir stellen vor: <a href=\"https:\/\/mountlaser.com\/de\/produkt-kategorie\/surveying-pole-rod\/\"><strong>GP220TLB-AC GPS-Stangendrehverriegelung<\/strong><\/a>, eine professionelle Vermessungsstange, die f\u00fcr Pr\u00e4zision, Langlebigkeit und zuverl\u00e4ssige Leistung im Feld entwickelt wurde. Konzipiert als <a href=\"https:\/\/mountlaser.com\/de\/about-us\/\"><strong>2,5 m metrische Grad GPS-Rover-Stange mit fester Spitze<\/strong><\/a>, Dieses Modell gew\u00e4hrleistet pr\u00e4zise H\u00f6henmessungen und eine stabile GNSS-Datenerfassung auch unter anspruchsvollen Bedingungen. Der GPS-Stangendrehverschluss GP220TLB-AC verf\u00fcgt \u00fcber einen leichtg\u00e4ngigen und sicheren Drehverschlussmechanismus, der es Vermessern erm\u00f6glicht, die Stange schnell auf die korrekte H\u00f6he einzustellen und dabei absolute Stabilit\u00e4t w\u00e4hrend des gesamten Einsatzes zu gew\u00e4hrleisten.<\/p>\n<p>Die 2,5 m lange GPS-Rover-Stange mit fester Spitze und metrischer Skala besteht aus einer Kombination von Aluminium und kosteng\u00fcnstiger Kohlefaser und bietet ein optimales Verh\u00e4ltnis von Stabilit\u00e4t, Gewicht und Langlebigkeit. Jede Stange ist mit einer 30-Fu\u00df-Libelle und einem robusten Aluminium-Sockel mit integrierter Halterung, Kompass und Wasserwaage ausgestattet \u2013 f\u00fcr h\u00f6chste Genauigkeit bei der Ausrichtung im Gel\u00e4nde. Ein 5\/8&quot;-11-Gewinde gew\u00e4hrleistet die Kompatibilit\u00e4t mit g\u00e4ngigen GNSS-Empf\u00e4ngern und -Zubeh\u00f6r, w\u00e4hrend die mitgelieferte Tragetasche Transport und Schutz im t\u00e4glichen Gebrauch erm\u00f6glicht.<\/p>\n<p>Mit seinem zuverl\u00e4ssigen Drehverschluss, den metrischen Skalenmarkierungen und der festen Spitze ist der <a href=\"https:\/\/mountlaser.com\/de\/contact-us\/\">GP220TLB-AC GPS-Stangendrehverriegelung<\/a>\u00a0ist ein unverzichtbares Werkzeug f\u00fcr Landvermesser, Bauingenieure, GNSS-Kartierungsteams und \u00dcberwachungsexperten, die zuverl\u00e4ssige Leistung und pr\u00e4zise Ergebnisse suchen.<\/p>\n<div>\n<table style=\"border-collapse: collapse; width: 669.77pt;\" border=\"0\" width=\"893\" cellspacing=\"0\" cellpadding=\"0\">\n<tbody>\n<tr style=\"height: 14.25pt;\">\n<td class=\"et2\" style=\"height: 14.25pt; width: 99.75pt;\" width=\"133\" height=\"19\">NUMMER<\/td>\n<td class=\"et2\" style=\"width: 75.75pt;\" width=\"101\">VERL\u00c4NGERUNG<\/td>\n<td class=\"et3\" style=\"width: 46.50pt;\" width=\"62\">SPERREN<\/td>\n<td class=\"et3\" style=\"width: 49.50pt;\" width=\"66\">ABSOLVENTEN<\/td>\n<td class=\"et3\" style=\"width: 176.25pt;\" width=\"235\">ROHRMATERIAL<\/td>\n<td class=\"et3\" style=\"width: 114.00pt;\" width=\"152\">BUBBLE BASE<\/td>\n<td class=\"et3\" style=\"width: 54.00pt;\" width=\"72\">DURCHMESSER<\/td>\n<td class=\"et4\" style=\"width: 54.00pt;\" width=\"72\">BILD<\/td>\n<\/tr>\n<tr style=\"height: 14.25pt;\">\n<td class=\"et5\" style=\"height: 14.25pt;\" height=\"19\">GP220TLB-AC<\/td>\n<td class=\"et5\">220 cm<\/td>\n<td class=\"et5\">Twist<\/td>\n<td class=\"et5\">cm<\/td>\n<td class=\"et5\">Aluminium\/\u00d6konomische Kohlenstofffaser<\/td>\n<td class=\"et5\">mit Halterung, Kompass, Blase<\/td>\n<td class=\"et5\">25\/32 mm<\/td>\n<td><img fetchpriority=\"high\" decoding=\"async\" class=\"alignnone wp-image-5205\" src=\"https:\/\/mountlaser.com\/wp-content\/uploads\/2025\/12\/GP220TLB-AC\uff082\uff09.webp\" alt=\"GP220TLB-AC GPS Pole Thread Lock\" width=\"500\" height=\"500\" srcset=\"https:\/\/mountlaser.com\/wp-content\/uploads\/2025\/12\/GP220TLB-AC\uff082\uff09.webp 1000w, https:\/\/mountlaser.com\/wp-content\/uploads\/2025\/12\/GP220TLB-AC\uff082\uff09-300x300.webp 300w, https:\/\/mountlaser.com\/wp-content\/uploads\/2025\/12\/GP220TLB-AC\uff082\uff09-150x150.webp 150w, https:\/\/mountlaser.com\/wp-content\/uploads\/2025\/12\/GP220TLB-AC\uff082\uff09-768x768.webp 768w, https:\/\/mountlaser.com\/wp-content\/uploads\/2025\/12\/GP220TLB-AC\uff082\uff09-12x12.webp 12w, https:\/\/mountlaser.com\/wp-content\/uploads\/2025\/12\/GP220TLB-AC\uff082\uff09-600x600.webp 600w, https:\/\/mountlaser.com\/wp-content\/uploads\/2025\/12\/GP220TLB-AC\uff082\uff09-800x800.webp 800w, https:\/\/mountlaser.com\/wp-content\/uploads\/2025\/12\/GP220TLB-AC\uff082\uff09-400x400.webp 400w\" sizes=\"(max-width: 500px) 100vw, 500px\" \/><\/td>\n<\/tr>\n<tr style=\"height: 14.25pt;\">\n<td class=\"et5\" style=\"height: 14.25pt;\" height=\"19\">GP220TL-AC<\/td>\n<td class=\"et5\">220 cm<\/td>\n<td class=\"et5\">Twist<\/td>\n<td class=\"et5\">cm<\/td>\n<td class=\"et5\">Aluminium\/Hochwertige Kohlefaser<\/td>\n<td class=\"et5\">mit Blase<\/td>\n<td class=\"et5\">25\/32 mm<\/td>\n<td><img decoding=\"async\" class=\"alignnone wp-image-5200\" src=\"https:\/\/mountlaser.com\/wp-content\/uploads\/2025\/12\/GP220TL-AC7.webp\" alt=\"GP220TLB-AC GPS Pole Thread Lock\" width=\"500\" height=\"500\" srcset=\"https:\/\/mountlaser.com\/wp-content\/uploads\/2025\/12\/GP220TL-AC7.webp 1000w, https:\/\/mountlaser.com\/wp-content\/uploads\/2025\/12\/GP220TL-AC7-300x300.webp 300w, https:\/\/mountlaser.com\/wp-content\/uploads\/2025\/12\/GP220TL-AC7-150x150.webp 150w, https:\/\/mountlaser.com\/wp-content\/uploads\/2025\/12\/GP220TL-AC7-768x768.webp 768w, https:\/\/mountlaser.com\/wp-content\/uploads\/2025\/12\/GP220TL-AC7-12x12.webp 12w, https:\/\/mountlaser.com\/wp-content\/uploads\/2025\/12\/GP220TL-AC7-600x600.webp 600w, https:\/\/mountlaser.com\/wp-content\/uploads\/2025\/12\/GP220TL-AC7-800x800.webp 800w, https:\/\/mountlaser.com\/wp-content\/uploads\/2025\/12\/GP220TL-AC7-400x400.webp 400w\" sizes=\"(max-width: 500px) 100vw, 500px\" \/><\/td>\n<\/tr>\n<tr style=\"height: 14.25pt;\">\n<td class=\"et5\" style=\"height: 14.25pt;\" height=\"19\">GP250TL-AC<\/td>\n<td class=\"et5\">250 cm<\/td>\n<td class=\"et5\">Twist<\/td>\n<td class=\"et5\">cm<\/td>\n<td class=\"et5\">Aluminium\/Hochwertige Kohlefaser<\/td>\n<td class=\"et5\">mit Blase<\/td>\n<td class=\"et5\">25\/32 mm<\/td>\n<td><img decoding=\"async\" class=\"alignnone wp-image-5216\" src=\"https:\/\/mountlaser.com\/wp-content\/uploads\/2025\/12\/GP250TL-AC4.webp\" alt=\"GP220TLB-AC GPS Pole Thread Lock\" width=\"500\" height=\"500\" srcset=\"https:\/\/mountlaser.com\/wp-content\/uploads\/2025\/12\/GP250TL-AC4.webp 1000w, https:\/\/mountlaser.com\/wp-content\/uploads\/2025\/12\/GP250TL-AC4-300x300.webp 300w, https:\/\/mountlaser.com\/wp-content\/uploads\/2025\/12\/GP250TL-AC4-150x150.webp 150w, https:\/\/mountlaser.com\/wp-content\/uploads\/2025\/12\/GP250TL-AC4-768x768.webp 768w, https:\/\/mountlaser.com\/wp-content\/uploads\/2025\/12\/GP250TL-AC4-12x12.webp 12w, https:\/\/mountlaser.com\/wp-content\/uploads\/2025\/12\/GP250TL-AC4-600x600.webp 600w, https:\/\/mountlaser.com\/wp-content\/uploads\/2025\/12\/GP250TL-AC4-800x800.webp 800w, https:\/\/mountlaser.com\/wp-content\/uploads\/2025\/12\/GP250TL-AC4-400x400.webp 400w\" sizes=\"(max-width: 500px) 100vw, 500px\" \/><\/td>\n<\/tr>\n<tr style=\"height: 14.25pt;\">\n<td class=\"et5\" style=\"height: 14.25pt;\" height=\"19\">GP220TLD-2C<\/td>\n<td class=\"et5\">220 cm<\/td>\n<td class=\"et5\">Twist<\/td>\n<td class=\"et5\">cm\/ ft<\/td>\n<td class=\"et5\">Aluminium\/Hochwertige Kohlefaser<\/td>\n<td class=\"et5\">mit Blase<\/td>\n<td class=\"et5\">25\/32 mm<\/td>\n<td><img loading=\"lazy\" decoding=\"async\" class=\"alignnone wp-image-5218\" src=\"https:\/\/mountlaser.com\/wp-content\/uploads\/2025\/12\/GP250TL-AC6.webp\" alt=\"GP220TLB-AC GPS Pole Thread Lock\" width=\"500\" height=\"500\" srcset=\"https:\/\/mountlaser.com\/wp-content\/uploads\/2025\/12\/GP250TL-AC6.webp 1000w, https:\/\/mountlaser.com\/wp-content\/uploads\/2025\/12\/GP250TL-AC6-300x300.webp 300w, https:\/\/mountlaser.com\/wp-content\/uploads\/2025\/12\/GP250TL-AC6-150x150.webp 150w, https:\/\/mountlaser.com\/wp-content\/uploads\/2025\/12\/GP250TL-AC6-768x768.webp 768w, https:\/\/mountlaser.com\/wp-content\/uploads\/2025\/12\/GP250TL-AC6-12x12.webp 12w, https:\/\/mountlaser.com\/wp-content\/uploads\/2025\/12\/GP250TL-AC6-600x600.webp 600w, https:\/\/mountlaser.com\/wp-content\/uploads\/2025\/12\/GP250TL-AC6-800x800.webp 800w, https:\/\/mountlaser.com\/wp-content\/uploads\/2025\/12\/GP250TL-AC6-400x400.webp 400w\" sizes=\"(max-width: 500px) 100vw, 500px\" \/><\/td>\n<\/tr>\n<tr style=\"height: 14.25pt;\">\n<td class=\"et6\" style=\"height: 14.25pt;\" height=\"19\">GP250TLD-2C<\/td>\n<td class=\"et5\">250 cm<\/td>\n<td class=\"et5\">Twist<\/td>\n<td class=\"et5\">cm\/ ft<\/td>\n<td class=\"et5\">Premium-Vollcarbonfaser<\/td>\n<td class=\"et5\">mit Blase<\/td>\n<td class=\"et5\">25\/32 mm<\/td>\n<td><img loading=\"lazy\" decoding=\"async\" class=\"alignnone wp-image-5226\" src=\"https:\/\/mountlaser.com\/wp-content\/uploads\/2025\/12\/GP250TLD-CC6.webp\" alt=\"GP220TLB-AC GPS Pole Thread Lock\" width=\"500\" height=\"500\" srcset=\"https:\/\/mountlaser.com\/wp-content\/uploads\/2025\/12\/GP250TLD-CC6.webp 1000w, https:\/\/mountlaser.com\/wp-content\/uploads\/2025\/12\/GP250TLD-CC6-300x300.webp 300w, https:\/\/mountlaser.com\/wp-content\/uploads\/2025\/12\/GP250TLD-CC6-150x150.webp 150w, https:\/\/mountlaser.com\/wp-content\/uploads\/2025\/12\/GP250TLD-CC6-768x768.webp 768w, https:\/\/mountlaser.com\/wp-content\/uploads\/2025\/12\/GP250TLD-CC6-12x12.webp 12w, https:\/\/mountlaser.com\/wp-content\/uploads\/2025\/12\/GP250TLD-CC6-600x600.webp 600w, https:\/\/mountlaser.com\/wp-content\/uploads\/2025\/12\/GP250TLD-CC6-800x800.webp 800w, https:\/\/mountlaser.com\/wp-content\/uploads\/2025\/12\/GP250TLD-CC6-400x400.webp 400w\" sizes=\"(max-width: 500px) 100vw, 500px\" \/><\/td>\n<\/tr>\n<\/tbody>\n<\/table>\n<\/div>","protected":false},"excerpt":{"rendered":"<ul data-start=\"1639\" data-end=\"2157\">\n<li data-start=\"1639\" data-end=\"1733\">\n<p data-start=\"1641\" data-end=\"1733\">H\u00f6henverstellung mit Drehverschluss f\u00fcr schnelle und stabile Positionierung bei metrischen Gradmessungen.<\/p>\n<\/li>\n<li data-start=\"1734\" data-end=\"1823\">\n<p data-start=\"1736\" data-end=\"1823\">Die feste Messspitze gew\u00e4hrleistet einen stabilen Bodenkontakt und reduziert Messabweichungen.<\/p>\n<\/li>\n<li data-start=\"1824\" data-end=\"1913\">\n<p data-start=\"1826\" data-end=\"1913\">Integrierte Halterung, Kompass und 30-Fu\u00df-Libelle f\u00fcr schnelles Nivellieren und Ausrichten.<\/p>\n<\/li>\n<li data-start=\"1914\" data-end=\"2000\">\n<p data-start=\"1916\" data-end=\"2000\">5\/8\u2033-11 Gewindekompatibilit\u00e4t unterst\u00fctzt die meisten GNSS-Empf\u00e4nger und Roversysteme.<\/p>\n<\/li>\n<li data-start=\"2001\" data-end=\"2097\">\n<p data-start=\"2003\" data-end=\"2097\">Robuste Hybridkonstruktion aus Aluminium und kosteng\u00fcnstiger Kohlefaser f\u00fcr lange Lebensdauer.<\/p>\n<\/li>\n<li data-start=\"2098\" data-end=\"2157\">\n<p data-start=\"2100\" data-end=\"2157\">Inklusive weicher Tragetasche f\u00fcr sicheren und einfachen Transport.<\/p>\n<\/li>\n<\/ul>","protected":false},"featured_media":5204,"comment_status":"open","ping_status":"closed","template":"","meta":[],"product_brand":[],"product_cat":[89,146],"product_tag":[],"class_list":{"0":"post-5193","1":"product","2":"type-product","3":"status-publish","4":"has-post-thumbnail","6":"product_cat-surveying-pole-rod","7":"product_cat-gps-pole-twist-lock","9":"first","10":"instock","11":"shipping-taxable","12":"product-type-simple"},"_links":{"self":[{"href":"https:\/\/mountlaser.com\/de\/wp-json\/wp\/v2\/product\/5193","targetHints":{"allow":["GET"]}}],"collection":[{"href":"https:\/\/mountlaser.com\/de\/wp-json\/wp\/v2\/product"}],"about":[{"href":"https:\/\/mountlaser.com\/de\/wp-json\/wp\/v2\/types\/product"}],"replies":[{"embeddable":true,"href":"https:\/\/mountlaser.com\/de\/wp-json\/wp\/v2\/comments?post=5193"}],"wp:featuredmedia":[{"embeddable":true,"href":"https:\/\/mountlaser.com\/de\/wp-json\/wp\/v2\/media\/5204"}],"wp:attachment":[{"href":"https:\/\/mountlaser.com\/de\/wp-json\/wp\/v2\/media?parent=5193"}],"wp:term":[{"taxonomy":"product_brand","embeddable":true,"href":"https:\/\/mountlaser.com\/de\/wp-json\/wp\/v2\/product_brand?post=5193"},{"taxonomy":"product_cat","embeddable":true,"href":"https:\/\/mountlaser.com\/de\/wp-json\/wp\/v2\/product_cat?post=5193"},{"taxonomy":"product_tag","embeddable":true,"href":"https:\/\/mountlaser.com\/de\/wp-json\/wp\/v2\/product_tag?post=5193"}],"curies":[{"name":"wp","href":"https:\/\/api.w.org\/{rel}","templated":true}]}}