{"id":5186,"date":"2025-12-03T01:33:40","date_gmt":"2025-12-03T01:33:40","guid":{"rendered":"https:\/\/mountlaser.com\/?post_type=product&#038;p=5186"},"modified":"2025-12-03T05:08:31","modified_gmt":"2025-12-03T05:08:31","slug":"gls30-gps-pole-compression-snap-lock","status":"publish","type":"product","link":"https:\/\/mountlaser.com\/de\/produkt\/gls30-gps-pole-compression-snap-lock\/","title":{"rendered":"GLS30 GPS-Stangenkompressions- und Schnappverschluss"},"content":{"rendered":"<p>Der <a href=\"https:\/\/mountlaser.com\/de\/\"><strong>2 Meter lange Kohlefaser-GPS-Rover-Stange<\/strong><\/a> Der GPS-Roverstab aus Kohlefaser wurde f\u00fcr professionelle GNSS-Vermessungen entwickelt und bietet h\u00f6chste Festigkeit, Stabilit\u00e4t und ein geringes Gewicht in anspruchsvollen Feldumgebungen. Gefertigt aus hochwertigen Materialien, gew\u00e4hrleistet er au\u00dfergew\u00f6hnliche Steifigkeit und minimiert das Durchbiegen w\u00e4hrend der Messung und ist somit ideal f\u00fcr pr\u00e4zise GNSS-Arbeiten.<\/p>\n<p>Die Stange ist direkt mit einer Vielzahl von GNSS-Empf\u00e4ngern kompatibel und ihre Verarbeitungsqualit\u00e4t entspricht branchenf\u00fchrenden Standards. Als leistungsstarke Alternative bietet sie sich an. <a href=\"https:\/\/mountlaser.com\/de\/produkt-kategorie\/surveying-pole-rod\/\"><strong>GLS30 Carbon GNSS-Stange<\/strong><\/a> bietet hervorragende Langlebigkeit und reibungslosen Betrieb sowohl unter routinem\u00e4\u00dfigen als auch unter anspruchsvollen Vermessungsbedingungen.<\/p>\n<p>Die GLS30 Carbon GNSS-Stange verf\u00fcgt \u00fcber ein zuverl\u00e4ssiges Kompressions- und Schnappverschlusssystem, das schnelle H\u00f6henverstellungen bei gleichzeitig sicherer Stabilit\u00e4t im Betrieb erm\u00f6glicht. Die integrierte Aluminium-Libelle mit 30-Fu\u00df-Rundlibelle gew\u00e4hrleistet ein schnelles Nivellieren, w\u00e4hrend das 5\/8\u2033-11-Gewinde die Montage g\u00e4ngiger GNSS-Ger\u00e4te erm\u00f6glicht.<\/p>\n<p>Hergestellt mit <a href=\"https:\/\/mountlaser.com\/de\/about-us\/\">Premium-Kohlenstofffaser<\/a>, Der 2 Meter lange GPS-Roverstab aus Kohlefaser bietet ein optimales Verh\u00e4ltnis zwischen geringem Gewicht und hoher Belastbarkeit im Langzeiteinsatz. Er wird mit einer sch\u00fctzenden Softcase geliefert und ist die ideale Wahl f\u00fcr Vermesser, die Wert auf Genauigkeit, Komfort und Zuverl\u00e4ssigkeit legen.<\/p>\n<div>\n<table style=\"border-collapse: collapse; width: 1055.28pt;\" border=\"0\" width=\"1407\" cellspacing=\"0\" cellpadding=\"0\">\n<tbody>\n<tr style=\"height: 14.25pt;\">\n<td class=\"et2\" style=\"height: 14.25pt; width: 235.50pt;\" width=\"314\" height=\"19\">NUMMER<\/td>\n<td class=\"et2\" style=\"width: 309.00pt;\" width=\"412\">VERL\u00c4NGERUNG<\/td>\n<td class=\"et3\" style=\"width: 88.50pt;\" width=\"118\">MATERIAL<\/td>\n<td class=\"et4\" style=\"width: 138.00pt;\" width=\"184\">BUBBLE BASE<\/td>\n<td class=\"et4\" style=\"width: 176.25pt;\" width=\"235\">SPERREN<\/td>\n<td class=\"et2\" style=\"width: 54.00pt;\" width=\"72\">DURCHMESSER<\/td>\n<td class=\"et5\" style=\"width: 54.00pt;\" width=\"72\">BILD<\/td>\n<\/tr>\n<tr style=\"height: 14.25pt;\">\n<td class=\"et6\" style=\"height: 14.25pt;\" height=\"19\">GLS30<\/td>\n<td class=\"et6\">200 cm<\/td>\n<td class=\"et6\">Hochwertige Kohlefaser<\/td>\n<td class=\"et6\">mit Blase<\/td>\n<td class=\"et6\">Kompression &amp; Schnappen<\/td>\n<td class=\"et6\">18\/25 mm<\/td>\n<td><img fetchpriority=\"high\" decoding=\"async\" class=\"alignnone wp-image-5188\" src=\"https:\/\/mountlaser.com\/wp-content\/uploads\/2025\/12\/GLS302.webp\" alt=\"2 Meter carbon fiber GPS Rover Rod\" width=\"500\" height=\"500\" srcset=\"https:\/\/mountlaser.com\/wp-content\/uploads\/2025\/12\/GLS302.webp 1000w, https:\/\/mountlaser.com\/wp-content\/uploads\/2025\/12\/GLS302-300x300.webp 300w, https:\/\/mountlaser.com\/wp-content\/uploads\/2025\/12\/GLS302-150x150.webp 150w, https:\/\/mountlaser.com\/wp-content\/uploads\/2025\/12\/GLS302-768x768.webp 768w, https:\/\/mountlaser.com\/wp-content\/uploads\/2025\/12\/GLS302-12x12.webp 12w, https:\/\/mountlaser.com\/wp-content\/uploads\/2025\/12\/GLS302-600x600.webp 600w, https:\/\/mountlaser.com\/wp-content\/uploads\/2025\/12\/GLS302-800x800.webp 800w, https:\/\/mountlaser.com\/wp-content\/uploads\/2025\/12\/GLS302-400x400.webp 400w\" sizes=\"(max-width: 500px) 100vw, 500px\" \/><\/td>\n<\/tr>\n<\/tbody>\n<\/table>\n<\/div>","protected":false},"excerpt":{"rendered":"<ul>\n<li>Bietet eine stabile und genaue H\u00f6henreferenz f\u00fcr GNSS-Vermessungen.<\/li>\n<li>Gew\u00e4hrleistet eine schnelle und sichere H\u00f6henverstellung durch Kompressions- und Schnappverschluss.<\/li>\n<li>Unterst\u00fctzt universelle GNSS-Empf\u00e4nger mit Standard-5\/8\u2033-11-Befestigungsgewinde<\/li>\n<li>Verbessert die Nivellierungsgenauigkeit durch die integrierte 30-Fu\u00df-Rundlibelle<\/li>\n<li>Die leichte Kohlefaserkonstruktion verbessert das Handling und die Langzeitbest\u00e4ndigkeit.<\/li>\n<\/ul>","protected":false},"featured_media":5187,"comment_status":"open","ping_status":"closed","template":"","meta":[],"product_brand":[],"product_cat":[89,145],"product_tag":[],"class_list":{"0":"post-5186","1":"product","2":"type-product","3":"status-publish","4":"has-post-thumbnail","6":"product_cat-surveying-pole-rod","7":"product_cat-gps-pole-compression-snap-lock","9":"first","10":"instock","11":"shipping-taxable","12":"product-type-simple"},"_links":{"self":[{"href":"https:\/\/mountlaser.com\/de\/wp-json\/wp\/v2\/product\/5186","targetHints":{"allow":["GET"]}}],"collection":[{"href":"https:\/\/mountlaser.com\/de\/wp-json\/wp\/v2\/product"}],"about":[{"href":"https:\/\/mountlaser.com\/de\/wp-json\/wp\/v2\/types\/product"}],"replies":[{"embeddable":true,"href":"https:\/\/mountlaser.com\/de\/wp-json\/wp\/v2\/comments?post=5186"}],"wp:featuredmedia":[{"embeddable":true,"href":"https:\/\/mountlaser.com\/de\/wp-json\/wp\/v2\/media\/5187"}],"wp:attachment":[{"href":"https:\/\/mountlaser.com\/de\/wp-json\/wp\/v2\/media?parent=5186"}],"wp:term":[{"taxonomy":"product_brand","embeddable":true,"href":"https:\/\/mountlaser.com\/de\/wp-json\/wp\/v2\/product_brand?post=5186"},{"taxonomy":"product_cat","embeddable":true,"href":"https:\/\/mountlaser.com\/de\/wp-json\/wp\/v2\/product_cat?post=5186"},{"taxonomy":"product_tag","embeddable":true,"href":"https:\/\/mountlaser.com\/de\/wp-json\/wp\/v2\/product_tag?post=5186"}],"curies":[{"name":"wp","href":"https:\/\/api.w.org\/{rel}","templated":true}]}}