{"id":5168,"date":"2025-12-03T01:03:04","date_gmt":"2025-12-03T01:03:04","guid":{"rendered":"https:\/\/mountlaser.com\/?post_type=product&#038;p=5168"},"modified":"2025-12-03T05:17:23","modified_gmt":"2025-12-03T05:17:23","slug":"gp200sc-2-gps-pole-compression-snap-lock","status":"publish","type":"product","link":"https:\/\/mountlaser.com\/de\/produkt\/gp200sc-2-gps-pole-compression-snap-lock\/","title":{"rendered":"GP200SC-2 GPS-Stangenkompressions- und Schnappverschluss"},"content":{"rendered":"<p>Der <a href=\"https:\/\/mountlaser.com\/de\/produkt-kategorie\/surveying-pole-rod\/\"><strong>2 m lange GPS-Stange aus Aluminium<\/strong><\/a> Es wurde f\u00fcr professionelle GNSS-Vermessungen entwickelt und bietet Langlebigkeit, Stabilit\u00e4t und komfortable Bedienung im Feld. Dank des Kompressions- und Schnappverschlusssystems erm\u00f6glicht die 2 m lange Aluminium-GPS-Stange eine schnelle H\u00f6henverstellung und sichere Arretierung und ist somit ideal f\u00fcr hochpr\u00e4zise Messaufgaben. <a href=\"https:\/\/mountlaser.com\/de\/\"><strong>GP200SC-2 GPS-Stangenkompressions- und Schnappverschluss<\/strong>\u00a0<\/a>Die Leistung wird durch eine zuverl\u00e4ssige Gewindeverbindung f\u00fcr alle g\u00e4ngigen GNSS-Empf\u00e4nger mit 5\/8\u2033-11-Gewinde weiter verbessert. Ausgestattet mit einer 30-Fu\u00df-Libelle und einem robusten Aluminium-Libellensockel, gew\u00e4hrleistet die GP200SC-2 GPS-Stangenklemmung mit Schnappverschluss pr\u00e4zises Nivellieren auch unter anspruchsvollen Bedingungen.<\/p>\n<p>Die aus hochfestem Aluminium gefertigte 2 m lange GPS-Stange aus Aluminium ist leicht und dennoch robust genug f\u00fcr den t\u00e4glichen Einsatz im Gel\u00e4nde. <a href=\"https:\/\/mountlaser.com\/de\/contact-us\/\">GP200SC-2 GPS-Stangenkompressions- und Schnappverschluss<\/a>\u00a0Das Produkt ist sowohl in Aluminium- als auch in Premium-Kohlefaserausf\u00fchrung erh\u00e4ltlich und bietet Vermessern somit flexible Optionen f\u00fcr unterschiedliche Anwendungsbereiche. Jede Stange wird mit einer weichen Tragetasche und einer sch\u00fctzenden Innenbox geliefert, was einen sicheren Transport und eine lange Lebensdauer gew\u00e4hrleistet.<\/p>\n<div>\n<table style=\"border-collapse: collapse; width: 1055.28pt;\" border=\"0\" width=\"1407\" cellspacing=\"0\" cellpadding=\"0\">\n<tbody>\n<tr style=\"height: 14.25pt;\">\n<td class=\"et2\" style=\"height: 14.25pt; width: 235.50pt;\" width=\"314\" height=\"19\">NUMMER<\/td>\n<td class=\"et2\" style=\"width: 309.00pt;\" width=\"412\">VERL\u00c4NGERUNG<\/td>\n<td class=\"et3\" style=\"width: 88.50pt;\" width=\"118\">MATERIAL<\/td>\n<td class=\"et4\" style=\"width: 138.00pt;\" width=\"184\">BUBBLE BASE<\/td>\n<td class=\"et4\" style=\"width: 176.25pt;\" width=\"235\">SPERREN<\/td>\n<td class=\"et2\" style=\"width: 54.00pt;\" width=\"72\">DURCHMESSER<\/td>\n<td class=\"et5\" style=\"width: 54.00pt;\" width=\"72\">BILD<\/td>\n<\/tr>\n<tr style=\"height: 14.25pt;\">\n<td class=\"et6\" style=\"height: 14.25pt;\" height=\"19\">GP200SC-2A<\/td>\n<td class=\"et6\">200 cm<\/td>\n<td class=\"et7\">Aluminium<\/td>\n<td class=\"et6\">mit Blase<\/td>\n<td class=\"et6\">Kompression &amp; Schnappen<\/td>\n<td class=\"et6\">25\/32 mm<\/td>\n<td><img fetchpriority=\"high\" decoding=\"async\" class=\"alignnone wp-image-5173\" src=\"https:\/\/mountlaser.com\/wp-content\/uploads\/2025\/12\/GP200SC-AA-5.webp\" alt=\"2m Aluminum GPS Pole\" width=\"500\" height=\"500\" srcset=\"https:\/\/mountlaser.com\/wp-content\/uploads\/2025\/12\/GP200SC-AA-5.webp 1000w, https:\/\/mountlaser.com\/wp-content\/uploads\/2025\/12\/GP200SC-AA-5-300x300.webp 300w, https:\/\/mountlaser.com\/wp-content\/uploads\/2025\/12\/GP200SC-AA-5-150x150.webp 150w, https:\/\/mountlaser.com\/wp-content\/uploads\/2025\/12\/GP200SC-AA-5-768x768.webp 768w, https:\/\/mountlaser.com\/wp-content\/uploads\/2025\/12\/GP200SC-AA-5-12x12.webp 12w, https:\/\/mountlaser.com\/wp-content\/uploads\/2025\/12\/GP200SC-AA-5-600x600.webp 600w, https:\/\/mountlaser.com\/wp-content\/uploads\/2025\/12\/GP200SC-AA-5-800x800.webp 800w, https:\/\/mountlaser.com\/wp-content\/uploads\/2025\/12\/GP200SC-AA-5-400x400.webp 400w\" sizes=\"(max-width: 500px) 100vw, 500px\" \/><\/td>\n<\/tr>\n<tr style=\"height: 14.25pt;\">\n<td class=\"et6\" style=\"height: 14.25pt;\" height=\"19\">GP200SC-2C<\/td>\n<td class=\"et6\">200 cm<\/td>\n<td class=\"et6\">Hochwertige Kohlefaser<\/td>\n<td class=\"et6\">mit Blase<\/td>\n<td class=\"et6\">Kompression &amp; Schnappen<\/td>\n<td class=\"et6\">25\/32 mm<\/td>\n<td><img decoding=\"async\" class=\"alignnone wp-image-5178\" src=\"https:\/\/mountlaser.com\/wp-content\/uploads\/2025\/12\/GP200SC-CC-1.webp\" alt=\"2m Aluminum GPS Pole\" width=\"500\" height=\"500\" srcset=\"https:\/\/mountlaser.com\/wp-content\/uploads\/2025\/12\/GP200SC-CC-1.webp 1000w, https:\/\/mountlaser.com\/wp-content\/uploads\/2025\/12\/GP200SC-CC-1-300x300.webp 300w, https:\/\/mountlaser.com\/wp-content\/uploads\/2025\/12\/GP200SC-CC-1-150x150.webp 150w, https:\/\/mountlaser.com\/wp-content\/uploads\/2025\/12\/GP200SC-CC-1-768x768.webp 768w, https:\/\/mountlaser.com\/wp-content\/uploads\/2025\/12\/GP200SC-CC-1-12x12.webp 12w, https:\/\/mountlaser.com\/wp-content\/uploads\/2025\/12\/GP200SC-CC-1-600x600.webp 600w, https:\/\/mountlaser.com\/wp-content\/uploads\/2025\/12\/GP200SC-CC-1-800x800.webp 800w, https:\/\/mountlaser.com\/wp-content\/uploads\/2025\/12\/GP200SC-CC-1-400x400.webp 400w\" sizes=\"(max-width: 500px) 100vw, 500px\" \/><\/td>\n<\/tr>\n<\/tbody>\n<\/table>\n<\/div>","protected":false},"excerpt":{"rendered":"<ul>\n<li>Schnelle H\u00f6henverstellung: Das Kompressions- und Schnappverschlusssystem erm\u00f6glicht eine schnelle und sichere Montage.<\/li>\n<li>Hochpr\u00e4zise Nivellierung: Die Aluminium-Libellenbasis mit 30-Zoll-Rundlibelle gew\u00e4hrleistet stabile und pr\u00e4zise Messungen.<\/li>\n<li>Universelle Kompatibilit\u00e4t: Ausgestattet mit einem 5\/8\u2033-11-Gewinde f\u00fcr die meisten GNSS-Empf\u00e4nger und Zubeh\u00f6rteile.<\/li>\n<li>Robuste Konstruktion: Hochfeste Aluminiumrohre gew\u00e4hrleisten eine lange Lebensdauer auch unter rauen Einsatzbedingungen.<\/li>\n<li>Tragbares Design: Dank der zerlegbaren Struktur und der mitgelieferten weichen Tasche l\u00e4sst sich die Stange leicht transportieren und verstauen.<\/li>\n<\/ul>","protected":false},"featured_media":5173,"comment_status":"open","ping_status":"closed","template":"","meta":[],"product_brand":[],"product_cat":[89,145],"product_tag":[],"class_list":{"0":"post-5168","1":"product","2":"type-product","3":"status-publish","4":"has-post-thumbnail","6":"product_cat-surveying-pole-rod","7":"product_cat-gps-pole-compression-snap-lock","9":"first","10":"instock","11":"shipping-taxable","12":"product-type-simple"},"_links":{"self":[{"href":"https:\/\/mountlaser.com\/de\/wp-json\/wp\/v2\/product\/5168","targetHints":{"allow":["GET"]}}],"collection":[{"href":"https:\/\/mountlaser.com\/de\/wp-json\/wp\/v2\/product"}],"about":[{"href":"https:\/\/mountlaser.com\/de\/wp-json\/wp\/v2\/types\/product"}],"replies":[{"embeddable":true,"href":"https:\/\/mountlaser.com\/de\/wp-json\/wp\/v2\/comments?post=5168"}],"wp:featuredmedia":[{"embeddable":true,"href":"https:\/\/mountlaser.com\/de\/wp-json\/wp\/v2\/media\/5173"}],"wp:attachment":[{"href":"https:\/\/mountlaser.com\/de\/wp-json\/wp\/v2\/media?parent=5168"}],"wp:term":[{"taxonomy":"product_brand","embeddable":true,"href":"https:\/\/mountlaser.com\/de\/wp-json\/wp\/v2\/product_brand?post=5168"},{"taxonomy":"product_cat","embeddable":true,"href":"https:\/\/mountlaser.com\/de\/wp-json\/wp\/v2\/product_cat?post=5168"},{"taxonomy":"product_tag","embeddable":true,"href":"https:\/\/mountlaser.com\/de\/wp-json\/wp\/v2\/product_tag?post=5168"}],"curies":[{"name":"wp","href":"https:\/\/api.w.org\/{rel}","templated":true}]}}