{"id":5156,"date":"2025-12-02T09:14:54","date_gmt":"2025-12-02T09:14:54","guid":{"rendered":"https:\/\/mountlaser.com\/?post_type=product&#038;p=5156"},"modified":"2025-12-03T05:21:02","modified_gmt":"2025-12-03T05:21:02","slug":"gp180sc-2a-gps-pole-compression-snap-lock","status":"publish","type":"product","link":"https:\/\/mountlaser.com\/de\/produkt\/gp180sc-2a-gps-pole-compression-snap-lock\/","title":{"rendered":"GP180SC-2A GPS-Stangenkompressions- und Schnappverschluss"},"content":{"rendered":"<p>Der <a href=\"https:\/\/mountlaser.com\/de\/produkt-kategorie\/surveying-pole-rod\/\"><strong>Aluminium-Roverstange mit Schnappverschluss<\/strong><\/a> Diese robuste und feldtaugliche Vermessungsstange wurde f\u00fcr Profis entwickelt, die zuverl\u00e4ssige H\u00f6henstabilit\u00e4t und schnellen Aufbau ben\u00f6tigen. Die aus hochwertigem Aluminium gefertigte Aluminium-Vermessungsstange mit Schnappverschluss kombiniert eine Kompressionsverriegelung mit einem zuverl\u00e4ssigen Schnappverschlussmechanismus und gew\u00e4hrleistet so eine sichere Auszugsh\u00f6he auch in anspruchsvollem Gel\u00e4nde. Sie ist vielseitig einsetzbar. <a href=\"https:\/\/mountlaser.com\/de\/about-us\/\">Aluminium Rover Rod<\/a>, Es bietet eine ausgezeichnete Steifigkeit bei gleichzeitig geringem Gewicht f\u00fcr den t\u00e4glichen Einsatz mit GNSS und Totalstationen.<\/p>\n<div>\n<p>Ausgestattet mit einem 5\/8\u2033-11-Gewinde und einem optionalen runden Distanzst\u00fcck, l\u00e4sst sich die Aluminium-Rover-Messstange mit Schnappverschluss problemlos an verschiedene Empf\u00e4nger und Zubeh\u00f6rteile anpassen. Ihre schwarze Libelle mit 32 mm Au\u00dfendurchmesser gew\u00e4hrleistet eine pr\u00e4zise vertikale Ausrichtung, w\u00e4hrend die mitgelieferte Softtasche und der Innenkarton einen sicheren und bequemen Transport erm\u00f6glichen. Dank ihres effizienten Verriegelungssystems und ihrer robusten Konstruktion liefert diese Aluminium-Rover-Messstange stabile und wiederholbare Messwerte f\u00fcr professionelle Vermessungsaufgaben.<\/p>\n<table style=\"border-collapse: collapse; width: 1055.28pt;\" border=\"0\" width=\"1407\" cellspacing=\"0\" cellpadding=\"0\">\n<tbody>\n<tr style=\"height: 14.25pt;\">\n<td class=\"et2\" style=\"height: 14.25pt; width: 235.50pt;\" width=\"314\" height=\"19\">NUMMER<\/td>\n<td class=\"et2\" style=\"width: 309.00pt;\" width=\"412\">VERL\u00c4NGERUNG<\/td>\n<td class=\"et3\" style=\"width: 88.50pt;\" width=\"118\">MATERIAL<\/td>\n<td class=\"et4\" style=\"width: 138.00pt;\" width=\"184\">BUBBLE BASE<\/td>\n<td class=\"et4\" style=\"width: 176.25pt;\" width=\"235\">SPERREN<\/td>\n<td class=\"et2\" style=\"width: 54.00pt;\" width=\"72\">DURCHMESSER<\/td>\n<td class=\"et5\" style=\"width: 54.00pt;\" width=\"72\">BILD<\/td>\n<\/tr>\n<tr style=\"height: 14.25pt;\">\n<td class=\"et6\" style=\"height: 14.25pt;\" height=\"19\">GP180SC-2A<\/td>\n<td class=\"et7\">180 cm<\/td>\n<td class=\"et6\">Aluminium<\/td>\n<td class=\"et6\" style=\"text-align: center;\">\u2013<\/td>\n<td class=\"et6\">Kompression &amp; Schnappen<\/td>\n<td class=\"et6\">18\/25 mm<\/td>\n<td><img fetchpriority=\"high\" decoding=\"async\" class=\"alignnone wp-image-5160\" src=\"https:\/\/mountlaser.com\/wp-content\/uploads\/2025\/12\/GP180SC-AA-4.webp\" alt=\"Aluminum Snap-Lock Rover Rod\" width=\"500\" height=\"500\" srcset=\"https:\/\/mountlaser.com\/wp-content\/uploads\/2025\/12\/GP180SC-AA-4.webp 1000w, https:\/\/mountlaser.com\/wp-content\/uploads\/2025\/12\/GP180SC-AA-4-300x300.webp 300w, https:\/\/mountlaser.com\/wp-content\/uploads\/2025\/12\/GP180SC-AA-4-150x150.webp 150w, https:\/\/mountlaser.com\/wp-content\/uploads\/2025\/12\/GP180SC-AA-4-768x768.webp 768w, https:\/\/mountlaser.com\/wp-content\/uploads\/2025\/12\/GP180SC-AA-4-12x12.webp 12w, https:\/\/mountlaser.com\/wp-content\/uploads\/2025\/12\/GP180SC-AA-4-600x600.webp 600w, https:\/\/mountlaser.com\/wp-content\/uploads\/2025\/12\/GP180SC-AA-4-800x800.webp 800w, https:\/\/mountlaser.com\/wp-content\/uploads\/2025\/12\/GP180SC-AA-4-400x400.webp 400w\" sizes=\"(max-width: 500px) 100vw, 500px\" \/><\/td>\n<\/tr>\n<\/tbody>\n<\/table>\n<\/div>","protected":false},"excerpt":{"rendered":"<ul>\n<li data-start=\"1200\" data-end=\"1286\">\n<p data-start=\"1202\" data-end=\"1286\">Bietet eine stabile Montagel\u00f6sung f\u00fcr GNSS-Empf\u00e4nger und Totalstationsger\u00e4te<\/p>\n<\/li>\n<li data-start=\"1287\" data-end=\"1368\">\n<p data-start=\"1289\" data-end=\"1368\">Der Schnappverschluss- und Kompressionsverriegelungsmechanismus gew\u00e4hrleistet ein schnelles und sicheres Ausziehen der Stange.<\/p>\n<\/li>\n<li data-start=\"1369\" data-end=\"1449\">\n<p data-start=\"1371\" data-end=\"1449\">Gew\u00e4hrleistet pr\u00e4zise Vertikalit\u00e4t durch eine in den Sockel integrierte 30-Fu\u00df-Libelle.<\/p>\n<\/li>\n<li data-start=\"1450\" data-end=\"1507\">\n<p data-start=\"1452\" data-end=\"1507\">Kompatibel mit Standard-5\/8\u2033-11-Gewindeinstrumenten<\/p>\n<\/li>\n<li data-start=\"1508\" data-end=\"1567\">\n<p data-start=\"1510\" data-end=\"1567\">Die robuste Aluminiumkonstruktion erm\u00f6glicht den langfristigen Einsatz im Feld.<\/p>\n<\/li>\n<\/ul>","protected":false},"featured_media":5161,"comment_status":"open","ping_status":"closed","template":"","meta":[],"product_brand":[],"product_cat":[89,145],"product_tag":[],"class_list":{"0":"post-5156","1":"product","2":"type-product","3":"status-publish","4":"has-post-thumbnail","6":"product_cat-surveying-pole-rod","7":"product_cat-gps-pole-compression-snap-lock","9":"first","10":"instock","11":"shipping-taxable","12":"product-type-simple"},"_links":{"self":[{"href":"https:\/\/mountlaser.com\/de\/wp-json\/wp\/v2\/product\/5156","targetHints":{"allow":["GET"]}}],"collection":[{"href":"https:\/\/mountlaser.com\/de\/wp-json\/wp\/v2\/product"}],"about":[{"href":"https:\/\/mountlaser.com\/de\/wp-json\/wp\/v2\/types\/product"}],"replies":[{"embeddable":true,"href":"https:\/\/mountlaser.com\/de\/wp-json\/wp\/v2\/comments?post=5156"}],"wp:featuredmedia":[{"embeddable":true,"href":"https:\/\/mountlaser.com\/de\/wp-json\/wp\/v2\/media\/5161"}],"wp:attachment":[{"href":"https:\/\/mountlaser.com\/de\/wp-json\/wp\/v2\/media?parent=5156"}],"wp:term":[{"taxonomy":"product_brand","embeddable":true,"href":"https:\/\/mountlaser.com\/de\/wp-json\/wp\/v2\/product_brand?post=5156"},{"taxonomy":"product_cat","embeddable":true,"href":"https:\/\/mountlaser.com\/de\/wp-json\/wp\/v2\/product_cat?post=5156"},{"taxonomy":"product_tag","embeddable":true,"href":"https:\/\/mountlaser.com\/de\/wp-json\/wp\/v2\/product_tag?post=5156"}],"curies":[{"name":"wp","href":"https:\/\/api.w.org\/{rel}","templated":true}]}}