{"id":5124,"date":"2025-12-02T08:53:06","date_gmt":"2025-12-02T08:53:06","guid":{"rendered":"https:\/\/mountlaser.com\/?post_type=product&#038;p=5124"},"modified":"2025-12-03T05:22:39","modified_gmt":"2025-12-03T05:22:39","slug":"gp150cl-gps-pole-compression-snap-lock","status":"publish","type":"product","link":"https:\/\/mountlaser.com\/de\/produkt\/gp150cl-gps-pole-compression-snap-lock\/","title":{"rendered":"GP150CL GPS-Stangenkompressions- und Schnappverschluss"},"content":{"rendered":"<p>Der <a href=\"https:\/\/mountlaser.com\/de\/produkt-kategorie\/surveying-pole-rod\/\"><strong>GPS-Stangen mit Schnappverschluss<\/strong><\/a> Die GPS-Stangenserie wurde f\u00fcr professionelle GNSS-Vermessungen entwickelt und bietet Stabilit\u00e4t, Genauigkeit und schnellen Einsatz im Gel\u00e4nde. Dank ihrer robusten Aluminiumkonstruktion und des zuverl\u00e4ssigen Kompressions- und Schnappverschlussmechanismus gew\u00e4hrleisten diese Stangen auch bei intensiver t\u00e4glicher Nutzung eine sichere H\u00f6heneinstellung. Jedes Modell der GPS-Stangenserie mit Schnappverschluss verf\u00fcgt \u00fcber eine 30-Fu\u00df-Libelle auf einem stabilen Aluminiumsockel, die eine pr\u00e4zise Nivellierung f\u00fcr GNSS-Empf\u00e4nger und Rover-Systeme erm\u00f6glicht.<\/p>\n<p>Konzipiert als vielseitiges <a href=\"https:\/\/mountlaser.com\/de\/about-us\/\"><strong>Schnappverschluss-Aluminium-GT-Roverstange<\/strong><\/a>, Dieses System erm\u00f6glicht stufenlose H\u00f6henverstellungen und eine pr\u00e4zise Ausrichtung und eignet sich daher ideal f\u00fcr topografische Vermessungen, Absteckungen im Bauwesen und die GIS-Datenerfassung. Die robuste GT-Rover-Stange aus Aluminium mit Schnappverschluss ist abnehmbar und somit besonders transportfreundlich. Eine weiche Tragetasche ist im Lieferumfang enthalten. Die GPS-Stangen mit Schnappverschluss sind in verschiedenen L\u00e4ngen und Konfigurationen erh\u00e4ltlich und bieten eine zuverl\u00e4ssige und flexible L\u00f6sung f\u00fcr Einsteiger und Profis im Vermessungswesen, die eine langlebige und effiziente L\u00f6sung ben\u00f6tigen. <a href=\"https:\/\/mountlaser.com\/de\/contact-us\/\">Schnappverschluss-Aluminium-GT-Roverstange<\/a> im Feld.<\/p>\n<div>\n<table style=\"border-collapse: collapse; width: 1055.28pt;\" border=\"0\" width=\"1407\" cellspacing=\"0\" cellpadding=\"0\">\n<tbody>\n<tr style=\"height: 14.25pt;\">\n<td class=\"et2\" style=\"height: 14.25pt; width: 235.50pt;\" width=\"314\" height=\"19\">NUMMER<\/td>\n<td class=\"et2\" style=\"width: 309.00pt;\" width=\"412\">VERL\u00c4NGERUNG<\/td>\n<td class=\"et3\" style=\"width: 88.50pt;\" width=\"118\">MATERIAL<\/td>\n<td class=\"et4\" style=\"width: 138.00pt;\" width=\"184\">BUBBLE BASE<\/td>\n<td class=\"et4\" style=\"width: 176.25pt;\" width=\"235\">SPERREN<\/td>\n<td class=\"et2\" style=\"width: 54.00pt;\" width=\"72\">DURCHMESSER<\/td>\n<td class=\"et5\" style=\"width: 54.00pt;\" width=\"72\">BILD<\/td>\n<\/tr>\n<tr style=\"height: 14.25pt;\">\n<td class=\"et6\" style=\"height: 14.25pt;\" height=\"19\">GP150CL-4A<\/td>\n<td class=\"et6\">150 cm<\/td>\n<td class=\"et6\">Aluminium<\/td>\n<td class=\"et6\">mit Blase<\/td>\n<td class=\"et6\">Kompression<\/td>\n<td class=\"et6\">20\/24\/28\/32 mm<\/td>\n<td><img fetchpriority=\"high\" decoding=\"async\" class=\"alignnone wp-image-5125\" src=\"https:\/\/mountlaser.com\/wp-content\/uploads\/2025\/12\/GP150CL-4A1.webp\" alt=\"GPS Poles with Snap-Lock\" width=\"500\" height=\"500\" srcset=\"https:\/\/mountlaser.com\/wp-content\/uploads\/2025\/12\/GP150CL-4A1.webp 1000w, https:\/\/mountlaser.com\/wp-content\/uploads\/2025\/12\/GP150CL-4A1-300x300.webp 300w, https:\/\/mountlaser.com\/wp-content\/uploads\/2025\/12\/GP150CL-4A1-150x150.webp 150w, https:\/\/mountlaser.com\/wp-content\/uploads\/2025\/12\/GP150CL-4A1-768x768.webp 768w, https:\/\/mountlaser.com\/wp-content\/uploads\/2025\/12\/GP150CL-4A1-12x12.webp 12w, https:\/\/mountlaser.com\/wp-content\/uploads\/2025\/12\/GP150CL-4A1-600x600.webp 600w, https:\/\/mountlaser.com\/wp-content\/uploads\/2025\/12\/GP150CL-4A1-800x800.webp 800w, https:\/\/mountlaser.com\/wp-content\/uploads\/2025\/12\/GP150CL-4A1-400x400.webp 400w\" sizes=\"(max-width: 500px) 100vw, 500px\" \/><\/td>\n<\/tr>\n<tr style=\"height: 14.25pt;\">\n<td class=\"et6\" style=\"height: 14.25pt;\" height=\"19\">GP180CL-4A<\/td>\n<td class=\"et6\">180 cm<\/td>\n<td class=\"et6\">Aluminium<\/td>\n<td class=\"et6\">mit Blase<\/td>\n<td class=\"et6\">Kompression<\/td>\n<td class=\"et6\">20\/24\/28\/32 mm<\/td>\n<td><img decoding=\"async\" class=\"alignnone wp-image-5146\" src=\"https:\/\/mountlaser.com\/wp-content\/uploads\/2025\/12\/GP180CL-4A7.webp\" alt=\"GPS Poles with Snap-Lock\" width=\"500\" height=\"500\" srcset=\"https:\/\/mountlaser.com\/wp-content\/uploads\/2025\/12\/GP180CL-4A7.webp 1000w, https:\/\/mountlaser.com\/wp-content\/uploads\/2025\/12\/GP180CL-4A7-300x300.webp 300w, https:\/\/mountlaser.com\/wp-content\/uploads\/2025\/12\/GP180CL-4A7-150x150.webp 150w, https:\/\/mountlaser.com\/wp-content\/uploads\/2025\/12\/GP180CL-4A7-768x768.webp 768w, https:\/\/mountlaser.com\/wp-content\/uploads\/2025\/12\/GP180CL-4A7-12x12.webp 12w, https:\/\/mountlaser.com\/wp-content\/uploads\/2025\/12\/GP180CL-4A7-600x600.webp 600w, https:\/\/mountlaser.com\/wp-content\/uploads\/2025\/12\/GP180CL-4A7-800x800.webp 800w, https:\/\/mountlaser.com\/wp-content\/uploads\/2025\/12\/GP180CL-4A7-400x400.webp 400w\" sizes=\"(max-width: 500px) 100vw, 500px\" \/><\/td>\n<\/tr>\n<tr style=\"height: 14.25pt;\">\n<td class=\"et6\" style=\"height: 14.25pt;\" height=\"19\">GP150CL-4AB<\/td>\n<td class=\"et6\">150 cm<\/td>\n<td class=\"et6\">Aluminium<\/td>\n<td class=\"et6\">mit Klammer, Kompass, Blase<\/td>\n<td class=\"et6\">Kompression<\/td>\n<td class=\"et6\">20\/24\/28\/32 mm<\/td>\n<td><img decoding=\"async\" class=\"alignnone wp-image-5136\" src=\"https:\/\/mountlaser.com\/wp-content\/uploads\/2025\/12\/GP150CL-4AB4.webp\" alt=\"GPS Poles with Snap-Lock\" width=\"500\" height=\"500\" srcset=\"https:\/\/mountlaser.com\/wp-content\/uploads\/2025\/12\/GP150CL-4AB4.webp 1000w, https:\/\/mountlaser.com\/wp-content\/uploads\/2025\/12\/GP150CL-4AB4-300x300.webp 300w, https:\/\/mountlaser.com\/wp-content\/uploads\/2025\/12\/GP150CL-4AB4-150x150.webp 150w, https:\/\/mountlaser.com\/wp-content\/uploads\/2025\/12\/GP150CL-4AB4-768x768.webp 768w, https:\/\/mountlaser.com\/wp-content\/uploads\/2025\/12\/GP150CL-4AB4-12x12.webp 12w, https:\/\/mountlaser.com\/wp-content\/uploads\/2025\/12\/GP150CL-4AB4-600x600.webp 600w, https:\/\/mountlaser.com\/wp-content\/uploads\/2025\/12\/GP150CL-4AB4-800x800.webp 800w, https:\/\/mountlaser.com\/wp-content\/uploads\/2025\/12\/GP150CL-4AB4-400x400.webp 400w\" sizes=\"(max-width: 500px) 100vw, 500px\" \/><\/td>\n<\/tr>\n<tr style=\"height: 14.25pt;\">\n<td class=\"et6\" style=\"height: 14.25pt;\" height=\"19\">GP180CL-4AB<\/td>\n<td class=\"et6\">180 cm<\/td>\n<td class=\"et6\">Aluminium<\/td>\n<td class=\"et6\">mit Klammer, Kompass, Blase<\/td>\n<td class=\"et6\">Kompression<\/td>\n<td class=\"et6\">20\/24\/28\/32 mm<\/td>\n<td><img loading=\"lazy\" decoding=\"async\" class=\"alignnone wp-image-5150\" src=\"https:\/\/mountlaser.com\/wp-content\/uploads\/2025\/12\/GP180CL-4AB4.webp\" alt=\"GPS Poles with Snap-Lock\" width=\"500\" height=\"500\" srcset=\"https:\/\/mountlaser.com\/wp-content\/uploads\/2025\/12\/GP180CL-4AB4.webp 1000w, https:\/\/mountlaser.com\/wp-content\/uploads\/2025\/12\/GP180CL-4AB4-300x300.webp 300w, https:\/\/mountlaser.com\/wp-content\/uploads\/2025\/12\/GP180CL-4AB4-150x150.webp 150w, https:\/\/mountlaser.com\/wp-content\/uploads\/2025\/12\/GP180CL-4AB4-768x768.webp 768w, https:\/\/mountlaser.com\/wp-content\/uploads\/2025\/12\/GP180CL-4AB4-12x12.webp 12w, https:\/\/mountlaser.com\/wp-content\/uploads\/2025\/12\/GP180CL-4AB4-600x600.webp 600w, https:\/\/mountlaser.com\/wp-content\/uploads\/2025\/12\/GP180CL-4AB4-800x800.webp 800w, https:\/\/mountlaser.com\/wp-content\/uploads\/2025\/12\/GP180CL-4AB4-400x400.webp 400w\" sizes=\"(max-width: 500px) 100vw, 500px\" \/><\/td>\n<\/tr>\n<\/tbody>\n<\/table>\n<\/div>","protected":false},"excerpt":{"rendered":"<ul>\n<li>Schnelle H\u00f6henverstellung: Kompressions- und Schnappverschlusssystem gew\u00e4hrleisten schnelles Einstellen und sicheres Arretieren.<\/li>\n<li>Pr\u00e4zises Nivellieren: Eine integrierte 30-Fu\u00df-Rundlibelle auf einem Aluminium-Libellensockel erm\u00f6glicht eine genaue vertikale Ausrichtung.<\/li>\n<li>Universelle Kompatibilit\u00e4t: Ausgestattet mit einem 5\/8\u2033-11-Gewinde, passend f\u00fcr die meisten GNSS-Empf\u00e4nger und Vermessungsinstrumente.<\/li>\n<li>Robuste Einsatzf\u00e4higkeit im Au\u00dfeneinsatz: Die Aluminiumrohrkonstruktion mit optionalen runden Abstandshaltern gew\u00e4hrleistet eine robuste Nutzung im Freien.<\/li>\n<li>Vielseitige Konfigurationsm\u00f6glichkeiten: Erh\u00e4ltlich in mehreren L\u00e4ngen (150 cm \/ 180 cm) und optional mit Halterung oder Kompass.<\/li>\n<\/ul>","protected":false},"featured_media":5125,"comment_status":"open","ping_status":"closed","template":"","meta":[],"product_brand":[],"product_cat":[89,145],"product_tag":[],"class_list":{"0":"post-5124","1":"product","2":"type-product","3":"status-publish","4":"has-post-thumbnail","6":"product_cat-surveying-pole-rod","7":"product_cat-gps-pole-compression-snap-lock","9":"first","10":"instock","11":"shipping-taxable","12":"product-type-simple"},"_links":{"self":[{"href":"https:\/\/mountlaser.com\/de\/wp-json\/wp\/v2\/product\/5124","targetHints":{"allow":["GET"]}}],"collection":[{"href":"https:\/\/mountlaser.com\/de\/wp-json\/wp\/v2\/product"}],"about":[{"href":"https:\/\/mountlaser.com\/de\/wp-json\/wp\/v2\/types\/product"}],"replies":[{"embeddable":true,"href":"https:\/\/mountlaser.com\/de\/wp-json\/wp\/v2\/comments?post=5124"}],"wp:featuredmedia":[{"embeddable":true,"href":"https:\/\/mountlaser.com\/de\/wp-json\/wp\/v2\/media\/5125"}],"wp:attachment":[{"href":"https:\/\/mountlaser.com\/de\/wp-json\/wp\/v2\/media?parent=5124"}],"wp:term":[{"taxonomy":"product_brand","embeddable":true,"href":"https:\/\/mountlaser.com\/de\/wp-json\/wp\/v2\/product_brand?post=5124"},{"taxonomy":"product_cat","embeddable":true,"href":"https:\/\/mountlaser.com\/de\/wp-json\/wp\/v2\/product_cat?post=5124"},{"taxonomy":"product_tag","embeddable":true,"href":"https:\/\/mountlaser.com\/de\/wp-json\/wp\/v2\/product_tag?post=5124"}],"curies":[{"name":"wp","href":"https:\/\/api.w.org\/{rel}","templated":true}]}}