{"id":5116,"date":"2025-12-02T08:10:15","date_gmt":"2025-12-02T08:10:15","guid":{"rendered":"https:\/\/mountlaser.com\/?post_type=product&#038;p=5116"},"modified":"2025-12-02T08:10:15","modified_gmt":"2025-12-02T08:10:15","slug":"gp300-6c-gps-pole-thread-lock","status":"publish","type":"product","link":"https:\/\/mountlaser.com\/de\/produkt\/gp300-6c-gps-pole-thread-lock\/","title":{"rendered":"GP300-6C GPS-Stangengewindesicherung"},"content":{"rendered":"<p>Der <a href=\"https:\/\/mountlaser.com\/de\/\"><strong>GP300-6C GPS-Stangengewindesicherung<\/strong><\/a> ist eine hochwertige 300 cm lange Vermessungsstange, die f\u00fcr Profis entwickelt wurde, die im Gel\u00e4nde maximale Stabilit\u00e4t, Pr\u00e4zision und Mobilit\u00e4t ben\u00f6tigen. Entwickelt als <a href=\"https:\/\/mountlaser.com\/de\/produkt-kategorie\/surveying-pole-rod\/\">schwarzer GNSS-Stangen<\/a>, Dank seiner Vollaluminiumkonstruktion und dem 32 mm Au\u00dfendurchmesser des Rohrs bietet er au\u00dfergew\u00f6hnliche Langlebigkeit. Die GP300-6C GPS-Stange mit Gewindesicherung verf\u00fcgt \u00fcber einen zuverl\u00e4ssigen Gewindesicherungsmechanismus, der eine sichere H\u00f6henverstellung gew\u00e4hrleistet, selbst bei intensiven GNSS-Vermessungsarbeiten. Durch die zerlegbare 6-teilige Konstruktion l\u00e4sst sich diese schwarze GNSS-Stange leicht transportieren und beh\u00e4lt dabei im ausgefahrenen Zustand ihre Stabilit\u00e4t.<\/p>\n<p>Ausgestattet mit einer Aluminium-Libellenbasis mit einer 30-Fu\u00df-Rundlibelle erm\u00f6glicht das GP300-6C GPS-Stangengewinde eine schnelle und pr\u00e4zise Nivellierung f\u00fcr genaue Datenerfassung. Es wird standardm\u00e4\u00dfig mit einer rutschfesten Abdeckung, einem 5\/8&quot;-11-Befestigungsgewinde und einer weichen Tragetasche geliefert \u2013 f\u00fcr Komfort und zuverl\u00e4ssige Leistung auf jeder Baustelle. Ideal f\u00fcr Vermesser, die ein leichtes und dennoch robustes Ger\u00e4t suchen. <a href=\"https:\/\/mountlaser.com\/de\/contact-us\/\">schwarzer GNSS-Stangen<\/a>, Dieses Modell bietet ein optimales Gleichgewicht zwischen Festigkeit, Benutzerfreundlichkeit und Messgenauigkeit.<\/p>\n<div>\n<table style=\"border-collapse: collapse; width: 1055.28pt;\" border=\"0\" width=\"1407\" cellspacing=\"0\" cellpadding=\"0\">\n<tbody>\n<tr style=\"height: 14.25pt;\">\n<td class=\"et2\" style=\"height: 14.25pt; width: 235.50pt;\" width=\"314\" height=\"19\">NUMMER<\/td>\n<td class=\"et2\" style=\"width: 309.00pt;\" width=\"412\">VERL\u00c4NGERUNG<\/td>\n<td class=\"et2\" style=\"width: 88.50pt;\" width=\"118\">ABSCHNITTE<\/td>\n<td class=\"et2\" style=\"width: 138.00pt;\" width=\"184\">MATERIAL<\/td>\n<td class=\"et2\" style=\"width: 176.25pt;\" width=\"235\">FARBE<\/td>\n<td class=\"et2\" style=\"width: 54.00pt;\" width=\"72\">DURCHMESSER<\/td>\n<td class=\"et3\" style=\"width: 54.00pt;\" width=\"72\">BILD<\/td>\n<\/tr>\n<tr style=\"height: 14.25pt;\">\n<td class=\"et4\" style=\"height: 14.25pt;\" height=\"19\">GP300-6C<\/td>\n<td class=\"et4\">300 cm<\/td>\n<td class=\"et5\">6<\/td>\n<td class=\"et4\">Hochwertige Kohlefaser<\/td>\n<td class=\"et4\">Schwarz<\/td>\n<td class=\"et4\">32 mm<\/td>\n<td><img fetchpriority=\"high\" decoding=\"async\" class=\"alignnone wp-image-5121\" src=\"https:\/\/mountlaser.com\/wp-content\/uploads\/2025\/12\/GP300-6C-5.webp\" alt=\"GP300-6C GPS Pole Thread Lock\" width=\"500\" height=\"500\" srcset=\"https:\/\/mountlaser.com\/wp-content\/uploads\/2025\/12\/GP300-6C-5.webp 1000w, https:\/\/mountlaser.com\/wp-content\/uploads\/2025\/12\/GP300-6C-5-300x300.webp 300w, https:\/\/mountlaser.com\/wp-content\/uploads\/2025\/12\/GP300-6C-5-150x150.webp 150w, https:\/\/mountlaser.com\/wp-content\/uploads\/2025\/12\/GP300-6C-5-768x768.webp 768w, https:\/\/mountlaser.com\/wp-content\/uploads\/2025\/12\/GP300-6C-5-12x12.webp 12w, https:\/\/mountlaser.com\/wp-content\/uploads\/2025\/12\/GP300-6C-5-600x600.webp 600w, https:\/\/mountlaser.com\/wp-content\/uploads\/2025\/12\/GP300-6C-5-800x800.webp 800w, https:\/\/mountlaser.com\/wp-content\/uploads\/2025\/12\/GP300-6C-5-400x400.webp 400w\" sizes=\"(max-width: 500px) 100vw, 500px\" \/><\/td>\n<\/tr>\n<\/tbody>\n<\/table>\n<\/div>","protected":false},"excerpt":{"rendered":"<ul>\n<li>Sicheres Gewindeverriegelungssystem \u2013 Gew\u00e4hrleistet eine stabile H\u00f6henfixierung w\u00e4hrend der gesamten GNSS-Vermessung.<\/li>\n<li>Zerlegbares 6-teiliges Design \u2013 Erm\u00f6glicht die Ausdehnung der Stange auf 300 cm bei gleichzeitig kompakter Transportierbarkeit.<\/li>\n<li>Pr\u00e4zisionsnivellierung \u2013 Die integrierte Aluminium-Libellenbasis mit 30-Fu\u00df-Rundlibelle verbessert die Ausrichtungsgenauigkeit.<\/li>\n<li>Rutschfester Schutz \u2013 Die serienm\u00e4\u00dfige rutschfeste Abdeckung erh\u00f6ht die Fahrsicherheit und verhindert das Ausrutschen auf unebenem Gel\u00e4nde.<\/li>\n<li>Universelle Kompatibilit\u00e4t \u2013 Das 5\/8\u2033-11-Gewinde passt auf alle g\u00e4ngigen GNSS-Empf\u00e4nger und Vermessungsinstrumente.<\/li>\n<li>Robuste Konstruktion \u2013 Aluminiumrohre mit einem Au\u00dfendurchmesser von 32 mm sorgen f\u00fcr Stabilit\u00e4t und langfristige Zuverl\u00e4ssigkeit.<\/li>\n<\/ul>","protected":false},"featured_media":5121,"comment_status":"open","ping_status":"closed","template":"","meta":[],"product_brand":[],"product_cat":[89,143],"product_tag":[],"class_list":{"0":"post-5116","1":"product","2":"type-product","3":"status-publish","4":"has-post-thumbnail","6":"product_cat-surveying-pole-rod","7":"product_cat-gps-pole-thread-lock","9":"first","10":"instock","11":"shipping-taxable","12":"product-type-simple"},"_links":{"self":[{"href":"https:\/\/mountlaser.com\/de\/wp-json\/wp\/v2\/product\/5116","targetHints":{"allow":["GET"]}}],"collection":[{"href":"https:\/\/mountlaser.com\/de\/wp-json\/wp\/v2\/product"}],"about":[{"href":"https:\/\/mountlaser.com\/de\/wp-json\/wp\/v2\/types\/product"}],"replies":[{"embeddable":true,"href":"https:\/\/mountlaser.com\/de\/wp-json\/wp\/v2\/comments?post=5116"}],"wp:featuredmedia":[{"embeddable":true,"href":"https:\/\/mountlaser.com\/de\/wp-json\/wp\/v2\/media\/5121"}],"wp:attachment":[{"href":"https:\/\/mountlaser.com\/de\/wp-json\/wp\/v2\/media?parent=5116"}],"wp:term":[{"taxonomy":"product_brand","embeddable":true,"href":"https:\/\/mountlaser.com\/de\/wp-json\/wp\/v2\/product_brand?post=5116"},{"taxonomy":"product_cat","embeddable":true,"href":"https:\/\/mountlaser.com\/de\/wp-json\/wp\/v2\/product_cat?post=5116"},{"taxonomy":"product_tag","embeddable":true,"href":"https:\/\/mountlaser.com\/de\/wp-json\/wp\/v2\/product_tag?post=5116"}],"curies":[{"name":"wp","href":"https:\/\/api.w.org\/{rel}","templated":true}]}}