{"id":5097,"date":"2025-12-02T07:46:21","date_gmt":"2025-12-02T07:46:21","guid":{"rendered":"https:\/\/mountlaser.com\/?post_type=product&#038;p=5097"},"modified":"2025-12-02T07:46:21","modified_gmt":"2025-12-02T07:46:21","slug":"gp200-2a-gps-pole-thread-lock","status":"publish","type":"product","link":"https:\/\/mountlaser.com\/de\/produkt\/gp200-2a-gps-pole-thread-lock\/","title":{"rendered":"GP200-2A GPS-Stangengewindesicherung"},"content":{"rendered":"<p>Der <a href=\"https:\/\/mountlaser.com\/de\/produkt-kategorie\/surveying-pole-rod\/\">GP200-2A GPS-Stangengewindesicherung<\/a> Die GP200-2A GPS-Messstange ist eine robuste und zuverl\u00e4ssige Messstange, die speziell f\u00fcr professionelle GNSS-Anwendungen entwickelt wurde. Dank ihres widerstandsf\u00e4higen Designs verf\u00fcgt sie \u00fcber einen Gewindesicherungsmechanismus, der sichere H\u00f6henverstellungen und eine stabile Leistung im Feld gew\u00e4hrleistet. Die abnehmbare und leicht zu transportierende Konstruktion macht sie ideal f\u00fcr Vermesser, die Wert auf Mobilit\u00e4t legen, ohne Kompromisse bei der Pr\u00e4zision einzugehen.<\/p>\n<p>Dieses Ger\u00e4t ist aus hochwertigem Aluminium gefertigt und mit einer 30-Zoll-Rundampula auf dem schwarzen Sockel ausgestattet. <a href=\"https:\/\/mountlaser.com\/de\/\">GNSS-Stange<\/a> Gew\u00e4hrleistet pr\u00e4zises Nivellieren auch unter anspruchsvollen Bedingungen. Der Rohrdurchmesser von 32 mm, die rutschfeste Abdeckung und das 5\/8\u2033-11-Befestigungsgewinde sorgen f\u00fcr Kompatibilit\u00e4t mit einer Vielzahl von GNSS-Empf\u00e4ngern. Erh\u00e4ltlich in verschiedenen Farben. <a href=\"https:\/\/mountlaser.com\/de\/contact-us\/\">GP200-2A GPS-Stangengewindesicherung<\/a> Es f\u00fcgt sich nahtlos in jeden Vermessungsablauf ein. Ob als prim\u00e4res GNSS-Messger\u00e4t oder als zuverl\u00e4ssiges Backup im Feld eingesetzt, es bietet Robustheit, Stabilit\u00e4t und langfristige Einsatzf\u00e4higkeit.<\/p>\n<div>\n<table style=\"border-collapse: collapse; width: 1055.28pt;\" border=\"0\" width=\"1407\" cellspacing=\"0\" cellpadding=\"0\">\n<tbody>\n<tr style=\"height: 14.25pt;\">\n<td class=\"et2\" style=\"height: 14.25pt; width: 235.50pt;\" width=\"314\" height=\"19\">NUMMER<\/td>\n<td class=\"et2\" style=\"width: 309.00pt;\" width=\"412\">VERL\u00c4NGERUNG<\/td>\n<td class=\"et2\" style=\"width: 88.50pt;\" width=\"118\">ABSCHNITTE<\/td>\n<td class=\"et2\" style=\"width: 138.00pt;\" width=\"184\">MATERIAL<\/td>\n<td class=\"et2\" style=\"width: 176.25pt;\" width=\"235\">FARBE<\/td>\n<td class=\"et2\" style=\"width: 54.00pt;\" width=\"72\">DURCHMESSER<\/td>\n<td class=\"et3\" style=\"width: 54.00pt;\" width=\"72\">BILD<\/td>\n<\/tr>\n<tr style=\"height: 14.25pt;\">\n<td class=\"et4\" style=\"height: 14.25pt;\" height=\"19\">GP200-2ABK<\/td>\n<td class=\"et4\">200 cm<\/td>\n<td class=\"et5\">2<\/td>\n<td class=\"et4\">Aluminium<\/td>\n<td class=\"et4\">Schwarz<\/td>\n<td class=\"et4\">32 mm<\/td>\n<td><img fetchpriority=\"high\" decoding=\"async\" class=\"alignnone wp-image-5101\" src=\"https:\/\/mountlaser.com\/wp-content\/uploads\/2025\/12\/GP200-2A-4.webp\" alt=\"GP200-2A GPS Pole Thread Lock\" width=\"500\" height=\"500\" srcset=\"https:\/\/mountlaser.com\/wp-content\/uploads\/2025\/12\/GP200-2A-4.webp 1000w, https:\/\/mountlaser.com\/wp-content\/uploads\/2025\/12\/GP200-2A-4-300x300.webp 300w, https:\/\/mountlaser.com\/wp-content\/uploads\/2025\/12\/GP200-2A-4-150x150.webp 150w, https:\/\/mountlaser.com\/wp-content\/uploads\/2025\/12\/GP200-2A-4-768x768.webp 768w, https:\/\/mountlaser.com\/wp-content\/uploads\/2025\/12\/GP200-2A-4-12x12.webp 12w, https:\/\/mountlaser.com\/wp-content\/uploads\/2025\/12\/GP200-2A-4-600x600.webp 600w, https:\/\/mountlaser.com\/wp-content\/uploads\/2025\/12\/GP200-2A-4-800x800.webp 800w, https:\/\/mountlaser.com\/wp-content\/uploads\/2025\/12\/GP200-2A-4-400x400.webp 400w\" sizes=\"(max-width: 500px) 100vw, 500px\" \/><\/td>\n<\/tr>\n<tr style=\"height: 14.25pt;\">\n<td class=\"et4\" style=\"height: 14.25pt;\" height=\"19\">GP200-2AGN<\/td>\n<td class=\"et4\">200 cm<\/td>\n<td class=\"et5\">2<\/td>\n<td class=\"et4\">Aluminium<\/td>\n<td class=\"et4\">Gr\u00fcn<\/td>\n<td class=\"et4\">32 mm<\/td>\n<td><img decoding=\"async\" class=\"alignnone wp-image-5111\" src=\"https:\/\/mountlaser.com\/wp-content\/uploads\/2025\/12\/GP200-2A-5-1.webp\" alt=\"\" width=\"500\" height=\"500\" srcset=\"https:\/\/mountlaser.com\/wp-content\/uploads\/2025\/12\/GP200-2A-5-1.webp 1000w, https:\/\/mountlaser.com\/wp-content\/uploads\/2025\/12\/GP200-2A-5-1-300x300.webp 300w, https:\/\/mountlaser.com\/wp-content\/uploads\/2025\/12\/GP200-2A-5-1-150x150.webp 150w, https:\/\/mountlaser.com\/wp-content\/uploads\/2025\/12\/GP200-2A-5-1-768x768.webp 768w, https:\/\/mountlaser.com\/wp-content\/uploads\/2025\/12\/GP200-2A-5-1-12x12.webp 12w, https:\/\/mountlaser.com\/wp-content\/uploads\/2025\/12\/GP200-2A-5-1-600x600.webp 600w, https:\/\/mountlaser.com\/wp-content\/uploads\/2025\/12\/GP200-2A-5-1-800x800.webp 800w, https:\/\/mountlaser.com\/wp-content\/uploads\/2025\/12\/GP200-2A-5-1-400x400.webp 400w\" sizes=\"(max-width: 500px) 100vw, 500px\" \/><\/td>\n<\/tr>\n<tr style=\"height: 14.25pt;\">\n<td class=\"et4\" style=\"height: 14.25pt;\" height=\"19\">GP200-4AYL<\/td>\n<td class=\"et4\">200 cm<\/td>\n<td class=\"et5\">4<\/td>\n<td class=\"et4\">Aluminium<\/td>\n<td class=\"et4\">Gelb<\/td>\n<td class=\"et4\">32 mm<\/td>\n<td><\/td>\n<\/tr>\n<\/tbody>\n<\/table>\n<\/div>","protected":false},"excerpt":{"rendered":"<ul>\n<li>Bietet eine sichere und stabile H\u00f6henverstellung mit einem Gewindesicherungssystem<\/li>\n<li>Dient als hochpr\u00e4ziser GNSS-Rod f\u00fcr GNSS-Empf\u00e4nger, GPS-Ger\u00e4te und Vermessungsinstrumente.<\/li>\n<li>Gew\u00e4hrleistet pr\u00e4zises Nivellieren durch eine integrierte 30-Fu\u00df-Rundlibelle<\/li>\n<li>Bietet dank abnehmbarem, mehrteiligem Design hohe Mobilit\u00e4t.<\/li>\n<li>Bietet dank seiner rutschfesten Oberfl\u00e4che hervorragenden Halt und Sicherheit.<\/li>\n<li>Kompatibel mit allen GPS\/GNSS-Empf\u00e4ngern mit 5\/8\u2033-11-Gewinde<\/li>\n<li>Inklusive weicher Tragetasche f\u00fcr einfachen Transport und Schutz<\/li>\n<\/ul>","protected":false},"featured_media":5109,"comment_status":"open","ping_status":"closed","template":"","meta":[],"product_brand":[],"product_cat":[89,143],"product_tag":[],"class_list":{"0":"post-5097","1":"product","2":"type-product","3":"status-publish","4":"has-post-thumbnail","6":"product_cat-surveying-pole-rod","7":"product_cat-gps-pole-thread-lock","9":"first","10":"instock","11":"shipping-taxable","12":"product-type-simple"},"_links":{"self":[{"href":"https:\/\/mountlaser.com\/de\/wp-json\/wp\/v2\/product\/5097","targetHints":{"allow":["GET"]}}],"collection":[{"href":"https:\/\/mountlaser.com\/de\/wp-json\/wp\/v2\/product"}],"about":[{"href":"https:\/\/mountlaser.com\/de\/wp-json\/wp\/v2\/types\/product"}],"replies":[{"embeddable":true,"href":"https:\/\/mountlaser.com\/de\/wp-json\/wp\/v2\/comments?post=5097"}],"wp:featuredmedia":[{"embeddable":true,"href":"https:\/\/mountlaser.com\/de\/wp-json\/wp\/v2\/media\/5109"}],"wp:attachment":[{"href":"https:\/\/mountlaser.com\/de\/wp-json\/wp\/v2\/media?parent=5097"}],"wp:term":[{"taxonomy":"product_brand","embeddable":true,"href":"https:\/\/mountlaser.com\/de\/wp-json\/wp\/v2\/product_brand?post=5097"},{"taxonomy":"product_cat","embeddable":true,"href":"https:\/\/mountlaser.com\/de\/wp-json\/wp\/v2\/product_cat?post=5097"},{"taxonomy":"product_tag","embeddable":true,"href":"https:\/\/mountlaser.com\/de\/wp-json\/wp\/v2\/product_tag?post=5097"}],"curies":[{"name":"wp","href":"https:\/\/api.w.org\/{rel}","templated":true}]}}