{"id":5087,"date":"2025-12-02T06:41:46","date_gmt":"2025-12-02T06:41:46","guid":{"rendered":"https:\/\/mountlaser.com\/?post_type=product&#038;p=5087"},"modified":"2025-12-02T06:41:47","modified_gmt":"2025-12-02T06:41:47","slug":"gp180-gps-pole-thread-lock","status":"publish","type":"product","link":"https:\/\/mountlaser.com\/de\/produkt\/gp180-gps-pole-thread-lock\/","title":{"rendered":"GP180 GPS-Stangengewindesicherung"},"content":{"rendered":"<p>Der <a href=\"https:\/\/mountlaser.com\/de\/produkt-kategorie\/surveying-pole-rod\/\"><strong>GP180 GPS-Stangengewindesicherung<\/strong><\/a> Die GP180 GPS-Stangenverschraubung ist eine professionelle L\u00f6sung f\u00fcr Vermesser, die im Au\u00dfeneinsatz h\u00f6chste Stabilit\u00e4t und Zuverl\u00e4ssigkeit ben\u00f6tigen. Das fortschrittliche System gew\u00e4hrleistet eine sichere und vibrationsfeste Verbindung und ist somit ideal f\u00fcr anspruchsvolle GNSS-Anwendungen. Die vielseitige Stange ist mit allen g\u00e4ngigen GPS-Stangen kompatibel, und die abnehmbare Verschraubung sorgt f\u00fcr mehr Mobilit\u00e4t und Benutzerfreundlichkeit. Ob in der GNSS-Robotik, bei Katasterarbeiten oder Bauvermessungen \u2013 die GP180 GPS-Stangenverschraubung bietet t\u00e4glich zuverl\u00e4ssige Leistung.<\/p>\n<p>Jedes St\u00fcck wird aus hochwertiger Kohlefaser gefertigt. <strong><a href=\"https:\/\/mountlaser.com\/de\/about-us\/\">GPS-Stange<\/a> <\/strong>Es bietet au\u00dfergew\u00f6hnliche Stabilit\u00e4t bei minimalem Gewicht und verf\u00fcgt \u00fcber eine pr\u00e4zise 30-Fu\u00df-Libelle mit Aluminiumsockel f\u00fcr sofortiges Nivellieren. Eine integrierte Antirutschkappe verbessert die Handhabung in rauen Umgebungen, w\u00e4hrend das 5\/8\u2033-11-Gewinde universelle Kompatibilit\u00e4t mit g\u00e4ngigen Vermessungsinstrumenten gew\u00e4hrleistet. Dank verschiedener Konfigurationsm\u00f6glichkeiten \u2013 wie den Modellen mit 180 cm und 200 cm \u2013 bietet es vielf\u00e4ltige Einsatzm\u00f6glichkeiten. <a href=\"https:\/\/mountlaser.com\/de\/contact-us\/\">GPS-Stange<\/a> Das System passt sich m\u00fchelos an unterschiedliche Baustellenanforderungen an.<\/p>\n<div>\n<table style=\"border-collapse: collapse; width: 1055.28pt;\" border=\"0\" width=\"1407\" cellspacing=\"0\" cellpadding=\"0\">\n<tbody>\n<tr style=\"height: 14.25pt;\">\n<td class=\"et2\" style=\"height: 14.25pt; width: 235.50pt;\" width=\"314\" height=\"19\">NUMMER<\/td>\n<td class=\"et2\" style=\"width: 309.00pt;\" width=\"412\">VERL\u00c4NGERUNG<\/td>\n<td class=\"et2\" style=\"width: 88.50pt;\" width=\"118\">ABSCHNITTE<\/td>\n<td class=\"et2\" style=\"width: 138.00pt;\" width=\"184\">MATERIAL<\/td>\n<td class=\"et2\" style=\"width: 176.25pt;\" width=\"235\">FARBE<\/td>\n<td class=\"et2\" style=\"width: 54.00pt;\" width=\"72\">DURCHMESSER<\/td>\n<td class=\"et3\" style=\"width: 54.00pt;\" width=\"72\">BILD<\/td>\n<\/tr>\n<tr style=\"height: 14.25pt;\">\n<td class=\"et4\" style=\"height: 14.25pt;\" height=\"19\">GP180-4C<\/td>\n<td class=\"et4\">180 cm<\/td>\n<td class=\"et5\">4<\/td>\n<td class=\"et4\">Hochwertige Kohlefaser<\/td>\n<td class=\"et4\">Schwarz<\/td>\n<td class=\"et4\">32 mm<\/td>\n<td><img fetchpriority=\"high\" decoding=\"async\" class=\"alignnone wp-image-5079\" src=\"https:\/\/mountlaser.com\/wp-content\/uploads\/2025\/12\/GP180-4C-3.webp\" alt=\"GP180 GPS Pole Thread Lock\" width=\"500\" height=\"500\" srcset=\"https:\/\/mountlaser.com\/wp-content\/uploads\/2025\/12\/GP180-4C-3.webp 1000w, https:\/\/mountlaser.com\/wp-content\/uploads\/2025\/12\/GP180-4C-3-300x300.webp 300w, https:\/\/mountlaser.com\/wp-content\/uploads\/2025\/12\/GP180-4C-3-150x150.webp 150w, https:\/\/mountlaser.com\/wp-content\/uploads\/2025\/12\/GP180-4C-3-768x768.webp 768w, https:\/\/mountlaser.com\/wp-content\/uploads\/2025\/12\/GP180-4C-3-12x12.webp 12w, https:\/\/mountlaser.com\/wp-content\/uploads\/2025\/12\/GP180-4C-3-600x600.webp 600w, https:\/\/mountlaser.com\/wp-content\/uploads\/2025\/12\/GP180-4C-3-800x800.webp 800w, https:\/\/mountlaser.com\/wp-content\/uploads\/2025\/12\/GP180-4C-3-400x400.webp 400w\" sizes=\"(max-width: 500px) 100vw, 500px\" \/><\/td>\n<\/tr>\n<tr style=\"height: 14.25pt;\">\n<td class=\"et4\" style=\"height: 14.25pt;\" height=\"19\">GP200-4C<\/td>\n<td class=\"et4\">200 cm<\/td>\n<td class=\"et5\">4<\/td>\n<td class=\"et4\">Hochwertige Kohlefaser<\/td>\n<td class=\"et4\">Schwarz<\/td>\n<td class=\"et4\">32 mm<\/td>\n<td><img decoding=\"async\" class=\"alignnone wp-image-5081\" src=\"https:\/\/mountlaser.com\/wp-content\/uploads\/2025\/12\/GP180-4C-5.webp\" alt=\"GP180 GPS Pole Thread Lock\" width=\"500\" height=\"500\" srcset=\"https:\/\/mountlaser.com\/wp-content\/uploads\/2025\/12\/GP180-4C-5.webp 1000w, https:\/\/mountlaser.com\/wp-content\/uploads\/2025\/12\/GP180-4C-5-300x300.webp 300w, https:\/\/mountlaser.com\/wp-content\/uploads\/2025\/12\/GP180-4C-5-150x150.webp 150w, https:\/\/mountlaser.com\/wp-content\/uploads\/2025\/12\/GP180-4C-5-768x768.webp 768w, https:\/\/mountlaser.com\/wp-content\/uploads\/2025\/12\/GP180-4C-5-12x12.webp 12w, https:\/\/mountlaser.com\/wp-content\/uploads\/2025\/12\/GP180-4C-5-600x600.webp 600w, https:\/\/mountlaser.com\/wp-content\/uploads\/2025\/12\/GP180-4C-5-800x800.webp 800w, https:\/\/mountlaser.com\/wp-content\/uploads\/2025\/12\/GP180-4C-5-400x400.webp 400w\" sizes=\"(max-width: 500px) 100vw, 500px\" \/><\/td>\n<\/tr>\n<tr style=\"height: 14.25pt;\">\n<td class=\"et4\" style=\"height: 14.25pt;\" height=\"19\">GP200-2C<\/td>\n<td class=\"et4\">200 cm<\/td>\n<td class=\"et5\">2<\/td>\n<td class=\"et4\">Hochwertige Kohlefaser<\/td>\n<td class=\"et4\">Schwarz<\/td>\n<td class=\"et4\">32 mm<\/td>\n<td><img decoding=\"async\" class=\"alignnone wp-image-5091\" src=\"https:\/\/mountlaser.com\/wp-content\/uploads\/2025\/12\/GP200-2C-4.webp\" alt=\"GP180 GPS Pole Thread Lock\" width=\"500\" height=\"500\" srcset=\"https:\/\/mountlaser.com\/wp-content\/uploads\/2025\/12\/GP200-2C-4.webp 1000w, https:\/\/mountlaser.com\/wp-content\/uploads\/2025\/12\/GP200-2C-4-300x300.webp 300w, https:\/\/mountlaser.com\/wp-content\/uploads\/2025\/12\/GP200-2C-4-150x150.webp 150w, https:\/\/mountlaser.com\/wp-content\/uploads\/2025\/12\/GP200-2C-4-768x768.webp 768w, https:\/\/mountlaser.com\/wp-content\/uploads\/2025\/12\/GP200-2C-4-12x12.webp 12w, https:\/\/mountlaser.com\/wp-content\/uploads\/2025\/12\/GP200-2C-4-600x600.webp 600w, https:\/\/mountlaser.com\/wp-content\/uploads\/2025\/12\/GP200-2C-4-800x800.webp 800w, https:\/\/mountlaser.com\/wp-content\/uploads\/2025\/12\/GP200-2C-4-400x400.webp 400w\" sizes=\"(max-width: 500px) 100vw, 500px\" \/><\/td>\n<\/tr>\n<\/tbody>\n<\/table>\n<\/div>","protected":false},"excerpt":{"rendered":"<ul>\n<li>Sicheres Gewindesicherungssystem: Gew\u00e4hrleistet eine feste und zuverl\u00e4ssige Verbindung zwischen den Polsegmenten f\u00fcr eine verbesserte GNSS-Genauigkeit.<\/li>\n<li>Hohe Belastbarkeit: Die hochwertige Kohlefaserkonstruktion sorgt f\u00fcr au\u00dfergew\u00f6hnliche Steifigkeit und lange Lebensdauer.<\/li>\n<li>Pr\u00e4zises Nivellieren: Die Wasserwaage mit Aluminium-Libellenfu\u00df und 30-Zoll-Rundlibelle erm\u00f6glicht einen schnellen Aufbau und eine genaue Positionierung.<\/li>\n<li>Kompakt und tragbar: Das abnehmbare Design und die weiche Tragetasche erm\u00f6glichen einen einfachen Transport und eine platzsparende Aufbewahrung.<\/li>\n<li>Universelle Kompatibilit\u00e4t: Ausgestattet mit einem 5\/8\u2033-11-Gewinde, geeignet f\u00fcr eine breite Palette von GNSS-Empf\u00e4ngern, Prismen und Zubeh\u00f6r.<\/li>\n<li>Verbesserter Grip und Stabilit\u00e4t: Die rutschfeste Oberfl\u00e4che gew\u00e4hrleistet sicheres Handling auf nassem, staubigem oder unebenem Untergrund.<\/li>\n<\/ul>","protected":false},"featured_media":5079,"comment_status":"open","ping_status":"closed","template":"","meta":[],"product_brand":[],"product_cat":[89,143],"product_tag":[],"class_list":{"0":"post-5087","1":"product","2":"type-product","3":"status-publish","4":"has-post-thumbnail","6":"product_cat-surveying-pole-rod","7":"product_cat-gps-pole-thread-lock","9":"first","10":"instock","11":"shipping-taxable","12":"product-type-simple"},"_links":{"self":[{"href":"https:\/\/mountlaser.com\/de\/wp-json\/wp\/v2\/product\/5087","targetHints":{"allow":["GET"]}}],"collection":[{"href":"https:\/\/mountlaser.com\/de\/wp-json\/wp\/v2\/product"}],"about":[{"href":"https:\/\/mountlaser.com\/de\/wp-json\/wp\/v2\/types\/product"}],"replies":[{"embeddable":true,"href":"https:\/\/mountlaser.com\/de\/wp-json\/wp\/v2\/comments?post=5087"}],"wp:featuredmedia":[{"embeddable":true,"href":"https:\/\/mountlaser.com\/de\/wp-json\/wp\/v2\/media\/5079"}],"wp:attachment":[{"href":"https:\/\/mountlaser.com\/de\/wp-json\/wp\/v2\/media?parent=5087"}],"wp:term":[{"taxonomy":"product_brand","embeddable":true,"href":"https:\/\/mountlaser.com\/de\/wp-json\/wp\/v2\/product_brand?post=5087"},{"taxonomy":"product_cat","embeddable":true,"href":"https:\/\/mountlaser.com\/de\/wp-json\/wp\/v2\/product_cat?post=5087"},{"taxonomy":"product_tag","embeddable":true,"href":"https:\/\/mountlaser.com\/de\/wp-json\/wp\/v2\/product_tag?post=5087"}],"curies":[{"name":"wp","href":"https:\/\/api.w.org\/{rel}","templated":true}]}}