{"id":5063,"date":"2025-12-02T05:10:42","date_gmt":"2025-12-02T05:10:42","guid":{"rendered":"https:\/\/mountlaser.com\/?post_type=product&#038;p=5063"},"modified":"2025-12-02T05:10:42","modified_gmt":"2025-12-02T05:10:42","slug":"ad-d64-pole-adapter","status":"publish","type":"product","link":"https:\/\/mountlaser.com\/de\/produkt\/ad-d64-pole-adapter\/","title":{"rendered":"AD-D64 Stangenadapter"},"content":{"rendered":"<p>Der <a href=\"https:\/\/mountlaser.com\/de\/\"><strong>AD-D64 Stangenadapter<\/strong><\/a> Der AD-D64 Stangenadapter ist ein pr\u00e4zisionsgefertigtes Zubeh\u00f6rteil, das die Kompatibilit\u00e4t und Flexibilit\u00e4t in GNSS-Robotik- und Totalstations-Vermessungsanwendungen verbessert. Er wurde f\u00fcr den professionellen Feldeinsatz entwickelt und gew\u00e4hrleistet die nahtlose Integration mit austauschbaren Vermessungsstangen sowie eine stabile und pr\u00e4zise Zielpositionierung. <a href=\"https:\/\/mountlaser.com\/de\/products\/\"><strong>Verl\u00e4ngerungsstangenadapter<\/strong><\/a>, Es erm\u00f6glicht Vermessern, schnell zwischen verschiedenen Zielsystemen zu wechseln und dabei eine gleichbleibende Messgenauigkeit zu gew\u00e4hrleisten.<\/p>\n<p>Speziell f\u00fcr das Schweizer GPH1-Ziel entwickelt, <a href=\"https:\/\/mountlaser.com\/de\/contact-us\/\">AD-D64 Stangenadapter<\/a> Mit einer Zielh\u00f6he von 86 mm und einer Adapterl\u00e4nge von 50 mm gew\u00e4hrleistet der AD-D64 Mastadapter eine pr\u00e4zise Ausrichtung und zuverl\u00e4ssige Leistung im Feld. Dank des standardm\u00e4\u00dfigen 5\/8\u2033-11-Gewindes ist er mit einer Vielzahl von Vermessungsger\u00e4ten kompatibel. Ob zur Aufr\u00fcstung einer bestehenden Mastkonstruktion oder zur Anpassung an neue Hardware \u2013 der AD-D64 Mastadapter garantiert eine schnelle, sichere und pr\u00e4zise Installation.<\/p>\n<div>\n<table style=\"border-collapse: collapse; width: 947.27pt;\" border=\"0\" width=\"1263\" cellspacing=\"0\" cellpadding=\"0\">\n<tbody>\n<tr style=\"height: 17.25pt;\">\n<td class=\"et2\" style=\"height: 17.25pt; width: 235.50pt;\" width=\"314\" height=\"23\">TEILENUMMER<\/td>\n<td class=\"et3\" style=\"width: 309.00pt;\" width=\"412\">ZIELGRUPPE ENTWICKELT F\u00dcR<\/td>\n<td class=\"et3\" style=\"width: 88.50pt;\" width=\"118\">ZIELGEH\u00d6HE<\/td>\n<td class=\"et3\" style=\"width: 138.00pt;\" width=\"184\">Adapterl\u00e4nge<\/td>\n<td class=\"et4\" style=\"width: 176.25pt;\" width=\"235\">BILD<\/td>\n<\/tr>\n<tr style=\"height: 14.25pt;\">\n<td class=\"et5\" style=\"height: 14.25pt;\" height=\"19\">AD-D64<\/td>\n<td class=\"et5\">Schweizer GPH1<\/td>\n<td class=\"et5\">86 mm<\/td>\n<td class=\"et5\">50 mm<\/td>\n<td><img fetchpriority=\"high\" decoding=\"async\" class=\"alignnone wp-image-5067\" src=\"https:\/\/mountlaser.com\/wp-content\/uploads\/2025\/12\/AD-D64-4.webp\" alt=\"AD-D64 Pole Adapter\" width=\"500\" height=\"500\" srcset=\"https:\/\/mountlaser.com\/wp-content\/uploads\/2025\/12\/AD-D64-4.webp 1000w, https:\/\/mountlaser.com\/wp-content\/uploads\/2025\/12\/AD-D64-4-300x300.webp 300w, https:\/\/mountlaser.com\/wp-content\/uploads\/2025\/12\/AD-D64-4-150x150.webp 150w, https:\/\/mountlaser.com\/wp-content\/uploads\/2025\/12\/AD-D64-4-768x768.webp 768w, https:\/\/mountlaser.com\/wp-content\/uploads\/2025\/12\/AD-D64-4-12x12.webp 12w, https:\/\/mountlaser.com\/wp-content\/uploads\/2025\/12\/AD-D64-4-600x600.webp 600w, https:\/\/mountlaser.com\/wp-content\/uploads\/2025\/12\/AD-D64-4-800x800.webp 800w, https:\/\/mountlaser.com\/wp-content\/uploads\/2025\/12\/AD-D64-4-400x400.webp 400w\" sizes=\"(max-width: 500px) 100vw, 500px\" \/><\/td>\n<\/tr>\n<\/tbody>\n<\/table>\n<\/div>","protected":false},"excerpt":{"rendered":"<ul>\n<li>Austauschbare Designkompatibilit\u00e4t: Funktioniert mit Vermessungsstangen, die f\u00fcr GNSS-Robotik und Totalstationsoperationen entwickelt wurden.<\/li>\n<li>Erweiterungsfunktion: Dient als zuverl\u00e4ssiger Verl\u00e4ngerungsstangenadapter zum Einstellen und Umwandeln der Zielh\u00f6he.<\/li>\n<li>Pr\u00e4zise Zielausrichtung: Speziell f\u00fcr die Schweizer GPH1-Zielscheibe mit einer Zielh\u00f6he von 86 mm entwickelt.<\/li>\n<li>Standard-Befestigungsgewinde: Verf\u00fcgt \u00fcber ein universelles 5\/8\u2033-11-Gewinde f\u00fcr eine breite Ger\u00e4tekompatibilit\u00e4t.<\/li>\n<li>Optimierte Adapterl\u00e4nge: 50 mm Adapterl\u00e4nge f\u00fcr eine konsistente Messgeometrie.<\/li>\n<li>Schnelle Konvertierungsf\u00e4higkeit: Erm\u00f6glicht schnelles Umschalten zwischen Anwendungen durch einfaches Austauschen der Adapter.<\/li>\n<li>Robuste Konstruktion: Entwickelt f\u00fcr den dauerhaften Einsatz im anspruchsvollen Vermessungsumfeld.<\/li>\n<\/ul>","protected":false},"featured_media":5064,"comment_status":"open","ping_status":"closed","template":"","meta":[],"product_brand":[],"product_cat":[142,89],"product_tag":[],"class_list":{"0":"post-5063","1":"product","2":"type-product","3":"status-publish","4":"has-post-thumbnail","6":"product_cat-pole-adapter","7":"product_cat-surveying-pole-rod","9":"first","10":"instock","11":"shipping-taxable","12":"product-type-simple"},"_links":{"self":[{"href":"https:\/\/mountlaser.com\/de\/wp-json\/wp\/v2\/product\/5063","targetHints":{"allow":["GET"]}}],"collection":[{"href":"https:\/\/mountlaser.com\/de\/wp-json\/wp\/v2\/product"}],"about":[{"href":"https:\/\/mountlaser.com\/de\/wp-json\/wp\/v2\/types\/product"}],"replies":[{"embeddable":true,"href":"https:\/\/mountlaser.com\/de\/wp-json\/wp\/v2\/comments?post=5063"}],"wp:featuredmedia":[{"embeddable":true,"href":"https:\/\/mountlaser.com\/de\/wp-json\/wp\/v2\/media\/5064"}],"wp:attachment":[{"href":"https:\/\/mountlaser.com\/de\/wp-json\/wp\/v2\/media?parent=5063"}],"wp:term":[{"taxonomy":"product_brand","embeddable":true,"href":"https:\/\/mountlaser.com\/de\/wp-json\/wp\/v2\/product_brand?post=5063"},{"taxonomy":"product_cat","embeddable":true,"href":"https:\/\/mountlaser.com\/de\/wp-json\/wp\/v2\/product_cat?post=5063"},{"taxonomy":"product_tag","embeddable":true,"href":"https:\/\/mountlaser.com\/de\/wp-json\/wp\/v2\/product_tag?post=5063"}],"curies":[{"name":"wp","href":"https:\/\/api.w.org\/{rel}","templated":true}]}}