{"id":5030,"date":"2025-12-02T03:25:10","date_gmt":"2025-12-02T03:25:10","guid":{"rendered":"https:\/\/mountlaser.com\/?post_type=product&#038;p=5030"},"modified":"2025-12-02T03:25:10","modified_gmt":"2025-12-02T03:25:10","slug":"ad-b15-pole-adapter","status":"publish","type":"product","link":"https:\/\/mountlaser.com\/de\/produkt\/ad-b15-pole-adapter\/","title":{"rendered":"AD-B15 Stangenadapter"},"content":{"rendered":"<p>Der <a href=\"https:\/\/mountlaser.com\/de\/\"><strong>Stangenadapter<\/strong><\/a> Der pr\u00e4zisionsgefertigte Stangenadapter verbessert die Kompatibilit\u00e4t und Flexibilit\u00e4t von GNSS-, Roboter- und Totalstations-Vermessungsstangen. Er wurde speziell f\u00fcr Anwender im Au\u00dfendienst entwickelt, die h\u00e4ufig zwischen verschiedenen Messpunkten wechseln, und erm\u00f6glicht durch einfaches Austauschen der Adapter sofortige Konfigurations\u00e4nderungen \u2013 ein unverzichtbares Werkzeug f\u00fcr effiziente Arbeitsabl\u00e4ufe.<\/p>\n<p>Hergestellt aus robusten Materialien und mit einem universellen 5\/8\u2033-11-Befestigungsgewinde ausgestattet, <a href=\"https:\/\/mountlaser.com\/de\/about-us\/\"><strong>Gewindestangenadapter<\/strong> <\/a>Gew\u00e4hrleistet eine sichere und stabile Verbindung f\u00fcr eine Vielzahl von Vermessungszielen. Jeder Gewindestangenadapter ist in spezifischen L\u00e4ngen erh\u00e4ltlich, um eine exakte Zielh\u00f6he von 150 mm zu erreichen und somit Genauigkeit in verschiedenen Anwendungsbereichen zu garantieren.<\/p>\n<p><a href=\"https:\/\/mountlaser.com\/de\/contact-us\/\">Mehrere Adaptermodelle<\/a>Die Mastadapter \u2013 darunter AD-B15, AD-B35, AD-B50, AD-B73, AD-B80 und AD-B100 \u2013 bieten ma\u00dfgeschneiderte Kompatibilit\u00e4t mit Prismen von Trimble, Zeiss, Topcon und MountLaser und damit un\u00fcbertroffene Flexibilit\u00e4t im Feld. Ob Sie 360\u00b0-Prismen, Mini-Prismen oder verstellbare Messziele verwenden: Der Mastadapter gew\u00e4hrleistet pr\u00e4zise Ausrichtung, schnelle Umr\u00fcstung und lange Lebensdauer.<\/p>\n<div>\n<table style=\"border-collapse: collapse; width: 947.27pt;\" border=\"0\" width=\"1263\" cellspacing=\"0\" cellpadding=\"0\">\n<tbody>\n<tr style=\"height: 17.25pt;\">\n<td class=\"et2\" style=\"height: 17.25pt; width: 235.50pt;\" width=\"314\" height=\"23\">TEILENUMMER<\/td>\n<td class=\"et3\" style=\"width: 309.00pt;\" width=\"412\">ZIELGRUPPE ENTWICKELT F\u00dcR<\/td>\n<td class=\"et3\" style=\"width: 88.50pt;\" width=\"118\">ZIELGEH\u00d6HE<\/td>\n<td class=\"et3\" style=\"width: 138.00pt;\" width=\"184\">Adapterl\u00e4nge<\/td>\n<td class=\"et4\" style=\"width: 176.25pt;\" width=\"235\">BILD<\/td>\n<\/tr>\n<tr style=\"height: 14.25pt;\">\n<td class=\"et5\" style=\"height: 14.25pt;\" height=\"19\">AD-B15<\/td>\n<td class=\"et5\">TRI RMT, verstellbar<\/td>\n<td class=\"et5\">135 mm<\/td>\n<td class=\"et5\">15 mm<\/td>\n<td><img fetchpriority=\"high\" decoding=\"async\" class=\"alignnone wp-image-5022\" src=\"https:\/\/mountlaser.com\/wp-content\/uploads\/2025\/12\/AD-B15-2.webp\" alt=\"Pole Adapter\" width=\"500\" height=\"500\" srcset=\"https:\/\/mountlaser.com\/wp-content\/uploads\/2025\/12\/AD-B15-2.webp 1000w, https:\/\/mountlaser.com\/wp-content\/uploads\/2025\/12\/AD-B15-2-300x300.webp 300w, https:\/\/mountlaser.com\/wp-content\/uploads\/2025\/12\/AD-B15-2-150x150.webp 150w, https:\/\/mountlaser.com\/wp-content\/uploads\/2025\/12\/AD-B15-2-768x768.webp 768w, https:\/\/mountlaser.com\/wp-content\/uploads\/2025\/12\/AD-B15-2-12x12.webp 12w, https:\/\/mountlaser.com\/wp-content\/uploads\/2025\/12\/AD-B15-2-600x600.webp 600w, https:\/\/mountlaser.com\/wp-content\/uploads\/2025\/12\/AD-B15-2-800x800.webp 800w, https:\/\/mountlaser.com\/wp-content\/uploads\/2025\/12\/AD-B15-2-400x400.webp 400w\" sizes=\"(max-width: 500px) 100vw, 500px\" \/><\/td>\n<\/tr>\n<tr style=\"height: 14.25pt;\">\n<td class=\"et5\" style=\"height: 14.25pt;\" height=\"19\">AD-B35<\/td>\n<td class=\"et5\">MountLaser Prismenh\u00f6he 115 mm<\/td>\n<td class=\"et5\">115 mm<\/td>\n<td class=\"et5\">35 mm<\/td>\n<td><img decoding=\"async\" class=\"alignnone wp-image-5031\" src=\"https:\/\/mountlaser.com\/wp-content\/uploads\/2025\/12\/AD-B35-1.webp\" alt=\"Pole Adapter\" width=\"500\" height=\"500\" srcset=\"https:\/\/mountlaser.com\/wp-content\/uploads\/2025\/12\/AD-B35-1.webp 1000w, https:\/\/mountlaser.com\/wp-content\/uploads\/2025\/12\/AD-B35-1-300x300.webp 300w, https:\/\/mountlaser.com\/wp-content\/uploads\/2025\/12\/AD-B35-1-150x150.webp 150w, https:\/\/mountlaser.com\/wp-content\/uploads\/2025\/12\/AD-B35-1-768x768.webp 768w, https:\/\/mountlaser.com\/wp-content\/uploads\/2025\/12\/AD-B35-1-12x12.webp 12w, https:\/\/mountlaser.com\/wp-content\/uploads\/2025\/12\/AD-B35-1-600x600.webp 600w, https:\/\/mountlaser.com\/wp-content\/uploads\/2025\/12\/AD-B35-1-800x800.webp 800w, https:\/\/mountlaser.com\/wp-content\/uploads\/2025\/12\/AD-B35-1-400x400.webp 400w\" sizes=\"(max-width: 500px) 100vw, 500px\" \/><\/td>\n<\/tr>\n<tr style=\"height: 14.25pt;\">\n<td class=\"et5\" style=\"height: 14.25pt;\" height=\"19\">AD-B50<\/td>\n<td class=\"et5\">Zeiss 360\u00b0-Prisma<\/td>\n<td class=\"et5\">100 mm<\/td>\n<td class=\"et5\">50 mm<\/td>\n<td><img decoding=\"async\" class=\"alignnone wp-image-5039\" src=\"https:\/\/mountlaser.com\/wp-content\/uploads\/2025\/12\/AD-B50-1.webp\" alt=\"Pole Adapter\" width=\"500\" height=\"500\" srcset=\"https:\/\/mountlaser.com\/wp-content\/uploads\/2025\/12\/AD-B50-1.webp 1000w, https:\/\/mountlaser.com\/wp-content\/uploads\/2025\/12\/AD-B50-1-300x300.webp 300w, https:\/\/mountlaser.com\/wp-content\/uploads\/2025\/12\/AD-B50-1-150x150.webp 150w, https:\/\/mountlaser.com\/wp-content\/uploads\/2025\/12\/AD-B50-1-768x768.webp 768w, https:\/\/mountlaser.com\/wp-content\/uploads\/2025\/12\/AD-B50-1-12x12.webp 12w, https:\/\/mountlaser.com\/wp-content\/uploads\/2025\/12\/AD-B50-1-600x600.webp 600w, https:\/\/mountlaser.com\/wp-content\/uploads\/2025\/12\/AD-B50-1-800x800.webp 800w, https:\/\/mountlaser.com\/wp-content\/uploads\/2025\/12\/AD-B50-1-400x400.webp 400w\" sizes=\"(max-width: 500px) 100vw, 500px\" \/><\/td>\n<\/tr>\n<tr style=\"height: 14.25pt;\">\n<td class=\"et5\" style=\"height: 14.25pt;\" height=\"19\">AD-B73<\/td>\n<td class=\"et5\">TOP 360\u00b0-Prisma<\/td>\n<td class=\"et5\">77 mm<\/td>\n<td class=\"et5\">73 mm<\/td>\n<td><img loading=\"lazy\" decoding=\"async\" class=\"alignnone wp-image-5052\" src=\"https:\/\/mountlaser.com\/wp-content\/uploads\/2025\/12\/AD-B80-5.webp\" alt=\"Pole Adapter\" width=\"500\" height=\"500\" srcset=\"https:\/\/mountlaser.com\/wp-content\/uploads\/2025\/12\/AD-B80-5.webp 1000w, https:\/\/mountlaser.com\/wp-content\/uploads\/2025\/12\/AD-B80-5-300x300.webp 300w, https:\/\/mountlaser.com\/wp-content\/uploads\/2025\/12\/AD-B80-5-150x150.webp 150w, https:\/\/mountlaser.com\/wp-content\/uploads\/2025\/12\/AD-B80-5-768x768.webp 768w, https:\/\/mountlaser.com\/wp-content\/uploads\/2025\/12\/AD-B80-5-12x12.webp 12w, https:\/\/mountlaser.com\/wp-content\/uploads\/2025\/12\/AD-B80-5-600x600.webp 600w, https:\/\/mountlaser.com\/wp-content\/uploads\/2025\/12\/AD-B80-5-800x800.webp 800w, https:\/\/mountlaser.com\/wp-content\/uploads\/2025\/12\/AD-B80-5-400x400.webp 400w\" sizes=\"(max-width: 500px) 100vw, 500px\" \/><\/td>\n<\/tr>\n<tr style=\"height: 14.25pt;\">\n<td class=\"et5\" style=\"height: 14.25pt;\" height=\"19\">AD-B80<\/td>\n<td class=\"et5\">MountLaser Mini-Prisma<\/td>\n<td class=\"et5\">70 mm<\/td>\n<td class=\"et5\">80 mm<\/td>\n<td><img loading=\"lazy\" decoding=\"async\" class=\"alignnone wp-image-5048\" src=\"https:\/\/mountlaser.com\/wp-content\/uploads\/2025\/12\/AD-B80-1.webp\" alt=\"\" width=\"500\" height=\"500\" srcset=\"https:\/\/mountlaser.com\/wp-content\/uploads\/2025\/12\/AD-B80-1.webp 1000w, https:\/\/mountlaser.com\/wp-content\/uploads\/2025\/12\/AD-B80-1-300x300.webp 300w, https:\/\/mountlaser.com\/wp-content\/uploads\/2025\/12\/AD-B80-1-150x150.webp 150w, https:\/\/mountlaser.com\/wp-content\/uploads\/2025\/12\/AD-B80-1-768x768.webp 768w, https:\/\/mountlaser.com\/wp-content\/uploads\/2025\/12\/AD-B80-1-12x12.webp 12w, https:\/\/mountlaser.com\/wp-content\/uploads\/2025\/12\/AD-B80-1-600x600.webp 600w, https:\/\/mountlaser.com\/wp-content\/uploads\/2025\/12\/AD-B80-1-800x800.webp 800w, https:\/\/mountlaser.com\/wp-content\/uploads\/2025\/12\/AD-B80-1-400x400.webp 400w\" sizes=\"(max-width: 500px) 100vw, 500px\" \/><\/td>\n<\/tr>\n<tr style=\"height: 14.25pt;\">\n<td class=\"et5\" style=\"height: 14.25pt;\" height=\"19\">AD-B100<\/td>\n<td class=\"et5\">TOP 360\u00b0 Prisma ATP1 ATP2<\/td>\n<td class=\"et5\">50 mm<\/td>\n<td class=\"et5\">100 mm<\/td>\n<td class=\"et6\"><img loading=\"lazy\" decoding=\"async\" class=\"alignnone wp-image-5059\" src=\"https:\/\/mountlaser.com\/wp-content\/uploads\/2025\/12\/AD-B100-4.webp\" alt=\"Pole Adapter\" width=\"500\" height=\"500\" srcset=\"https:\/\/mountlaser.com\/wp-content\/uploads\/2025\/12\/AD-B100-4.webp 1000w, https:\/\/mountlaser.com\/wp-content\/uploads\/2025\/12\/AD-B100-4-300x300.webp 300w, https:\/\/mountlaser.com\/wp-content\/uploads\/2025\/12\/AD-B100-4-150x150.webp 150w, https:\/\/mountlaser.com\/wp-content\/uploads\/2025\/12\/AD-B100-4-768x768.webp 768w, https:\/\/mountlaser.com\/wp-content\/uploads\/2025\/12\/AD-B100-4-12x12.webp 12w, https:\/\/mountlaser.com\/wp-content\/uploads\/2025\/12\/AD-B100-4-600x600.webp 600w, https:\/\/mountlaser.com\/wp-content\/uploads\/2025\/12\/AD-B100-4-800x800.webp 800w, https:\/\/mountlaser.com\/wp-content\/uploads\/2025\/12\/AD-B100-4-400x400.webp 400w\" sizes=\"(max-width: 500px) 100vw, 500px\" \/><\/td>\n<\/tr>\n<\/tbody>\n<\/table>\n<\/div>","protected":false},"excerpt":{"rendered":"<ul>\n<li>Bietet eine sichere und pr\u00e4zise Befestigung f\u00fcr GNSS- und Totalstationsmasten.<\/li>\n<li>Erm\u00f6glicht schnelles Umschalten zwischen verschiedenen Vermessungszielen<\/li>\n<li>Gew\u00e4hrleistet eine einheitliche Zielh\u00f6he (150 mm) bei allen Adaptertypen<\/li>\n<li>Kompatibel mit verschiedenen Marken und Prismensystemen<\/li>\n<li>Ideal f\u00fcr Feldvermessung, \u00dcberwachung und Baumessung<\/li>\n<\/ul>","protected":false},"featured_media":5021,"comment_status":"open","ping_status":"closed","template":"","meta":[],"product_brand":[],"product_cat":[89,142],"product_tag":[],"class_list":{"0":"post-5030","1":"product","2":"type-product","3":"status-publish","4":"has-post-thumbnail","6":"product_cat-surveying-pole-rod","7":"product_cat-pole-adapter","9":"first","10":"instock","11":"shipping-taxable","12":"product-type-simple"},"_links":{"self":[{"href":"https:\/\/mountlaser.com\/de\/wp-json\/wp\/v2\/product\/5030","targetHints":{"allow":["GET"]}}],"collection":[{"href":"https:\/\/mountlaser.com\/de\/wp-json\/wp\/v2\/product"}],"about":[{"href":"https:\/\/mountlaser.com\/de\/wp-json\/wp\/v2\/types\/product"}],"replies":[{"embeddable":true,"href":"https:\/\/mountlaser.com\/de\/wp-json\/wp\/v2\/comments?post=5030"}],"wp:featuredmedia":[{"embeddable":true,"href":"https:\/\/mountlaser.com\/de\/wp-json\/wp\/v2\/media\/5021"}],"wp:attachment":[{"href":"https:\/\/mountlaser.com\/de\/wp-json\/wp\/v2\/media?parent=5030"}],"wp:term":[{"taxonomy":"product_brand","embeddable":true,"href":"https:\/\/mountlaser.com\/de\/wp-json\/wp\/v2\/product_brand?post=5030"},{"taxonomy":"product_cat","embeddable":true,"href":"https:\/\/mountlaser.com\/de\/wp-json\/wp\/v2\/product_cat?post=5030"},{"taxonomy":"product_tag","embeddable":true,"href":"https:\/\/mountlaser.com\/de\/wp-json\/wp\/v2\/product_tag?post=5030"}],"curies":[{"name":"wp","href":"https:\/\/api.w.org\/{rel}","templated":true}]}}