{"id":4942,"date":"2025-11-26T03:29:18","date_gmt":"2025-11-26T03:29:18","guid":{"rendered":"https:\/\/mountlaser.com\/?post_type=product&#038;p=4942"},"modified":"2025-11-26T03:29:18","modified_gmt":"2025-11-26T03:29:18","slug":"auto-levels-b-series","status":"publish","type":"product","link":"https:\/\/mountlaser.com\/de\/produkt\/auto-levels-b-series\/","title":{"rendered":"Automatische Niveauregulierung B-Serie"},"content":{"rendered":"<p>Erreichen Sie mit dem\/der [Produktname] un\u00fcbertroffene Pr\u00e4zision und Zuverl\u00e4ssigkeit bei Ihren Feldarbeiten. <a href=\"https:\/\/mountlaser.com\/de\/about-us\/\">Automatische Niveauregulierung B-Serie<\/a> von Mount Laser.<br \/>\nDiese vielseitige Produktpalette der Auto Levels B-Serie umfasst:<br \/>\nAutomatische Niveauregulierung B20<br \/>\nAutomatische Niveauregulierung B30<br \/>\nAutomatische Niveauregulierung B30A<br \/>\nAutomatische Niveauregulierung B40<br \/>\nDie Auto Levels B40A-Modelle wurden entwickelt, um die strengen Anforderungen jeder Anwendung zu erf\u00fcllen. <a href=\"https:\/\/mountlaser.com\/de\/about-us\/\">automatische Nivellierungsmessung<\/a>. Von hochpr\u00e4zisen Absteckungsarbeiten im Bauwesen bis hin zu allgemeinen Planierungsarbeiten gibt es f\u00fcr die Genauigkeitsanforderungen Ihres Projekts ein Instrument der B-Serie, das perfekt geeignet ist.<br \/>\nBei der Planung Ihrer n\u00e4chsten Nivelliervermessung ist die Wahl der Ausr\u00fcstung entscheidend, und die B-Serie bietet die zuverl\u00e4ssige Leistung, auf die Profis vertrauen. Dank der Kombination aus fortschrittlichen Funktionen und einem hervorragenden Preis-Leistungs-Verh\u00e4ltnis war die Investition in ein robustes Nivellierger\u00e4t der B-Serie noch nie so einfach.<\/p>\n<p>Die Serie bietet eine Reihe von Genauigkeiten, von einer hohen Pr\u00e4zision von 0,7 mm (B20) bis hin zu einer robusten Standardabweichung von 2,0 mm pro 1 km Doppelnivellierung, wodurch die Datenintegrit\u00e4t f\u00fcr jede Aufgabe gew\u00e4hrleistet wird.<\/p>\n<p><strong>Spezifikationen der Auto Levels B-Serie<\/strong><\/p>\n<table width=\"1552\">\n<tbody>\n<tr>\n<td width=\"266\">Modellnr.<\/td>\n<td width=\"256\">B20<\/td>\n<td width=\"257\">B30<\/td>\n<td width=\"258\">B30A<\/td>\n<td width=\"254\">B40<\/td>\n<td width=\"261\">B40A<\/td>\n<\/tr>\n<tr>\n<td>Marke<\/td>\n<td>TP\/ SK<\/td>\n<td>TP\/ SK<\/td>\n<td>TP\/ SK<\/td>\n<td>TP\/ SK<\/td>\n<td>TP\/ SK<\/td>\n<\/tr>\n<tr>\n<td>Standardabweichung f\u00fcr 1 km Doppellauf-Nivellierung<\/td>\n<td>0,7 mm<\/td>\n<td>1,5 mm<\/td>\n<td>2,0 mm<\/td>\n<td>2,0 mm<\/td>\n<td>1,5 mm<\/td>\n<\/tr>\n<tr>\n<td>Teleskopvergr\u00f6\u00dferung<\/td>\n<td>32X<\/td>\n<td>28X<\/td>\n<td>24X<\/td>\n<td>24X<\/td>\n<td>28X<\/td>\n<\/tr>\n<tr>\n<td>Teleskopbild<\/td>\n<td>Aufrecht<\/td>\n<td>Aufrecht<\/td>\n<td>Aufrecht<\/td>\n<td>Aufrecht<\/td>\n<td>Aufrecht<\/td>\n<\/tr>\n<tr>\n<td>K\u00fcrzeste Sichtdistanz<\/td>\n<td>0,3 m<\/td>\n<td>0,3 m<\/td>\n<td>0,3 m<\/td>\n<td>0,3 m<\/td>\n<td>0,3 m<\/td>\n<\/tr>\n<tr>\n<td>Sichtweitenfehler<\/td>\n<td>\u2264\u00b10,4%<\/td>\n<td>\u2264\u00b10,4%<\/td>\n<td>\u2264\u00b10,4%<\/td>\n<td>\u2264\u00b10,4%<\/td>\n<td>\u2264\u00b10,4%<\/td>\n<\/tr>\n<tr>\n<td>Effektive Aperturgr\u00f6\u00dfe der Objektivlinse<\/td>\n<td>42 mm<\/td>\n<td>36 mm<\/td>\n<td>36 mm<\/td>\n<td>32 mm<\/td>\n<td>32 mm<\/td>\n<\/tr>\n<tr>\n<td>Aufl\u00f6sung<\/td>\n<td>\u22643,0\u2033<\/td>\n<td>\u22643,5\u2033<\/td>\n<td>\u22643,5\u2033<\/td>\n<td>\u22644,0\u2033<\/td>\n<td>\u22644,0\u2033<\/td>\n<\/tr>\n<tr>\n<td>Blickwinkel<\/td>\n<td>1\u00b025\u2032<\/td>\n<td>1\u00b025\u2032<\/td>\n<td>1\u00b025\u2032<\/td>\n<td>1\u00b025\u2032<\/td>\n<td>1\u00b025\u2032<\/td>\n<\/tr>\n<tr>\n<td>Fokussierungsfehler<\/td>\n<td>\u22640,5 mm<\/td>\n<td>\u22641,0 mm<\/td>\n<td>\u22641,0 mm<\/td>\n<td>\u22641,0 mm<\/td>\n<td>\u22641,0 mm<\/td>\n<\/tr>\n<tr>\n<td>Kompensatortyp<\/td>\n<td>Magnetische D\u00e4mpfung<\/td>\n<td>Magnetische D\u00e4mpfung<\/td>\n<td>Magnetische D\u00e4mpfung<\/td>\n<td>Magnetische D\u00e4mpfung<\/td>\n<td>Magnetische D\u00e4mpfung<\/td>\n<\/tr>\n<tr>\n<td>Arbeitsbereich des Kompensators<\/td>\n<td>\u00b115\u2032<\/td>\n<td>\u00b115\u2032<\/td>\n<td>\u00b115\u2032<\/td>\n<td>\u00b115\u2032<\/td>\n<td>\u00b115\u2032<\/td>\n<\/tr>\n<tr>\n<td>Kompensationsfehler<\/td>\n<td>\u22640,3\u2033<\/td>\n<td>\u22640,5\u2033<\/td>\n<td>\u22640,5\u2033<\/td>\n<td>\u22640,5\u2033<\/td>\n<td>\u22640,5\u2033<\/td>\n<\/tr>\n<tr>\n<td>Fadenkreuz<\/td>\n<td>Keilform<\/td>\n<td>Fadenkreuz<\/td>\n<td>Fadenkreuz<\/td>\n<td>Fadenkreuz<\/td>\n<td>Fadenkreuz<\/td>\n<\/tr>\n<tr>\n<td>Einstellgenauigkeit<\/td>\n<td>\u00b10,3\u2033<\/td>\n<td>\u00b10,5\u2033<\/td>\n<td>\u00b10,5\u2033<\/td>\n<td>\u00b10,5\u2033<\/td>\n<td>\u00b10,5\u2033<\/td>\n<\/tr>\n<tr>\n<td>Einstellzeit<\/td>\n<td>\u2264 1,5S<\/td>\n<td>\u2264 1,5S<\/td>\n<td>\u2264 1,5S<\/td>\n<td>\u2264 1,5S<\/td>\n<td>\u2264 1,5S<\/td>\n<\/tr>\n<tr>\n<td>Stadien-Multiplikationskonstante<\/td>\n<td>100<\/td>\n<td>100<\/td>\n<td>100<\/td>\n<td>100<\/td>\n<td>100<\/td>\n<\/tr>\n<tr>\n<td>Stadia Additive Konstante<\/td>\n<td>0<\/td>\n<td>0<\/td>\n<td>0<\/td>\n<td>0<\/td>\n<td>0<\/td>\n<\/tr>\n<tr>\n<td>Empfindlichkeit des kreisf\u00f6rmigen Niveaus<\/td>\n<td>8\u2032 \/ 2 mm<\/td>\n<td>10\u2032 \/ 2 mm<\/td>\n<td>10\u2032 \/ 2 mm<\/td>\n<td>10\u2032 \/ 2 mm<\/td>\n<td>10\u2032 \/ 2 mm<\/td>\n<\/tr>\n<tr>\n<td>Abschlussintervall des Kreises<\/td>\n<td>360\u00b0 oder 400 Gon optional<\/td>\n<td>360\u00b0 oder 400 Gon optional<\/td>\n<td>360\u00b0 oder 400 Gon optional<\/td>\n<td>360\u00b0 oder 400 Gon optional<\/td>\n<td>360\u00b0 oder 400 Gon optional<\/td>\n<\/tr>\n<tr>\n<td>Wasser- und staubdicht<\/td>\n<td>IPX6<\/td>\n<td>IPX6<\/td>\n<td>IPX6<\/td>\n<td>IPX6<\/td>\n<td>IPX6<\/td>\n<\/tr>\n<tr>\n<td>Standardzubeh\u00f6r<\/td>\n<td>Bedienungsanleitung, Inbusschl\u00fcssel, Einstellstift, Kunststoffkoffer<\/td>\n<td>Bedienungsanleitung, Inbusschl\u00fcssel, Einstellstift, Kunststoffkoffer<\/td>\n<td>Bedienungsanleitung, Inbusschl\u00fcssel, Einstellstift, Kunststoffkoffer<\/td>\n<td>Bedienungsanleitung, Inbusschl\u00fcssel, Einstellstift, Kunststoffkoffer<\/td>\n<td>Bedienungsanleitung, Inbusschl\u00fcssel, Einstellstift, Kunststoffkoffer<\/td>\n<\/tr>\n<tr>\n<td>Bild<\/td>\n<td><img fetchpriority=\"high\" decoding=\"async\" class=\"alignnone wp-image-4943 size-medium\" src=\"https:\/\/mountlaser.com\/wp-content\/uploads\/2025\/11\/B20-300x300.webp\" alt=\"auto level survey\" width=\"300\" height=\"300\" srcset=\"https:\/\/mountlaser.com\/wp-content\/uploads\/2025\/11\/B20-300x300.webp 300w, https:\/\/mountlaser.com\/wp-content\/uploads\/2025\/11\/B20-400x400.webp 400w, https:\/\/mountlaser.com\/wp-content\/uploads\/2025\/11\/B20-800x800.webp 800w, https:\/\/mountlaser.com\/wp-content\/uploads\/2025\/11\/B20-600x600.webp 600w, https:\/\/mountlaser.com\/wp-content\/uploads\/2025\/11\/B20-150x150.webp 150w, https:\/\/mountlaser.com\/wp-content\/uploads\/2025\/11\/B20-768x768.webp 768w, https:\/\/mountlaser.com\/wp-content\/uploads\/2025\/11\/B20-12x12.webp 12w, https:\/\/mountlaser.com\/wp-content\/uploads\/2025\/11\/B20.webp 1000w\" sizes=\"(max-width: 300px) 100vw, 300px\" \/><\/td>\n<td><\/td>\n<td><img decoding=\"async\" class=\"alignnone wp-image-4944 size-medium\" src=\"https:\/\/mountlaser.com\/wp-content\/uploads\/2025\/11\/B30A-300x300.webp\" alt=\"auto level survey\" width=\"300\" height=\"300\" srcset=\"https:\/\/mountlaser.com\/wp-content\/uploads\/2025\/11\/B30A-300x300.webp 300w, https:\/\/mountlaser.com\/wp-content\/uploads\/2025\/11\/B30A-400x400.webp 400w, https:\/\/mountlaser.com\/wp-content\/uploads\/2025\/11\/B30A-800x800.webp 800w, https:\/\/mountlaser.com\/wp-content\/uploads\/2025\/11\/B30A-600x600.webp 600w, https:\/\/mountlaser.com\/wp-content\/uploads\/2025\/11\/B30A-150x150.webp 150w, https:\/\/mountlaser.com\/wp-content\/uploads\/2025\/11\/B30A-768x768.webp 768w, https:\/\/mountlaser.com\/wp-content\/uploads\/2025\/11\/B30A-12x12.webp 12w, https:\/\/mountlaser.com\/wp-content\/uploads\/2025\/11\/B30A.webp 1000w\" sizes=\"(max-width: 300px) 100vw, 300px\" \/><\/td>\n<td><img decoding=\"async\" class=\"alignnone wp-image-4945 size-medium\" src=\"https:\/\/mountlaser.com\/wp-content\/uploads\/2025\/11\/B40-300x300.webp\" alt=\"auto level survey\" width=\"300\" height=\"300\" srcset=\"https:\/\/mountlaser.com\/wp-content\/uploads\/2025\/11\/B40-300x300.webp 300w, https:\/\/mountlaser.com\/wp-content\/uploads\/2025\/11\/B40-400x400.webp 400w, https:\/\/mountlaser.com\/wp-content\/uploads\/2025\/11\/B40-800x800.webp 800w, https:\/\/mountlaser.com\/wp-content\/uploads\/2025\/11\/B40-600x600.webp 600w, https:\/\/mountlaser.com\/wp-content\/uploads\/2025\/11\/B40-150x150.webp 150w, https:\/\/mountlaser.com\/wp-content\/uploads\/2025\/11\/B40-768x768.webp 768w, https:\/\/mountlaser.com\/wp-content\/uploads\/2025\/11\/B40-12x12.webp 12w, https:\/\/mountlaser.com\/wp-content\/uploads\/2025\/11\/B40.webp 1000w\" sizes=\"(max-width: 300px) 100vw, 300px\" \/><\/td>\n<td><img loading=\"lazy\" decoding=\"async\" class=\"alignnone wp-image-4946 size-medium\" src=\"https:\/\/mountlaser.com\/wp-content\/uploads\/2025\/11\/B40A-300x300.webp\" alt=\"auto level survey\" width=\"300\" height=\"300\" srcset=\"https:\/\/mountlaser.com\/wp-content\/uploads\/2025\/11\/B40A-300x300.webp 300w, https:\/\/mountlaser.com\/wp-content\/uploads\/2025\/11\/B40A-150x150.webp 150w, https:\/\/mountlaser.com\/wp-content\/uploads\/2025\/11\/B40A-768x768.webp 768w, https:\/\/mountlaser.com\/wp-content\/uploads\/2025\/11\/B40A-12x12.webp 12w, https:\/\/mountlaser.com\/wp-content\/uploads\/2025\/11\/B40A-600x600.webp 600w, https:\/\/mountlaser.com\/wp-content\/uploads\/2025\/11\/B40A-800x800.webp 800w, https:\/\/mountlaser.com\/wp-content\/uploads\/2025\/11\/B40A-400x400.webp 400w, https:\/\/mountlaser.com\/wp-content\/uploads\/2025\/11\/B40A.webp 1000w\" sizes=\"(max-width: 300px) 100vw, 300px\" \/><\/td>\n<\/tr>\n<\/tbody>\n<\/table>","protected":false},"excerpt":{"rendered":"<ul>\n<li>Ausgestattet mit aufrechten Bildfernrohren mit Vergr\u00f6\u00dferungen von 24x bis 32x, die eine klare, aufrechte Ansicht f\u00fcr einfaches Anvisieren und weniger Bedienungsfehler bieten.<\/li>\n<li>Die B-Serie ist dank der Schutzart IPX6 gegen Wasser und Staub bestens f\u00fcr anspruchsvolle Umgebungen ger\u00fcstet.<\/li>\n<li>Alle Modelle haben eine sehr kurze minimale Sichtweite von 0,3 m.<\/li>\n<\/ul>","protected":false},"featured_media":4943,"comment_status":"open","ping_status":"closed","template":"","meta":[],"product_brand":[],"product_cat":[95,141],"product_tag":[],"class_list":{"0":"post-4942","1":"product","2":"type-product","3":"status-publish","4":"has-post-thumbnail","6":"product_cat-agent-sales","7":"product_cat-auto-level-agent-sales","9":"first","10":"instock","11":"shipping-taxable","12":"product-type-simple"},"_links":{"self":[{"href":"https:\/\/mountlaser.com\/de\/wp-json\/wp\/v2\/product\/4942","targetHints":{"allow":["GET"]}}],"collection":[{"href":"https:\/\/mountlaser.com\/de\/wp-json\/wp\/v2\/product"}],"about":[{"href":"https:\/\/mountlaser.com\/de\/wp-json\/wp\/v2\/types\/product"}],"replies":[{"embeddable":true,"href":"https:\/\/mountlaser.com\/de\/wp-json\/wp\/v2\/comments?post=4942"}],"wp:featuredmedia":[{"embeddable":true,"href":"https:\/\/mountlaser.com\/de\/wp-json\/wp\/v2\/media\/4943"}],"wp:attachment":[{"href":"https:\/\/mountlaser.com\/de\/wp-json\/wp\/v2\/media?parent=4942"}],"wp:term":[{"taxonomy":"product_brand","embeddable":true,"href":"https:\/\/mountlaser.com\/de\/wp-json\/wp\/v2\/product_brand?post=4942"},{"taxonomy":"product_cat","embeddable":true,"href":"https:\/\/mountlaser.com\/de\/wp-json\/wp\/v2\/product_cat?post=4942"},{"taxonomy":"product_tag","embeddable":true,"href":"https:\/\/mountlaser.com\/de\/wp-json\/wp\/v2\/product_tag?post=4942"}],"curies":[{"name":"wp","href":"https:\/\/api.w.org\/{rel}","templated":true}]}}