{"id":4868,"date":"2025-11-25T06:24:10","date_gmt":"2025-11-25T06:24:10","guid":{"rendered":"https:\/\/mountlaser.com\/?post_type=product&#038;p=4868"},"modified":"2025-11-25T06:31:53","modified_gmt":"2025-11-25T06:31:53","slug":"st360-360prism-with-pole","status":"publish","type":"product","link":"https:\/\/mountlaser.com\/de\/produkt\/st360-360prism-with-pole\/","title":{"rendered":"ST360 360\u00b0-Prisma mit Stange"},"content":{"rendered":"<p>Der <a href=\"https:\/\/mountlaser.com\/de\/produkt-kategorie\/reflective-target-prism\/\"><strong>ST360 360\u00b0-PRISMUS MIT STANGE<\/strong><\/a> Das hochpr\u00e4zise Weitwinkelprismensystem ST360 wurde f\u00fcr professionelle Vermessungsanwendungen entwickelt, die zuverl\u00e4ssige, multidirektionale Messungen erfordern. Dank seiner robusten 360\u00b0-Optik gew\u00e4hrleistet es gleichbleibende Genauigkeit bei Deformationsmessungen, topografischen Vermessungen und Bauabsteckungen. Das 360\u00b0-Prisma ST360 mit Stange bietet eine vollst\u00e4ndige Rundum-Reflektivit\u00e4t und eignet sich daher ideal f\u00fcr robotische Totalstationen und automatisierte Tracking-Workflows.<\/p>\n<p>Das aus sechs pr\u00e4zise ausgerichteten Mini-Prismen bestehende <a href=\"https:\/\/mountlaser.com\/de\/\"><strong>360-Grad-Miniprisma f\u00fcr Totalstation<\/strong><\/a> Es liefert ein au\u00dfergew\u00f6hnliches R\u00fcckstreusignal und eine hohe Messstabilit\u00e4t aus jeder Richtung. Dank einer Prismenkonstante von 0 mm ist es mit einer Vielzahl von Vermessungsinstrumenten kompatibel. Die integrierte 40-Fu\u00df-Rundlibelle erm\u00f6glicht Vermessern ein schnelles und pr\u00e4zises Nivellieren vor Ort und gew\u00e4hrleistet so zuverl\u00e4ssige Ergebnisse auch unter anspruchsvollen Bedingungen.<\/p>\n<p><img fetchpriority=\"high\" decoding=\"async\" class=\"aligncenter wp-image-4874\" src=\"https:\/\/mountlaser.com\/wp-content\/uploads\/2025\/11\/ST360\uff086\uff09.webp\" alt=\"ST360 360\u00b0PRISM WITH POLE\" width=\"500\" height=\"500\" srcset=\"https:\/\/mountlaser.com\/wp-content\/uploads\/2025\/11\/ST360\uff086\uff09.webp 1000w, https:\/\/mountlaser.com\/wp-content\/uploads\/2025\/11\/ST360\uff086\uff09-300x300.webp 300w, https:\/\/mountlaser.com\/wp-content\/uploads\/2025\/11\/ST360\uff086\uff09-400x400.webp 400w, https:\/\/mountlaser.com\/wp-content\/uploads\/2025\/11\/ST360\uff086\uff09-800x800.webp 800w, https:\/\/mountlaser.com\/wp-content\/uploads\/2025\/11\/ST360\uff086\uff09-600x600.webp 600w, https:\/\/mountlaser.com\/wp-content\/uploads\/2025\/11\/ST360\uff086\uff09-150x150.webp 150w, https:\/\/mountlaser.com\/wp-content\/uploads\/2025\/11\/ST360\uff086\uff09-768x768.webp 768w, https:\/\/mountlaser.com\/wp-content\/uploads\/2025\/11\/ST360\uff086\uff09-12x12.webp 12w\" sizes=\"(max-width: 500px) 100vw, 500px\" \/><\/p>\n<p><a href=\"https:\/\/mountlaser.com\/de\/contact-us\/\">Das 360-Grad-Miniprisma f\u00fcr Totalstationen<\/a> Das 360\u00b0-Prisma mit Stange ist auf einer robusten Aluminium-Ministange montiert und erm\u00f6glicht dank des verschiebbaren Prismenhalters eine stufenlose H\u00f6henverstellung f\u00fcr einen effizienten Aufbau. Die verst\u00e4rkte Konstruktion gew\u00e4hrleistet Langlebigkeit und optische Stabilit\u00e4t und macht das ST360 360\u00b0-Prisma mit Stange zu einer zuverl\u00e4ssigen L\u00f6sung f\u00fcr Messungen in allen Winkeln und unter verschiedensten Bedingungen.<\/p>","protected":false},"excerpt":{"rendered":"<ul>\n<li>Bietet 360\u00b0-Signalreflexion f\u00fcr Totalstationen und robotische Vermessungssysteme<\/li>\n<li>Gew\u00e4hrleistet stabile Messungen durch sechs pr\u00e4zise ausgerichtete Mini-Prismen.<\/li>\n<li>Unterst\u00fctzt den schnellen Feldaufbau mit integrierter 40-Fu\u00df-Rundampula.<\/li>\n<li>Bietet flexible H\u00f6henverstellung \u00fcber verschiebbaren Prismenhalter<\/li>\n<li>Kompatibel mit einer Vielzahl von Vermessungsinstrumenten dank Prismenkonstante 0 mm<\/li>\n<\/ul>","protected":false},"featured_media":4869,"comment_status":"open","ping_status":"closed","template":"","meta":[],"product_brand":[],"product_cat":[115,72],"product_tag":[],"class_list":{"0":"post-4868","1":"product","2":"type-product","3":"status-publish","4":"has-post-thumbnail","6":"product_cat-wide-angle-prism","7":"product_cat-reflective-target-prism","9":"first","10":"instock","11":"shipping-taxable","12":"product-type-simple"},"_links":{"self":[{"href":"https:\/\/mountlaser.com\/de\/wp-json\/wp\/v2\/product\/4868","targetHints":{"allow":["GET"]}}],"collection":[{"href":"https:\/\/mountlaser.com\/de\/wp-json\/wp\/v2\/product"}],"about":[{"href":"https:\/\/mountlaser.com\/de\/wp-json\/wp\/v2\/types\/product"}],"replies":[{"embeddable":true,"href":"https:\/\/mountlaser.com\/de\/wp-json\/wp\/v2\/comments?post=4868"}],"wp:featuredmedia":[{"embeddable":true,"href":"https:\/\/mountlaser.com\/de\/wp-json\/wp\/v2\/media\/4869"}],"wp:attachment":[{"href":"https:\/\/mountlaser.com\/de\/wp-json\/wp\/v2\/media?parent=4868"}],"wp:term":[{"taxonomy":"product_brand","embeddable":true,"href":"https:\/\/mountlaser.com\/de\/wp-json\/wp\/v2\/product_brand?post=4868"},{"taxonomy":"product_cat","embeddable":true,"href":"https:\/\/mountlaser.com\/de\/wp-json\/wp\/v2\/product_cat?post=4868"},{"taxonomy":"product_tag","embeddable":true,"href":"https:\/\/mountlaser.com\/de\/wp-json\/wp\/v2\/product_tag?post=4868"}],"curies":[{"name":"wp","href":"https:\/\/api.w.org\/{rel}","templated":true}]}}