{"id":4867,"date":"2025-11-25T06:08:12","date_gmt":"2025-11-25T06:08:12","guid":{"rendered":"https:\/\/mountlaser.com\/?post_type=product&#038;p=4867"},"modified":"2025-11-25T06:44:26","modified_gmt":"2025-11-25T06:44:26","slug":"grz101s-medium-quality-metal-design","status":"publish","type":"product","link":"https:\/\/mountlaser.com\/de\/produkt\/grz101s-medium-quality-metal-design\/","title":{"rendered":"GRZ101S Metalldesign mittlerer Qualit\u00e4t"},"content":{"rendered":"<p>Der <a href=\"https:\/\/mountlaser.com\/de\/produkt-kategorie\/reflective-target-prism\/\"><strong>GRZ101S 360\u00b0-Prisma<\/strong><\/a> ist f\u00fcr hochpr\u00e4zise Vermessungsaufgaben konzipiert, die eine stabile, vollst\u00e4ndige Kreismessung erfordern. Hergestellt mit einem <a href=\"https:\/\/mountlaser.com\/de\/about-us\/\"><strong>GRZ101S Metalldesign mittlerer Qualit\u00e4t<\/strong><\/a>, Dieses Prisma bietet zuverl\u00e4ssige Genauigkeit und Langlebigkeit auch unter anspruchsvollen Feldbedingungen. Die fortschrittliche Konstruktion besteht aus sechs miteinander verbundenen Miniprismen, die eine nahtlose 360\u00b0-Reflexionsfl\u00e4che bilden \u2013 ideal f\u00fcr robotische Totalstationen und Anwendungen zur kontinuierlichen \u00dcberwachung.<\/p>\n<figure id=\"attachment_4846\" aria-describedby=\"caption-attachment-4846\" style=\"width: 500px\" class=\"wp-caption aligncenter\"><img fetchpriority=\"high\" decoding=\"async\" class=\"wp-image-4846\" src=\"https:\/\/mountlaser.com\/wp-content\/uploads\/2025\/11\/GRZ101S-B1.webp\" alt=\"GRZ101S 360\u00b0 Prism\" width=\"500\" height=\"500\" srcset=\"https:\/\/mountlaser.com\/wp-content\/uploads\/2025\/11\/GRZ101S-B1.webp 1000w, https:\/\/mountlaser.com\/wp-content\/uploads\/2025\/11\/GRZ101S-B1-300x300.webp 300w, https:\/\/mountlaser.com\/wp-content\/uploads\/2025\/11\/GRZ101S-B1-400x400.webp 400w, https:\/\/mountlaser.com\/wp-content\/uploads\/2025\/11\/GRZ101S-B1-800x800.webp 800w, https:\/\/mountlaser.com\/wp-content\/uploads\/2025\/11\/GRZ101S-B1-600x600.webp 600w, https:\/\/mountlaser.com\/wp-content\/uploads\/2025\/11\/GRZ101S-B1-150x150.webp 150w, https:\/\/mountlaser.com\/wp-content\/uploads\/2025\/11\/GRZ101S-B1-768x768.webp 768w, https:\/\/mountlaser.com\/wp-content\/uploads\/2025\/11\/GRZ101S-B1-12x12.webp 12w\" sizes=\"(max-width: 500px) 100vw, 500px\" \/><figcaption id=\"caption-attachment-4846\" class=\"wp-caption-text\">GRZ101S-B<\/figcaption><\/figure>\n<figure id=\"attachment_4857\" aria-describedby=\"caption-attachment-4857\" style=\"width: 500px\" class=\"wp-caption aligncenter\"><img decoding=\"async\" class=\"wp-image-4857\" src=\"https:\/\/mountlaser.com\/wp-content\/uploads\/2025\/11\/GRZ101S-H5.webp\" alt=\"GRZ101S 360\u00b0 Prism\" width=\"500\" height=\"500\" srcset=\"https:\/\/mountlaser.com\/wp-content\/uploads\/2025\/11\/GRZ101S-H5.webp 1000w, https:\/\/mountlaser.com\/wp-content\/uploads\/2025\/11\/GRZ101S-H5-300x300.webp 300w, https:\/\/mountlaser.com\/wp-content\/uploads\/2025\/11\/GRZ101S-H5-400x400.webp 400w, https:\/\/mountlaser.com\/wp-content\/uploads\/2025\/11\/GRZ101S-H5-800x800.webp 800w, https:\/\/mountlaser.com\/wp-content\/uploads\/2025\/11\/GRZ101S-H5-600x600.webp 600w, https:\/\/mountlaser.com\/wp-content\/uploads\/2025\/11\/GRZ101S-H5-150x150.webp 150w, https:\/\/mountlaser.com\/wp-content\/uploads\/2025\/11\/GRZ101S-H5-768x768.webp 768w, https:\/\/mountlaser.com\/wp-content\/uploads\/2025\/11\/GRZ101S-H5-12x12.webp 12w\" sizes=\"(max-width: 500px) 100vw, 500px\" \/><figcaption id=\"caption-attachment-4857\" class=\"wp-caption-text\">GRZ101S-H<\/figcaption><\/figure>\n<figure id=\"attachment_4860\" aria-describedby=\"caption-attachment-4860\" style=\"width: 500px\" class=\"wp-caption aligncenter\"><img decoding=\"async\" class=\"wp-image-4860\" src=\"https:\/\/mountlaser.com\/wp-content\/uploads\/2025\/11\/GRZ101S-L1.webp\" alt=\"GRZ101S 360\u00b0 Prism\" width=\"500\" height=\"500\" srcset=\"https:\/\/mountlaser.com\/wp-content\/uploads\/2025\/11\/GRZ101S-L1.webp 1000w, https:\/\/mountlaser.com\/wp-content\/uploads\/2025\/11\/GRZ101S-L1-300x300.webp 300w, https:\/\/mountlaser.com\/wp-content\/uploads\/2025\/11\/GRZ101S-L1-400x400.webp 400w, https:\/\/mountlaser.com\/wp-content\/uploads\/2025\/11\/GRZ101S-L1-800x800.webp 800w, https:\/\/mountlaser.com\/wp-content\/uploads\/2025\/11\/GRZ101S-L1-600x600.webp 600w, https:\/\/mountlaser.com\/wp-content\/uploads\/2025\/11\/GRZ101S-L1-150x150.webp 150w, https:\/\/mountlaser.com\/wp-content\/uploads\/2025\/11\/GRZ101S-L1-768x768.webp 768w, https:\/\/mountlaser.com\/wp-content\/uploads\/2025\/11\/GRZ101S-L1-12x12.webp 12w\" sizes=\"(max-width: 500px) 100vw, 500px\" \/><figcaption id=\"caption-attachment-4860\" class=\"wp-caption-text\">GRZ101S-L<\/figcaption><\/figure>\n<p>Das GRZ101S 360\u00b0-Prisma verzichtet auf eine zentrale Edelstahlachse und zeichnet sich durch eine leichte und dennoch ausgewogene Konstruktion aus, die eine gleichm\u00e4\u00dfige und unterbrechungsfreie Nachf\u00fchrung gew\u00e4hrleistet. Es wird nach der Schweizer Prismenkonstante von +30 mm gefertigt und bietet somit eine gleichbleibende Leistung \u00fcber alle Zeitr\u00e4ume hinweg. <a href=\"https:\/\/mountlaser.com\/de\/contact-us\/\">professionelle Instrumente<\/a>. Dank der kompakten Prismenh\u00f6he von 56 mm und der hervorragenden Zielgenauigkeit von \u00b12,0 mm ist das GRZ101S 360\u00b0-Prisma die optimale Wahl f\u00fcr Vermesser, die Effizienz, Mobilit\u00e4t und Pr\u00e4zision ben\u00f6tigen.<\/p>","protected":false},"excerpt":{"rendered":"<ul>\n<li>Erm\u00f6glicht eine vollst\u00e4ndige 360\u00b0-Messung mithilfe einer Sechs-Prismen-Anordnung<\/li>\n<li>Gew\u00e4hrleistet pr\u00e4zise automatische Nachf\u00fchrung f\u00fcr robotische Totalstationen<\/li>\n<li>Bietet stabile, leichte Leistung dank achsenfreier Konstruktion<\/li>\n<li>Liefert zuverl\u00e4ssige Ergebnisse mit einer +30 mm Schweizer Prismenkonstante<\/li>\n<\/ul>","protected":false},"featured_media":4860,"comment_status":"open","ping_status":"closed","template":"","meta":[],"product_brand":[],"product_cat":[115,72],"product_tag":[],"class_list":{"0":"post-4867","1":"product","2":"type-product","3":"status-publish","4":"has-post-thumbnail","6":"product_cat-wide-angle-prism","7":"product_cat-reflective-target-prism","9":"first","10":"instock","11":"shipping-taxable","12":"product-type-simple"},"_links":{"self":[{"href":"https:\/\/mountlaser.com\/de\/wp-json\/wp\/v2\/product\/4867","targetHints":{"allow":["GET"]}}],"collection":[{"href":"https:\/\/mountlaser.com\/de\/wp-json\/wp\/v2\/product"}],"about":[{"href":"https:\/\/mountlaser.com\/de\/wp-json\/wp\/v2\/types\/product"}],"replies":[{"embeddable":true,"href":"https:\/\/mountlaser.com\/de\/wp-json\/wp\/v2\/comments?post=4867"}],"wp:featuredmedia":[{"embeddable":true,"href":"https:\/\/mountlaser.com\/de\/wp-json\/wp\/v2\/media\/4860"}],"wp:attachment":[{"href":"https:\/\/mountlaser.com\/de\/wp-json\/wp\/v2\/media?parent=4867"}],"wp:term":[{"taxonomy":"product_brand","embeddable":true,"href":"https:\/\/mountlaser.com\/de\/wp-json\/wp\/v2\/product_brand?post=4867"},{"taxonomy":"product_cat","embeddable":true,"href":"https:\/\/mountlaser.com\/de\/wp-json\/wp\/v2\/product_cat?post=4867"},{"taxonomy":"product_tag","embeddable":true,"href":"https:\/\/mountlaser.com\/de\/wp-json\/wp\/v2\/product_tag?post=4867"}],"curies":[{"name":"wp","href":"https:\/\/api.w.org\/{rel}","templated":true}]}}