{"id":4838,"date":"2025-11-25T05:30:26","date_gmt":"2025-11-25T05:30:26","guid":{"rendered":"https:\/\/mountlaser.com\/?post_type=product&#038;p=4838"},"modified":"2025-11-25T06:55:12","modified_gmt":"2025-11-25T06:55:12","slug":"mp090-mini-prism","status":"publish","type":"product","link":"https:\/\/mountlaser.com\/de\/produkt\/mp090-mini-prism\/","title":{"rendered":"MP090 Mini-Prisma"},"content":{"rendered":"<p>Der <a href=\"https:\/\/mountlaser.com\/de\/produkt-kategorie\/reflective-target-prism\/\"><strong>MP090 Mini-Prisma<\/strong><\/a> Das MP090-Miniprisma ist eine hochpr\u00e4zise \u00dcberwachungsl\u00f6sung, die f\u00fcr die Untersuchung von Strukturverformungen, geotechnische Messungen und langfristige Feldinstallationen entwickelt wurde. Dank seiner vielseitigen Einsatzm\u00f6glichkeiten gilt es als \u00e4u\u00dferst zuverl\u00e4ssig.<a href=\"https:\/\/mountlaser.com\/de\/\"><strong> Mini-Prisma f\u00fcr Trimble Totalstation<\/strong><\/a>, bietet hervorragende Kompatibilit\u00e4t und stabile Leistung \u00fcber gro\u00dfe Entfernungen.<\/p>\n<p>Das Mini-Prisma MP090 mit seinem robusten Aluminiumgeh\u00e4use bietet au\u00dfergew\u00f6hnliche Langlebigkeit und Korrosionsbest\u00e4ndigkeit und gew\u00e4hrleistet so eine gleichbleibende Messgenauigkeit auch unter anspruchsvollen Au\u00dfenbedingungen. Als Mini-Prisma f\u00fcr Trimble Totalstationen unterst\u00fctzt es pr\u00e4zise automatische Nachf\u00fchrung und exakte Ausrichtung, selbst bei beengten oder unregelm\u00e4\u00dfigen Einbausituationen.<\/p>\n<p><img fetchpriority=\"high\" decoding=\"async\" class=\"aligncenter wp-image-4840\" src=\"https:\/\/mountlaser.com\/wp-content\/uploads\/2025\/11\/MP090B1.webp\" alt=\"MP090 mini prism\" width=\"500\" height=\"500\" srcset=\"https:\/\/mountlaser.com\/wp-content\/uploads\/2025\/11\/MP090B1.webp 1000w, https:\/\/mountlaser.com\/wp-content\/uploads\/2025\/11\/MP090B1-300x300.webp 300w, https:\/\/mountlaser.com\/wp-content\/uploads\/2025\/11\/MP090B1-400x400.webp 400w, https:\/\/mountlaser.com\/wp-content\/uploads\/2025\/11\/MP090B1-800x800.webp 800w, https:\/\/mountlaser.com\/wp-content\/uploads\/2025\/11\/MP090B1-600x600.webp 600w, https:\/\/mountlaser.com\/wp-content\/uploads\/2025\/11\/MP090B1-150x150.webp 150w, https:\/\/mountlaser.com\/wp-content\/uploads\/2025\/11\/MP090B1-768x768.webp 768w, https:\/\/mountlaser.com\/wp-content\/uploads\/2025\/11\/MP090B1-12x12.webp 12w\" sizes=\"(max-width: 500px) 100vw, 500px\" \/><\/p>\n<p>Der <a href=\"https:\/\/mountlaser.com\/de\/about-us\/\">U-Bar-Design<\/a> Das Prisma ist dreh- und neigbar und erm\u00f6glicht so eine flexible Ausrichtung f\u00fcr komplexe \u00dcberwachungsszenarien. F\u00fcr unterschiedliche Vermessungsanforderungen stehen Genauigkeitsoptionen von 2\u2033 oder 3\u20134\u2033 zur Verf\u00fcgung. Zwei Prismenkonfigurationen \u2013 MP090A (12,7 mm) und MP090B (25,4 mm) \u2013 bieten zus\u00e4tzliche Flexibilit\u00e4t f\u00fcr vielf\u00e4ltige Projektanforderungen. Dank des sicheren Seitenverriegelungssystems und der kompakten 35 \u00d7 38 mm Grundplatte gew\u00e4hrleistet dieses Mini-Prisma f\u00fcr Trimble Totalstationen eine stabile und dauerhafte Positionierung, ideal f\u00fcr hochpr\u00e4zise \u00dcberwachungsanwendungen.<\/p>","protected":false},"excerpt":{"rendered":"<ul>\n<li>Bietet pr\u00e4zise Reflexion f\u00fcr die Deformations\u00fcberwachung und die Untersuchung von Strukturbewegungen<\/li>\n<li>Dreh- und neigbares Prisma f\u00fcr optimierte Sichtwinkel<\/li>\n<li>Kompatibel mit den ATR-Funktionen von Trimble Totalstationen<\/li>\n<li>Erh\u00e4ltlich in verschiedenen Prismengr\u00f6\u00dfen und Genauigkeitsstufen<\/li>\n<li>Entwickelt, um langfristiger Witterungseinfl\u00fcssen standzuhalten.<\/li>\n<\/ul>","protected":false},"featured_media":4841,"comment_status":"open","ping_status":"closed","template":"","meta":[],"product_brand":[],"product_cat":[112,72],"product_tag":[],"class_list":{"0":"post-4838","1":"product","2":"type-product","3":"status-publish","4":"has-post-thumbnail","6":"product_cat-monitoring-prism","7":"product_cat-reflective-target-prism","9":"first","10":"instock","11":"shipping-taxable","12":"product-type-simple"},"_links":{"self":[{"href":"https:\/\/mountlaser.com\/de\/wp-json\/wp\/v2\/product\/4838","targetHints":{"allow":["GET"]}}],"collection":[{"href":"https:\/\/mountlaser.com\/de\/wp-json\/wp\/v2\/product"}],"about":[{"href":"https:\/\/mountlaser.com\/de\/wp-json\/wp\/v2\/types\/product"}],"replies":[{"embeddable":true,"href":"https:\/\/mountlaser.com\/de\/wp-json\/wp\/v2\/comments?post=4838"}],"wp:featuredmedia":[{"embeddable":true,"href":"https:\/\/mountlaser.com\/de\/wp-json\/wp\/v2\/media\/4841"}],"wp:attachment":[{"href":"https:\/\/mountlaser.com\/de\/wp-json\/wp\/v2\/media?parent=4838"}],"wp:term":[{"taxonomy":"product_brand","embeddable":true,"href":"https:\/\/mountlaser.com\/de\/wp-json\/wp\/v2\/product_brand?post=4838"},{"taxonomy":"product_cat","embeddable":true,"href":"https:\/\/mountlaser.com\/de\/wp-json\/wp\/v2\/product_cat?post=4838"},{"taxonomy":"product_tag","embeddable":true,"href":"https:\/\/mountlaser.com\/de\/wp-json\/wp\/v2\/product_tag?post=4838"}],"curies":[{"name":"wp","href":"https:\/\/api.w.org\/{rel}","templated":true}]}}