{"id":4829,"date":"2025-11-25T03:15:48","date_gmt":"2025-11-25T03:15:48","guid":{"rendered":"https:\/\/mountlaser.com\/?post_type=product&#038;p=4829"},"modified":"2025-11-25T07:09:28","modified_gmt":"2025-11-25T07:09:28","slug":"mp096-mini-prism","status":"publish","type":"product","link":"https:\/\/mountlaser.com\/de\/produkt\/mp096-mini-prism\/","title":{"rendered":"MP096 Mini-Prisma"},"content":{"rendered":"<p>Der <a href=\"https:\/\/mountlaser.com\/de\/produkt-kategorie\/reflective-target-prism\/\"><strong>MP096 Mini-Prisma<\/strong><\/a> Das MP096 Mini-Prisma ist eine kompakte, hochpr\u00e4zise \u00dcberwachungsl\u00f6sung, die speziell f\u00fcr Anwendungen mit extrem beengten Platzverh\u00e4ltnissen entwickelt wurde. Es eignet sich ideal f\u00fcr anspruchsvolle Umgebungen wie Tunnel, Br\u00fccken und Eisenbahnanlagen und bietet stabile, genaue Messergebnisse in einem robusten, flachen Design. Es verf\u00fcgt \u00fcber eine pr\u00e4zise zentrierte <a href=\"https:\/\/mountlaser.com\/de\/\"><strong>MP096 25,4 mm Mini-Prisma<\/strong><\/a>, Dieses Instrument gew\u00e4hrleistet eine ausgezeichnete Signalr\u00fcckmeldung und eine gleichbleibende Ausrichtung f\u00fcr \u00dcberwachungsaufgaben im Nahbereich.<\/p>\n<p><img fetchpriority=\"high\" decoding=\"async\" class=\"aligncenter wp-image-4831\" src=\"https:\/\/mountlaser.com\/wp-content\/uploads\/2025\/11\/MP0962.webp\" alt=\"MP096 mini prism\" width=\"500\" height=\"500\" srcset=\"https:\/\/mountlaser.com\/wp-content\/uploads\/2025\/11\/MP0962.webp 1000w, https:\/\/mountlaser.com\/wp-content\/uploads\/2025\/11\/MP0962-300x300.webp 300w, https:\/\/mountlaser.com\/wp-content\/uploads\/2025\/11\/MP0962-400x400.webp 400w, https:\/\/mountlaser.com\/wp-content\/uploads\/2025\/11\/MP0962-800x800.webp 800w, https:\/\/mountlaser.com\/wp-content\/uploads\/2025\/11\/MP0962-600x600.webp 600w, https:\/\/mountlaser.com\/wp-content\/uploads\/2025\/11\/MP0962-150x150.webp 150w, https:\/\/mountlaser.com\/wp-content\/uploads\/2025\/11\/MP0962-768x768.webp 768w, https:\/\/mountlaser.com\/wp-content\/uploads\/2025\/11\/MP0962-12x12.webp 12w\" sizes=\"(max-width: 500px) 100vw, 500px\" \/><\/p>\n<p>Das Geh\u00e4use besteht aus robustem Aluminium. <a href=\"https:\/\/mountlaser.com\/de\/about-us\/\">MP096 25,4 mm Mini-Prisma<\/a> Das Mini-Prisma MP096 bietet langfristige Best\u00e4ndigkeit gegen\u00fcber rauen Umgebungsbedingungen. Dank seiner flachen Bauweise mit einer 100 mm Grundplatte und einer Gesamth\u00f6he von nur 35 mm l\u00e4sst es sich auch in beengten Bereichen problemlos installieren. Flexible Montagem\u00f6glichkeiten, wie z. B. Kleben oder D\u00fcbeln, erm\u00f6glichen sowohl tempor\u00e4re als auch permanente Installationen. F\u00fcr unterschiedliche Messwinkel ist das Produkt in 30\u00b0- und 45\u00b0-Ausf\u00fchrungen erh\u00e4ltlich und gew\u00e4hrleistet so optimale Sichtbarkeit aus verschiedenen Blickwinkelpositionen. Das Mini-Prisma MP096 ist vollst\u00e4ndig kompatibel mit ATR-Systemen und bietet zuverl\u00e4ssige Nachf\u00fchrung f\u00fcr professionelle \u00dcberwachungsanwendungen.<\/p>","protected":false},"excerpt":{"rendered":"<ul>\n<li>Erm\u00f6glicht eine pr\u00e4zise Nahbereichs\u00fcberwachung in engen oder beengten R\u00e4umen<\/li>\n<li>Gew\u00e4hrleistet langfristige Stabilit\u00e4t durch ein robustes Aluminiumgeh\u00e4use<\/li>\n<li>Bietet eine starke Signalr\u00fcckf\u00fchrung durch ein hochwertiges 25,4-mm-Miniprisma.<\/li>\n<li>Unterst\u00fctzt mehrere Installationsmethoden f\u00fcr unterschiedliche Projektanforderungen<\/li>\n<li>Erm\u00f6glicht die optimale Winkelauswahl mit 30\u00b0- und 45\u00b0-Prismenvarianten.<\/li>\n<li>L\u00e4sst sich nahtlos in ATR-Messger\u00e4te integrieren und erm\u00f6glicht so eine effiziente Datenerfassung.<\/li>\n<\/ul>","protected":false},"featured_media":4830,"comment_status":"open","ping_status":"closed","template":"","meta":[],"product_brand":[],"product_cat":[112,72],"product_tag":[],"class_list":{"0":"post-4829","1":"product","2":"type-product","3":"status-publish","4":"has-post-thumbnail","6":"product_cat-monitoring-prism","7":"product_cat-reflective-target-prism","9":"first","10":"instock","11":"shipping-taxable","12":"product-type-simple"},"_links":{"self":[{"href":"https:\/\/mountlaser.com\/de\/wp-json\/wp\/v2\/product\/4829","targetHints":{"allow":["GET"]}}],"collection":[{"href":"https:\/\/mountlaser.com\/de\/wp-json\/wp\/v2\/product"}],"about":[{"href":"https:\/\/mountlaser.com\/de\/wp-json\/wp\/v2\/types\/product"}],"replies":[{"embeddable":true,"href":"https:\/\/mountlaser.com\/de\/wp-json\/wp\/v2\/comments?post=4829"}],"wp:featuredmedia":[{"embeddable":true,"href":"https:\/\/mountlaser.com\/de\/wp-json\/wp\/v2\/media\/4830"}],"wp:attachment":[{"href":"https:\/\/mountlaser.com\/de\/wp-json\/wp\/v2\/media?parent=4829"}],"wp:term":[{"taxonomy":"product_brand","embeddable":true,"href":"https:\/\/mountlaser.com\/de\/wp-json\/wp\/v2\/product_brand?post=4829"},{"taxonomy":"product_cat","embeddable":true,"href":"https:\/\/mountlaser.com\/de\/wp-json\/wp\/v2\/product_cat?post=4829"},{"taxonomy":"product_tag","embeddable":true,"href":"https:\/\/mountlaser.com\/de\/wp-json\/wp\/v2\/product_tag?post=4829"}],"curies":[{"name":"wp","href":"https:\/\/api.w.org\/{rel}","templated":true}]}}