{"id":4810,"date":"2025-11-25T01:54:35","date_gmt":"2025-11-25T01:54:35","guid":{"rendered":"https:\/\/mountlaser.com\/?post_type=product&#038;p=4810"},"modified":"2025-11-25T07:12:46","modified_gmt":"2025-11-25T07:12:46","slug":"rt111-reflective-target","status":"publish","type":"product","link":"https:\/\/mountlaser.com\/de\/produkt\/rt111-reflective-target\/","title":{"rendered":"RT111 Reflektierendes Ziel"},"content":{"rendered":"<p>Der <a href=\"https:\/\/mountlaser.com\/de\/produkt-kategorie\/reflective-target-prism\/\"><strong>RT111 Reflektierendes Ziel<\/strong><\/a> Die Serie RT111 wurde f\u00fcr hochpr\u00e4zise \u00dcberwachungsanwendungen entwickelt und ist speziell f\u00fcr Totalstationssysteme mit Schweizer System konzipiert. Jedes RT111-Reflexionsziel besteht aus einem pr\u00e4zisionsgefertigten Aluminiumgeh\u00e4use und bietet Langlebigkeit, au\u00dfergew\u00f6hnliche Stabilit\u00e4t und zuverl\u00e4ssige Positionsgenauigkeit selbst unter anspruchsvollen Feldbedingungen.<\/p>\n<p>Ausgestattet mit gut sichtbarem Reflexband und einem integrierten Magnetfu\u00df, <a href=\"https:\/\/mountlaser.com\/de\/about-us\/\"><strong>RT111 Magnetisches Reflexionsziel<\/strong><\/a> Die Modelle erm\u00f6glichen eine schnelle und sichere Befestigung an Metalloberfl\u00e4chen und gew\u00e4hrleisten so eine gleichbleibende Ausrichtung bei kontinuierlichen \u00dcberwachungsaufgaben. Mit einem kompakten Au\u00dfendurchmesser von 20 mm l\u00e4sst sich das magnetische Reflexionsziel RT111 problemlos auch in beengten oder unauff\u00e4lligen Einbauorten montieren, ohne die Messgenauigkeit zu beeintr\u00e4chtigen.<\/p>\n<p><img fetchpriority=\"high\" decoding=\"async\" class=\"aligncenter wp-image-4813\" src=\"https:\/\/mountlaser.com\/wp-content\/uploads\/2025\/11\/RT1113.webp\" alt=\"RT111 Reflective Target\" width=\"500\" height=\"500\" srcset=\"https:\/\/mountlaser.com\/wp-content\/uploads\/2025\/11\/RT1113.webp 1000w, https:\/\/mountlaser.com\/wp-content\/uploads\/2025\/11\/RT1113-300x300.webp 300w, https:\/\/mountlaser.com\/wp-content\/uploads\/2025\/11\/RT1113-400x400.webp 400w, https:\/\/mountlaser.com\/wp-content\/uploads\/2025\/11\/RT1113-800x800.webp 800w, https:\/\/mountlaser.com\/wp-content\/uploads\/2025\/11\/RT1113-600x600.webp 600w, https:\/\/mountlaser.com\/wp-content\/uploads\/2025\/11\/RT1113-150x150.webp 150w, https:\/\/mountlaser.com\/wp-content\/uploads\/2025\/11\/RT1113-768x768.webp 768w, https:\/\/mountlaser.com\/wp-content\/uploads\/2025\/11\/RT1113-12x12.webp 12w\" sizes=\"(max-width: 500px) 100vw, 500px\" \/><\/p>\n<p>Verf\u00fcgbar in <a href=\"https:\/\/mountlaser.com\/de\/contact-us\/\">mehrere Ausrichtungen<\/a>Die RT111 Reflective Target-Serie unterst\u00fctzt flexible Installationsszenarien \u2013 einschlie\u00dflich horizontaler, 45-Grad- und vertikaler Ausrichtung \u2013 und bietet zuverl\u00e4ssige Leistung f\u00fcr die Struktur\u00fcberwachung, die Deformationsverfolgung und pr\u00e4zise Messabl\u00e4ufe.<\/p>","protected":false},"excerpt":{"rendered":"<ul>\n<li>Erm\u00f6glicht eine pr\u00e4zise reflektierende Ausrichtung f\u00fcr Totalstations-\u00dcberwachungssysteme vom Schweizer Typ.<\/li>\n<li>Gut sichtbares Reflexionsband gew\u00e4hrleistet pr\u00e4zises und gleichm\u00e4\u00dfiges Anvisieren.<\/li>\n<li>Der Magnetfu\u00df erm\u00f6glicht eine schnelle und stabile Montage auf Metalloberfl\u00e4chen.<\/li>\n<li>Der kompakte Durchmesser von 20 mm erm\u00f6glicht die Installation auch in beengten R\u00e4umen.<\/li>\n<li>Erh\u00e4ltlich in verschiedenen Winkeln (0\u00b0, 45\u00b0, 90\u00b0) f\u00fcr vielseitige Positionierung<\/li>\n<li>Gew\u00e4hrleistet eine stabile, langfristige Leistung in Anwendungen zur Struktur- und Geod\u00e4sie\u00fcberwachung.<\/li>\n<\/ul>","protected":false},"featured_media":4811,"comment_status":"open","ping_status":"closed","template":"","meta":[],"product_brand":[],"product_cat":[72,104],"product_tag":[],"class_list":{"0":"post-4810","1":"product","2":"type-product","3":"status-publish","4":"has-post-thumbnail","6":"product_cat-reflective-target-prism","7":"product_cat-reflective-target","9":"first","10":"instock","11":"shipping-taxable","12":"product-type-simple"},"_links":{"self":[{"href":"https:\/\/mountlaser.com\/de\/wp-json\/wp\/v2\/product\/4810","targetHints":{"allow":["GET"]}}],"collection":[{"href":"https:\/\/mountlaser.com\/de\/wp-json\/wp\/v2\/product"}],"about":[{"href":"https:\/\/mountlaser.com\/de\/wp-json\/wp\/v2\/types\/product"}],"replies":[{"embeddable":true,"href":"https:\/\/mountlaser.com\/de\/wp-json\/wp\/v2\/comments?post=4810"}],"wp:featuredmedia":[{"embeddable":true,"href":"https:\/\/mountlaser.com\/de\/wp-json\/wp\/v2\/media\/4811"}],"wp:attachment":[{"href":"https:\/\/mountlaser.com\/de\/wp-json\/wp\/v2\/media?parent=4810"}],"wp:term":[{"taxonomy":"product_brand","embeddable":true,"href":"https:\/\/mountlaser.com\/de\/wp-json\/wp\/v2\/product_brand?post=4810"},{"taxonomy":"product_cat","embeddable":true,"href":"https:\/\/mountlaser.com\/de\/wp-json\/wp\/v2\/product_cat?post=4810"},{"taxonomy":"product_tag","embeddable":true,"href":"https:\/\/mountlaser.com\/de\/wp-json\/wp\/v2\/product_tag?post=4810"}],"curies":[{"name":"wp","href":"https:\/\/api.w.org\/{rel}","templated":true}]}}