{"id":4791,"date":"2025-11-21T09:07:18","date_gmt":"2025-11-21T09:07:18","guid":{"rendered":"https:\/\/mountlaser.com\/?post_type=product&#038;p=4791"},"modified":"2025-11-25T07:45:48","modified_gmt":"2025-11-25T07:45:48","slug":"rotary-laser-krl-640","status":"publish","type":"product","link":"https:\/\/mountlaser.com\/de\/produkt\/rotary-laser-krl-640\/","title":{"rendered":"Rotationslaser KRL-640"},"content":{"rendered":"<p>Der <a href=\"https:\/\/mountlaser.com\/de\/\">Laserhalterung<\/a> Der KRL-640 steht f\u00fcr h\u00f6chste Innovation und Pr\u00e4zision in der Baustellenvermessungstechnik. Entwickelt f\u00fcr anspruchsvollste Planierungs- und Bauprojekte, bietet dieses umfassende Dual-Slope-Rotationslaser-Set beispiellose Kontrolle und Genauigkeit. <a href=\"https:\/\/mountlaser.com\/de\/produkt-kategorie\/rotary-laser\/\"><strong>Rotationslaser KRL-640<\/strong><\/a> Funktioniert als hochentwickelter elektronischer Horizontal- und Vertikalrotationslaser und nutzt ein hochmodernes Nivelliersystem mit zwei Gyroskopen und drei einzelnen elektronischen Sensoren, um eine erstklassige Nivelliergenauigkeit von \u00b10,25 mm\/10 m zu erreichen.<\/p>\n<p>Dieses All-in-One-Ger\u00e4t <a href=\"https:\/\/mountlaser.com\/de\/about-us\/\"><strong>Dual Slope Rotary Laser Kit<\/strong><\/a> Der KRL-640 wurde f\u00fcr maximalen Komfort und optimale Leistung im Au\u00dfeneinsatz entwickelt. Er projiziert eine perfekte 360\u00b0-Ebene sowohl horizontal als auch vertikal und bietet Ihnen so ein vollst\u00e4ndiges r\u00e4umliches Referenzsystem. Mit der mitgelieferten Fernbedienung RC200 k\u00f6nnen Sie alle Funktionen, einschlie\u00dflich pr\u00e4ziser Zwei-Wege-Neigungseinstellungen, aus einer beeindruckenden Entfernung von bis zu 300 Metern steuern. Als robuster elektronischer Horizontal- und Vertikal-Rotationslaser mit Schutzart IP66 ist der KRL-640 f\u00fcr h\u00e4rteste Au\u00dfenbedingungen ausgelegt und gew\u00e4hrleistet zuverl\u00e4ssigen Betrieb bei Staub, Regen und extremen Temperaturen von -20 \u00b0C bis +60 \u00b0C.<\/p>\n<p>&nbsp;<\/p>\n<p><img fetchpriority=\"high\" decoding=\"async\" class=\"aligncenter wp-image-4793\" src=\"https:\/\/mountlaser.com\/wp-content\/uploads\/2025\/11\/KRL-6402.webp\" alt=\"Dual Slope Rotary Laser Kit\" width=\"500\" height=\"500\" srcset=\"https:\/\/mountlaser.com\/wp-content\/uploads\/2025\/11\/KRL-6402.webp 800w, https:\/\/mountlaser.com\/wp-content\/uploads\/2025\/11\/KRL-6402-300x300.webp 300w, https:\/\/mountlaser.com\/wp-content\/uploads\/2025\/11\/KRL-6402-400x400.webp 400w, https:\/\/mountlaser.com\/wp-content\/uploads\/2025\/11\/KRL-6402-600x600.webp 600w, https:\/\/mountlaser.com\/wp-content\/uploads\/2025\/11\/KRL-6402-150x150.webp 150w, https:\/\/mountlaser.com\/wp-content\/uploads\/2025\/11\/KRL-6402-768x768.webp 768w, https:\/\/mountlaser.com\/wp-content\/uploads\/2025\/11\/KRL-6402-12x12.webp 12w\" sizes=\"(max-width: 500px) 100vw, 500px\" \/><\/p>\n<p><strong>Spezifikationen des Rotationslasers KRL-640<\/strong><\/p>\n<table style=\"height: 686px;\" width=\"1051\">\n<tbody>\n<tr>\n<td>Lasertyp<\/td>\n<td>KRL-640R<\/td>\n<td>KRL-640G<\/td>\n<\/tr>\n<tr>\n<td>Lasertyp\/Wellenl\u00e4nge<\/td>\n<td>Roter Laser (635 nm \u2013 30 mW) Oberer\/Unterer Punkt<\/td>\n<td>Gr\u00fcner Laser (515 nm \u2013 30 mW) Oberer\/Unterer Punkt<\/td>\n<\/tr>\n<tr>\n<td>Nivellierung<\/td>\n<td colspan=\"2\">Elektronische Nivellierung (2 Gyroskope + 3 individuelle elektronische Sensoren)<\/td>\n<\/tr>\n<tr>\n<td>Nivellierungsbereich<\/td>\n<td colspan=\"2\">\u00b15\u00b0<\/td>\n<\/tr>\n<tr>\n<td>Nivellierungsgenauigkeit<\/td>\n<td colspan=\"2\">\u00b10,25 mm\/10 m<\/td>\n<\/tr>\n<tr>\n<td>Arbeitsdurchmesser (mit LP500)<\/td>\n<td colspan=\"2\">\u22651000 m<\/td>\n<\/tr>\n<tr>\n<td>Arbeitsdia (UsingLP700)<\/td>\n<td colspan=\"2\">\u2265800 m<\/td>\n<\/tr>\n<tr>\n<td>Betriebstemperatur<\/td>\n<td colspan=\"2\">-20\u2103\uff5e+60\u2103<\/td>\n<\/tr>\n<tr>\n<td>Laserrotationsgeschwindigkeit<\/td>\n<td colspan=\"2\">0\/300\/600\/1000\/1500 U\/min (Permanentmagnet-B\u00fcrstenloser Hohlmotor)<\/td>\n<\/tr>\n<tr>\n<td>Fl\u00e4chenscan<\/td>\n<td colspan=\"2\">15\u00b0\/45\u00b0\/90\u00b0\/180\u00b0<\/td>\n<\/tr>\n<tr>\n<td>Neigungseinstellung<\/td>\n<td colspan=\"2\">Zwei-Wege<\/td>\n<\/tr>\n<tr>\n<td>Hangbetrieb<\/td>\n<td colspan=\"2\">Verwenden Sie die Fernbedienung RC200<\/td>\n<\/tr>\n<tr>\n<td>Hauptanlagenbetrieb<\/td>\n<td colspan=\"2\">12 Tasten \/ 5 Lichter (Synchronisierung mit Fernbedienungssignal)<\/td>\n<\/tr>\n<tr>\n<td>Fernbedienungsbetrieb<\/td>\n<td colspan=\"2\">12 Tasten \/ 5 Leuchten (Synchronisierung mit Hostsignalen, Fernbedienungsreichweite \u2265300 m)<\/td>\n<\/tr>\n<tr>\n<td>Stromversorgungsmethode<\/td>\n<td colspan=\"2\">Lithium (einzeln austauschbar) Wechselstrom-Direktanschluss<\/td>\n<\/tr>\n<tr>\n<td>Lithium-Arbeitszeit<\/td>\n<td colspan=\"2\">15-20 Stunden (L\u00e4ngere Akkulaufzeit optional)<\/td>\n<\/tr>\n<tr>\n<td>Kalibrierungsmethode<\/td>\n<td colspan=\"2\">Fernbedienung \/ App<\/td>\n<\/tr>\n<tr>\n<td>Verpackung<\/td>\n<td colspan=\"2\">Kunststoffbox<\/td>\n<\/tr>\n<tr>\n<td>Gr\u00f6\u00dfe<\/td>\n<td colspan=\"2\">L\u00e4nge 217 Breite 217 H\u00f6he 244 (mm)<\/td>\n<\/tr>\n<tr>\n<td>Schutzklasse<\/td>\n<td colspan=\"2\">IP66<\/td>\n<\/tr>\n<tr>\n<td>Fallh\u00f6he<\/td>\n<td colspan=\"2\">Nur 1M Hauptmaschine<\/td>\n<\/tr>\n<tr>\n<td>Einstellbereich f\u00fcr die Neigung<\/td>\n<td colspan=\"2\">\u00b110%<\/td>\n<\/tr>\n<\/tbody>\n<\/table>","protected":false},"excerpt":{"rendered":"<ul>\n<li>Branchenf\u00fchrende Genauigkeit: Erreicht eine Pr\u00e4zision von \u00b10,25 mm\/10 m mit einem fortschrittlichen elektronischen Nivelliersystem mit 2 Gyroskopen und 3 Sensoren.<\/li>\n<li>Komplettes Dual-Slope-Kit: Wird als sofort einsatzbereites Dual-Slope-Rotationslaser-Kit mit Fernbedienung f\u00fcr ein umfassendes Neigungsmanagement angeboten.<\/li>\n<li>Fernbedienung mit extrem gro\u00dfer Reichweite: Volle Bedienung und Neigungseinstellung aus bis zu 300 Metern Entfernung mit der Fernbedienung RC200.<\/li>\n<\/ul>","protected":false},"featured_media":4792,"comment_status":"open","ping_status":"closed","template":"","meta":[],"product_brand":[],"product_cat":[93,139],"product_tag":[],"class_list":{"0":"post-4791","1":"product","2":"type-product","3":"status-publish","4":"has-post-thumbnail","6":"product_cat-rotary-laser","7":"product_cat-rotary-laser-6-series","9":"first","10":"instock","11":"shipping-taxable","12":"product-type-simple"},"_links":{"self":[{"href":"https:\/\/mountlaser.com\/de\/wp-json\/wp\/v2\/product\/4791","targetHints":{"allow":["GET"]}}],"collection":[{"href":"https:\/\/mountlaser.com\/de\/wp-json\/wp\/v2\/product"}],"about":[{"href":"https:\/\/mountlaser.com\/de\/wp-json\/wp\/v2\/types\/product"}],"replies":[{"embeddable":true,"href":"https:\/\/mountlaser.com\/de\/wp-json\/wp\/v2\/comments?post=4791"}],"wp:featuredmedia":[{"embeddable":true,"href":"https:\/\/mountlaser.com\/de\/wp-json\/wp\/v2\/media\/4792"}],"wp:attachment":[{"href":"https:\/\/mountlaser.com\/de\/wp-json\/wp\/v2\/media?parent=4791"}],"wp:term":[{"taxonomy":"product_brand","embeddable":true,"href":"https:\/\/mountlaser.com\/de\/wp-json\/wp\/v2\/product_brand?post=4791"},{"taxonomy":"product_cat","embeddable":true,"href":"https:\/\/mountlaser.com\/de\/wp-json\/wp\/v2\/product_cat?post=4791"},{"taxonomy":"product_tag","embeddable":true,"href":"https:\/\/mountlaser.com\/de\/wp-json\/wp\/v2\/product_tag?post=4791"}],"curies":[{"name":"wp","href":"https:\/\/api.w.org\/{rel}","templated":true}]}}