{"id":4786,"date":"2025-11-21T09:02:35","date_gmt":"2025-11-21T09:02:35","guid":{"rendered":"https:\/\/mountlaser.com\/?post_type=product&#038;p=4786"},"modified":"2025-11-25T07:47:28","modified_gmt":"2025-11-25T07:47:28","slug":"rotary-laser-krl-540","status":"publish","type":"product","link":"https:\/\/mountlaser.com\/de\/produkt\/rotary-laser-krl-540\/","title":{"rendered":"Rotationslaser KRL-540"},"content":{"rendered":"<p><a href=\"https:\/\/mountlaser.com\/de\/produkt-kategorie\/rotary-laser\/\"><strong>Rotationslaser KRL-540<\/strong> <\/a>Dieses Produkt ist die optimale L\u00f6sung f\u00fcr Profis, die im Au\u00dfenbereich kompromisslose Genauigkeit und Robustheit ben\u00f6tigen. Es wird als komplettes Rotationslaser-Nivellierger\u00e4t f\u00fcr den Au\u00dfenbereich angeboten und wurde speziell f\u00fcr die Herausforderungen von hellem Sonnenlicht, gro\u00dfen Entfernungen und rauen Baustellenbedingungen entwickelt. Es stellt einen bedeutenden Leistungssprung dar und verf\u00fcgt \u00fcber ein bahnbrechendes Nivelliersystem mit zwei Gyroskopen und drei separaten elektronischen Sensoren f\u00fcr eine \u00fcberragende Nivelliergenauigkeit von \u00b10,35 mm\/10 m.<\/p>\n<p>Als umfassende <a href=\"https:\/\/mountlaser.com\/de\/about-us\/\"><strong>Au\u00dfenrotationslaser-Nivellierset<\/strong><\/a>, Der KRL-540 bietet alles, was f\u00fcr Gro\u00dfprojekte ben\u00f6tigt wird. Er projiziert einen vollst\u00e4ndigen 360\u00b0-Rundumstrahl horizontal und vertikal und ist sowohl als leistungsstarker roter als auch als ultraheller gr\u00fcner Laser f\u00fcr maximale Sichtbarkeit bis zu 1000 m erh\u00e4ltlich. Das Set beinhaltet die fortschrittliche Fernbedienung RC200, die die Reichweite auf beeindruckende 300 Meter verdoppelt und so eine nahtlose Neigungseinstellung und Steuerung von nahezu jedem Punkt auf der Baustelle erm\u00f6glicht.<\/p>\n<p><a href=\"https:\/\/mountlaser.com\/de\/contact-us\/\">Rotationslaser KRL-540<\/a> Mit einer verbesserten Schutzart IP66 f\u00fcr vollst\u00e4ndigen Schutz gegen Staub und starke Wasserstrahlen sowie einem erweiterten Betriebstemperaturbereich ist dieses Rotationslaser-Nivellierger\u00e4t f\u00fcr den Au\u00dfenbereich so konstruiert, dass es Tag f\u00fcr Tag und bei jedem Wetter zuverl\u00e4ssige und hochpr\u00e4zise Leistung erbringt.<\/p>\n<p>&nbsp;<\/p>\n<p><img fetchpriority=\"high\" decoding=\"async\" class=\"aligncenter wp-image-4788\" src=\"https:\/\/mountlaser.com\/wp-content\/uploads\/2025\/11\/KRL-5402.webp\" alt=\"Exterior Rotary Laser Level Kit\" width=\"500\" height=\"500\" srcset=\"https:\/\/mountlaser.com\/wp-content\/uploads\/2025\/11\/KRL-5402.webp 800w, https:\/\/mountlaser.com\/wp-content\/uploads\/2025\/11\/KRL-5402-300x300.webp 300w, https:\/\/mountlaser.com\/wp-content\/uploads\/2025\/11\/KRL-5402-400x400.webp 400w, https:\/\/mountlaser.com\/wp-content\/uploads\/2025\/11\/KRL-5402-600x600.webp 600w, https:\/\/mountlaser.com\/wp-content\/uploads\/2025\/11\/KRL-5402-150x150.webp 150w, https:\/\/mountlaser.com\/wp-content\/uploads\/2025\/11\/KRL-5402-768x768.webp 768w, https:\/\/mountlaser.com\/wp-content\/uploads\/2025\/11\/KRL-5402-12x12.webp 12w\" sizes=\"(max-width: 500px) 100vw, 500px\" \/><\/p>\n<p><strong>Spezifikationen des Rotationslasers KRL-540<\/strong><\/p>\n<table style=\"height: 698px;\" width=\"1057\">\n<tbody>\n<tr>\n<td>Lasertyp<\/td>\n<td>KRL-540R<\/td>\n<td>KRL-540G<\/td>\n<\/tr>\n<tr>\n<td>Lasertyp\/Wellenl\u00e4nge<\/td>\n<td>Roter Laser (635 nm \u2013 30 mW) Oberer\/Unterer Punkt<\/td>\n<td>Gr\u00fcner Laser (515 nm \u2013 30 mW) Oberer\/Unterer Punkt<\/td>\n<\/tr>\n<tr>\n<td>Nivellierung<\/td>\n<td colspan=\"2\">Elektronische Nivellierung (2 Gyroskope + 3 individuelle elektronische Sensoren)<\/td>\n<\/tr>\n<tr>\n<td>Nivellierungsbereich<\/td>\n<td colspan=\"2\">\u00b15\u00b0<\/td>\n<\/tr>\n<tr>\n<td>Nivellierungsgenauigkeit<\/td>\n<td colspan=\"2\">\u00b10,35 mm\/10 m<\/td>\n<\/tr>\n<tr>\n<td>Arbeitsdurchmesser (mit LP500)<\/td>\n<td colspan=\"2\">\u22651000 m<\/td>\n<\/tr>\n<tr>\n<td>Arbeitsdia (UsingLP700)<\/td>\n<td colspan=\"2\">\u2265800 m<\/td>\n<\/tr>\n<tr>\n<td>Betriebstemperatur<\/td>\n<td colspan=\"2\">-20\u2103\uff5e+60\u2103<\/td>\n<\/tr>\n<tr>\n<td>Laserrotationsgeschwindigkeit<\/td>\n<td colspan=\"2\">0\/300\/600\/1000\/1500 U\/min (Permanentmagnet-B\u00fcrstenloser Hohlmotor)<\/td>\n<\/tr>\n<tr>\n<td>Fl\u00e4chenscan<\/td>\n<td colspan=\"2\">15\u00b0\/45\u00b0\/90\u00b0\/180\u00b0<\/td>\n<\/tr>\n<tr>\n<td>Neigungseinstellung<\/td>\n<td colspan=\"2\">Zwei-Wege<\/td>\n<\/tr>\n<tr>\n<td>Hangbetrieb<\/td>\n<td colspan=\"2\">Verwenden Sie die Fernbedienung RC200<\/td>\n<\/tr>\n<tr>\n<td>Hauptanlagenbetrieb<\/td>\n<td colspan=\"2\">12 Tasten \/ 5 Lichter (Synchronisierung mit Fernbedienungssignal)<\/td>\n<\/tr>\n<tr>\n<td>Fernbedienungsbetrieb<\/td>\n<td colspan=\"2\">12 Tasten \/ 5 Leuchten (Synchronisierung mit Hostsignalen, Fernbedienungsreichweite \u2265300 m)<\/td>\n<\/tr>\n<tr>\n<td>Stromversorgungsmethode<\/td>\n<td colspan=\"2\">Lithium (einzeln austauschbar) Wechselstrom-Direktanschluss<\/td>\n<\/tr>\n<tr>\n<td>Lithium-Arbeitszeit<\/td>\n<td colspan=\"2\">15-20 Stunden (L\u00e4ngere Akkulaufzeit optional)<\/td>\n<\/tr>\n<tr>\n<td>Kalibrierungsmethode<\/td>\n<td colspan=\"2\">Fernbedienung \/ App<\/td>\n<\/tr>\n<tr>\n<td>Verpackung<\/td>\n<td colspan=\"2\">Kunststoffbox<\/td>\n<\/tr>\n<tr>\n<td>Gr\u00f6\u00dfe<\/td>\n<td colspan=\"2\">L\u00e4nge 215 Breite 215 H\u00f6he 232 (mm)<\/td>\n<\/tr>\n<tr>\n<td>Schutzklasse<\/td>\n<td colspan=\"2\">IP66<\/td>\n<\/tr>\n<tr>\n<td>Fallh\u00f6he<\/td>\n<td colspan=\"2\">Nur 1M Hauptmaschine<\/td>\n<\/tr>\n<tr>\n<td>Einstellbereich f\u00fcr die Neigung<\/td>\n<td colspan=\"2\">\u00b110%<\/td>\n<\/tr>\n<\/tbody>\n<\/table>","protected":false},"excerpt":{"rendered":"<ul>\n<li>\u00dcberlegenes Nivellierungssystem: Verf\u00fcgt \u00fcber 2 Gyroskope und 3 elektronische Sensoren f\u00fcr eine au\u00dfergew\u00f6hnliche Genauigkeit und Stabilit\u00e4t von \u00b10,35 mm\/10 m.<\/li>\n<li>Erweiterte Reichweite der Fernbedienung: Die Fernbedienung RC200 bietet volle Funktionalit\u00e4t aus einer Entfernung von bis zu 300 Metern.<\/li>\n<li>Doppellaser mit hoher Sichtbarkeit: W\u00e4hlen Sie zwischen einem standardm\u00e4\u00dfigen roten Strahl oder einem \u00fcberlegenen gr\u00fcnen Strahl f\u00fcr optimale Weitbereichs-Au\u00dfenanwendungen.<\/li>\n<\/ul>","protected":false},"featured_media":4787,"comment_status":"open","ping_status":"closed","template":"","meta":[],"product_brand":[],"product_cat":[93,138],"product_tag":[],"class_list":{"0":"post-4786","1":"product","2":"type-product","3":"status-publish","4":"has-post-thumbnail","6":"product_cat-rotary-laser","7":"product_cat-rotary-laser-5-series","9":"first","10":"instock","11":"shipping-taxable","12":"product-type-simple"},"_links":{"self":[{"href":"https:\/\/mountlaser.com\/de\/wp-json\/wp\/v2\/product\/4786","targetHints":{"allow":["GET"]}}],"collection":[{"href":"https:\/\/mountlaser.com\/de\/wp-json\/wp\/v2\/product"}],"about":[{"href":"https:\/\/mountlaser.com\/de\/wp-json\/wp\/v2\/types\/product"}],"replies":[{"embeddable":true,"href":"https:\/\/mountlaser.com\/de\/wp-json\/wp\/v2\/comments?post=4786"}],"wp:featuredmedia":[{"embeddable":true,"href":"https:\/\/mountlaser.com\/de\/wp-json\/wp\/v2\/media\/4787"}],"wp:attachment":[{"href":"https:\/\/mountlaser.com\/de\/wp-json\/wp\/v2\/media?parent=4786"}],"wp:term":[{"taxonomy":"product_brand","embeddable":true,"href":"https:\/\/mountlaser.com\/de\/wp-json\/wp\/v2\/product_brand?post=4786"},{"taxonomy":"product_cat","embeddable":true,"href":"https:\/\/mountlaser.com\/de\/wp-json\/wp\/v2\/product_cat?post=4786"},{"taxonomy":"product_tag","embeddable":true,"href":"https:\/\/mountlaser.com\/de\/wp-json\/wp\/v2\/product_tag?post=4786"}],"curies":[{"name":"wp","href":"https:\/\/api.w.org\/{rel}","templated":true}]}}