{"id":4782,"date":"2025-11-21T08:56:28","date_gmt":"2025-11-21T08:56:28","guid":{"rendered":"https:\/\/mountlaser.com\/?post_type=product&#038;p=4782"},"modified":"2025-11-25T08:11:58","modified_gmt":"2025-11-25T08:11:58","slug":"rotary-laser-krl-440","status":"publish","type":"product","link":"https:\/\/mountlaser.com\/de\/produkt\/rotary-laser-krl-440\/","title":{"rendered":"Rotationslaser KRL-440"},"content":{"rendered":"<p><a href=\"https:\/\/mountlaser.com\/de\/produkt-kategorie\/rotary-laser\/\"><strong>Rotationslaser KRL-440<\/strong> <\/a>Dieses Ger\u00e4t setzt neue Ma\u00dfst\u00e4be f\u00fcr professionelle Messwerkzeuge und wurde f\u00fcr kompromisslose Leistung auf anspruchsvollsten Baustellen entwickelt. Es handelt sich um einen echten Hochpr\u00e4zisions-Laser-Nivellierer mit einer au\u00dfergew\u00f6hnlichen Nivelliergenauigkeit von \u00b10,5 mm\/10 m dank seines fortschrittlichen elektronischen Nivelliersystems, das ein Gyroskop und einen Zweiachsensensor kombiniert. Es projiziert eine perfekte 360\u00b0-Ebene sowohl horizontal als auch vertikal und ist damit ein unverzichtbares Werkzeug. <a href=\"https:\/\/mountlaser.com\/de\/\"><strong>Hochpr\u00e4zise Lasernivellierger\u00e4t<\/strong><\/a> F\u00fcr alles von Neubauprojekten bis hin zu komplexen Innenausbauten.<\/p>\n<p><a href=\"https:\/\/mountlaser.com\/de\/contact-us\/\">Rotationslaser KRL-440<\/a> Erh\u00e4ltlich in den Ausf\u00fchrungen mit robustem Rotlaser (KRL-440R) und ultra-sichtbarem Gr\u00fcnlaser (KRL-440G), liefert dieses Ger\u00e4t klare Laserlinien \u00fcber einen Arbeitsbereich von bis zu 1000 Metern mit Detektor. Alle Funktionen, inklusive der bidirektionalen Neigungseinstellung, lassen sich bequem aus bis zu 150 Metern Entfernung mit der umfassenden Fernbedienung RC100 steuern. Das robuste Geh\u00e4use des Rotationslasers KRL-440 (Schutzart IP65) sch\u00fctzt vor Staub und Wasser und garantiert so zuverl\u00e4ssige und genaue Messungen in jeder Umgebung \u2013 Saison f\u00fcr Saison.<\/p>\n<p>&nbsp;<\/p>\n<p>&nbsp;<\/p>\n<p><img fetchpriority=\"high\" decoding=\"async\" class=\"aligncenter wp-image-4785\" src=\"https:\/\/mountlaser.com\/wp-content\/uploads\/2025\/11\/KRL-4403.webp\" alt=\"High-precision Laser Level\" width=\"500\" height=\"500\" srcset=\"https:\/\/mountlaser.com\/wp-content\/uploads\/2025\/11\/KRL-4403.webp 800w, https:\/\/mountlaser.com\/wp-content\/uploads\/2025\/11\/KRL-4403-300x300.webp 300w, https:\/\/mountlaser.com\/wp-content\/uploads\/2025\/11\/KRL-4403-400x400.webp 400w, https:\/\/mountlaser.com\/wp-content\/uploads\/2025\/11\/KRL-4403-600x600.webp 600w, https:\/\/mountlaser.com\/wp-content\/uploads\/2025\/11\/KRL-4403-150x150.webp 150w, https:\/\/mountlaser.com\/wp-content\/uploads\/2025\/11\/KRL-4403-768x768.webp 768w, https:\/\/mountlaser.com\/wp-content\/uploads\/2025\/11\/KRL-4403-12x12.webp 12w\" sizes=\"(max-width: 500px) 100vw, 500px\" \/><\/p>\n<p><strong>Spezifikationen des Rotationslasers KRL-440<\/strong><\/p>\n<table style=\"height: 686px;\" width=\"1068\">\n<tbody>\n<tr>\n<td>Lasertyp<\/td>\n<td>KRL-440R<\/td>\n<td>KRL-440G<\/td>\n<\/tr>\n<tr>\n<td>Lasertyp\/Wellenl\u00e4nge<\/td>\n<td>Roter Laser (635 nm \u2013 30 mW) Oberer\/Unterer Punkt<\/td>\n<td>Gr\u00fcner Laser (515 nm \u2013 30 mW) Oberer\/Unterer Punkt<\/td>\n<\/tr>\n<tr>\n<td>Nivellierung<\/td>\n<td colspan=\"2\">Elektronische Nivellierung (1 Gyroskop + 1 Zweiachsen-Elektroniksensor)<\/td>\n<\/tr>\n<tr>\n<td>Nivellierungsbereich<\/td>\n<td colspan=\"2\">\u00b15\u00b0<\/td>\n<\/tr>\n<tr>\n<td>Nivellierungsgenauigkeit<\/td>\n<td colspan=\"2\">\u00b10,5 mm\/10 m<\/td>\n<\/tr>\n<tr>\n<td>Arbeitsdurchmesser (mit LP500)<\/td>\n<td colspan=\"2\">\u22651000 m<\/td>\n<\/tr>\n<tr>\n<td>Arbeitsdia (UsingLP700)<\/td>\n<td colspan=\"2\">\u2265800 m<\/td>\n<\/tr>\n<tr>\n<td>Betriebstemperatur<\/td>\n<td colspan=\"2\">-20\u2103\uff5e+50\u2103<\/td>\n<\/tr>\n<tr>\n<td>Laserrotationsgeschwindigkeit<\/td>\n<td colspan=\"2\">0\/300\/600\/1000\/1500 U\/min (Permanentmagnet-B\u00fcrstenloser Hohlmotor)<\/td>\n<\/tr>\n<tr>\n<td>Fl\u00e4chenscan<\/td>\n<td colspan=\"2\">15\u00b0\/45\u00b0\/90\u00b0\/180\u00b0<\/td>\n<\/tr>\n<tr>\n<td>Neigungseinstellung<\/td>\n<td colspan=\"2\">Zwei-Wege<\/td>\n<\/tr>\n<tr>\n<td>Hangbetrieb<\/td>\n<td colspan=\"2\">Verwenden Sie die Fernbedienung RC100<\/td>\n<\/tr>\n<tr>\n<td>Hauptanlagenbetrieb<\/td>\n<td colspan=\"2\">12 Tasten \/ 5 Lichter (Synchronisierung mit Fernbedienungssignal)<\/td>\n<\/tr>\n<tr>\n<td>Fernbedienungsbetrieb<\/td>\n<td colspan=\"2\">12 Tasten \/ 5 Leuchten (Synchronisierung mit Hostsignalen, Fernbedienungsreichweite \u2265150 m)<\/td>\n<\/tr>\n<tr>\n<td>Stromversorgungsmethode<\/td>\n<td colspan=\"2\">Lithium (einzeln austauschbar) Wechselstrom-Direktanschluss<\/td>\n<\/tr>\n<tr>\n<td>Lithium-Arbeitszeit<\/td>\n<td colspan=\"2\">15-20 Stunden (L\u00e4ngere Akkulaufzeit optional)<\/td>\n<\/tr>\n<tr>\n<td>Kalibrierungsmethode<\/td>\n<td colspan=\"2\">Fernbedienung \/ App<\/td>\n<\/tr>\n<tr>\n<td>Verpackung<\/td>\n<td colspan=\"2\">Kunststoffbox<\/td>\n<\/tr>\n<tr>\n<td>Gr\u00f6\u00dfe<\/td>\n<td colspan=\"2\">L\u00e4nge 215 Breite 215 H\u00f6he 232 (mm)<\/td>\n<\/tr>\n<tr>\n<td>Schutzklasse<\/td>\n<td colspan=\"2\">IP65<\/td>\n<\/tr>\n<tr>\n<td>Fallh\u00f6he<\/td>\n<td colspan=\"2\">Nur 1M Hauptmaschine<\/td>\n<\/tr>\n<tr>\n<td>Einstellbereich f\u00fcr die Neigung<\/td>\n<td colspan=\"2\">\u00b110%<\/td>\n<\/tr>\n<\/tbody>\n<\/table>","protected":false},"excerpt":{"rendered":"<ul>\n<li>Dual-Plane-Projektion: Erzeugt eine vollst\u00e4ndige 360-Grad-Referenzebene in horizontaler und vertikaler Richtung f\u00fcr die komplette Gel\u00e4ndeplanung.<\/li>\n<li>Au\u00dfergew\u00f6hnliche Genauigkeit: Ein hochpr\u00e4zises Laser-Nivellierger\u00e4t mit elektronischer Selbstnivellierung f\u00fcr eine Genauigkeit von \u00b10,5 mm\/10 m innerhalb eines Bereichs von \u00b15\u00b0.<\/li>\n<li>Hervorragende Lasersichtbarkeit: Wahlweise roter oder 6x hellerer gr\u00fcner Laser f\u00fcr optimale Leistung bei unterschiedlichen Lichtverh\u00e4ltnissen und \u00fcber gro\u00dfe Entfernungen.<\/li>\n<\/ul>","protected":false},"featured_media":4783,"comment_status":"open","ping_status":"closed","template":"","meta":[],"product_brand":[],"product_cat":[93,137],"product_tag":[],"class_list":{"0":"post-4782","1":"product","2":"type-product","3":"status-publish","4":"has-post-thumbnail","6":"product_cat-rotary-laser","7":"product_cat-rotary-laser-4-series","9":"first","10":"instock","11":"shipping-taxable","12":"product-type-simple"},"_links":{"self":[{"href":"https:\/\/mountlaser.com\/de\/wp-json\/wp\/v2\/product\/4782","targetHints":{"allow":["GET"]}}],"collection":[{"href":"https:\/\/mountlaser.com\/de\/wp-json\/wp\/v2\/product"}],"about":[{"href":"https:\/\/mountlaser.com\/de\/wp-json\/wp\/v2\/types\/product"}],"replies":[{"embeddable":true,"href":"https:\/\/mountlaser.com\/de\/wp-json\/wp\/v2\/comments?post=4782"}],"wp:featuredmedia":[{"embeddable":true,"href":"https:\/\/mountlaser.com\/de\/wp-json\/wp\/v2\/media\/4783"}],"wp:attachment":[{"href":"https:\/\/mountlaser.com\/de\/wp-json\/wp\/v2\/media?parent=4782"}],"wp:term":[{"taxonomy":"product_brand","embeddable":true,"href":"https:\/\/mountlaser.com\/de\/wp-json\/wp\/v2\/product_brand?post=4782"},{"taxonomy":"product_cat","embeddable":true,"href":"https:\/\/mountlaser.com\/de\/wp-json\/wp\/v2\/product_cat?post=4782"},{"taxonomy":"product_tag","embeddable":true,"href":"https:\/\/mountlaser.com\/de\/wp-json\/wp\/v2\/product_tag?post=4782"}],"curies":[{"name":"wp","href":"https:\/\/api.w.org\/{rel}","templated":true}]}}