{"id":4777,"date":"2025-11-21T08:45:59","date_gmt":"2025-11-21T08:45:59","guid":{"rendered":"https:\/\/mountlaser.com\/?post_type=product&#038;p=4777"},"modified":"2025-11-25T08:14:47","modified_gmt":"2025-11-25T08:14:47","slug":"rotary-laser-krl-420","status":"publish","type":"product","link":"https:\/\/mountlaser.com\/de\/produkt\/rotary-laser-krl-420\/","title":{"rendered":"Rotationslaser KRL-420"},"content":{"rendered":"<p>Der <a href=\"https:\/\/mountlaser.com\/de\/produkt-kategorie\/rotary-laser\/]\/\"><strong>Laserhalterung KRL-420<\/strong><\/a> Dieser hochmoderne, selbstnivellierende Rotationslaser bietet un\u00fcbertroffene Pr\u00e4zision und Vielseitigkeit f\u00fcr komplexe Bau- und Planungsprojekte. Das professionelle Ger\u00e4t arbeitet als echter Horizontal-\/Vertikal-Rotationslaser und projiziert in beiden Ausrichtungen eine vollst\u00e4ndige 360\u00b0-Ebene, um ein komplettes r\u00e4umliches Referenzsystem auf Ihrer Baustelle zu schaffen. Seine St\u00e4rke liegt im fortschrittlichen elektronischen Nivelliersystem mit Gyroskop und Zweiachsensensor, das eine bemerkenswerte Nivelliergenauigkeit von \u00b10,5 mm\/10 m automatisch erreicht.<\/p>\n<p>Der Rotationslaser KRL-420 ist sowohl als Hochleistungslaser mit rotem (KRL-420R) als auch mit ultrahellem gr\u00fcnem (KRL-420G) Laser erh\u00e4ltlich.<a href=\"https:\/\/mountlaser.com\/de\/about-us\/\"><strong> Horizontaler\/Vertikaler Rotationslaser<\/strong> <\/a>Gew\u00e4hrleistet hervorragende Sicht \u00fcber gro\u00dfe Entfernungen mit einem Arbeitsdurchmesser von bis zu 1000 Metern mit Detektor. Die volle Funktionalit\u00e4t, einschlie\u00dflich der bidirektionalen Neigungseinstellung bis zu \u00b110%, ist \u00fcber die Fernbedienung RC100 aus einer Entfernung von 150 Metern verf\u00fcgbar. <a href=\"https:\/\/mountlaser.com\/de\/\">Horizontaler\/Vertikaler Rotationslaser<\/a> Der selbstnivellierende Rotationslaser ist in einem robusten Geh\u00e4use mit Schutzart IP65 untergebracht und so konstruiert, dass er auch h\u00e4rtesten Baustellenbedingungen standh\u00e4lt.<\/p>\n<p><img fetchpriority=\"high\" decoding=\"async\" class=\"aligncenter wp-image-4780\" src=\"https:\/\/mountlaser.com\/wp-content\/uploads\/2025\/11\/KRL-4203.webp\" alt=\"Horizontal\/Vertical Rotary Laser\" width=\"500\" height=\"500\" srcset=\"https:\/\/mountlaser.com\/wp-content\/uploads\/2025\/11\/KRL-4203.webp 800w, https:\/\/mountlaser.com\/wp-content\/uploads\/2025\/11\/KRL-4203-300x300.webp 300w, https:\/\/mountlaser.com\/wp-content\/uploads\/2025\/11\/KRL-4203-400x400.webp 400w, https:\/\/mountlaser.com\/wp-content\/uploads\/2025\/11\/KRL-4203-600x600.webp 600w, https:\/\/mountlaser.com\/wp-content\/uploads\/2025\/11\/KRL-4203-150x150.webp 150w, https:\/\/mountlaser.com\/wp-content\/uploads\/2025\/11\/KRL-4203-768x768.webp 768w, https:\/\/mountlaser.com\/wp-content\/uploads\/2025\/11\/KRL-4203-12x12.webp 12w\" sizes=\"(max-width: 500px) 100vw, 500px\" \/><\/p>\n<p><strong>Spezifikationen des Rotationslasers KRL-420<\/strong><\/p>\n<table style=\"height: 683px;\" width=\"1045\">\n<tbody>\n<tr>\n<td>Lasertyp<\/td>\n<td>KRL-420R<\/td>\n<td>KRL-420G<\/td>\n<\/tr>\n<tr>\n<td>Lasertyp\/Wellenl\u00e4nge<\/td>\n<td>Roter Laser (635 nm \u2013 30 mW) Oberer Punkt<\/td>\n<td>Gr\u00fcner Laser (515 nm \u2013 30 mW) Oberer Punkt<\/td>\n<\/tr>\n<tr>\n<td>Nivellierung<\/td>\n<td colspan=\"2\">Elektronische Nivellierung (1 Gyroskop + 1 Zweiachsen-Elektroniksensor)<\/td>\n<\/tr>\n<tr>\n<td>Nivellierungsbereich<\/td>\n<td colspan=\"2\">\u00b15\u00b0<\/td>\n<\/tr>\n<tr>\n<td>Nivellierungsgenauigkeit<\/td>\n<td colspan=\"2\">\u00b10,5 mm\/10 m<\/td>\n<\/tr>\n<tr>\n<td>Arbeitsdurchmesser (mit LP500)<\/td>\n<td colspan=\"2\">\u22651000 m<\/td>\n<\/tr>\n<tr>\n<td>Arbeitsdia (UsingLP700)<\/td>\n<td colspan=\"2\">\u2265800 m<\/td>\n<\/tr>\n<tr>\n<td>Betriebstemperatur<\/td>\n<td colspan=\"2\">-20\u2103\uff5e+50\u2103<\/td>\n<\/tr>\n<tr>\n<td>Laserrotationsgeschwindigkeit<\/td>\n<td colspan=\"2\">0\/300\/600\/1000\/1500 U\/min (Permanentmagnet-B\u00fcrstenloser Hohlmotor)<\/td>\n<\/tr>\n<tr>\n<td>Fl\u00e4chenscan<\/td>\n<td colspan=\"2\">15\u00b0\/45\u00b0\/90\u00b0\/180\u00b0<\/td>\n<\/tr>\n<tr>\n<td>Neigungseinstellung<\/td>\n<td colspan=\"2\">Zwei-Wege<\/td>\n<\/tr>\n<tr>\n<td>Hangbetrieb<\/td>\n<td colspan=\"2\">Verwenden Sie die Fernbedienung RC100<\/td>\n<\/tr>\n<tr>\n<td>Hauptanlagenbetrieb<\/td>\n<td colspan=\"2\">12 Tasten \/ 5 Lichter (Synchronisierung mit Fernbedienungssignal)<\/td>\n<\/tr>\n<tr>\n<td>Fernbedienungsbetrieb<\/td>\n<td colspan=\"2\">12 Tasten \/ 5 Leuchten (Synchronisierung mit Hostsignalen, Fernbedienungsreichweite \u2265150 m)<\/td>\n<\/tr>\n<tr>\n<td>Stromversorgungsmethode<\/td>\n<td colspan=\"2\">Lithium (einzeln austauschbar) Wechselstrom-Direktanschluss<\/td>\n<\/tr>\n<tr>\n<td>Lithium-Arbeitszeit<\/td>\n<td colspan=\"2\">15-20 Stunden (L\u00e4ngere Akkulaufzeit optional)<\/td>\n<\/tr>\n<tr>\n<td>Kalibrierungsmethode<\/td>\n<td colspan=\"2\">Fernbedienung \/ App<\/td>\n<\/tr>\n<tr>\n<td>Verpackung<\/td>\n<td colspan=\"2\">Kunststoffbox<\/td>\n<\/tr>\n<tr>\n<td>Gr\u00f6\u00dfe<\/td>\n<td colspan=\"2\">L\u00e4nge 201 Breite 215 H\u00f6he 232 (mm)<\/td>\n<\/tr>\n<tr>\n<td>Schutzklasse<\/td>\n<td colspan=\"2\">IP65<\/td>\n<\/tr>\n<tr>\n<td>Fallh\u00f6he<\/td>\n<td colspan=\"2\">Nur 1M Hauptmaschine<\/td>\n<\/tr>\n<tr>\n<td>Einstellbereich f\u00fcr die Neigung<\/td>\n<td colspan=\"2\">\u00b110%<\/td>\n<\/tr>\n<\/tbody>\n<\/table>","protected":false},"excerpt":{"rendered":"<ul>\n<li>Betrieb in zwei Ebenen: Funktioniert als vollst\u00e4ndiger horizontaler\/vertikaler Rotationslaser f\u00fcr die vollst\u00e4ndige Gel\u00e4ndevermessung in beiden Ebenen.<\/li>\n<li>Fortschrittliche Selbstnivellierung: Die elektronische Nivellierung mit Gyroskop und Zweiachsensensor gew\u00e4hrleistet eine Genauigkeit von \u00b10,5 mm\/10 m innerhalb eines Bereichs von \u00b15\u00b0.<\/li>\n<li>Fernbedienung mit gro\u00dfer Reichweite: Mit der Fernbedienung RC100 ist die volle Kontrolle, einschlie\u00dflich der Einstellung der Neigung, aus einer Entfernung von bis zu 150 Metern m\u00f6glich.<\/li>\n<\/ul>","protected":false},"featured_media":4779,"comment_status":"open","ping_status":"closed","template":"","meta":[],"product_brand":[],"product_cat":[93,137],"product_tag":[],"class_list":{"0":"post-4777","1":"product","2":"type-product","3":"status-publish","4":"has-post-thumbnail","6":"product_cat-rotary-laser","7":"product_cat-rotary-laser-4-series","9":"first","10":"instock","11":"shipping-taxable","12":"product-type-simple"},"_links":{"self":[{"href":"https:\/\/mountlaser.com\/de\/wp-json\/wp\/v2\/product\/4777","targetHints":{"allow":["GET"]}}],"collection":[{"href":"https:\/\/mountlaser.com\/de\/wp-json\/wp\/v2\/product"}],"about":[{"href":"https:\/\/mountlaser.com\/de\/wp-json\/wp\/v2\/types\/product"}],"replies":[{"embeddable":true,"href":"https:\/\/mountlaser.com\/de\/wp-json\/wp\/v2\/comments?post=4777"}],"wp:featuredmedia":[{"embeddable":true,"href":"https:\/\/mountlaser.com\/de\/wp-json\/wp\/v2\/media\/4779"}],"wp:attachment":[{"href":"https:\/\/mountlaser.com\/de\/wp-json\/wp\/v2\/media?parent=4777"}],"wp:term":[{"taxonomy":"product_brand","embeddable":true,"href":"https:\/\/mountlaser.com\/de\/wp-json\/wp\/v2\/product_brand?post=4777"},{"taxonomy":"product_cat","embeddable":true,"href":"https:\/\/mountlaser.com\/de\/wp-json\/wp\/v2\/product_cat?post=4777"},{"taxonomy":"product_tag","embeddable":true,"href":"https:\/\/mountlaser.com\/de\/wp-json\/wp\/v2\/product_tag?post=4777"}],"curies":[{"name":"wp","href":"https:\/\/api.w.org\/{rel}","templated":true}]}}