{"id":4772,"date":"2025-11-21T08:30:21","date_gmt":"2025-11-21T08:30:21","guid":{"rendered":"https:\/\/mountlaser.com\/?post_type=product&#038;p=4772"},"modified":"2025-11-25T08:16:39","modified_gmt":"2025-11-25T08:16:39","slug":"rotary-laser-krl-410","status":"publish","type":"product","link":"https:\/\/mountlaser.com\/de\/produkt\/rotary-laser-krl-410\/","title":{"rendered":"Rotationslaser KRL-410"},"content":{"rendered":"<p><a href=\"https:\/\/mountlaser.com\/de\/produkt-kategorie\/rotary-laser\/\"><strong>Rotationslaser KRL-410<\/strong><\/a> Dieser professionelle Rotationslaser mit zwei Ebenen wurde f\u00fcr anspruchsvollste Baustellenvorbereitungs- und Erdbauarbeiten entwickelt. Das robuste Ger\u00e4t projiziert eine pr\u00e4zise 360\u00b0-Laserebene sowohl horizontal als auch vertikal und ist damit der ideale Rotationslaser f\u00fcr Planierungsarbeiten, Fundamentarbeiten und allgemeine Bauabsteckungen. Sein fortschrittliches elektronisches Nivelliersystem mit Gyroskop und Zweiachsensensor gew\u00e4hrleistet eine au\u00dfergew\u00f6hnliche Genauigkeit von \u00b10,5 mm\/10 m und gleicht Unebenheiten im Gel\u00e4nde automatisch im Bereich von \u00b15\u00b0 aus.<\/p>\n<p>Erh\u00e4ltlich sowohl als Hochleistungslaser mit rotem (KRL-410R) als auch mit ultrahellem gr\u00fcnem Laser (KRL-410G), <a href=\"https:\/\/mountlaser.com\/de\/\">Rotationslaser-Niveau<\/a> Bietet hervorragende Sicht \u00fcber gro\u00dfe Entfernungen mit einer Reichweite von bis zu 1000 Metern in Kombination mit einem Detektor. Die integrierte Fernbedienung RC100 erm\u00f6glicht die Steuerung aller Funktionen \u2013 einschlie\u00dflich der pr\u00e4zisen Zwei-Wege-Neigungseinstellung bis zu \u00b1101 TP3T \u2013 aus einer Entfernung von \u00fcber 150 Metern und optimiert so den Arbeitsablauf f\u00fcr jedes Planierteam. Der Rotationslaser KRL-410 mit Schutzart IP65 f\u00fcr \u00fcberlegene Staub- und Wasserbest\u00e4ndigkeit ist auf h\u00f6chste Zuverl\u00e4ssigkeit ausgelegt.<a href=\"https:\/\/mountlaser.com\/de\/about-us\/\"><strong> Rotationslaser-Nivellierger\u00e4t f\u00fcr die Nivellierung<\/strong><\/a> auf jeder Baustelle, unter allen Bedingungen.<\/p>\n<p>&nbsp;<\/p>\n<p><img fetchpriority=\"high\" decoding=\"async\" class=\"aligncenter wp-image-4776\" src=\"https:\/\/mountlaser.com\/wp-content\/uploads\/2025\/11\/KRL-4104.webp\" alt=\"Rotary laser level for grading\" width=\"500\" height=\"500\" srcset=\"https:\/\/mountlaser.com\/wp-content\/uploads\/2025\/11\/KRL-4104.webp 800w, https:\/\/mountlaser.com\/wp-content\/uploads\/2025\/11\/KRL-4104-300x300.webp 300w, https:\/\/mountlaser.com\/wp-content\/uploads\/2025\/11\/KRL-4104-400x400.webp 400w, https:\/\/mountlaser.com\/wp-content\/uploads\/2025\/11\/KRL-4104-600x600.webp 600w, https:\/\/mountlaser.com\/wp-content\/uploads\/2025\/11\/KRL-4104-150x150.webp 150w, https:\/\/mountlaser.com\/wp-content\/uploads\/2025\/11\/KRL-4104-768x768.webp 768w, https:\/\/mountlaser.com\/wp-content\/uploads\/2025\/11\/KRL-4104-12x12.webp 12w\" sizes=\"(max-width: 500px) 100vw, 500px\" \/><\/p>\n<p><strong>Spezifikationen des Rotationslasers KRL-410<\/strong><\/p>\n<table style=\"height: 703px;\" width=\"942\">\n<tbody>\n<tr>\n<td>Lasertyp<\/td>\n<td>KRL-410R<\/td>\n<td>KRL-410G<\/td>\n<\/tr>\n<tr>\n<td>Lasertyp\/Wellenl\u00e4nge<\/td>\n<td>Roter Laser (635 nm \u2013 30 mW) Oberer Punkt<\/td>\n<td>Gr\u00fcner Laser (515 nm \u2013 30 mW) Oberer Punkt<\/td>\n<\/tr>\n<tr>\n<td>Nivellierung<\/td>\n<td colspan=\"2\">Elektronische Nivellierung (1 Gyroskop + 1 Zweiachsen-Elektroniksensor)<\/td>\n<\/tr>\n<tr>\n<td>Nivellierungsbereich<\/td>\n<td colspan=\"2\">\u00b15\u00b0<\/td>\n<\/tr>\n<tr>\n<td>Nivellierungsgenauigkeit<\/td>\n<td colspan=\"2\">\u00b10,5 mm\/10 m<\/td>\n<\/tr>\n<tr>\n<td>Arbeitsdurchmesser (mit LP500)<\/td>\n<td colspan=\"2\">\u22651000 m<\/td>\n<\/tr>\n<tr>\n<td>Arbeitsdia (UsingLP700)<\/td>\n<td colspan=\"2\">\u2265800 m<\/td>\n<\/tr>\n<tr>\n<td>Betriebstemperatur<\/td>\n<td colspan=\"2\">-20\u2103\uff5e+50\u2103<\/td>\n<\/tr>\n<tr>\n<td>Laserrotationsgeschwindigkeit<\/td>\n<td colspan=\"2\">0\/300\/600\/1000\/1500 U\/min (Permanentmagnet-B\u00fcrstenloser Hohlmotor)<\/td>\n<\/tr>\n<tr>\n<td>Fl\u00e4chenscan<\/td>\n<td colspan=\"2\">15\u00b0\/45\u00b0\/90\u00b0\/180\u00b0<\/td>\n<\/tr>\n<tr>\n<td>Neigungseinstellung<\/td>\n<td colspan=\"2\">Zwei-Wege<\/td>\n<\/tr>\n<tr>\n<td>Hangbetrieb<\/td>\n<td colspan=\"2\">Verwenden Sie die Fernbedienung RC100<\/td>\n<\/tr>\n<tr>\n<td>Hauptanlagenbetrieb<\/td>\n<td colspan=\"2\">12 Tasten \/ 5 Lichter (Synchronisierung mit Fernbedienungssignal)<\/td>\n<\/tr>\n<tr>\n<td>Fernbedienungsbetrieb<\/td>\n<td colspan=\"2\">12 Tasten \/ 5 Leuchten (Synchronisierung mit Hostsignalen, Fernbedienungsreichweite \u2265150 m)<\/td>\n<\/tr>\n<tr>\n<td>Stromversorgungsmethode<\/td>\n<td colspan=\"2\">Lithium (einzeln austauschbar) Wechselstrom-Direktanschluss<\/td>\n<\/tr>\n<tr>\n<td>Lithium-Arbeitszeit<\/td>\n<td colspan=\"2\">15-20 Stunden (L\u00e4ngere Akkulaufzeit optional)<\/td>\n<\/tr>\n<tr>\n<td>Kalibrierungsmethode<\/td>\n<td colspan=\"2\">Fernbedienung \/ App<\/td>\n<\/tr>\n<tr>\n<td>Verpackung<\/td>\n<td colspan=\"2\">Kunststoffbox<\/td>\n<\/tr>\n<tr>\n<td>Gr\u00f6\u00dfe<\/td>\n<td colspan=\"2\">L\u00e4nge 232 Breite 189 H\u00f6he 227 (mm)<\/td>\n<\/tr>\n<tr>\n<td>Schutzklasse<\/td>\n<td colspan=\"2\">IP65<\/td>\n<\/tr>\n<tr>\n<td>Fallh\u00f6he<\/td>\n<td colspan=\"2\">Nur 1M Hauptmaschine<\/td>\n<\/tr>\n<tr>\n<td>Einstellbereich f\u00fcr die Neigung<\/td>\n<td colspan=\"2\">\u00b110%<\/td>\n<\/tr>\n<\/tbody>\n<\/table>","protected":false},"excerpt":{"rendered":"<ul>\n<li>Der Mount Laser KRL-410 ist ein vielseitiger und robuster Rotationslaser, der sich besonders als Spezialger\u00e4t f\u00fcr Nivellierungsarbeiten eignet.<\/li>\n<li>Dual-Laser-Optionen: W\u00e4hlen Sie zwischen einem standardm\u00e4\u00dfigen roten Strahl oder einem gut sichtbaren gr\u00fcnen Strahl f\u00fcr gr\u00f6\u00dfere Reichweite und bessere Klarheit.<\/li>\n<li>Lange Akkulaufzeit: Ausgestattet mit einem wiederaufladbaren Lithium-Akku, der 15-20 Stunden Dauerbetrieb erm\u00f6glicht.<\/li>\n<\/ul>","protected":false},"featured_media":4774,"comment_status":"open","ping_status":"closed","template":"","meta":[],"product_brand":[],"product_cat":[93,137],"product_tag":[],"class_list":{"0":"post-4772","1":"product","2":"type-product","3":"status-publish","4":"has-post-thumbnail","6":"product_cat-rotary-laser","7":"product_cat-rotary-laser-4-series","9":"first","10":"instock","11":"shipping-taxable","12":"product-type-simple"},"_links":{"self":[{"href":"https:\/\/mountlaser.com\/de\/wp-json\/wp\/v2\/product\/4772","targetHints":{"allow":["GET"]}}],"collection":[{"href":"https:\/\/mountlaser.com\/de\/wp-json\/wp\/v2\/product"}],"about":[{"href":"https:\/\/mountlaser.com\/de\/wp-json\/wp\/v2\/types\/product"}],"replies":[{"embeddable":true,"href":"https:\/\/mountlaser.com\/de\/wp-json\/wp\/v2\/comments?post=4772"}],"wp:featuredmedia":[{"embeddable":true,"href":"https:\/\/mountlaser.com\/de\/wp-json\/wp\/v2\/media\/4774"}],"wp:attachment":[{"href":"https:\/\/mountlaser.com\/de\/wp-json\/wp\/v2\/media?parent=4772"}],"wp:term":[{"taxonomy":"product_brand","embeddable":true,"href":"https:\/\/mountlaser.com\/de\/wp-json\/wp\/v2\/product_brand?post=4772"},{"taxonomy":"product_cat","embeddable":true,"href":"https:\/\/mountlaser.com\/de\/wp-json\/wp\/v2\/product_cat?post=4772"},{"taxonomy":"product_tag","embeddable":true,"href":"https:\/\/mountlaser.com\/de\/wp-json\/wp\/v2\/product_tag?post=4772"}],"curies":[{"name":"wp","href":"https:\/\/api.w.org\/{rel}","templated":true}]}}