{"id":4762,"date":"2025-11-21T08:22:21","date_gmt":"2025-11-21T08:22:21","guid":{"rendered":"https:\/\/mountlaser.com\/?post_type=product&#038;p=4762"},"modified":"2025-11-25T08:17:45","modified_gmt":"2025-11-25T08:17:45","slug":"rotary-laser-krl-405","status":"publish","type":"product","link":"https:\/\/mountlaser.com\/de\/produkt\/rotary-laser-krl-405\/","title":{"rendered":"Rotationslaser KRL-405"},"content":{"rendered":"<p><a href=\"https:\/\/mountlaser.com\/de\/produkt-kategorie\/rotary-laser\/\"><strong>Rotationslaser KRL-405<\/strong><\/a> Dieser Hochleistungs-Rotationslaser in Profiqualit\u00e4t wurde speziell f\u00fcr gro\u00dffl\u00e4chige Vermessungs- und Nivellierungsprojekte entwickelt. Als vielseitiger Horizontallaser projiziert er eine durchgehende 360\u00b0-Laserebene und schafft so eine pr\u00e4zise horizontale Referenz \u00fcber den gesamten Arbeitsbereich. Dieses Modell ist ein herausragendes Beispiel unter den selbstnivellierenden Rotationslasern. Dank fortschrittlicher elektronischer Nivellierung, die ein Gyroskop und einen Zweiachsensensor kombiniert, erreicht er eine au\u00dfergew\u00f6hnliche Genauigkeit von \u00b10,5 mm\/10 m innerhalb eines Nivellierungsbereichs von \u00b15\u00b0.<\/p>\n<p>Erh\u00e4ltlich sowohl mit einem leistungsstarken roten (KRL-405R) als auch mit einem ultrahellen gr\u00fcnen (KRL-405G) Laser, <a href=\"https:\/\/mountlaser.com\/de\/\"><strong>Horizontaler Rotationslaser<\/strong><\/a> Gew\u00e4hrleistet selbst bei einem erweiterten Arbeitsradius von bis zu 1000 Metern mit Detektor eine hervorragende Sicht. Die robuste Schutzart IP65 garantiert zuverl\u00e4ssigen Betrieb auch bei widrigen Wetterbedingungen und staubigen Baustellenumgebungen. Abgerundet wird dieses leistungsstarke Paket durch die Fernbedienung RC100, die die vollst\u00e4ndige Bedienung \u2013 inklusive Neigungseinstellung \u2013 aus bis zu 150 Metern Entfernung erm\u00f6glicht. <a href=\"https:\/\/mountlaser.com\/de\/contact-us\/\">KRL-405<\/a> einer der leistungsf\u00e4higsten und benutzerfreundlichsten selbstnivellierenden Rotationslaser auf dem Markt.<\/p>\n<p><img fetchpriority=\"high\" decoding=\"async\" class=\"aligncenter wp-image-4764\" src=\"https:\/\/mountlaser.com\/wp-content\/uploads\/2025\/11\/KRL-4052.webp\" alt=\"Horizontal Rotary Laser\" width=\"500\" height=\"500\" srcset=\"https:\/\/mountlaser.com\/wp-content\/uploads\/2025\/11\/KRL-4052.webp 800w, https:\/\/mountlaser.com\/wp-content\/uploads\/2025\/11\/KRL-4052-300x300.webp 300w, https:\/\/mountlaser.com\/wp-content\/uploads\/2025\/11\/KRL-4052-400x400.webp 400w, https:\/\/mountlaser.com\/wp-content\/uploads\/2025\/11\/KRL-4052-600x600.webp 600w, https:\/\/mountlaser.com\/wp-content\/uploads\/2025\/11\/KRL-4052-150x150.webp 150w, https:\/\/mountlaser.com\/wp-content\/uploads\/2025\/11\/KRL-4052-768x768.webp 768w, https:\/\/mountlaser.com\/wp-content\/uploads\/2025\/11\/KRL-4052-12x12.webp 12w\" sizes=\"(max-width: 500px) 100vw, 500px\" \/><\/p>\n<p><strong>Spezifikationen des Rotationslasers KRL-405<\/strong><\/p>\n<table style=\"height: 695px;\" width=\"941\">\n<tbody>\n<tr>\n<td>Lasertyp<\/td>\n<td>KRL-405R<\/td>\n<td>KRL-405G<\/td>\n<\/tr>\n<tr>\n<td>Lasertyp\/Wellenl\u00e4nge<\/td>\n<td>Roter Laser (635 nm - 30 mW)<\/td>\n<td>Gr\u00fcner Laser (515 nm - 30 mW)<\/td>\n<\/tr>\n<tr>\n<td>Nivellierung<\/td>\n<td colspan=\"2\">Elektronische Nivellierung (1 Gyroskop + 1 Zweiachsen-Elektroniksensor)<\/td>\n<\/tr>\n<tr>\n<td>Nivellierungsbereich<\/td>\n<td colspan=\"2\">\u00b15\u00b0<\/td>\n<\/tr>\n<tr>\n<td>Nivellierungsgenauigkeit<\/td>\n<td colspan=\"2\">\u00b10,5 mm\/10 m<\/td>\n<\/tr>\n<tr>\n<td>Arbeitsdurchmesser (mit LP500)<\/td>\n<td colspan=\"2\">\u22651000 m<\/td>\n<\/tr>\n<tr>\n<td>Arbeitsdia (UsingLP700)<\/td>\n<td colspan=\"2\">\u2265800 m<\/td>\n<\/tr>\n<tr>\n<td>Betriebstemperatur<\/td>\n<td colspan=\"2\">-20\u2103\uff5e+50\u2103<\/td>\n<\/tr>\n<tr>\n<td>Laserrotationsgeschwindigkeit<\/td>\n<td colspan=\"2\">0\/300\/600\/1000\/1500 U\/min (Permanentmagnet-B\u00fcrstenloser Hohlmotor)<\/td>\n<\/tr>\n<tr>\n<td>Fl\u00e4chenscan<\/td>\n<td colspan=\"2\">15\u00b0\/45\u00b0\/90\u00b0\/180\u00b0<\/td>\n<\/tr>\n<tr>\n<td>Neigungseinstellung<\/td>\n<td colspan=\"2\">Zwei-Wege<\/td>\n<\/tr>\n<tr>\n<td>Hangbetrieb<\/td>\n<td colspan=\"2\">Verwenden Sie die Fernbedienung RC100<\/td>\n<\/tr>\n<tr>\n<td>Hauptanlagenbetrieb<\/td>\n<td colspan=\"2\">4 Tasten \/ 5 Lichter (Synchronisierung mit Fernbedienungssignal)<\/td>\n<\/tr>\n<tr>\n<td>Fernbedienungsbetrieb<\/td>\n<td colspan=\"2\">12 Tasten \/ 5 Leuchten (Synchronisierung mit Hostsignalen, Fernbedienungsreichweite \u2265150 m)<\/td>\n<\/tr>\n<tr>\n<td>Stromversorgungsmethode<\/td>\n<td colspan=\"2\">Lithium (einzeln austauschbar) Wechselstrom-Direktanschluss<\/td>\n<\/tr>\n<tr>\n<td>Lithium-Arbeitszeit<\/td>\n<td colspan=\"2\">15-20 Stunden (L\u00e4ngere Akkulaufzeit optional)<\/td>\n<\/tr>\n<tr>\n<td>Kalibrierungsmethode<\/td>\n<td colspan=\"2\">Fernbedienung \/ App<\/td>\n<\/tr>\n<tr>\n<td>Verpackung<\/td>\n<td colspan=\"2\">Kunststoffbox<\/td>\n<\/tr>\n<tr>\n<td>Gr\u00f6\u00dfe<\/td>\n<td colspan=\"2\">L\u00e4nge 232 Breite 189 H\u00f6he 227 (mm)<\/td>\n<\/tr>\n<tr>\n<td>Schutzklasse<\/td>\n<td colspan=\"2\">IP65<\/td>\n<\/tr>\n<tr>\n<td>Fallh\u00f6he<\/td>\n<td colspan=\"2\">Nur 1M Hauptmaschine<\/td>\n<\/tr>\n<tr>\n<td>Einstellbereich f\u00fcr die Neigung<\/td>\n<td colspan=\"2\">\u00b110%<\/td>\n<\/tr>\n<\/tbody>\n<\/table>","protected":false},"excerpt":{"rendered":"<ul>\n<li>Der Mount Laser KRL-405 ist ein erstklassiger horizontaler Rotationslaser, der die fortschrittlichen F\u00e4higkeiten moderner selbstnivellierender Rotationslaser beispielhaft verk\u00f6rpert.<\/li>\n<li>Einstellbare Rotationsgeschwindigkeit: Bietet f\u00fcnf Rotationsgeschwindigkeiten (0, 300, 600, 1000, 1500 U\/min) f\u00fcr optimale Sichtverh\u00e4ltnisse und maximale Akkulaufzeit.<\/li>\n<li>Lange Akkulaufzeit &amp; IP65-Schutz: Bietet 15-20 Stunden Betriebsdauer und ist bestens gegen Staub und Strahlwasser gesch\u00fctzt.<\/li>\n<li>Mehrere Scanmodi: Kann im Bereichsscanmodus (15\u00b0, 45\u00b0, 90\u00b0, 180\u00b0) f\u00fcr spezifische Abschnittsarbeiten betrieben werden.<\/li>\n<\/ul>","protected":false},"featured_media":4763,"comment_status":"open","ping_status":"closed","template":"","meta":[],"product_brand":[],"product_cat":[93,137],"product_tag":[],"class_list":{"0":"post-4762","1":"product","2":"type-product","3":"status-publish","4":"has-post-thumbnail","6":"product_cat-rotary-laser","7":"product_cat-rotary-laser-4-series","9":"first","10":"instock","11":"shipping-taxable","12":"product-type-simple"},"_links":{"self":[{"href":"https:\/\/mountlaser.com\/de\/wp-json\/wp\/v2\/product\/4762","targetHints":{"allow":["GET"]}}],"collection":[{"href":"https:\/\/mountlaser.com\/de\/wp-json\/wp\/v2\/product"}],"about":[{"href":"https:\/\/mountlaser.com\/de\/wp-json\/wp\/v2\/types\/product"}],"replies":[{"embeddable":true,"href":"https:\/\/mountlaser.com\/de\/wp-json\/wp\/v2\/comments?post=4762"}],"wp:featuredmedia":[{"embeddable":true,"href":"https:\/\/mountlaser.com\/de\/wp-json\/wp\/v2\/media\/4763"}],"wp:attachment":[{"href":"https:\/\/mountlaser.com\/de\/wp-json\/wp\/v2\/media?parent=4762"}],"wp:term":[{"taxonomy":"product_brand","embeddable":true,"href":"https:\/\/mountlaser.com\/de\/wp-json\/wp\/v2\/product_brand?post=4762"},{"taxonomy":"product_cat","embeddable":true,"href":"https:\/\/mountlaser.com\/de\/wp-json\/wp\/v2\/product_cat?post=4762"},{"taxonomy":"product_tag","embeddable":true,"href":"https:\/\/mountlaser.com\/de\/wp-json\/wp\/v2\/product_tag?post=4762"}],"curies":[{"name":"wp","href":"https:\/\/api.w.org\/{rel}","templated":true}]}}