{"id":4761,"date":"2025-11-21T08:43:14","date_gmt":"2025-11-21T08:43:14","guid":{"rendered":"https:\/\/mountlaser.com\/?post_type=product&#038;p=4761"},"modified":"2025-11-25T08:23:54","modified_gmt":"2025-11-25T08:23:54","slug":"kmr02-machine-control-laser-receivers","status":"publish","type":"product","link":"https:\/\/mountlaser.com\/de\/produkt\/kmr02-machine-control-laser-receivers\/","title":{"rendered":"KMR02 Maschinensteuerungs-Laserempf\u00e4nger"},"content":{"rendered":"<p>Der <a href=\"https:\/\/mountlaser.com\/de\/products\/\"><strong>KMR02 Maschinensteuerungs-Laserempf\u00e4nger<\/strong> <\/a>sind fortgeschrittene Klassen <a href=\"https:\/\/mountlaser.com\/de\/\"><strong>Maschinenempf\u00e4nger<\/strong>s<\/a> Die KMR02 Maschinensteuerungs-Laserempf\u00e4nger wurden speziell f\u00fcr schwere Baumaschinen entwickelt, die eine pr\u00e4zise und zuverl\u00e4ssige Nivellierung erfordern. Sie sind f\u00fcr den Einsatz an Baggern, Gradern, Planierraupen und Landmaschinen konzipiert und liefern eine stabile Erfassung rotierender Lasersignale \u00fcber einen vollen 360\u00b0-Bereich. Als Premium-Maschinenempf\u00e4nger bieten sie hervorragende Kompatibilit\u00e4t und k\u00f6nnen Laserstrahlen verschiedener Hersteller rotierender Laserinstrumente empfangen.<\/p>\n<p>Sowohl die <a href=\"https:\/\/mountlaser.com\/de\/about-us\/\">KMR02 und KMC02<\/a> Die Modelle verf\u00fcgen \u00fcber ein gro\u00dfes Empfangsfenster, ein helles LED-Display und einen Speicher zum Abrufen zuvor empfangener Daten. Diese Maschinenempf\u00e4nger sind regen- und vibrationsfest und eignen sich daher ideal f\u00fcr anspruchsvolle Au\u00dfeneins\u00e4tze. Sie werden direkt \u00fcber die Traktorbatterie angeschlossen und lassen sich dank einer sicheren Klemmbefestigung schnell montieren. Mit zwei Pr\u00e4zisionsmodi \u2013 Fein- und Grobmessung \u2013 gew\u00e4hrleisten die KMR02 Maschinensteuerungs-Laserempf\u00e4nger h\u00f6chste Genauigkeit bei verschiedensten Erdbewegungsanwendungen.<\/p>\n<figure id=\"attachment_4768\" aria-describedby=\"caption-attachment-4768\" style=\"width: 500px\" class=\"wp-caption aligncenter\"><img fetchpriority=\"high\" decoding=\"async\" class=\"wp-image-4768\" src=\"https:\/\/mountlaser.com\/wp-content\/uploads\/2025\/11\/KMRC022.webp\" alt=\"KMR02 Machine Control Laser Receivers\" width=\"500\" height=\"500\" srcset=\"https:\/\/mountlaser.com\/wp-content\/uploads\/2025\/11\/KMRC022.webp 800w, https:\/\/mountlaser.com\/wp-content\/uploads\/2025\/11\/KMRC022-300x300.webp 300w, https:\/\/mountlaser.com\/wp-content\/uploads\/2025\/11\/KMRC022-400x400.webp 400w, https:\/\/mountlaser.com\/wp-content\/uploads\/2025\/11\/KMRC022-600x600.webp 600w, https:\/\/mountlaser.com\/wp-content\/uploads\/2025\/11\/KMRC022-150x150.webp 150w, https:\/\/mountlaser.com\/wp-content\/uploads\/2025\/11\/KMRC022-768x768.webp 768w, https:\/\/mountlaser.com\/wp-content\/uploads\/2025\/11\/KMRC022-12x12.webp 12w\" sizes=\"(max-width: 500px) 100vw, 500px\" \/><figcaption id=\"caption-attachment-4768\" class=\"wp-caption-text\">KMR02 Maschinensteuerungs-Laserempf\u00e4nger<\/figcaption><\/figure>\n<figure id=\"attachment_4771\" aria-describedby=\"caption-attachment-4771\" style=\"width: 500px\" class=\"wp-caption aligncenter\"><img decoding=\"async\" class=\"wp-image-4771\" src=\"https:\/\/mountlaser.com\/wp-content\/uploads\/2025\/11\/KMRC025.webp\" alt=\"KMC02 Machine Control Laser Receivers\" width=\"500\" height=\"500\" srcset=\"https:\/\/mountlaser.com\/wp-content\/uploads\/2025\/11\/KMRC025.webp 800w, https:\/\/mountlaser.com\/wp-content\/uploads\/2025\/11\/KMRC025-300x300.webp 300w, https:\/\/mountlaser.com\/wp-content\/uploads\/2025\/11\/KMRC025-400x400.webp 400w, https:\/\/mountlaser.com\/wp-content\/uploads\/2025\/11\/KMRC025-600x600.webp 600w, https:\/\/mountlaser.com\/wp-content\/uploads\/2025\/11\/KMRC025-150x150.webp 150w, https:\/\/mountlaser.com\/wp-content\/uploads\/2025\/11\/KMRC025-768x768.webp 768w, https:\/\/mountlaser.com\/wp-content\/uploads\/2025\/11\/KMRC025-12x12.webp 12w\" sizes=\"(max-width: 500px) 100vw, 500px\" \/><figcaption id=\"caption-attachment-4771\" class=\"wp-caption-text\">KMC02 Maschinensteuerungs-Laserempf\u00e4nger<\/figcaption><\/figure>\n<div>\n<table style=\"border-collapse: collapse; width: 631.52pt;\" border=\"0\" width=\"842\" cellspacing=\"0\" cellpadding=\"0\">\n<tbody>\n<tr style=\"height: 17.25pt;\">\n<td class=\"et2\" style=\"height: 17.25pt; width: 322.50pt;\" width=\"430\" height=\"23\">Modellnr.<\/td>\n<td class=\"et3\" style=\"width: 309.00pt;\" width=\"412\">KMRC02<\/td>\n<\/tr>\n<tr style=\"height: 17.25pt;\">\n<td class=\"et4\" style=\"height: 17.25pt;\" height=\"23\">Betriebsbereich<\/td>\n<td class=\"et4\">300M<\/td>\n<\/tr>\n<tr style=\"height: 17.25pt;\">\n<td class=\"et4\" style=\"height: 17.25pt;\" height=\"23\">Genauigkeit Fein<\/td>\n<td class=\"et4\">\u00b12,5 mm \u2013 15 mm<\/td>\n<\/tr>\n<tr style=\"height: 17.25pt;\">\n<td class=\"et4\" style=\"height: 17.25pt;\" height=\"23\">Genauigkeit Grob<\/td>\n<td class=\"et4\">\u00b110 mm \u2013 20 mm<\/td>\n<\/tr>\n<tr style=\"height: 17.25pt;\">\n<td class=\"et4\" style=\"height: 17.25pt;\" height=\"23\">Eingang<\/td>\n<td class=\"et4\">DC10-30V DC<\/td>\n<\/tr>\n<tr style=\"height: 17.25pt;\">\n<td class=\"et4\" style=\"height: 17.25pt;\" height=\"23\">Gr\u00f6\u00dfe KMR02<\/td>\n<td class=\"et4\">376 \u00d7 120 \u00d7 205 mm<\/td>\n<\/tr>\n<tr style=\"height: 17.25pt;\">\n<td class=\"et4\" style=\"height: 17.25pt;\" height=\"23\">Gr\u00f6\u00dfe KMC02<\/td>\n<td class=\"et4\">210 \u00d7 165 \u00d7 98 mm<\/td>\n<\/tr>\n<tr style=\"height: 14.25pt;\">\n<td class=\"et4\" style=\"height: 14.25pt;\" height=\"19\">Gewicht KMRO2<\/td>\n<td class=\"et4\">2,6 kg<\/td>\n<\/tr>\n<tr style=\"height: 14.25pt;\">\n<td class=\"et4\" style=\"height: 14.25pt;\" height=\"19\">Gewicht KMC02<\/td>\n<td class=\"et4\">2,0 kg<\/td>\n<\/tr>\n<\/tbody>\n<\/table>\n<\/div>","protected":false},"excerpt":{"rendered":"<ul>\n<li>360\u00b0-Laserstrahlempfang f\u00fcr maximale Detektionsstabilit\u00e4t<\/li>\n<li>Kompatibel mit allen g\u00e4ngigen rotierenden Laser-Nivellierger\u00e4ten<\/li>\n<li>Hochleistungs-LED-Display f\u00fcr klare Sichtbarkeit in hellen Umgebungen<\/li>\n<li>Datenspeicherfunktion zum Speichern zuvor erfasster Messwerte<\/li>\n<li>Manuelle und automatische Hydrauliksteuerung \u00fcber den mitgelieferten Controller<\/li>\n<li>Geschwindigkeitsauswahl (Schnell \/ Mittel \/ Langsam) f\u00fcr pr\u00e4zise Gradierungsreaktion<\/li>\n<li>DC10\u201330V-Eingang unterst\u00fctzt den Betrieb mit Traktorbatterie<\/li>\n<li>Robustes, regenfestes und vibrationsbest\u00e4ndiges Geh\u00e4use<\/li>\n<li>Klemmbefestigungssystem zur sicheren Montage von Maschinen<\/li>\n<\/ul>","protected":false},"featured_media":4767,"comment_status":"open","ping_status":"closed","template":"","meta":[],"product_brand":[],"product_cat":[136,94],"product_tag":[],"class_list":{"0":"post-4761","1":"product","2":"type-product","3":"status-publish","4":"has-post-thumbnail","6":"product_cat-machine-control-laser-receivers","7":"product_cat-laser-level-accessory","9":"first","10":"instock","11":"shipping-taxable","12":"product-type-simple"},"_links":{"self":[{"href":"https:\/\/mountlaser.com\/de\/wp-json\/wp\/v2\/product\/4761","targetHints":{"allow":["GET"]}}],"collection":[{"href":"https:\/\/mountlaser.com\/de\/wp-json\/wp\/v2\/product"}],"about":[{"href":"https:\/\/mountlaser.com\/de\/wp-json\/wp\/v2\/types\/product"}],"replies":[{"embeddable":true,"href":"https:\/\/mountlaser.com\/de\/wp-json\/wp\/v2\/comments?post=4761"}],"wp:featuredmedia":[{"embeddable":true,"href":"https:\/\/mountlaser.com\/de\/wp-json\/wp\/v2\/media\/4767"}],"wp:attachment":[{"href":"https:\/\/mountlaser.com\/de\/wp-json\/wp\/v2\/media?parent=4761"}],"wp:term":[{"taxonomy":"product_brand","embeddable":true,"href":"https:\/\/mountlaser.com\/de\/wp-json\/wp\/v2\/product_brand?post=4761"},{"taxonomy":"product_cat","embeddable":true,"href":"https:\/\/mountlaser.com\/de\/wp-json\/wp\/v2\/product_cat?post=4761"},{"taxonomy":"product_tag","embeddable":true,"href":"https:\/\/mountlaser.com\/de\/wp-json\/wp\/v2\/product_tag?post=4761"}],"curies":[{"name":"wp","href":"https:\/\/api.w.org\/{rel}","templated":true}]}}