{"id":4760,"date":"2025-11-21T07:32:16","date_gmt":"2025-11-21T07:32:16","guid":{"rendered":"https:\/\/mountlaser.com\/?post_type=product&#038;p=4760"},"modified":"2025-11-25T08:25:46","modified_gmt":"2025-11-25T08:25:46","slug":"kmr01-machine-control-laser-receivers","status":"publish","type":"product","link":"https:\/\/mountlaser.com\/de\/produkt\/kmr01-machine-control-laser-receivers\/","title":{"rendered":"KMR01 Maschinensteuerungs-Laserempf\u00e4nger"},"content":{"rendered":"<p>Der <a href=\"https:\/\/mountlaser.com\/de\/about-us\/\"><strong>Maschinensteuerungsempf\u00e4nger Rotationslaser<\/strong><\/a> Diese Baureihe wurde f\u00fcr die hochpr\u00e4zise Nivellierung in anspruchsvollen Baustellenumgebungen entwickelt. <a href=\"https:\/\/mountlaser.com\/de\/\">KMR01 Maschinensteuerungs-Laserempf\u00e4nger<\/a> Sie bieten au\u00dfergew\u00f6hnliche Genauigkeit, Langlebigkeit und Kompatibilit\u00e4t und sind daher ideal f\u00fcr Bagger, Bulldozer und andere schwere Baumaschinen geeignet. Mit einem 25 cm gro\u00dfen Empfangsfenster, das einen vollst\u00e4ndigen 360\u00b0-Empfang erm\u00f6glicht, gew\u00e4hrleistet der Maschinensteuerungs-Rotationslaserempf\u00e4nger die kontinuierliche und stabile Erfassung rotierender Laserstrahlen von Rotationslaser-Nivellierger\u00e4ten aller Marken.<\/p>\n<p>Der <a href=\"https:\/\/mountlaser.com\/de\/contact-us\/\">KMR01 Maschinensteuerungs-Laserempf\u00e4nger<\/a> Die Empf\u00e4nger sind in zwei Modellen erh\u00e4ltlich: KMR01C mit Schraubklemme und KMR01M mit starker Magnetbefestigung, was die einfache Montage an verschiedenen Maschinentypen erm\u00f6glicht. Dank ihres robusten IP66-Metallgeh\u00e4uses sind sie staub-, wasser- und vibrationsbest\u00e4ndig und trotzen extremen Betriebstemperaturen von \u201320 \u00b0C bis +60 \u00b0C. Jeder Rotationslaser-Empf\u00e4nger verf\u00fcgt \u00fcber ein Ferndisplay zur Echtzeit\u00fcberwachung in der Kabine, was Bedienkomfort und Sicherheit erh\u00f6ht.<\/p>\n<p>Mit Feineinstellungen von \u00b12 mm bis \u00b110 mm und Grobeinstellungen von \u00b15 mm bis \u00b123 mm gew\u00e4hrleisten die Laserempf\u00e4nger der KMR01-Maschinensteuerung eine zuverl\u00e4ssige Nivellierleistung. Das System wird von einem 7,2-V-NiMH-Akku mit 2500 mAh gespeist und erm\u00f6glicht bis zu 40 Stunden Dauerbetrieb bei einer Ladezeit von 15 Stunden. Kompakt und dennoch robust (376 \u00d7 180 \u00d7 60 mm, nur 3 kg) ist der KMR01 f\u00fcr den langfristigen, professionellen Einsatz im Bauwesen konzipiert.<\/p>\n<figure id=\"attachment_4755\" aria-describedby=\"caption-attachment-4755\" style=\"width: 500px\" class=\"wp-caption aligncenter\"><img fetchpriority=\"high\" decoding=\"async\" class=\"wp-image-4755\" src=\"https:\/\/mountlaser.com\/wp-content\/uploads\/2025\/11\/KMR011.webp\" alt=\"KMR01C Machine Control Receiver Rotary Laser\" width=\"500\" height=\"500\" srcset=\"https:\/\/mountlaser.com\/wp-content\/uploads\/2025\/11\/KMR011.webp 800w, https:\/\/mountlaser.com\/wp-content\/uploads\/2025\/11\/KMR011-300x300.webp 300w, https:\/\/mountlaser.com\/wp-content\/uploads\/2025\/11\/KMR011-400x400.webp 400w, https:\/\/mountlaser.com\/wp-content\/uploads\/2025\/11\/KMR011-600x600.webp 600w, https:\/\/mountlaser.com\/wp-content\/uploads\/2025\/11\/KMR011-150x150.webp 150w, https:\/\/mountlaser.com\/wp-content\/uploads\/2025\/11\/KMR011-768x768.webp 768w, https:\/\/mountlaser.com\/wp-content\/uploads\/2025\/11\/KMR011-12x12.webp 12w\" sizes=\"(max-width: 500px) 100vw, 500px\" \/><figcaption id=\"caption-attachment-4755\" class=\"wp-caption-text\">KMR01C Maschinensteuerungs-Laserempf\u00e4nger<\/figcaption><\/figure>\n<figure id=\"attachment_4756\" aria-describedby=\"caption-attachment-4756\" style=\"width: 500px\" class=\"wp-caption aligncenter\"><img decoding=\"async\" class=\"wp-image-4756\" src=\"https:\/\/mountlaser.com\/wp-content\/uploads\/2025\/11\/KMR012.webp\" alt=\"KMR01 Machine Control Receiver Rotary Laser\" width=\"500\" height=\"500\" srcset=\"https:\/\/mountlaser.com\/wp-content\/uploads\/2025\/11\/KMR012.webp 800w, https:\/\/mountlaser.com\/wp-content\/uploads\/2025\/11\/KMR012-300x300.webp 300w, https:\/\/mountlaser.com\/wp-content\/uploads\/2025\/11\/KMR012-400x400.webp 400w, https:\/\/mountlaser.com\/wp-content\/uploads\/2025\/11\/KMR012-600x600.webp 600w, https:\/\/mountlaser.com\/wp-content\/uploads\/2025\/11\/KMR012-150x150.webp 150w, https:\/\/mountlaser.com\/wp-content\/uploads\/2025\/11\/KMR012-768x768.webp 768w, https:\/\/mountlaser.com\/wp-content\/uploads\/2025\/11\/KMR012-12x12.webp 12w\" sizes=\"(max-width: 500px) 100vw, 500px\" \/><figcaption id=\"caption-attachment-4756\" class=\"wp-caption-text\">KMR01M Maschinensteuerungs-Laserempf\u00e4nger<\/figcaption><\/figure>\n<div>\n<table style=\"border-collapse: collapse; width: 631.52pt;\" border=\"0\" width=\"842\" cellspacing=\"0\" cellpadding=\"0\">\n<tbody>\n<tr style=\"height: 17.25pt;\">\n<td class=\"et2\" style=\"height: 17.25pt; width: 322.50pt;\" width=\"430\" height=\"23\">Modellnr.<\/td>\n<td class=\"et3\" style=\"width: 309.00pt;\" width=\"412\">KMR01<\/td>\n<\/tr>\n<tr style=\"height: 17.25pt;\">\n<td class=\"et4\" style=\"height: 17.25pt;\" height=\"23\">Genauigkeit Fein<\/td>\n<td class=\"et4\">\u00b12 mm bis \u00b110 mm<\/td>\n<\/tr>\n<tr style=\"height: 17.25pt;\">\n<td class=\"et4\" style=\"height: 17.25pt;\" height=\"23\">Genauigkeit Grob<\/td>\n<td class=\"et4\">\u00b15 mm bis \u00b123 mm<\/td>\n<\/tr>\n<tr style=\"height: 17.25pt;\">\n<td class=\"et4\" style=\"height: 17.25pt;\" height=\"23\">Wiederaufladbarer Akku<\/td>\n<td class=\"et4\">7,2 V NiMH 2500 mAh<\/td>\n<\/tr>\n<tr style=\"height: 17.25pt;\">\n<td class=\"et4\" style=\"height: 17.25pt;\" height=\"23\">Betriebszeit<\/td>\n<td class=\"et4\">40 Stunden<\/td>\n<\/tr>\n<tr style=\"height: 17.25pt;\">\n<td class=\"et4\" style=\"height: 17.25pt;\" height=\"23\">Ladezeit<\/td>\n<td class=\"et4\">15 Stunden<\/td>\n<\/tr>\n<tr style=\"height: 17.25pt;\">\n<td class=\"et4\" style=\"height: 17.25pt;\" height=\"23\">Betriebstemperatur<\/td>\n<td class=\"et4\">-20<span class=\"font4\">\u2103\uff5e<\/span><span class=\"font3\">+60<\/span><span class=\"font4\">\u2103<\/span><\/td>\n<\/tr>\n<tr style=\"height: 14.25pt;\">\n<td class=\"et4\" style=\"height: 14.25pt;\" height=\"19\">Gr\u00f6\u00dfe<\/td>\n<td class=\"et4\">376 x 180 x 60 mm<\/td>\n<\/tr>\n<tr style=\"height: 14.25pt;\">\n<td class=\"et4\" style=\"height: 14.25pt;\" height=\"19\">Gewicht<\/td>\n<td class=\"et4\">3 kg<\/td>\n<\/tr>\n<\/tbody>\n<\/table>\n<\/div>","protected":false},"excerpt":{"rendered":"<ul>\n<li>Gew\u00e4hrleistet eine pr\u00e4zise Nivellierung f\u00fcr Baumaschinen<\/li>\n<li>Erkennt rotierende Laserstrahlen aller g\u00e4ngigen Laser-Nivellierger\u00e4te-Marken.<\/li>\n<li>Bietet 360\u00b0-Empfang f\u00fcr kontinuierlichen Betrieb und verbesserte Effizienz<\/li>\n<li>Erm\u00f6glicht eine \u00fcbersichtliche und komfortable \u00dcberwachung aus der Fahrerkabine \u00fcber ein Ferndisplay.<\/li>\n<li>Bietet zwei Montageoptionen f\u00fcr verschiedene Maschinentypen (Klemme oder Magnet).<\/li>\n<li>Konzipiert f\u00fcr extreme Umgebungen mit IP66-zertifiziertem Metallgeh\u00e4use<\/li>\n<\/ul>","protected":false},"featured_media":4759,"comment_status":"open","ping_status":"closed","template":"","meta":[],"product_brand":[],"product_cat":[136,94],"product_tag":[],"class_list":{"0":"post-4760","1":"product","2":"type-product","3":"status-publish","4":"has-post-thumbnail","6":"product_cat-machine-control-laser-receivers","7":"product_cat-laser-level-accessory","9":"first","10":"instock","11":"shipping-taxable","12":"product-type-simple"},"_links":{"self":[{"href":"https:\/\/mountlaser.com\/de\/wp-json\/wp\/v2\/product\/4760","targetHints":{"allow":["GET"]}}],"collection":[{"href":"https:\/\/mountlaser.com\/de\/wp-json\/wp\/v2\/product"}],"about":[{"href":"https:\/\/mountlaser.com\/de\/wp-json\/wp\/v2\/types\/product"}],"replies":[{"embeddable":true,"href":"https:\/\/mountlaser.com\/de\/wp-json\/wp\/v2\/comments?post=4760"}],"wp:featuredmedia":[{"embeddable":true,"href":"https:\/\/mountlaser.com\/de\/wp-json\/wp\/v2\/media\/4759"}],"wp:attachment":[{"href":"https:\/\/mountlaser.com\/de\/wp-json\/wp\/v2\/media?parent=4760"}],"wp:term":[{"taxonomy":"product_brand","embeddable":true,"href":"https:\/\/mountlaser.com\/de\/wp-json\/wp\/v2\/product_brand?post=4760"},{"taxonomy":"product_cat","embeddable":true,"href":"https:\/\/mountlaser.com\/de\/wp-json\/wp\/v2\/product_cat?post=4760"},{"taxonomy":"product_tag","embeddable":true,"href":"https:\/\/mountlaser.com\/de\/wp-json\/wp\/v2\/product_tag?post=4760"}],"curies":[{"name":"wp","href":"https:\/\/api.w.org\/{rel}","templated":true}]}}