{"id":4750,"date":"2025-11-21T06:19:50","date_gmt":"2025-11-21T06:19:50","guid":{"rendered":"https:\/\/mountlaser.com\/?post_type=product&#038;p=4750"},"modified":"2025-11-25T08:44:48","modified_gmt":"2025-11-25T08:44:48","slug":"rc100-rotary-laser-remote-control","status":"publish","type":"product","link":"https:\/\/mountlaser.com\/de\/produkt\/rc100-rotary-laser-remote-control\/","title":{"rendered":"RC100 Rotationslaser-Fernbedienung"},"content":{"rendered":"<p>Der <a href=\"https:\/\/mountlaser.com\/de\/products\/\"><strong>RC100 Rotationslaser-Fernbedienung<\/strong><\/a> ist kompakt und zuverl\u00e4ssig <a href=\"https:\/\/mountlaser.com\/de\/about-us\/\"><strong>Ferngesteuerter Laser<\/strong><\/a> Die Fernbedienung RC100 wurde f\u00fcr die pr\u00e4zise und komfortable Bedienung von Rotationslasersystemen entwickelt. Dank der bidirektionalen Kommunikationsf\u00e4higkeit k\u00f6nnen Anwender die Laserfunktionen aus der Ferne steuern und so die Arbeitsabl\u00e4ufe auf Baustellen und bei Nivellierungsarbeiten effizienter gestalten. Die Fernbedienung verf\u00fcgt \u00fcber separate Funktionstasten f\u00fcr eine intuitive Bedienung und eine \u00fcbersichtliche Echtzeitanzeige, die den Betriebszustand des Hauptger\u00e4ts anzeigt.<\/p>\n<p>Ausgestattet mit einem separaten Netzschalter und betrieben mit AA-Alkalibatterien, <a href=\"https:\/\/mountlaser.com\/de\/contact-us\/\">RC100 Rotationslaser-Fernbedienung<\/a> Gew\u00e4hrleistet zuverl\u00e4ssige Leistung unter verschiedensten Baustellenbedingungen. Die gummierte Au\u00dfenh\u00fclle erh\u00f6ht die Langlebigkeit und bietet eine bessere Sto\u00dffestigkeit. Dank einer Reichweite von \u2265150 m ist es die ideale L\u00f6sung f\u00fcr ferngesteuerte Laseranwendungen im Bereich der Rotationsnivellierung. Mit Drehzahlen von 300, 600 und 1000 U\/min bietet es Flexibilit\u00e4t f\u00fcr unterschiedliche Messumgebungen.<\/p>\n<p><img fetchpriority=\"high\" decoding=\"async\" class=\"aligncenter wp-image-4751\" src=\"https:\/\/mountlaser.com\/wp-content\/uploads\/2025\/11\/RC1001.webp\" alt=\"RC100 Rotary Laser Remote Control\" width=\"500\" height=\"500\" srcset=\"https:\/\/mountlaser.com\/wp-content\/uploads\/2025\/11\/RC1001.webp 800w, https:\/\/mountlaser.com\/wp-content\/uploads\/2025\/11\/RC1001-300x300.webp 300w, https:\/\/mountlaser.com\/wp-content\/uploads\/2025\/11\/RC1001-400x400.webp 400w, https:\/\/mountlaser.com\/wp-content\/uploads\/2025\/11\/RC1001-600x600.webp 600w, https:\/\/mountlaser.com\/wp-content\/uploads\/2025\/11\/RC1001-150x150.webp 150w, https:\/\/mountlaser.com\/wp-content\/uploads\/2025\/11\/RC1001-768x768.webp 768w, https:\/\/mountlaser.com\/wp-content\/uploads\/2025\/11\/RC1001-12x12.webp 12w\" sizes=\"(max-width: 500px) 100vw, 500px\" \/><\/p>\n<p>Die Fernbedienung RC100 f\u00fcr Rotationslaser ist eine robuste und benutzerfreundliche L\u00f6sung zur Steigerung der Effizienz von Rotationslasern. Dank Fernsteuerung, Echtzeit\u00fcberwachung und robustem Schutz ist sie ein unverzichtbares Zubeh\u00f6r f\u00fcr professionelle Nivellier- und Bauarbeiten.<\/p>","protected":false},"excerpt":{"rendered":"<ul>\n<li>Zwei-Wege-Kommunikation f\u00fcr reaktionsschnelle Rotationslasersteuerung \u00fcber gro\u00dfe Entfernungen<\/li>\n<li>Unabh\u00e4ngige Funktionstasten f\u00fcr einfache und effiziente Bedienung<\/li>\n<li>Echtzeit-Anzeigeleuchte zur schnellen Status\u00fcberwachung<\/li>\n<li>Netzschalter zur eindeutigen Ein-\/Aus-Steuerung der Maschine<\/li>\n<li>Robuste, gummierte Konstruktion f\u00fcr Sto\u00dffestigkeit<\/li>\n<li>Betriebsdistanz \u2265150 m<\/li>\n<li>Kompatibel mit Drehzahlen von 300\/600\/1000 U\/min<\/li>\n<li>Betrieben mit handels\u00fcblichen AA-Alkalibatterien<\/li>\n<\/ul>","protected":false},"featured_media":4751,"comment_status":"open","ping_status":"closed","template":"","meta":[],"product_brand":[],"product_cat":[135,93],"product_tag":[],"class_list":{"0":"post-4750","1":"product","2":"type-product","3":"status-publish","4":"has-post-thumbnail","6":"product_cat-rotary-laser-remote-control","7":"product_cat-rotary-laser","9":"first","10":"instock","11":"shipping-taxable","12":"product-type-simple"},"_links":{"self":[{"href":"https:\/\/mountlaser.com\/de\/wp-json\/wp\/v2\/product\/4750","targetHints":{"allow":["GET"]}}],"collection":[{"href":"https:\/\/mountlaser.com\/de\/wp-json\/wp\/v2\/product"}],"about":[{"href":"https:\/\/mountlaser.com\/de\/wp-json\/wp\/v2\/types\/product"}],"replies":[{"embeddable":true,"href":"https:\/\/mountlaser.com\/de\/wp-json\/wp\/v2\/comments?post=4750"}],"wp:featuredmedia":[{"embeddable":true,"href":"https:\/\/mountlaser.com\/de\/wp-json\/wp\/v2\/media\/4751"}],"wp:attachment":[{"href":"https:\/\/mountlaser.com\/de\/wp-json\/wp\/v2\/media?parent=4750"}],"wp:term":[{"taxonomy":"product_brand","embeddable":true,"href":"https:\/\/mountlaser.com\/de\/wp-json\/wp\/v2\/product_brand?post=4750"},{"taxonomy":"product_cat","embeddable":true,"href":"https:\/\/mountlaser.com\/de\/wp-json\/wp\/v2\/product_cat?post=4750"},{"taxonomy":"product_tag","embeddable":true,"href":"https:\/\/mountlaser.com\/de\/wp-json\/wp\/v2\/product_tag?post=4750"}],"curies":[{"name":"wp","href":"https:\/\/api.w.org\/{rel}","templated":true}]}}