{"id":4746,"date":"2025-11-21T05:59:04","date_gmt":"2025-11-21T05:59:04","guid":{"rendered":"https:\/\/mountlaser.com\/?post_type=product&#038;p=4746"},"modified":"2025-11-25T08:44:18","modified_gmt":"2025-11-25T08:44:18","slug":"rc200p-rotary-laser-remote-control","status":"publish","type":"product","link":"https:\/\/mountlaser.com\/de\/produkt\/rc200p-rotary-laser-remote-control\/","title":{"rendered":"RC200P Rotationslaser-Fernbedienung"},"content":{"rendered":"<p>Der <a href=\"https:\/\/mountlaser.com\/de\/produkt-kategorie\/rotary-laser\/\"><strong>RC200P Rotationslaser-Fernbedienung<\/strong><\/a> Die RC200P ist eine professionelle Fernbedienung f\u00fcr Rotationslasersysteme, die f\u00fcr die pr\u00e4zise Steuerung \u00fcber gro\u00dfe Entfernungen entwickelt wurde. Sie eignet sich ideal f\u00fcr anspruchsvolle Baustellenumgebungen und bietet eine reibungslose Zwei-Wege-Kommunikation. So k\u00f6nnen Anwender Funktionen anpassen und den Laserstatus aus einer Entfernung von 300 Metern oder mehr \u00fcberwachen.<\/p>\n<p>Mit seiner intuitiven Anordnung unabh\u00e4ngiger Funktionstasten, <a href=\"https:\/\/mountlaser.com\/de\/\"><strong>Pr\u00e4zisionsfernbedienung<\/strong><\/a> Gew\u00e4hrleistet schnelle und pr\u00e4zise Einstellungen ohne komplizierte Men\u00fcs. Der integrierte Lithium-Akku sorgt f\u00fcr au\u00dfergew\u00f6hnlich lange Laufzeiten, w\u00e4hrend das gummierte Geh\u00e4use die Haltbarkeit und Sto\u00dffestigkeit erh\u00f6ht. <a href=\"https:\/\/mountlaser.com\/de\/contact-us\/\">RC200P Rotationslaser-Fernbedienung<\/a> Zuverl\u00e4ssig f\u00fcr anspruchsvolle Bau- und Vermessungsanwendungen.<\/p>\n<p><img fetchpriority=\"high\" decoding=\"async\" class=\"wp-image-4747 aligncenter\" src=\"https:\/\/mountlaser.com\/wp-content\/uploads\/2025\/11\/RC2001.webp\" alt=\"RC200P Rotary Laser Remote Control\" width=\"500\" height=\"500\" srcset=\"https:\/\/mountlaser.com\/wp-content\/uploads\/2025\/11\/RC2001.webp 800w, https:\/\/mountlaser.com\/wp-content\/uploads\/2025\/11\/RC2001-300x300.webp 300w, https:\/\/mountlaser.com\/wp-content\/uploads\/2025\/11\/RC2001-400x400.webp 400w, https:\/\/mountlaser.com\/wp-content\/uploads\/2025\/11\/RC2001-600x600.webp 600w, https:\/\/mountlaser.com\/wp-content\/uploads\/2025\/11\/RC2001-150x150.webp 150w, https:\/\/mountlaser.com\/wp-content\/uploads\/2025\/11\/RC2001-768x768.webp 768w, https:\/\/mountlaser.com\/wp-content\/uploads\/2025\/11\/RC2001-12x12.webp 12w\" sizes=\"(max-width: 500px) 100vw, 500px\" \/><\/p>\n<p>Echtzeit-Funktionsanzeigen und ein separater Ein-\/Ausschalter erm\u00f6glichen die sofortige Erfassung des Betriebszustands des Hauptger\u00e4ts. Dank der einstellbaren Laserrotationsgeschwindigkeiten von 300\/600\/1000\/1500 U\/min gew\u00e4hrleistet diese Pr\u00e4zisionsfernbedienung eine effiziente und genaue Steuerung im Innen- und Au\u00dfenbereich.<\/p>","protected":false},"excerpt":{"rendered":"<ul>\n<li>Zwei-Wege-Kommunikation f\u00fcr die Steuerung von Rotationslasern \u00fcber gro\u00dfe Entfernungen<\/li>\n<li>Unabh\u00e4ngige Funktionstasten f\u00fcr schnelle und pr\u00e4zise Bedienung<\/li>\n<li>Betriebsdistanz \u2265300 m<\/li>\n<li>Echtzeit-Anzeigeleuchten f\u00fcr klare Statusr\u00fcckmeldung<\/li>\n<li>Separater Netzschalter zur einfachen \u00dcberwachung des Status des Hauptger\u00e4ts<\/li>\n<li>Eingebauter Lithium-Akku f\u00fcr l\u00e4ngere Arbeitszeit<\/li>\n<li>Gummibeschichtete, sto\u00dffeste Konstruktion<\/li>\n<li>Einstellbare Drehzahl: 300\/600\/1000\/1500 U\/min<\/li>\n<\/ul>","protected":false},"featured_media":4747,"comment_status":"open","ping_status":"closed","template":"","meta":[],"product_brand":[],"product_cat":[135,93],"product_tag":[],"class_list":{"0":"post-4746","1":"product","2":"type-product","3":"status-publish","4":"has-post-thumbnail","6":"product_cat-rotary-laser-remote-control","7":"product_cat-rotary-laser","9":"first","10":"instock","11":"shipping-taxable","12":"product-type-simple"},"_links":{"self":[{"href":"https:\/\/mountlaser.com\/de\/wp-json\/wp\/v2\/product\/4746","targetHints":{"allow":["GET"]}}],"collection":[{"href":"https:\/\/mountlaser.com\/de\/wp-json\/wp\/v2\/product"}],"about":[{"href":"https:\/\/mountlaser.com\/de\/wp-json\/wp\/v2\/types\/product"}],"replies":[{"embeddable":true,"href":"https:\/\/mountlaser.com\/de\/wp-json\/wp\/v2\/comments?post=4746"}],"wp:featuredmedia":[{"embeddable":true,"href":"https:\/\/mountlaser.com\/de\/wp-json\/wp\/v2\/media\/4747"}],"wp:attachment":[{"href":"https:\/\/mountlaser.com\/de\/wp-json\/wp\/v2\/media?parent=4746"}],"wp:term":[{"taxonomy":"product_brand","embeddable":true,"href":"https:\/\/mountlaser.com\/de\/wp-json\/wp\/v2\/product_brand?post=4746"},{"taxonomy":"product_cat","embeddable":true,"href":"https:\/\/mountlaser.com\/de\/wp-json\/wp\/v2\/product_cat?post=4746"},{"taxonomy":"product_tag","embeddable":true,"href":"https:\/\/mountlaser.com\/de\/wp-json\/wp\/v2\/product_tag?post=4746"}],"curies":[{"name":"wp","href":"https:\/\/api.w.org\/{rel}","templated":true}]}}