{"id":4738,"date":"2025-11-21T03:29:07","date_gmt":"2025-11-21T03:29:07","guid":{"rendered":"https:\/\/mountlaser.com\/?post_type=product&#038;p=4738"},"modified":"2025-11-25T08:54:51","modified_gmt":"2025-11-25T08:54:51","slug":"rc300p-rotary-laser-remote-control","status":"publish","type":"product","link":"https:\/\/mountlaser.com\/de\/produkt\/rc300p-rotary-laser-remote-control\/","title":{"rendered":"RC300P Rotationslaser-Fernbedienung"},"content":{"rendered":"<p>Der <a href=\"https:\/\/mountlaser.com\/de\/\"><strong>RC300P Rotationslaser-Fernbedienung<\/strong><\/a> Die Fernbedienung RC300P ist ein fortschrittliches Steuerger\u00e4t f\u00fcr die pr\u00e4zise und weitreichende Bedienung von Rotationslasersystemen. Sie wurde f\u00fcr professionelle Anwendungen im Bereich Nivellierung, Planierung und Bauwesen entwickelt und verf\u00fcgt \u00fcber ein \u00fcbersichtliches LCD-Display, das eine schnelle und intuitive Einstellung von Neigung und Funktionen erm\u00f6glicht. Dank bidirektionaler Kommunikationstechnologie gew\u00e4hrleistet die Fernbedienung eine stabile und reaktionsschnelle Steuerung auch \u00fcber gr\u00f6\u00dfere Entfernungen.<\/p>\n<p>Die Fernbedienung des Rotationslasers RC300P wurde f\u00fcr anspruchsvolle Baustellen entwickelt und verf\u00fcgt \u00fcber ein robustes, gummiertes Geh\u00e4use f\u00fcr erh\u00f6hte Sto\u00dffestigkeit und Langlebigkeit. Als Teil des leistungsstarken Systems <a href=\"https:\/\/mountlaser.com\/de\/contact-us\/\"><strong>RC300 Digitale Fernbedienung f\u00fcr Rotationslaser-Kit<\/strong><\/a>, Es liefert Echtzeitindikatoren, die es den Benutzern erm\u00f6glichen, den Status der Hauptmaschine sofort zu erfassen und so die Sicherheit und die betriebliche Effizienz zu verbessern.<\/p>\n<p><img fetchpriority=\"high\" decoding=\"async\" class=\"aligncenter wp-image-4736\" src=\"https:\/\/mountlaser.com\/wp-content\/uploads\/2025\/11\/RC3002.webp\" alt=\"RC300P Rotary Laser Remote Control\" width=\"500\" height=\"500\" srcset=\"https:\/\/mountlaser.com\/wp-content\/uploads\/2025\/11\/RC3002.webp 800w, https:\/\/mountlaser.com\/wp-content\/uploads\/2025\/11\/RC3002-300x300.webp 300w, https:\/\/mountlaser.com\/wp-content\/uploads\/2025\/11\/RC3002-400x400.webp 400w, https:\/\/mountlaser.com\/wp-content\/uploads\/2025\/11\/RC3002-600x600.webp 600w, https:\/\/mountlaser.com\/wp-content\/uploads\/2025\/11\/RC3002-150x150.webp 150w, https:\/\/mountlaser.com\/wp-content\/uploads\/2025\/11\/RC3002-768x768.webp 768w, https:\/\/mountlaser.com\/wp-content\/uploads\/2025\/11\/RC3002-12x12.webp 12w\" sizes=\"(max-width: 500px) 100vw, 500px\" \/><\/p>\n<p>Ob es um die Steuerung von Drehzahl, Neigung oder Ausrichtung geht, die <a href=\"https:\/\/mountlaser.com\/de\/produkt-kategorie\/rotary-laser\/\">Digitale Fernbedienung RC300<\/a> Das Rotationslaser-Set bietet nahtlose Synchronisierung, Fernkommunikation und pr\u00e4zise Justierung. Profis vertrauen auf die digitale Fernbedienung RC300 f\u00fcr Rotationslaser-Sets, um die Produktivit\u00e4t zu steigern und einwandfreie Ergebnisse bei lasergest\u00fctzten Projekten zu gew\u00e4hrleisten.<\/p>","protected":false},"excerpt":{"rendered":"<ul>\n<li>\u00dcbersichtliches LCD-Display f\u00fcr einfache Neigungseinstellung und schnelle Anpassungen.<\/li>\n<li>Zweiwegekommunikation f\u00fcr stabile Fernsteuerung (\u2265300 m)<\/li>\n<li>Unabh\u00e4ngige Funktionstasten f\u00fcr einfache, intuitive Bedienung<\/li>\n<li>Funktionsanzeigeleuchten in Echtzeit f\u00fcr sofortige R\u00fcckmeldung zum Maschinenstatus<\/li>\n<li>Separater Ein-\/Ausschalter zur jederzeitigen \u00dcberwachung des Betriebszustands des Lasers<\/li>\n<li>Eingebauter Lithium-Akku f\u00fcr extrem lange Arbeitszeit<\/li>\n<li>Gummibeschichtetes Geh\u00e4use f\u00fcr verbesserte Sto\u00df- und Fallfestigkeit<\/li>\n<li>Einstellbare Drehzahl: 300 \/ 600 \/ 1000 \/ 1500 \/ 3000 U\/min<\/li>\n<\/ul>","protected":false},"featured_media":4735,"comment_status":"open","ping_status":"closed","template":"","meta":[],"product_brand":[],"product_cat":[135,93],"product_tag":[],"class_list":{"0":"post-4738","1":"product","2":"type-product","3":"status-publish","4":"has-post-thumbnail","6":"product_cat-rotary-laser-remote-control","7":"product_cat-rotary-laser","9":"first","10":"instock","11":"shipping-taxable","12":"product-type-simple"},"_links":{"self":[{"href":"https:\/\/mountlaser.com\/de\/wp-json\/wp\/v2\/product\/4738","targetHints":{"allow":["GET"]}}],"collection":[{"href":"https:\/\/mountlaser.com\/de\/wp-json\/wp\/v2\/product"}],"about":[{"href":"https:\/\/mountlaser.com\/de\/wp-json\/wp\/v2\/types\/product"}],"replies":[{"embeddable":true,"href":"https:\/\/mountlaser.com\/de\/wp-json\/wp\/v2\/comments?post=4738"}],"wp:featuredmedia":[{"embeddable":true,"href":"https:\/\/mountlaser.com\/de\/wp-json\/wp\/v2\/media\/4735"}],"wp:attachment":[{"href":"https:\/\/mountlaser.com\/de\/wp-json\/wp\/v2\/media?parent=4738"}],"wp:term":[{"taxonomy":"product_brand","embeddable":true,"href":"https:\/\/mountlaser.com\/de\/wp-json\/wp\/v2\/product_brand?post=4738"},{"taxonomy":"product_cat","embeddable":true,"href":"https:\/\/mountlaser.com\/de\/wp-json\/wp\/v2\/product_cat?post=4738"},{"taxonomy":"product_tag","embeddable":true,"href":"https:\/\/mountlaser.com\/de\/wp-json\/wp\/v2\/product_tag?post=4738"}],"curies":[{"name":"wp","href":"https:\/\/api.w.org\/{rel}","templated":true}]}}