{"id":4731,"date":"2025-11-21T03:00:54","date_gmt":"2025-11-21T03:00:54","guid":{"rendered":"https:\/\/mountlaser.com\/?post_type=product&#038;p=4731"},"modified":"2025-11-25T08:56:34","modified_gmt":"2025-11-25T08:56:34","slug":"line-laser-kll-800-series","status":"publish","type":"product","link":"https:\/\/mountlaser.com\/de\/produkt\/line-laser-kll-800-series\/","title":{"rendered":"Linienlaser der KLL-800-Serie"},"content":{"rendered":"<p><a href=\"https:\/\/mountlaser.com\/de\/about-us\/\"><strong>Linienlaser der KLL-800-Serie<\/strong><\/a> Diese Premium-Serie wurde f\u00fcr Profis entwickelt, die auf der Baustelle h\u00f6chste Leistung und lange Laufzeiten ben\u00f6tigen. Sie bietet vielseitige L\u00f6sungen, darunter die Modelle KLL-D801 und D802 f\u00fcr umfassende 2D-Laserabmessungen mit 8 Linien und 360\u00b0-Ansicht sowie das Flaggschiff KLL-D803, ein bahnbrechender 3D-Laser mit 12 Linien, der auf zw\u00f6lf Fl\u00e4chen projiziert und so eine pr\u00e4zise Raumplanung erm\u00f6glicht. Erh\u00e4ltlich in Varianten mit leistungsstarkem Rotstrahl und ultrahellem Gr\u00fcnstrahl, ist jedes Ger\u00e4t dieser Serie ein hochpr\u00e4ziser, selbstnivellierender Laser, der eine Genauigkeit von \u00b13 mm auf 10 Meter in unter 5 Sekunden gew\u00e4hrleistet.<\/p>\n<p>Was wirklich ausmacht <a href=\"https:\/\/mountlaser.com\/de\/contact-us\/\">KLL-800-Serie<\/a> Besonders hervorzuheben ist die au\u00dfergew\u00f6hnliche Akkulaufzeit, die durch einen leistungsstarken 8000-mAh-Lithium-Ionen-Akku erm\u00f6glicht wird und bis zu 8 Stunden Dauerbetrieb erlaubt. Das bedeutet weniger Ausfallzeiten und h\u00f6here Produktivit\u00e4t. Ob Sie ein robustes Ger\u00e4t verwenden<strong><a href=\"https:\/\/mountlaser.com\/de\/produkt-kategorie\/line-laser\/\"> selbstnivellierendes Laser-Nivellierungsger\u00e4t<\/a>l<\/strong> Ob aus der 2D-Reihe oder dem fortschrittlichen 3D-12-Linien-Laser-Nivellierger\u00e4t f\u00fcr komplexe Installationen \u2013 mit der KLL-800-Serie erhalten Sie ein Werkzeug, das auf Langlebigkeit und Pr\u00e4zision ausgelegt ist. Dank der Schutzart IP54 ist die KLL-800-Serie die optimale Wahl f\u00fcr Installateure, die keine Kompromisse bei Zuverl\u00e4ssigkeit und Leistung eingehen wollen.<\/p>\n<p>&nbsp;<\/p>\n<p>&nbsp;<\/p>\n<p><img fetchpriority=\"high\" decoding=\"async\" class=\"aligncenter wp-image-4732\" src=\"https:\/\/mountlaser.com\/wp-content\/uploads\/2025\/11\/KLL-8001.webp\" alt=\"self-leveling laser level\" width=\"500\" height=\"500\" srcset=\"https:\/\/mountlaser.com\/wp-content\/uploads\/2025\/11\/KLL-8001.webp 800w, https:\/\/mountlaser.com\/wp-content\/uploads\/2025\/11\/KLL-8001-300x300.webp 300w, https:\/\/mountlaser.com\/wp-content\/uploads\/2025\/11\/KLL-8001-400x400.webp 400w, https:\/\/mountlaser.com\/wp-content\/uploads\/2025\/11\/KLL-8001-600x600.webp 600w, https:\/\/mountlaser.com\/wp-content\/uploads\/2025\/11\/KLL-8001-150x150.webp 150w, https:\/\/mountlaser.com\/wp-content\/uploads\/2025\/11\/KLL-8001-768x768.webp 768w, https:\/\/mountlaser.com\/wp-content\/uploads\/2025\/11\/KLL-8001-12x12.webp 12w\" sizes=\"(max-width: 500px) 100vw, 500px\" \/><\/p>\n<p><strong>Spezifikationen der Linienlaser-Serie KLL-800<\/strong><\/p>\n<table style=\"height: 408px;\" width=\"800\">\n<tbody>\n<tr>\n<td>Modellnr.<\/td>\n<td>KLL-D801R\/802R\/803R<\/td>\n<td>KLL-D801G\/802G\/803G<\/td>\n<\/tr>\n<tr>\n<td>Lichtquelle<\/td>\n<td>Roter Strahl<\/td>\n<td>Gr\u00fcner Strahl<\/td>\n<\/tr>\n<tr>\n<td>Laserwellenl\u00e4nge<\/td>\n<td>635 nm<\/td>\n<td>520 nm<\/td>\n<\/tr>\n<tr>\n<td>Laserdiode<\/td>\n<td>100 mW<\/td>\n<td>30 mW<\/td>\n<\/tr>\n<tr>\n<td>Lasersicherheitskurs<\/td>\n<td colspan=\"2\">Klasse 2<\/td>\n<\/tr>\n<tr>\n<td>Nivellierungsbereich:<\/td>\n<td colspan=\"2\">\u00b13\u00b0<\/td>\n<\/tr>\n<tr>\n<td>Nivellierungszeit<\/td>\n<td colspan=\"2\">&lt;5 Sek.<\/td>\n<\/tr>\n<tr>\n<td>Nivellierungsgenauigkeit<\/td>\n<td colspan=\"2\">\u00b13 mm\/10 m<\/td>\n<\/tr>\n<tr>\n<td>Leistung<\/td>\n<td colspan=\"2\">Lithium-Ionen-Akku 21700, 3,7 V, 8000 mAh<\/td>\n<\/tr>\n<tr>\n<td>Betriebszeit<\/td>\n<td colspan=\"2\">Ungef\u00e4hr 8 Stunden<\/td>\n<\/tr>\n<tr>\n<td>Betriebstemperatur<\/td>\n<td colspan=\"2\">-10\u2103\uff5e+50\u2103<\/td>\n<\/tr>\n<tr>\n<td>Befestigungsgewinde<\/td>\n<td colspan=\"2\">1\/4\u2033-20<\/td>\n<\/tr>\n<tr>\n<td>Wasserdicht<\/td>\n<td colspan=\"2\">IP54<\/td>\n<\/tr>\n<\/tbody>\n<\/table>","protected":false},"excerpt":{"rendered":"<ul>\n<li>Erweiterte Projektionsmodi: Enth\u00e4lt 2D-8-Zeilen-Modelle (D801\/802) f\u00fcr eine 360\u00b0-Abdeckung und ein 3D-12-Zeilen-Modell (D803) f\u00fcr die r\u00e4umliche Gestaltung des gesamten Gel\u00e4ndes.<\/li>\n<li>Selbstnivellierendes Laser-Nivellierger\u00e4t: Nivelliert sich automatisch innerhalb eines Bereichs von \u00b13\u00b0 in weniger als 5 Sekunden und gew\u00e4hrleistet so eine sofortige und pr\u00e4zise Ausrichtung.<\/li>\n<li>Branchenf\u00fchrende Akkulaufzeit: Ausgestattet mit einem 8000mAh 21700 Li-Ionen-Akku f\u00fcr bis zu 8 Stunden Dauerbetrieb.<\/li>\n<\/ul>","protected":false},"featured_media":4734,"comment_status":"open","ping_status":"closed","template":"","meta":[],"product_brand":[],"product_cat":[92],"product_tag":[],"class_list":{"0":"post-4731","1":"product","2":"type-product","3":"status-publish","4":"has-post-thumbnail","6":"product_cat-line-laser","8":"first","9":"instock","10":"shipping-taxable","11":"product-type-simple"},"_links":{"self":[{"href":"https:\/\/mountlaser.com\/de\/wp-json\/wp\/v2\/product\/4731","targetHints":{"allow":["GET"]}}],"collection":[{"href":"https:\/\/mountlaser.com\/de\/wp-json\/wp\/v2\/product"}],"about":[{"href":"https:\/\/mountlaser.com\/de\/wp-json\/wp\/v2\/types\/product"}],"replies":[{"embeddable":true,"href":"https:\/\/mountlaser.com\/de\/wp-json\/wp\/v2\/comments?post=4731"}],"wp:featuredmedia":[{"embeddable":true,"href":"https:\/\/mountlaser.com\/de\/wp-json\/wp\/v2\/media\/4734"}],"wp:attachment":[{"href":"https:\/\/mountlaser.com\/de\/wp-json\/wp\/v2\/media?parent=4731"}],"wp:term":[{"taxonomy":"product_brand","embeddable":true,"href":"https:\/\/mountlaser.com\/de\/wp-json\/wp\/v2\/product_brand?post=4731"},{"taxonomy":"product_cat","embeddable":true,"href":"https:\/\/mountlaser.com\/de\/wp-json\/wp\/v2\/product_cat?post=4731"},{"taxonomy":"product_tag","embeddable":true,"href":"https:\/\/mountlaser.com\/de\/wp-json\/wp\/v2\/product_tag?post=4731"}],"curies":[{"name":"wp","href":"https:\/\/api.w.org\/{rel}","templated":true}]}}