{"id":4726,"date":"2025-11-21T02:33:06","date_gmt":"2025-11-21T02:33:06","guid":{"rendered":"https:\/\/mountlaser.com\/?post_type=product&#038;p=4726"},"modified":"2025-11-25T09:27:24","modified_gmt":"2025-11-25T09:27:24","slug":"line-laser-kll-600-series","status":"publish","type":"product","link":"https:\/\/mountlaser.com\/de\/produkt\/line-laser-kll-600-series\/","title":{"rendered":"Linienlaser der KLL-600-Serie"},"content":{"rendered":"<p>Der <a href=\"https:\/\/mountlaser.com\/de\/produkt-kategorie\/line-laser\/\"><strong>Linienlaser der KLL-600-Serie<\/strong><\/a> Diese Serie repr\u00e4sentiert den neuesten Stand der Laser-Nivelliertechnik und wurde entwickelt, um den vielf\u00e4ltigen Anforderungen moderner Bau- und Sanierungsprojekte gerecht zu werden. Zu dieser leistungsstarken Serie geh\u00f6ren die Modelle KLL-D601 und D602, fortschrittliche 2-Linien-Laser-Nivellierger\u00e4te, die auf acht Oberfl\u00e4chen projizieren und so eine vollst\u00e4ndige 360-Grad-Abdeckung gew\u00e4hrleisten, sowie das Spitzenmodell KLL-D603, ein revolution\u00e4res Ger\u00e4t. <a href=\"https:\/\/mountlaser.com\/de\/about-us\/\">3D-Gr\u00fcnkreuzlinienlaser-Nivellierger\u00e4t<\/a> Das Projektionsfeld erstreckt sich auf zw\u00f6lf Fl\u00e4chen und erm\u00f6glicht so eine beispiellose r\u00e4umliche Gestaltung des gesamten Gel\u00e4ndes.<\/p>\n<p>Die Serie ist sowohl mit einem leistungsstarken roten Laserstrahl als auch mit einem ultrahellen gr\u00fcnen Laserstrahl erh\u00e4ltlich und gew\u00e4hrleistet so optimale Sichtbarkeit bei allen Lichtverh\u00e4ltnissen. Das Herzst\u00fcck der Modelle D601 und D602 ist ihre Pr\u00e4zision als 2-Linien-Laser-Nivellierger\u00e4t. Dank eines schnellen Selbstnivellierungssystems erreichen sie eine Genauigkeit von \u00b13 mm auf 10 Meter in weniger als 5 Sekunden.<\/p>\n<p>&nbsp;<\/p>\n<p><img fetchpriority=\"high\" decoding=\"async\" class=\"aligncenter wp-image-4729\" src=\"https:\/\/mountlaser.com\/wp-content\/uploads\/2025\/11\/KLL-6003.webp\" alt=\"3D Green Cross Line Laser Level\" width=\"500\" height=\"500\" srcset=\"https:\/\/mountlaser.com\/wp-content\/uploads\/2025\/11\/KLL-6003.webp 800w, https:\/\/mountlaser.com\/wp-content\/uploads\/2025\/11\/KLL-6003-300x300.webp 300w, https:\/\/mountlaser.com\/wp-content\/uploads\/2025\/11\/KLL-6003-400x400.webp 400w, https:\/\/mountlaser.com\/wp-content\/uploads\/2025\/11\/KLL-6003-600x600.webp 600w, https:\/\/mountlaser.com\/wp-content\/uploads\/2025\/11\/KLL-6003-150x150.webp 150w, https:\/\/mountlaser.com\/wp-content\/uploads\/2025\/11\/KLL-6003-768x768.webp 768w, https:\/\/mountlaser.com\/wp-content\/uploads\/2025\/11\/KLL-6003-12x12.webp 12w\" sizes=\"(max-width: 500px) 100vw, 500px\" \/><\/p>\n<p>F\u00fcr Fachleute, die komplexe Projekte bearbeiten, ist der KLL-D603 die richtige Wahl. <a href=\"https:\/\/mountlaser.com\/de\/\"><strong>3D-Gr\u00fcnkreuzlinienlaser-Nivellierger\u00e4t<\/strong><\/a> Dieses Ger\u00e4t bietet das optimale Werkzeug f\u00fcr die Ausrichtung in mehreren Ebenen und zeichnet sich gleichzeitig durch seine robuste, IP54-zertifizierte Konstruktion aus, die h\u00f6chste Zuverl\u00e4ssigkeit auf jeder Baustelle garantiert. Diese Serie ist die ideale Wahl f\u00fcr alle, die einen vielseitigen und leistungsstarken 2-Linien-Laser oder eine umfassende 3D-L\u00f6sung mit gr\u00fcnem Kreuzlinienlaser suchen.<\/p>\n<p><strong>Spezifikationen der Linienlaser-Serie KLL-600<\/strong><\/p>\n<table>\n<tbody>\n<tr>\n<td>Modellnr.<\/td>\n<td>KLL-D601R\/602R\/603R<\/td>\n<td>KLL-D601G\/602G\/603G<\/td>\n<\/tr>\n<tr>\n<td>Lichtquelle<\/td>\n<td>Roter Strahl<\/td>\n<td>Gr\u00fcner Strahl<\/td>\n<\/tr>\n<tr>\n<td>Laserwellenl\u00e4nge<\/td>\n<td>635 nm<\/td>\n<td>520 nm<\/td>\n<\/tr>\n<tr>\n<td>Laserdiode<\/td>\n<td>100 mW<\/td>\n<td>30 mW<\/td>\n<\/tr>\n<tr>\n<td>Lasersicherheitskurs<\/td>\n<td colspan=\"2\">Klasse 2<\/td>\n<\/tr>\n<tr>\n<td>Nivellierungsbereich:<\/td>\n<td colspan=\"2\">\u00b13\u00b0<\/td>\n<\/tr>\n<tr>\n<td>Nivellierungszeit<\/td>\n<td colspan=\"2\">&lt;5 Sek.<\/td>\n<\/tr>\n<tr>\n<td>Nivellierungsgenauigkeit<\/td>\n<td colspan=\"2\">\u00b13 mm\/10 m<\/td>\n<\/tr>\n<tr>\n<td>Leistung<\/td>\n<td colspan=\"2\">Lithium-Ionen-Akku 18650, 3,7 V, 4000 mAh<\/td>\n<\/tr>\n<tr>\n<td>Betriebszeit<\/td>\n<td colspan=\"2\">Ungef\u00e4hr 4 Stunden<\/td>\n<\/tr>\n<tr>\n<td>Betriebstemperatur<\/td>\n<td colspan=\"2\">-10\u2103\uff5e+50\u2103<\/td>\n<\/tr>\n<tr>\n<td>Befestigungsgewinde<\/td>\n<td>1\/4\u2033-20\/1\/4\u2033-20\/1\/4\u2033-20 &amp; 5\/8\u2033-11<\/td>\n<td>1\/4\u2033-20 &amp; 5\/8\u2033-11<\/td>\n<\/tr>\n<tr>\n<td>Wasserdicht<\/td>\n<td colspan=\"2\">IP54<\/td>\n<\/tr>\n<\/tbody>\n<\/table>","protected":false},"excerpt":{"rendered":"<ul>\n<li>Zwei Laserfarbenoptionen: W\u00e4hlen Sie zwischen einem leistungsstarken roten Strahl oder einem deutlich helleren gr\u00fcnen Strahl f\u00fcr optimale Sichtbarkeit.<\/li>\n<li>Schnelle Selbstnivellierung: Nivelliert sich automatisch innerhalb von \u00b13\u00b0 in weniger als 5 Sekunden f\u00fcr eine sofortige und pr\u00e4zise Einrichtung.<\/li>\n<li>Langlebiger Akku: Ausgestattet mit einem 4000-mAh-Li-Ionen-Akku f\u00fcr l\u00e4ngere kabellose Betriebszeiten.<\/li>\n<\/ul>","protected":false},"featured_media":4727,"comment_status":"open","ping_status":"closed","template":"","meta":[],"product_brand":[],"product_cat":[92],"product_tag":[],"class_list":{"0":"post-4726","1":"product","2":"type-product","3":"status-publish","4":"has-post-thumbnail","6":"product_cat-line-laser","8":"first","9":"instock","10":"shipping-taxable","11":"product-type-simple"},"_links":{"self":[{"href":"https:\/\/mountlaser.com\/de\/wp-json\/wp\/v2\/product\/4726","targetHints":{"allow":["GET"]}}],"collection":[{"href":"https:\/\/mountlaser.com\/de\/wp-json\/wp\/v2\/product"}],"about":[{"href":"https:\/\/mountlaser.com\/de\/wp-json\/wp\/v2\/types\/product"}],"replies":[{"embeddable":true,"href":"https:\/\/mountlaser.com\/de\/wp-json\/wp\/v2\/comments?post=4726"}],"wp:featuredmedia":[{"embeddable":true,"href":"https:\/\/mountlaser.com\/de\/wp-json\/wp\/v2\/media\/4727"}],"wp:attachment":[{"href":"https:\/\/mountlaser.com\/de\/wp-json\/wp\/v2\/media?parent=4726"}],"wp:term":[{"taxonomy":"product_brand","embeddable":true,"href":"https:\/\/mountlaser.com\/de\/wp-json\/wp\/v2\/product_brand?post=4726"},{"taxonomy":"product_cat","embeddable":true,"href":"https:\/\/mountlaser.com\/de\/wp-json\/wp\/v2\/product_cat?post=4726"},{"taxonomy":"product_tag","embeddable":true,"href":"https:\/\/mountlaser.com\/de\/wp-json\/wp\/v2\/product_tag?post=4726"}],"curies":[{"name":"wp","href":"https:\/\/api.w.org\/{rel}","templated":true}]}}