{"id":4722,"date":"2025-11-21T02:05:02","date_gmt":"2025-11-21T02:05:02","guid":{"rendered":"https:\/\/mountlaser.com\/?post_type=product&#038;p=4722"},"modified":"2025-11-26T06:31:42","modified_gmt":"2025-11-26T06:31:42","slug":"line-laser-kll-d300-series","status":"publish","type":"product","link":"https:\/\/mountlaser.com\/de\/produkt\/line-laser-kll-d300-series\/","title":{"rendered":"Linienlaser der KLL-D300-Serie"},"content":{"rendered":"<p><strong>Linienlaser der KLL-D300-Serie \u2013 \u00dcbersicht<\/strong><\/p>\n<p>Der <a href=\"https:\/\/mountlaser.com\/de\/about-us\/\"><strong>Linienlaser der KLL-D300-Serie<\/strong><\/a> Diese umfassende Serie definiert Pr\u00e4zision und Vielseitigkeit f\u00fcr professionelle Vermessungsarbeiten neu. Sie beinhaltet die KLL-D301\/302, fortschrittliche Linienlaser-Nivellierger\u00e4te, die auf acht Oberfl\u00e4chen projizieren und so eine vollst\u00e4ndige 360\u00b0-Abdeckung erm\u00f6glichen, sowie die bahnbrechende<a href=\"https:\/\/mountlaser.com\/de\/contact-us\/\"> KLL-D303<\/a>, Ein 3D-Modell, das auf zw\u00f6lf Fl\u00e4chen projiziert wird und so eine optimale Raumplanung erm\u00f6glicht. Erh\u00e4ltlich in den Varianten mit gut sichtbarem gr\u00fcnen Lichtstrahl und Standard-Lichtstrahl, sind diese Tools f\u00fcr die anspruchsvollsten Baustellen konzipiert.<\/p>\n<p>Das Herzst\u00fcck der Modelle D301 und D302 ist ihre Funktion als hocheffizienter, selbstnivellierender Kreuzlinienlaser. Sie nivellieren sich automatisch innerhalb von \u00b13\u00b0 in weniger als 5 Sekunden und gew\u00e4hrleisten so eine Genauigkeit von \u00b13 mm\/10 m f\u00fcr eine makellose horizontale und vertikale Ausrichtung. <a href=\"https:\/\/mountlaser.com\/de\/produkt-kategorie\/line-laser\/\"><strong>Selbstnivellierender Kreuzlinienlaser<\/strong><\/a> Das System, kombiniert mit der Schutzart IP54, garantiert Zuverl\u00e4ssigkeit auch unter anspruchsvollen Bedingungen. F\u00fcr Profis, die h\u00f6chste Anspr\u00fcche an die Layout-Technologie stellen, bietet die KLL-D300-Serie eine Reihe von Linienlaser-Nivellierger\u00e4ten f\u00fcr Projekte jeder Komplexit\u00e4t \u2013 von einfachen Ausrichtungen bis hin zu vollst\u00e4ndigen 3D-Modellierungen.<\/p>\n<p>&nbsp;<\/p>\n<p><img fetchpriority=\"high\" decoding=\"async\" class=\"aligncenter wp-image-4723\" src=\"https:\/\/mountlaser.com\/wp-content\/uploads\/2025\/11\/KLL-3001.webp\" alt=\"Self-Leveling Cross Line Laser\" width=\"500\" height=\"500\" srcset=\"https:\/\/mountlaser.com\/wp-content\/uploads\/2025\/11\/KLL-3001.webp 800w, https:\/\/mountlaser.com\/wp-content\/uploads\/2025\/11\/KLL-3001-300x300.webp 300w, https:\/\/mountlaser.com\/wp-content\/uploads\/2025\/11\/KLL-3001-400x400.webp 400w, https:\/\/mountlaser.com\/wp-content\/uploads\/2025\/11\/KLL-3001-600x600.webp 600w, https:\/\/mountlaser.com\/wp-content\/uploads\/2025\/11\/KLL-3001-150x150.webp 150w, https:\/\/mountlaser.com\/wp-content\/uploads\/2025\/11\/KLL-3001-768x768.webp 768w, https:\/\/mountlaser.com\/wp-content\/uploads\/2025\/11\/KLL-3001-12x12.webp 12w\" sizes=\"(max-width: 500px) 100vw, 500px\" \/><\/p>\n<p>&nbsp;<\/p>\n<p><strong>Spezifikationen der Linienlaser-Serie KLL-D300<\/strong><\/p>\n<table>\n<tbody>\n<tr>\n<td>Modellnr.<\/td>\n<td>KLL-D301R\/D302R\/303R<\/td>\n<td>KLL-D301G\/D302G\/303G<\/td>\n<\/tr>\n<tr>\n<td>Lichtquelle<\/td>\n<td>Roter Strahl<\/td>\n<td>Gr\u00fcner Strahl<\/td>\n<\/tr>\n<tr>\n<td>Laserwellenl\u00e4nge<\/td>\n<td>635 nm<\/td>\n<td>520 nm<\/td>\n<\/tr>\n<tr>\n<td>Laserdiode<\/td>\n<td>100 mW<\/td>\n<td>30 mW<\/td>\n<\/tr>\n<tr>\n<td>Lasersicherheitskurs<\/td>\n<td colspan=\"2\">Klasse 2<\/td>\n<\/tr>\n<tr>\n<td>Nivellierungsbereich:<\/td>\n<td colspan=\"2\">\u00b13\u00b0<\/td>\n<\/tr>\n<tr>\n<td>Nivellierungszeit<\/td>\n<td colspan=\"2\">&lt;5 Sek.<\/td>\n<\/tr>\n<tr>\n<td>Nivellierungsgenauigkeit<\/td>\n<td colspan=\"2\">\u00b13 mm\/10 m<\/td>\n<\/tr>\n<tr>\n<td>Leistung<\/td>\n<td colspan=\"2\">Lithium-Ionen-Akku 18650, 3,7 V, 4000 mAh<\/td>\n<\/tr>\n<tr>\n<td>Betriebszeit<\/td>\n<td colspan=\"2\">Ungef\u00e4hr 4 Stunden<\/td>\n<\/tr>\n<tr>\n<td>Betriebstemperatur<\/td>\n<td colspan=\"2\">-10\u2103\uff5e+50\u2103<\/td>\n<\/tr>\n<tr>\n<td>Befestigungsgewinde<\/td>\n<td colspan=\"2\">1\/4\u2033-20<\/td>\n<\/tr>\n<tr>\n<td>Wasserdicht<\/td>\n<td colspan=\"2\">IP54<\/td>\n<\/tr>\n<\/tbody>\n<\/table>","protected":false},"excerpt":{"rendered":"<ul>\n<li>Mehrfl\u00e4chige Projektion: W\u00e4hlen Sie zwischen 8-zeiligen 2D-Modellen (D301\/302) f\u00fcr eine 360\u00b0-Abdeckung oder dem 12-zeiligen 3D-Modell (D303) f\u00fcr eine vollst\u00e4ndige r\u00e4umliche Anordnung.<\/li>\n<li>Duale Laseroptionen: W\u00e4hlen Sie einen roten Strahl f\u00fcr den Standardgebrauch oder einen 6x helleren gr\u00fcnen Strahl f\u00fcr optimale Sichtbarkeit.<\/li>\n<li>Automatische Selbstnivellierung: Nivelliert sich automatisch innerhalb eines Bereichs von \u00b13\u00b0 f\u00fcr eine sofortige, pr\u00e4zise Einrichtung (&lt;5 Sek.).<\/li>\n<\/ul>","protected":false},"featured_media":4725,"comment_status":"open","ping_status":"closed","template":"","meta":[],"product_brand":[],"product_cat":[92],"product_tag":[],"class_list":{"0":"post-4722","1":"product","2":"type-product","3":"status-publish","4":"has-post-thumbnail","6":"product_cat-line-laser","8":"first","9":"instock","10":"shipping-taxable","11":"product-type-simple"},"_links":{"self":[{"href":"https:\/\/mountlaser.com\/de\/wp-json\/wp\/v2\/product\/4722","targetHints":{"allow":["GET"]}}],"collection":[{"href":"https:\/\/mountlaser.com\/de\/wp-json\/wp\/v2\/product"}],"about":[{"href":"https:\/\/mountlaser.com\/de\/wp-json\/wp\/v2\/types\/product"}],"replies":[{"embeddable":true,"href":"https:\/\/mountlaser.com\/de\/wp-json\/wp\/v2\/comments?post=4722"}],"wp:featuredmedia":[{"embeddable":true,"href":"https:\/\/mountlaser.com\/de\/wp-json\/wp\/v2\/media\/4725"}],"wp:attachment":[{"href":"https:\/\/mountlaser.com\/de\/wp-json\/wp\/v2\/media?parent=4722"}],"wp:term":[{"taxonomy":"product_brand","embeddable":true,"href":"https:\/\/mountlaser.com\/de\/wp-json\/wp\/v2\/product_brand?post=4722"},{"taxonomy":"product_cat","embeddable":true,"href":"https:\/\/mountlaser.com\/de\/wp-json\/wp\/v2\/product_cat?post=4722"},{"taxonomy":"product_tag","embeddable":true,"href":"https:\/\/mountlaser.com\/de\/wp-json\/wp\/v2\/product_tag?post=4722"}],"curies":[{"name":"wp","href":"https:\/\/api.w.org\/{rel}","templated":true}]}}