{"id":4721,"date":"2025-11-21T02:17:17","date_gmt":"2025-11-21T02:17:17","guid":{"rendered":"https:\/\/mountlaser.com\/?post_type=product&#038;p=4721"},"modified":"2025-11-26T06:29:06","modified_gmt":"2025-11-26T06:29:06","slug":"lp700-rotary-laser-receiver","status":"publish","type":"product","link":"https:\/\/mountlaser.com\/de\/produkt\/lp700-rotary-laser-receiver\/","title":{"rendered":"LP700 Rotationslaser-Empf\u00e4nger"},"content":{"rendered":"<p>Der<a href=\"https:\/\/mountlaser.com\/de\/\"><strong> LP700 Rotationslaser-Empf\u00e4nger<\/strong><\/a> ist ein hochpr\u00e4zises<a href=\"https:\/\/mountlaser.com\/de\/about-us\/\"> <strong>Laser-Niveaumessger\u00e4t<\/strong> <\/a>Der Rotationslaserempf\u00e4nger LP700 wurde f\u00fcr stabile und pr\u00e4zise Messwerte in einer Vielzahl von Anwendungen im Bauwesen, Vermessungswesen und bei Nivellierungsarbeiten im Freien entwickelt. Dank seiner robusten, gummierten Konstruktion bietet er eine erh\u00f6hte Sto\u00dffestigkeit und ist somit auch f\u00fcr anspruchsvolle Baustellenumgebungen bestens geeignet.<\/p>\n<p>Ausgestattet mit einem starken Magneten an der Oberseite, bietet dieser Laser-Nivellierdetektor hervorragende Bedienbarkeit und erm\u00f6glicht die einfache Anbringung an Metalloberfl\u00e4chen f\u00fcr freih\u00e4ndiges Arbeiten. Der Rotationslaser-Empf\u00e4nger LP700 unterst\u00fctzt einen Einsatzradius von 600\u2013800 m in Kombination mit Rotationslasern von MountLaser und \u2265 600 m bei Verwendung mit anderen Rotationslasern. Dies gew\u00e4hrleistet eine zuverl\u00e4ssige Detektion \u00fcber gro\u00dfe Entfernungen und eine gleichbleibende Leistung.<\/p>\n<p><img fetchpriority=\"high\" decoding=\"async\" class=\"aligncenter wp-image-4710\" src=\"https:\/\/mountlaser.com\/wp-content\/uploads\/2025\/11\/LP7004.webp\" alt=\"LP700 Rotary Laser Receiver\" width=\"500\" height=\"500\" srcset=\"https:\/\/mountlaser.com\/wp-content\/uploads\/2025\/11\/LP7004.webp 800w, https:\/\/mountlaser.com\/wp-content\/uploads\/2025\/11\/LP7004-300x300.webp 300w, https:\/\/mountlaser.com\/wp-content\/uploads\/2025\/11\/LP7004-400x400.webp 400w, https:\/\/mountlaser.com\/wp-content\/uploads\/2025\/11\/LP7004-600x600.webp 600w, https:\/\/mountlaser.com\/wp-content\/uploads\/2025\/11\/LP7004-150x150.webp 150w, https:\/\/mountlaser.com\/wp-content\/uploads\/2025\/11\/LP7004-768x768.webp 768w, https:\/\/mountlaser.com\/wp-content\/uploads\/2025\/11\/LP7004-12x12.webp 12w\" sizes=\"(max-width: 500px) 100vw, 500px\" \/><\/p>\n<p>Mit seinem \u00fcbersichtlichen Display, das Entfernungsinformationen anzeigt, der mitgelieferten Klemme zur einfachen Montage und dem Betrieb mit AA-Batterien ist dieses Ger\u00e4t <a href=\"https:\/\/mountlaser.com\/de\/products\/\">Laser-Niveaumessger\u00e4t<\/a> ist auf Komfort, Effizienz und zuverl\u00e4ssige Leistung im Feldeinsatz ausgelegt.<\/p>","protected":false},"excerpt":{"rendered":"<ul>\n<li>Erkennt Rotationslasersignale schnell und pr\u00e4zise<\/li>\n<li>Das gummierte Geh\u00e4use verbessert die Haltbarkeit und Sto\u00dffestigkeit.<\/li>\n<li>Starke magnetische Oberseite f\u00fcr freih\u00e4ndige Befestigung an Metalloberfl\u00e4chen<\/li>\n<li>Zeigt Entfernungsinformationen f\u00fcr pr\u00e4zise Nivellierungseinstellungen an.<\/li>\n<li>Gro\u00dfer Arbeitsdurchmesser: 600\u2013800 m mit MountLaser-Rotationslasern; \u2265600 m mit anderen.<\/li>\n<li>Inklusive Montageklemme f\u00fcr einfache Installation<\/li>\n<li>Betrieben mit handels\u00fcblichen Alkaline-AA-Batterien<\/li>\n<\/ul>","protected":false},"featured_media":4707,"comment_status":"open","ping_status":"closed","template":"","meta":[],"product_brand":[],"product_cat":[134,93],"product_tag":[],"class_list":{"0":"post-4721","1":"product","2":"type-product","3":"status-publish","4":"has-post-thumbnail","6":"product_cat-rotary-laser-receiver","7":"product_cat-rotary-laser","9":"first","10":"instock","11":"shipping-taxable","12":"product-type-simple"},"_links":{"self":[{"href":"https:\/\/mountlaser.com\/de\/wp-json\/wp\/v2\/product\/4721","targetHints":{"allow":["GET"]}}],"collection":[{"href":"https:\/\/mountlaser.com\/de\/wp-json\/wp\/v2\/product"}],"about":[{"href":"https:\/\/mountlaser.com\/de\/wp-json\/wp\/v2\/types\/product"}],"replies":[{"embeddable":true,"href":"https:\/\/mountlaser.com\/de\/wp-json\/wp\/v2\/comments?post=4721"}],"wp:featuredmedia":[{"embeddable":true,"href":"https:\/\/mountlaser.com\/de\/wp-json\/wp\/v2\/media\/4707"}],"wp:attachment":[{"href":"https:\/\/mountlaser.com\/de\/wp-json\/wp\/v2\/media?parent=4721"}],"wp:term":[{"taxonomy":"product_brand","embeddable":true,"href":"https:\/\/mountlaser.com\/de\/wp-json\/wp\/v2\/product_brand?post=4721"},{"taxonomy":"product_cat","embeddable":true,"href":"https:\/\/mountlaser.com\/de\/wp-json\/wp\/v2\/product_cat?post=4721"},{"taxonomy":"product_tag","embeddable":true,"href":"https:\/\/mountlaser.com\/de\/wp-json\/wp\/v2\/product_tag?post=4721"}],"curies":[{"name":"wp","href":"https:\/\/api.w.org\/{rel}","templated":true}]}}