{"id":4717,"date":"2025-11-21T01:51:49","date_gmt":"2025-11-21T01:51:49","guid":{"rendered":"https:\/\/mountlaser.com\/?post_type=product&#038;p=4717"},"modified":"2025-11-26T06:33:01","modified_gmt":"2025-11-26T06:33:01","slug":"line-laser-kll-012","status":"publish","type":"product","link":"https:\/\/mountlaser.com\/de\/produkt\/line-laser-kll-012\/","title":{"rendered":"Linienlaser KLL-012"},"content":{"rendered":"<p>Der Mount Laser <a href=\"https:\/\/mountlaser.com\/de\/products\/\"><strong>Linienlaser KLL-012<\/strong><\/a> ist vielseitig und benutzerfreundlich <a href=\"https:\/\/mountlaser.com\/de\/about-us\/\"><strong>2D-Laser-Nivellierger\u00e4te<\/strong><\/a>, Der KLL-012 wurde f\u00fcr pr\u00e4zises und einfaches Nivellieren und Ausrichten bei einer Vielzahl von Projekten entwickelt. Er ist in zwei Modellen erh\u00e4ltlich: dem KLL-012R mit rotem Standardlaser und dem KLL-012G mit einem gut sichtbaren gr\u00fcnen Laserstrahl, der deutlich heller ist und sich daher ideal f\u00fcr gut beleuchtete Umgebungen eignet. Der KLL-012 ist ein hochpr\u00e4ziser Kreuzlinienlaser, der scharfe horizontale und vertikale Linien projiziert und so wichtige Aufgaben wie das Aufh\u00e4ngen von Bildern, das Anbringen von Regalen oder das Verlegen von Fliesen erleichtert.<\/p>\n<p>Was macht dieses Instrument in seiner Kategorie so herausragend? <a href=\"https:\/\/mountlaser.com\/de\/contact-us\/\">2D-Laser-Nivellierger\u00e4te<\/a> Das Besondere an diesem Laser ist sein robuster Selbstnivellierungsmechanismus. Er nivelliert sich automatisch innerhalb von \u00b13\u00b0 in weniger als 5 Sekunden und gew\u00e4hrleistet so eine Genauigkeit von \u00b13 mm\/10 m f\u00fcr jederzeit zuverl\u00e4ssige Ergebnisse. Dank seiner robusten Konstruktion und der Schutzart IP54 (staub- und wasserdicht) ist dieser Kreuzlinienlaser bestens f\u00fcr den harten Baustellenalltag ger\u00fcstet. F\u00fcr Profis und Heimwerker, die einen zuverl\u00e4ssigen und pr\u00e4zisen 2D-Laser suchen, bietet der KLL-012 alle notwendigen Funktionen f\u00fcr ein perfektes Ergebnis.<\/p>\n<p><img fetchpriority=\"high\" decoding=\"async\" class=\"aligncenter wp-image-4718\" src=\"https:\/\/mountlaser.com\/wp-content\/uploads\/2025\/11\/KLL-0121.webp\" alt=\"2D Laser Levels\" width=\"500\" height=\"500\" srcset=\"https:\/\/mountlaser.com\/wp-content\/uploads\/2025\/11\/KLL-0121.webp 800w, https:\/\/mountlaser.com\/wp-content\/uploads\/2025\/11\/KLL-0121-300x300.webp 300w, https:\/\/mountlaser.com\/wp-content\/uploads\/2025\/11\/KLL-0121-400x400.webp 400w, https:\/\/mountlaser.com\/wp-content\/uploads\/2025\/11\/KLL-0121-600x600.webp 600w, https:\/\/mountlaser.com\/wp-content\/uploads\/2025\/11\/KLL-0121-150x150.webp 150w, https:\/\/mountlaser.com\/wp-content\/uploads\/2025\/11\/KLL-0121-768x768.webp 768w, https:\/\/mountlaser.com\/wp-content\/uploads\/2025\/11\/KLL-0121-12x12.webp 12w\" sizes=\"(max-width: 500px) 100vw, 500px\" \/><\/p>\n<p>&nbsp;<\/p>\n<p><strong>Spezifikationen des Linienlasers KLL-012<\/strong><\/p>\n<table style=\"height: 423px;\" border=\"0\" width=\"704\">\n<tbody>\n<tr>\n<td class=\"et2\">Modellnr.<\/td>\n<td class=\"et2\">KLL-012R<\/td>\n<td class=\"et2\">KLL-012G<\/td>\n<\/tr>\n<tr>\n<td class=\"et2\">Lichtquelle<\/td>\n<td class=\"et2\">Roter Strahl<\/td>\n<td class=\"et2\">Gr\u00fcner Strahl<\/td>\n<\/tr>\n<tr>\n<td class=\"et2\">Laserwellenl\u00e4nge<\/td>\n<td class=\"et2\">635 nm<\/td>\n<td class=\"et2\">520 nm<\/td>\n<\/tr>\n<tr>\n<td class=\"et2\">Laserdiode<\/td>\n<td class=\"et2\">10 mW<\/td>\n<td class=\"et2\">30 mW<\/td>\n<\/tr>\n<tr>\n<td class=\"et2\">Lasersicherheitskurs<\/td>\n<td class=\"et4\" colspan=\"2\">Klasse 2<\/td>\n<\/tr>\n<tr>\n<td class=\"et2\">Nivellierungsbereich:<\/td>\n<td class=\"et4\" colspan=\"2\">\u00b13\u00b0<\/td>\n<\/tr>\n<tr>\n<td class=\"et2\">Nivellierungszeit<\/td>\n<td class=\"et4\" colspan=\"2\">&lt;5 Sek.<\/td>\n<\/tr>\n<tr>\n<td class=\"et2\">Nivellierungsgenauigkeit<\/td>\n<td class=\"et4\" colspan=\"2\">\u00b13 mm\/10 m<\/td>\n<\/tr>\n<tr>\n<td class=\"et2\">Leistung<\/td>\n<td class=\"et4\" colspan=\"2\">3x AAA-Alkaline-Batterie<\/td>\n<\/tr>\n<tr>\n<td class=\"et2\">Betriebszeit<\/td>\n<td class=\"et2\">Ungef\u00e4hr 8 Stunden<\/td>\n<td class=\"et2\">Ungef\u00e4hr 6 Stunden<\/td>\n<\/tr>\n<tr>\n<td class=\"et2\">Betriebstemperatur<\/td>\n<td class=\"et4\" colspan=\"2\">-10\u2103-+50\u2103<\/td>\n<\/tr>\n<tr>\n<td class=\"et2\">Befestigungsgewinde<\/td>\n<td class=\"et4\" colspan=\"2\">1\/4\u2033-20<\/td>\n<\/tr>\n<tr>\n<td class=\"et2\">Wasserdicht<\/td>\n<td class=\"et4\" colspan=\"2\">IP54<\/td>\n<\/tr>\n<\/tbody>\n<\/table>","protected":false},"excerpt":{"rendered":"<ul>\n<li>Kreuzlinienprojektion: Projiziert eine klare horizontale und eine vertikale Linie f\u00fcr wichtige Ausrichtungsaufgaben.<\/li>\n<li>Selbstnivellierend: Nivelliert sich automatisch innerhalb eines Bereichs von \u00b13\u00b0 f\u00fcr eine sofortige und pr\u00e4zise Einrichtung.<\/li>\n<li>Manueller Modus: Die Pendelsperre erm\u00f6glicht schr\u00e4ge Leinen oder einen sicheren Transport.<\/li>\n<li>Lange Batterielebensdauer: Betrieb mit 3 AAA-Batterien, bietet bis zu 8 Stunden (Rot) bzw. 6 Stunden (Gr\u00fcn) Betriebsdauer.<\/li>\n<\/ul>","protected":false},"featured_media":4720,"comment_status":"open","ping_status":"closed","template":"","meta":[],"product_brand":[],"product_cat":[92],"product_tag":[],"class_list":{"0":"post-4717","1":"product","2":"type-product","3":"status-publish","4":"has-post-thumbnail","6":"product_cat-line-laser","8":"first","9":"instock","10":"shipping-taxable","11":"product-type-simple"},"_links":{"self":[{"href":"https:\/\/mountlaser.com\/de\/wp-json\/wp\/v2\/product\/4717","targetHints":{"allow":["GET"]}}],"collection":[{"href":"https:\/\/mountlaser.com\/de\/wp-json\/wp\/v2\/product"}],"about":[{"href":"https:\/\/mountlaser.com\/de\/wp-json\/wp\/v2\/types\/product"}],"replies":[{"embeddable":true,"href":"https:\/\/mountlaser.com\/de\/wp-json\/wp\/v2\/comments?post=4717"}],"wp:featuredmedia":[{"embeddable":true,"href":"https:\/\/mountlaser.com\/de\/wp-json\/wp\/v2\/media\/4720"}],"wp:attachment":[{"href":"https:\/\/mountlaser.com\/de\/wp-json\/wp\/v2\/media?parent=4717"}],"wp:term":[{"taxonomy":"product_brand","embeddable":true,"href":"https:\/\/mountlaser.com\/de\/wp-json\/wp\/v2\/product_brand?post=4717"},{"taxonomy":"product_cat","embeddable":true,"href":"https:\/\/mountlaser.com\/de\/wp-json\/wp\/v2\/product_cat?post=4717"},{"taxonomy":"product_tag","embeddable":true,"href":"https:\/\/mountlaser.com\/de\/wp-json\/wp\/v2\/product_tag?post=4717"}],"curies":[{"name":"wp","href":"https:\/\/api.w.org\/{rel}","templated":true}]}}