{"id":4713,"date":"2025-11-21T01:37:15","date_gmt":"2025-11-21T01:37:15","guid":{"rendered":"https:\/\/mountlaser.com\/?post_type=product&#038;p=4713"},"modified":"2025-11-26T06:44:16","modified_gmt":"2025-11-26T06:44:16","slug":"line-laser-kll-015","status":"publish","type":"product","link":"https:\/\/mountlaser.com\/de\/produkt\/line-laser-kll-015\/","title":{"rendered":"Linienlaser KLL-015"},"content":{"rendered":"<p>Der <a href=\"https:\/\/mountlaser.com\/de\/products\/\"><strong>Linienlaser KLL-015<\/strong><\/a> Der Pendellaser von Mount Laser ist ein vielseitiges und hochpr\u00e4zises Werkzeug f\u00fcr Profis, die Wert auf Genauigkeit und Effizienz legen. Dieser fortschrittliche Pendellaser projiziert f\u00fcnf scharfe Laserlinien \u2013 drei vertikale und zwei horizontale \u2013 auf jede beliebige Arbeitsfl\u00e4che und erzeugt so eine vollst\u00e4ndige 360\u00b0-Referenzebene f\u00fcr komplexe Layoutarbeiten. Das innovative 5-Linien-Lasersystem beschleunigt die Installation von Fliesen, Decken, Trennw\u00e4nden und vielem mehr erheblich.<\/p>\n<p>Ausgestattet mit einem selbstnivellierenden Pendel, <a href=\"https:\/\/mountlaser.com\/de\/\"><strong>Pendel-Nivellierlaser<\/strong><\/a> Gew\u00e4hrleistet eine au\u00dfergew\u00f6hnliche Genauigkeit von \u00b13 mm auf 10 Meter und nivelliert sich automatisch in weniger als 5 Sekunden. F\u00fcr zus\u00e4tzliche Flexibilit\u00e4t l\u00e4sst sich das Pendel im manuellen Modus arretieren, sodass Sie auch Winkellinien ziehen k\u00f6nnen. Das herausragende Merkmal dieses Ger\u00e4ts <a href=\"https:\/\/mountlaser.com\/de\/about-us\/\"><strong>5-Linien-Linienlaser<\/strong><\/a> Sein strahlend gr\u00fcner Strahl ist sechsmal heller als herk\u00f6mmliche rote Laser und gew\u00e4hrleistet so auch bei heller Innenbeleuchtung und \u00fcber gr\u00f6\u00dfere Entfernungen eine klare Sicht.<\/p>\n<p><img fetchpriority=\"high\" decoding=\"async\" class=\"aligncenter wp-image-4714\" src=\"https:\/\/mountlaser.com\/wp-content\/uploads\/2025\/11\/KLL-0151.webp\" alt=\"5 line Line Laser\" width=\"500\" height=\"500\" srcset=\"https:\/\/mountlaser.com\/wp-content\/uploads\/2025\/11\/KLL-0151.webp 800w, https:\/\/mountlaser.com\/wp-content\/uploads\/2025\/11\/KLL-0151-300x300.webp 300w, https:\/\/mountlaser.com\/wp-content\/uploads\/2025\/11\/KLL-0151-400x400.webp 400w, https:\/\/mountlaser.com\/wp-content\/uploads\/2025\/11\/KLL-0151-600x600.webp 600w, https:\/\/mountlaser.com\/wp-content\/uploads\/2025\/11\/KLL-0151-150x150.webp 150w, https:\/\/mountlaser.com\/wp-content\/uploads\/2025\/11\/KLL-0151-768x768.webp 768w, https:\/\/mountlaser.com\/wp-content\/uploads\/2025\/11\/KLL-0151-12x12.webp 12w\" sizes=\"(max-width: 500px) 100vw, 500px\" \/><\/p>\n<p>&nbsp;<\/p>\n<p><strong>Spezifikationen des Linienlasers KLL-015<\/strong><\/p>\n<table style=\"border-collapse: collapse; width: 544px; height: 406px;\" border=\"0\" width=\"346\" cellspacing=\"0\" cellpadding=\"0\">\n<tbody>\n<tr style=\"height: 19.50pt;\">\n<td class=\"et2\" style=\"height: 19.50pt; width: 135.00pt;\" width=\"180\" height=\"26\">Modellnr.<\/td>\n<td class=\"et3\" style=\"width: 124.50pt;\" width=\"166\">KLL-015G<\/td>\n<\/tr>\n<tr style=\"height: 19.50pt;\">\n<td class=\"et4\" style=\"height: 19.50pt; width: 135.00pt;\" width=\"180\" height=\"26\">Lichtquelle<\/td>\n<td class=\"et5\" style=\"width: 124.50pt;\" width=\"166\">Gr\u00fcner Strahl<\/td>\n<\/tr>\n<tr style=\"height: 19.50pt;\">\n<td class=\"et4\" style=\"height: 19.50pt; width: 135.00pt;\" width=\"180\" height=\"26\">Laserwellenl\u00e4nge<\/td>\n<td class=\"et5\" style=\"width: 124.50pt;\" width=\"166\">520 nm<\/td>\n<\/tr>\n<tr style=\"height: 19.50pt;\">\n<td class=\"et4\" style=\"height: 19.50pt; width: 135.00pt;\" width=\"180\" height=\"26\">Laserleistung<\/td>\n<td class=\"et5\" style=\"width: 124.50pt;\" width=\"166\">30 mW<\/td>\n<\/tr>\n<tr style=\"height: 19.50pt;\">\n<td class=\"et4\" style=\"height: 19.50pt; width: 135.00pt;\" width=\"180\" height=\"26\">Laserdiode mit nach unten gerichteter Spitze<\/td>\n<td class=\"et5\" style=\"width: 124.50pt;\" width=\"166\">Rot 650 nm 5 mW<\/td>\n<\/tr>\n<tr style=\"height: 19.50pt;\">\n<td class=\"et4\" style=\"height: 19.50pt; width: 135.00pt;\" width=\"180\" height=\"26\">Lasersicherheitskurs<\/td>\n<td class=\"et5\" style=\"width: 124.50pt;\" width=\"166\">Klasse 2<\/td>\n<\/tr>\n<tr style=\"height: 19.50pt;\">\n<td class=\"et4\" style=\"height: 19.50pt; width: 135.00pt;\" width=\"180\" height=\"26\">Nivellierungsbereich<\/td>\n<td class=\"et5\" style=\"width: 124.50pt;\" width=\"166\">\u00b13\u00b0<\/td>\n<\/tr>\n<tr style=\"height: 19.50pt;\">\n<td class=\"et4\" style=\"height: 19.50pt; width: 135.00pt;\" width=\"180\" height=\"26\">Nivellierungszeit<\/td>\n<td class=\"et5\" style=\"width: 124.50pt;\" width=\"166\">&lt;5 Sek.<\/td>\n<\/tr>\n<tr style=\"height: 19.50pt;\">\n<td class=\"et4\" style=\"height: 19.50pt; width: 135.00pt;\" width=\"180\" height=\"26\">Nivellierungsgenauigkeit<\/td>\n<td class=\"et5\" style=\"width: 124.50pt;\" width=\"166\">\u00b13 mm\/10 m<\/td>\n<\/tr>\n<tr style=\"height: 38.25pt;\">\n<td class=\"et4\" style=\"height: 38.25pt; width: 135.00pt;\" width=\"180\" height=\"51\">Leistung<\/td>\n<td class=\"et5\" style=\"width: 124.50pt;\" width=\"166\">Lithium-Ionen-Akku 18650, 3,7 V, 4000 mAh<\/td>\n<\/tr>\n<tr style=\"height: 19.50pt;\">\n<td class=\"et4\" style=\"height: 19.50pt; width: 135.00pt;\" width=\"180\" height=\"26\">Betriebszeit<\/td>\n<td class=\"et5\" style=\"width: 124.50pt;\" width=\"166\">Ungef\u00e4hr 6 Stunden<\/td>\n<\/tr>\n<tr style=\"height: 19.50pt;\">\n<td class=\"et4\" style=\"height: 19.50pt; width: 135.00pt;\" width=\"180\" height=\"26\">Betriebstemperatur<\/td>\n<td class=\"et5\" style=\"width: 124.50pt;\" width=\"166\">-10\u2103\uff5e+50\u2103<\/td>\n<\/tr>\n<tr style=\"height: 19.50pt;\">\n<td class=\"et4\" style=\"height: 19.50pt; width: 135.00pt;\" width=\"180\" height=\"26\">Befestigungsgewinde<\/td>\n<td class=\"et5\" style=\"width: 124.50pt;\" width=\"166\">5\/8\u2033-11<\/td>\n<\/tr>\n<tr style=\"height: 19.50pt;\">\n<td class=\"et4\" style=\"height: 19.50pt; width: 135.00pt;\" width=\"180\" height=\"26\">Wasserdicht<\/td>\n<td class=\"et5\" style=\"width: 124.50pt;\" width=\"166\">IP54<\/td>\n<\/tr>\n<\/tbody>\n<\/table>","protected":false},"excerpt":{"rendered":"<ul>\n<li>5-Linien-Linienlaser: Projiziert zwei horizontale und drei vertikale Linien f\u00fcr eine umfassende Layoutabdeckung.<\/li>\n<li>Gr\u00fcne Lasertechnologie: Verf\u00fcgt \u00fcber einen 520 nm gr\u00fcnen Strahl, der 6-mal heller ist als rote Laser und somit eine hervorragende Sichtbarkeit bietet.<\/li>\n<li>Selbstnivellierendes Pendel: Nivelliert sich automatisch innerhalb eines Bereichs von \u00b13\u00b0 f\u00fcr sofortige und pr\u00e4zise Einstellungen.<\/li>\n<\/ul>","protected":false},"featured_media":4716,"comment_status":"open","ping_status":"closed","template":"","meta":[],"product_brand":[],"product_cat":[92],"product_tag":[],"class_list":{"0":"post-4713","1":"product","2":"type-product","3":"status-publish","4":"has-post-thumbnail","6":"product_cat-line-laser","8":"first","9":"instock","10":"shipping-taxable","11":"product-type-simple"},"_links":{"self":[{"href":"https:\/\/mountlaser.com\/de\/wp-json\/wp\/v2\/product\/4713","targetHints":{"allow":["GET"]}}],"collection":[{"href":"https:\/\/mountlaser.com\/de\/wp-json\/wp\/v2\/product"}],"about":[{"href":"https:\/\/mountlaser.com\/de\/wp-json\/wp\/v2\/types\/product"}],"replies":[{"embeddable":true,"href":"https:\/\/mountlaser.com\/de\/wp-json\/wp\/v2\/comments?post=4713"}],"wp:featuredmedia":[{"embeddable":true,"href":"https:\/\/mountlaser.com\/de\/wp-json\/wp\/v2\/media\/4716"}],"wp:attachment":[{"href":"https:\/\/mountlaser.com\/de\/wp-json\/wp\/v2\/media?parent=4713"}],"wp:term":[{"taxonomy":"product_brand","embeddable":true,"href":"https:\/\/mountlaser.com\/de\/wp-json\/wp\/v2\/product_brand?post=4713"},{"taxonomy":"product_cat","embeddable":true,"href":"https:\/\/mountlaser.com\/de\/wp-json\/wp\/v2\/product_cat?post=4713"},{"taxonomy":"product_tag","embeddable":true,"href":"https:\/\/mountlaser.com\/de\/wp-json\/wp\/v2\/product_tag?post=4713"}],"curies":[{"name":"wp","href":"https:\/\/api.w.org\/{rel}","templated":true}]}}