{"id":4627,"date":"2025-11-20T02:18:38","date_gmt":"2025-11-20T02:18:38","guid":{"rendered":"https:\/\/mountlaser.com\/?post_type=product&#038;p=4627"},"modified":"2025-11-26T07:11:19","modified_gmt":"2025-11-26T07:11:19","slug":"llra09-line-laser-rotating-adapter","status":"publish","type":"product","link":"https:\/\/mountlaser.com\/de\/produkt\/llra09-line-laser-rotating-adapter\/","title":{"rendered":"LLRA09 Linienlaser-Drehadapter"},"content":{"rendered":"<p>Der <strong><a href=\"https:\/\/mountlaser.com\/de\/produkt-kategorie\/laser-level-accessory\/\">LLRA09 <!--StartFragment --><span class=\"cf0\">Linienlaser-Drehadapter<\/span><\/a><!--EndFragment --><\/strong>\u00a0ist ein langlebiges und pr\u00e4zisionsgefertigtes<a href=\"https:\/\/mountlaser.com\/de\/about-us\/\"> <strong>Laser-Nivellieradapter, Metall, 360\u00b0 drehbare Basis<\/strong><\/a> Dieser Laser-Nivellieradapter mit 360\u00b0-Drehbasis wurde f\u00fcr Profis entwickelt, die eine stabile, reibungslose und hochpr\u00e4zise Laserpositionierung ben\u00f6tigen. Dank seiner robusten Metallkonstruktion erm\u00f6glicht er eine nahtlose Drehung und damit eine pr\u00e4zise Feinjustierung der Ausrichtung bei Nivellierungs-, Absteckungs- und Bauarbeiten.<\/p>\n<p>Die LLRA09 <!--StartFragment --><span class=\"cf0\">Linienlaser-Drehadapter<\/span><!--EndFragment --> Der Laser-Nivellieradapter ist in zwei Ausf\u00fchrungen erh\u00e4ltlich, passend zu verschiedenen Montagestandards: LLRA09A mit 1\/4\u2033-20-Gewinde und LLRA09B mit 5\/8\u2033-11-Gewinde. Dadurch ist er mit einer Vielzahl von Laser-Nivellierger\u00e4ten und Stativen kompatibel. Dank seines leichtg\u00e4ngigen Drehmechanismus gew\u00e4hrleistet der Laser-Nivellieradapter mit 360\u00b0-Drehfu\u00df aus Metall pr\u00e4zise Winkeleinstellungen und einen stabilen Betrieb auf jeder Baustelle.<\/p>\n<p><img fetchpriority=\"high\" decoding=\"async\" class=\"aligncenter wp-image-4628\" src=\"https:\/\/mountlaser.com\/wp-content\/uploads\/2025\/11\/LLRA091.webp\" alt=\"LLRA09 Line Laser Adapter\" width=\"500\" height=\"500\" srcset=\"https:\/\/mountlaser.com\/wp-content\/uploads\/2025\/11\/LLRA091.webp 800w, https:\/\/mountlaser.com\/wp-content\/uploads\/2025\/11\/LLRA091-300x300.webp 300w, https:\/\/mountlaser.com\/wp-content\/uploads\/2025\/11\/LLRA091-400x400.webp 400w, https:\/\/mountlaser.com\/wp-content\/uploads\/2025\/11\/LLRA091-600x600.webp 600w, https:\/\/mountlaser.com\/wp-content\/uploads\/2025\/11\/LLRA091-150x150.webp 150w, https:\/\/mountlaser.com\/wp-content\/uploads\/2025\/11\/LLRA091-768x768.webp 768w, https:\/\/mountlaser.com\/wp-content\/uploads\/2025\/11\/LLRA091-12x12.webp 12w\" sizes=\"(max-width: 500px) 100vw, 500px\" \/><\/p>\n<p>Entwickelt f\u00fcr Anwender, die Zuverl\u00e4ssigkeit und Vielseitigkeit fordern, <a href=\"https:\/\/mountlaser.com\/de\/contact-us\/\">LLRA09 <!--StartFragment --><span class=\"cf0\">Linienlaser-Drehadapter<\/span><\/a><!--EndFragment --> Verbessert die Workflow-Effizienz durch schnelle Installation, sichere Montage und pr\u00e4zise Rotationskontrolle.<\/p>","protected":false},"excerpt":{"rendered":"<ul>\n<li>Erm\u00f6glicht eine stabile und gleichm\u00e4\u00dfige 360\u00b0-Drehung f\u00fcr eine pr\u00e4zise Laserausrichtung.<\/li>\n<li>Erh\u00e4ltlich mit 1\/4\u2033-20 (LLRA09A) und 5\/8\u2033-11 (LLRA09B) Gewindeoptionen<\/li>\n<li>Kompatibel mit den meisten Laser-Nivellierger\u00e4ten, Stativen und Montagevorrichtungen<\/li>\n<li>Ideal zum Nivellieren, Ausrichten und f\u00fcr detaillierte Winkeleinstellungen<\/li>\n<\/ul>","protected":false},"featured_media":4628,"comment_status":"open","ping_status":"closed","template":"","meta":[],"product_brand":[],"product_cat":[130,94],"product_tag":[],"class_list":{"0":"post-4627","1":"product","2":"type-product","3":"status-publish","4":"has-post-thumbnail","6":"product_cat-line-laser-rotating-adapter","7":"product_cat-laser-level-accessory","9":"first","10":"instock","11":"shipping-taxable","12":"product-type-simple"},"_links":{"self":[{"href":"https:\/\/mountlaser.com\/de\/wp-json\/wp\/v2\/product\/4627","targetHints":{"allow":["GET"]}}],"collection":[{"href":"https:\/\/mountlaser.com\/de\/wp-json\/wp\/v2\/product"}],"about":[{"href":"https:\/\/mountlaser.com\/de\/wp-json\/wp\/v2\/types\/product"}],"replies":[{"embeddable":true,"href":"https:\/\/mountlaser.com\/de\/wp-json\/wp\/v2\/comments?post=4627"}],"wp:featuredmedia":[{"embeddable":true,"href":"https:\/\/mountlaser.com\/de\/wp-json\/wp\/v2\/media\/4628"}],"wp:attachment":[{"href":"https:\/\/mountlaser.com\/de\/wp-json\/wp\/v2\/media?parent=4627"}],"wp:term":[{"taxonomy":"product_brand","embeddable":true,"href":"https:\/\/mountlaser.com\/de\/wp-json\/wp\/v2\/product_brand?post=4627"},{"taxonomy":"product_cat","embeddable":true,"href":"https:\/\/mountlaser.com\/de\/wp-json\/wp\/v2\/product_cat?post=4627"},{"taxonomy":"product_tag","embeddable":true,"href":"https:\/\/mountlaser.com\/de\/wp-json\/wp\/v2\/product_tag?post=4627"}],"curies":[{"name":"wp","href":"https:\/\/api.w.org\/{rel}","templated":true}]}}