{"id":4623,"date":"2025-11-20T01:45:28","date_gmt":"2025-11-20T01:45:28","guid":{"rendered":"https:\/\/mountlaser.com\/?post_type=product&#038;p=4623"},"modified":"2025-11-26T07:13:10","modified_gmt":"2025-11-26T07:13:10","slug":"llra04-line-laser-rotating-adapter","status":"publish","type":"product","link":"https:\/\/mountlaser.com\/de\/produkt\/llra04-line-laser-rotating-adapter\/","title":{"rendered":"LLRA04 Linienlaser-Drehadapter"},"content":{"rendered":"<p>Der <strong><a href=\"https:\/\/mountlaser.com\/de\/\">LLRA04 <!--StartFragment --><span class=\"cf0\">Linienlaser-Drehadapter<\/span><\/a><!--EndFragment --><\/strong>\u00a0ist ein professionelles Zubeh\u00f6rteil, das f\u00fcr die stufenlose Drehverstellung und pr\u00e4zise Positionierung von Lasermessger\u00e4ten entwickelt wurde. Es ist vielseitig einsetzbar.<a href=\"https:\/\/mountlaser.com\/de\/contact-us\/\"> <strong>360-Grad-Drehfu\u00df f\u00fcr Laser-Nivellierstativ<\/strong><\/a>, Es erm\u00f6glicht dem Benutzer, Richtung und Winkel seines Laser-Nivellierger\u00e4ts pr\u00e4zise und einfach einzustellen.<\/p>\n<p>Dank seiner robusten Konstruktion und des universellen 1\/4\u2033-20-Gewindes ist der LLRA04 <!--StartFragment --><span class=\"cf0\">Linienlaser-Drehadapter<\/span><!--EndFragment --> Unterst\u00fctzt eine Vielzahl von Laser-Nivellierger\u00e4ten und Messger\u00e4ten. Dieser robuste, um 360 Grad drehbare Sockel f\u00fcr Laser-Nivellierstative bietet einen stabilen Betrieb und eine reibungslose Drehung und ist somit ideal f\u00fcr Ausrichtungs-, Absteck- und Nivellierungsanwendungen, die eine pr\u00e4zise Richtungskontrolle erfordern.<\/p>\n<p><img fetchpriority=\"high\" decoding=\"async\" class=\"aligncenter wp-image-4625\" src=\"https:\/\/mountlaser.com\/wp-content\/uploads\/2025\/11\/LLRA042.webp\" alt=\"LLRA04 Line Laser Rotating Adapter\" width=\"500\" height=\"500\" srcset=\"https:\/\/mountlaser.com\/wp-content\/uploads\/2025\/11\/LLRA042.webp 800w, https:\/\/mountlaser.com\/wp-content\/uploads\/2025\/11\/LLRA042-300x300.webp 300w, https:\/\/mountlaser.com\/wp-content\/uploads\/2025\/11\/LLRA042-400x400.webp 400w, https:\/\/mountlaser.com\/wp-content\/uploads\/2025\/11\/LLRA042-600x600.webp 600w, https:\/\/mountlaser.com\/wp-content\/uploads\/2025\/11\/LLRA042-150x150.webp 150w, https:\/\/mountlaser.com\/wp-content\/uploads\/2025\/11\/LLRA042-768x768.webp 768w, https:\/\/mountlaser.com\/wp-content\/uploads\/2025\/11\/LLRA042-12x12.webp 12w\" sizes=\"(max-width: 500px) 100vw, 500px\" \/><\/p>\n<p>Fachleute aus den Bereichen Bauwesen, Vermessung und Innenarchitektur werden die Zuverl\u00e4ssigkeit und Flexibilit\u00e4t dieses Produkts zu sch\u00e4tzen wissen. <a href=\"https:\/\/mountlaser.com\/de\/products\/\">LLRA04 <!--StartFragment --><span class=\"cf0\">Linienlaser-Drehadapter<\/span><\/a><!--EndFragment -->, und gew\u00e4hrleistet so eine gleichbleibende Leistung auf jeder Baustelle.<\/p>","protected":false},"excerpt":{"rendered":"<ul>\n<li>Erm\u00f6glicht eine reibungslose 360\u00b0-Drehung f\u00fcr eine pr\u00e4zise Richtungseinstellung<\/li>\n<li>Universelles 1\/4\u2033-20-Gewinde, kompatibel mit den meisten Laser-Nivellierger\u00e4ten<\/li>\n<li>Verbessert die Pr\u00e4zision bei Ausrichtungs-, Nivellierungs- und Layoutaufgaben.<\/li>\n<li>Ideal f\u00fcr die Verwendung auf Stativen und Montagesystemen<\/li>\n<\/ul>","protected":false},"featured_media":4624,"comment_status":"open","ping_status":"closed","template":"","meta":[],"product_brand":[],"product_cat":[130,94],"product_tag":[],"class_list":{"0":"post-4623","1":"product","2":"type-product","3":"status-publish","4":"has-post-thumbnail","6":"product_cat-line-laser-rotating-adapter","7":"product_cat-laser-level-accessory","9":"first","10":"instock","11":"shipping-taxable","12":"product-type-simple"},"_links":{"self":[{"href":"https:\/\/mountlaser.com\/de\/wp-json\/wp\/v2\/product\/4623","targetHints":{"allow":["GET"]}}],"collection":[{"href":"https:\/\/mountlaser.com\/de\/wp-json\/wp\/v2\/product"}],"about":[{"href":"https:\/\/mountlaser.com\/de\/wp-json\/wp\/v2\/types\/product"}],"replies":[{"embeddable":true,"href":"https:\/\/mountlaser.com\/de\/wp-json\/wp\/v2\/comments?post=4623"}],"wp:featuredmedia":[{"embeddable":true,"href":"https:\/\/mountlaser.com\/de\/wp-json\/wp\/v2\/media\/4624"}],"wp:attachment":[{"href":"https:\/\/mountlaser.com\/de\/wp-json\/wp\/v2\/media?parent=4623"}],"wp:term":[{"taxonomy":"product_brand","embeddable":true,"href":"https:\/\/mountlaser.com\/de\/wp-json\/wp\/v2\/product_brand?post=4623"},{"taxonomy":"product_cat","embeddable":true,"href":"https:\/\/mountlaser.com\/de\/wp-json\/wp\/v2\/product_cat?post=4623"},{"taxonomy":"product_tag","embeddable":true,"href":"https:\/\/mountlaser.com\/de\/wp-json\/wp\/v2\/product_tag?post=4623"}],"curies":[{"name":"wp","href":"https:\/\/api.w.org\/{rel}","templated":true}]}}