{"id":4621,"date":"2025-11-19T08:52:30","date_gmt":"2025-11-19T08:52:30","guid":{"rendered":"https:\/\/mountlaser.com\/?post_type=product&#038;p=4621"},"modified":"2025-11-26T07:36:46","modified_gmt":"2025-11-26T07:36:46","slug":"llra01-line-laser-rotating-adapter","status":"publish","type":"product","link":"https:\/\/mountlaser.com\/de\/produkt\/llra01-line-laser-rotating-adapter\/","title":{"rendered":"LLRA01 Linienlaser-Drehadapter"},"content":{"rendered":"<p>Der <a href=\"https:\/\/mountlaser.com\/de\/\"><strong>LLRA01 <!--StartFragment --><span class=\"cf0\">Linienlaser-Drehadapter<\/span><\/strong><\/a><!--EndFragment --> ist ein vielseitiges und pr\u00e4zisionsgefertigtes Zubeh\u00f6rteil zur stabilen Montage und Feinjustierung von Laserwerkzeugen. Ausgestattet mit einem Doppelgewindesystem \u2013 1\/4\u2033-20 oben und 5\/8\u2033-11 unten (Au\u00dfendurchmesser 65 mm) \u2013 ist der LLRA01 <!--StartFragment --><span class=\"cf0\">Linienlaser-Drehadapter<\/span><!--EndFragment --> ist mit einer Vielzahl von Laser-Nivellierger\u00e4ten und Stativen kompatibel.<\/p>\n<p>Ausgestattet mit einem leichtg\u00e4ngigen Laser-Nivellieradapter mit 360\u00b0-Drehknopf erm\u00f6glicht dieser Adapter dem Anwender pr\u00e4zise Dreheinstellungen f\u00fcr genaue Ausrichtungs- und Absteckungsarbeiten. <strong>Laser-Nivellierger\u00e4t <a href=\"https:\/\/mountlaser.com\/de\/about-us\/\">Adapter mit 360\u00b0-Drehknopf<\/a><\/strong> Gew\u00e4hrleistet eine einfache und kontrollierte Winkeleinstellung und ist daher ideal f\u00fcr Bau-, Innenausbau-, Rahmen- und Vermessungsarbeiten geeignet.<\/p>\n<p><img fetchpriority=\"high\" decoding=\"async\" class=\"aligncenter wp-image-4622\" src=\"https:\/\/mountlaser.com\/wp-content\/uploads\/2025\/11\/LLRA011.webp\" alt=\"LLRA01 Line Laser Adapter\" width=\"500\" height=\"500\" srcset=\"https:\/\/mountlaser.com\/wp-content\/uploads\/2025\/11\/LLRA011.webp 800w, https:\/\/mountlaser.com\/wp-content\/uploads\/2025\/11\/LLRA011-300x300.webp 300w, https:\/\/mountlaser.com\/wp-content\/uploads\/2025\/11\/LLRA011-400x400.webp 400w, https:\/\/mountlaser.com\/wp-content\/uploads\/2025\/11\/LLRA011-600x600.webp 600w, https:\/\/mountlaser.com\/wp-content\/uploads\/2025\/11\/LLRA011-150x150.webp 150w, https:\/\/mountlaser.com\/wp-content\/uploads\/2025\/11\/LLRA011-768x768.webp 768w, https:\/\/mountlaser.com\/wp-content\/uploads\/2025\/11\/LLRA011-12x12.webp 12w\" sizes=\"(max-width: 500px) 100vw, 500px\" \/><\/p>\n<p>Ob auf Baustellenstativen oder Bodenstativen verwendet, <a href=\"https:\/\/mountlaser.com\/de\/products\/\">LLRA01 <!--StartFragment --><span class=\"cf0\">Linienlaser-Drehadapter<\/span><\/a><!--EndFragment --> Bietet stabilen Halt, flexible Positionierung und nahtlose Rotation. Dieser zuverl\u00e4ssige Laser-Nivellieradapter mit 360\u00b0-Drehknopf optimiert den Arbeitsablauf und gew\u00e4hrleistet jederzeit perfekt ausgerichtete Laserprojektionen.<\/p>","protected":false},"excerpt":{"rendered":"<ul>\n<li>Stufenlose 360\u00b0-Drehverstellung durch den Laser-Nivellieradapter mit 360\u00b0-Drehknopf<\/li>\n<li>Oberes 1\/4\u2033-20-Gewinde f\u00fcr universelle Laser-Nivellierger\u00e4te-Kompatibilit\u00e4t<\/li>\n<li>Untere 5\/8\u2033-11-Halterung (Au\u00dfendurchmesser 65 mm) f\u00fcr Stative und Basen<\/li>\n<li>Erm\u00f6glicht pr\u00e4zises Ausrichten bei Layout-, Nivellierungs- und Rahmenarbeiten<\/li>\n<\/ul>","protected":false},"featured_media":4622,"comment_status":"open","ping_status":"closed","template":"","meta":[],"product_brand":[],"product_cat":[94,130],"product_tag":[],"class_list":{"0":"post-4621","1":"product","2":"type-product","3":"status-publish","4":"has-post-thumbnail","6":"product_cat-laser-level-accessory","7":"product_cat-line-laser-rotating-adapter","9":"first","10":"instock","11":"shipping-taxable","12":"product-type-simple"},"_links":{"self":[{"href":"https:\/\/mountlaser.com\/de\/wp-json\/wp\/v2\/product\/4621","targetHints":{"allow":["GET"]}}],"collection":[{"href":"https:\/\/mountlaser.com\/de\/wp-json\/wp\/v2\/product"}],"about":[{"href":"https:\/\/mountlaser.com\/de\/wp-json\/wp\/v2\/types\/product"}],"replies":[{"embeddable":true,"href":"https:\/\/mountlaser.com\/de\/wp-json\/wp\/v2\/comments?post=4621"}],"wp:featuredmedia":[{"embeddable":true,"href":"https:\/\/mountlaser.com\/de\/wp-json\/wp\/v2\/media\/4622"}],"wp:attachment":[{"href":"https:\/\/mountlaser.com\/de\/wp-json\/wp\/v2\/media?parent=4621"}],"wp:term":[{"taxonomy":"product_brand","embeddable":true,"href":"https:\/\/mountlaser.com\/de\/wp-json\/wp\/v2\/product_brand?post=4621"},{"taxonomy":"product_cat","embeddable":true,"href":"https:\/\/mountlaser.com\/de\/wp-json\/wp\/v2\/product_cat?post=4621"},{"taxonomy":"product_tag","embeddable":true,"href":"https:\/\/mountlaser.com\/de\/wp-json\/wp\/v2\/product_tag?post=4621"}],"curies":[{"name":"wp","href":"https:\/\/api.w.org\/{rel}","templated":true}]}}